{"id":709,"date":"2017-03-01T15:25:38","date_gmt":"2017-03-01T15:25:38","guid":{"rendered":"http:\/\/aqhproject.org\/?page_id=709"},"modified":"2024-02-15T15:25:49","modified_gmt":"2024-02-15T15:25:49","slug":"about-us","status":"publish","type":"page","link":"https:\/\/ihsproject.org\/sr\/about-us\/","title":{"rendered":"O nama"},"content":{"rendered":"<div data-elementor-type=\"wp-page\" data-elementor-id=\"709\" class=\"elementor elementor-709\">\n\t\t\t\t\t\t<section class=\"elementor-section elementor-top-section elementor-element elementor-element-7d2f9a5a elementor-section-full_width elementor-section-height-default elementor-section-height-default\" data-id=\"7d2f9a5a\" data-element_type=\"section\" data-settings=\"{&quot;background_background&quot;:&quot;classic&quot;}\">\n\t\t\t\t\t\t<div class=\"elementor-container elementor-column-gap-default\">\n\t\t\t\t\t<div class=\"elementor-column elementor-col-50 elementor-top-column elementor-element elementor-element-9e6764d\" data-id=\"9e6764d\" data-element_type=\"column\" data-settings=\"{&quot;background_background&quot;:&quot;classic&quot;}\">\n\t\t\t<div class=\"elementor-widget-wrap\">\n\t\t\t\t\t\t\t<\/div>\n\t\t<\/div>\n\t\t\t\t<div class=\"elementor-column elementor-col-50 elementor-top-column elementor-element elementor-element-5dae0b3d\" data-id=\"5dae0b3d\" data-element_type=\"column\">\n\t\t\t<div class=\"elementor-widget-wrap elementor-element-populated\">\n\t\t\t\t\t\t<div class=\"elementor-element elementor-element-1ec731f1 main-page-img elementor-widget elementor-widget-image\" data-id=\"1ec731f1\" data-element_type=\"widget\" data-widget_type=\"image.default\">\n\t\t\t\t<div class=\"elementor-widget-container\">\n\t\t\t\t\t\t\t\t\t\t\t\t\t<img fetchpriority=\"high\" decoding=\"async\" width=\"768\" height=\"512\" src=\"https:\/\/ihsproject.org\/wp-content\/uploads\/2023\/06\/IHS-webpage-About-Us-Top-Page-768x512.jpg\" class=\"attachment-medium_large size-medium_large wp-image-11897\" alt=\"\" srcset=\"https:\/\/ihsproject.org\/wp-content\/uploads\/2023\/06\/IHS-webpage-About-Us-Top-Page-768x512.jpg 768w, https:\/\/ihsproject.org\/wp-content\/uploads\/2023\/06\/IHS-webpage-About-Us-Top-Page-300x200.jpg 300w, https:\/\/ihsproject.org\/wp-content\/uploads\/2023\/06\/IHS-webpage-About-Us-Top-Page-1024x683.jpg 1024w, https:\/\/ihsproject.org\/wp-content\/uploads\/2023\/06\/IHS-webpage-About-Us-Top-Page-1536x1024.jpg 1536w, https:\/\/ihsproject.org\/wp-content\/uploads\/2023\/06\/IHS-webpage-About-Us-Top-Page-2048x1365.jpg 2048w, https:\/\/ihsproject.org\/wp-content\/uploads\/2023\/06\/IHS-webpage-About-Us-Top-Page-18x12.jpg 18w\" sizes=\"(max-width: 768px) 100vw, 768px\" \/>\t\t\t\t\t\t\t\t\t\t\t\t\t<\/div>\n\t\t\t\t<\/div>\n\t\t\t\t\t<\/div>\n\t\t<\/div>\n\t\t\t\t\t<\/div>\n\t\t<\/section>\n\t\t\t\t<section class=\"elementor-section elementor-top-section elementor-element elementor-element-21f6483c elementor-section-boxed elementor-section-height-default elementor-section-height-default\" data-id=\"21f6483c\" data-element_type=\"section\" data-settings=\"{&quot;background_background&quot;:&quot;classic&quot;}\">\n\t\t\t\t\t\t<div class=\"elementor-container elementor-column-gap-default\">\n\t\t\t\t\t<div class=\"elementor-column elementor-col-100 elementor-top-column elementor-element elementor-element-584daea\" data-id=\"584daea\" data-element_type=\"column\" data-settings=\"{&quot;background_background&quot;:&quot;classic&quot;}\">\n\t\t\t<div class=\"elementor-widget-wrap elementor-element-populated\">\n\t\t\t\t\t\t<div class=\"elementor-element elementor-element-43fc414 elementor-widget elementor-widget-heading\" data-id=\"43fc414\" data-element_type=\"widget\" data-widget_type=\"heading.default\">\n\t\t\t\t<div class=\"elementor-widget-container\">\n\t\t\t<h2 class=\"elementor-heading-title elementor-size-default\">Projekat<\/h2>\t\t<\/div>\n\t\t\t\t<\/div>\n\t\t\t\t<div class=\"elementor-element elementor-element-a8112bf elementor-widget elementor-widget-text-editor\" data-id=\"a8112bf\" data-element_type=\"widget\" data-widget_type=\"text-editor.default\">\n\t\t\t\t<div class=\"elementor-widget-container\">\n\t\t\t\t\t\t\t<p>Projekat \u201cIntegrisane zdravstvene usluge\u201d fokusira se na nezarazne bolesti (NZB). Kroz ulogu fasilitatora, IHS projekat ja\u010da koordinaciju izme\u0111u nivoa porodi\u010dne medicine i op\u0161tih bolnica, omogu\u0107avaju\u0107i efektivnu upotrebu klini\u010dkih smernica i osiguravaju\u0107i odr\u017eive rezultate za razvojne procese partnera. IHS projekat se posebno bavi ranjivim grupama koje generalno imaju lo\u0161ije zdravstveno stanje, suo\u010davaju se sa te\u0161kom situacijom sa prihodima, imaju ve\u0107i rizik od socijalne isklju\u010denosti i ni\u017eu zdravstvenu pismenost od op\u0161te populacije.<\/p>\t\t\t\t\t\t<\/div>\n\t\t\t\t<\/div>\n\t\t\t\t<div class=\"elementor-element elementor-element-fb85229 elementor-widget elementor-widget-heading\" data-id=\"fb85229\" data-element_type=\"widget\" data-widget_type=\"heading.default\">\n\t\t\t\t<div class=\"elementor-widget-container\">\n\t\t\t<h2 class=\"elementor-heading-title elementor-size-default\">\u0160vajcarska saradnja za razvoj i saradnju<\/h2>\t\t<\/div>\n\t\t\t\t<\/div>\n\t\t\t\t<div class=\"elementor-element elementor-element-c69cf3f elementor-widget__width-initial elementor-widget elementor-widget-text-editor\" data-id=\"c69cf3f\" data-element_type=\"widget\" data-widget_type=\"text-editor.default\">\n\t\t\t\t<div class=\"elementor-widget-container\">\n\t\t\t\t\t\t\t<p>The <a href=\"https:\/\/www.eda.admin.ch\/deza\/de\/home.html\" target=\"_blank\" rel=\"noopener noreferrer\">\u0160vajcarska saradnja za razvoj i saradnju<\/a>\u00a0 \u0160vajcarska agencija za razvoj i saradnju (SDC) na Kosovu koordinira svoje programe preko <a href=\"https:\/\/www.eda.admin.ch\/countries\/kosovo\/en\/home\/representations\/embassy-pristina\/cooperation-office.html\">Ambasade \u0160vajcarske \/ \u0160vajcarske kancelarije za\nsaradnju na Kosovu<\/a>. Po\u010dev\u0161i od humanitarne pomo\u0107i 1998. godine, saradnja \u0160vajcarske sa Kosovom se sve vi\u0161e preusmerava na podr\u0161ku reformskim procesima. \u0160vajcarski programski portfelj organizovan je u \u010detiri glavna domena:\u00a0<\/p><p><strong>1.<\/strong> Demokratsko upravljanje i ljudska sigurnost,\u00a0<\/p><p><strong>2.<\/strong> Ekonomija i zapo\u0161ljavanje,\u00a0<\/p><p><strong>3.<\/strong> Vodosnabdevanje i otpornost na klimatske promene i\u00a0<\/p><p><strong>4.<\/strong> Zdravlje. IHS projekat spada u domen zdravlja.<\/p>\t\t\t\t\t\t<\/div>\n\t\t\t\t<\/div>\n\t\t\t\t<div class=\"elementor-element elementor-element-2e83d71 elementor-widget elementor-widget-heading\" data-id=\"2e83d71\" data-element_type=\"widget\" data-widget_type=\"heading.default\">\n\t\t\t\t<div class=\"elementor-widget-container\">\n\t\t\t<h2 class=\"elementor-heading-title elementor-size-default\">\u0160vajcarski institut za tropsko i javno zdravlje<\/h2>\t\t<\/div>\n\t\t\t\t<\/div>\n\t\t\t\t<div class=\"elementor-element elementor-element-c565015 elementor-widget__width-initial elementor-widget elementor-widget-text-editor\" data-id=\"c565015\" data-element_type=\"widget\" data-widget_type=\"text-editor.default\">\n\t\t\t\t<div class=\"elementor-widget-container\">\n\t\t\t\t\t\t\t<p>\u0160vajcarski centar za me\u0111unarodno zdravlje (SCIH) pri <a href=\"https:\/\/www.swisstph.ch\/en\/\">\u0160vajcarski institut za tropsko i javno zdravlje<\/a> nudi konsultantske, evaluacione i savetodavne usluge o nacionalnim i globalnim zdravstvenim pitanjima. Doma\u0107e i me\u0111unarodne organizacije biraju SCIH zbog istaknute ekspertize i dugogodi\u0161njeg iskustva u oblasti me\u0111unarodnog zdravlja. Klju\u010dni klijenti su Svetska zdravstvena organizacija (WHO), Svetska\nbanka (WB), Globalni fond za borbu protiv AIDS-a, tuberkuloze i malarije (GFATM) i \u0160vajcarska agencija za razvoj i saradnju (SDC).<\/p>\t\t\t\t\t\t<\/div>\n\t\t\t\t<\/div>\n\t\t\t\t<div class=\"elementor-element elementor-element-633b9cb elementor-widget-divider--view-line elementor-widget elementor-widget-divider\" data-id=\"633b9cb\" data-element_type=\"widget\" data-widget_type=\"divider.default\">\n\t\t\t\t<div class=\"elementor-widget-container\">\n\t\t\t\t\t<div class=\"elementor-divider\">\n\t\t\t<span class=\"elementor-divider-separator\">\n\t\t\t\t\t\t<\/span>\n\t\t<\/div>\n\t\t\t\t<\/div>\n\t\t\t\t<\/div>\n\t\t\t\t\t<\/div>\n\t\t<\/div>\n\t\t\t\t\t<\/div>\n\t\t<\/section>\n\t\t\t\t<\/div>","protected":false},"excerpt":{"rendered":"<p>The Project The Integrated Health Services project focuses on Non-Communicable Diseases (NCDs). Through its facilitating role, the IHS project strengthens coordination amongst Family Medicine level and General Hospitals, enabling the effective use of clinical guidelines, and ensuring sustainable results for partners\u2019 development processes. The IHS project specifically addresses vulnerable groups that generally have a poorer [&hellip;]<\/p>","protected":false},"author":1,"featured_media":4309,"parent":0,"menu_order":10,"comment_status":"closed","ping_status":"closed","template":"","meta":[],"_links":{"self":[{"href":"https:\/\/ihsproject.org\/sr\/wp-json\/wp\/v2\/pages\/709"}],"collection":[{"href":"https:\/\/ihsproject.org\/sr\/wp-json\/wp\/v2\/pages"}],"about":[{"href":"https:\/\/ihsproject.org\/sr\/wp-json\/wp\/v2\/types\/page"}],"author":[{"embeddable":true,"href":"https:\/\/ihsproject.org\/sr\/wp-json\/wp\/v2\/users\/1"}],"replies":[{"embeddable":true,"href":"https:\/\/ihsproject.org\/sr\/wp-json\/wp\/v2\/comments?post=709"}],"version-history":[{"count":74,"href":"https:\/\/ihsproject.org\/sr\/wp-json\/wp\/v2\/pages\/709\/revisions"}],"predecessor-version":[{"id":13100,"href":"https:\/\/ihsproject.org\/sr\/wp-json\/wp\/v2\/pages\/709\/revisions\/13100"}],"wp:featuredmedia":[{"embeddable":true,"href":"https:\/\/ihsproject.org\/sr\/wp-json\/wp\/v2\/media\/4309"}],"wp:attachment":[{"href":"https:\/\/ihsproject.org\/sr\/wp-json\/wp\/v2\/media?parent=709"}],"curies":[{"name":"wp","href":"https:\/\/api.w.org\/{rel}","templated":true}]}}