{"id":6229,"date":"2020-08-12T22:31:02","date_gmt":"2020-08-12T22:31:02","guid":{"rendered":"http:\/\/aqhproject.org\/development\/?page_id=6229"},"modified":"2020-11-14T12:49:18","modified_gmt":"2020-11-14T12:49:18","slug":"konzorcijum","status":"publish","type":"page","link":"https:\/\/ihsproject.org\/sr\/konzorcijum\/","title":{"rendered":"Swiss TPH"},"content":{"rendered":"<div data-elementor-type=\"wp-page\" data-elementor-id=\"6229\" class=\"elementor elementor-6229\">\n\t\t\t\t\t\t<section class=\"elementor-section elementor-top-section elementor-element elementor-element-1ead9b5 elementor-section-full_width elementor-section-height-default elementor-section-height-default\" data-id=\"1ead9b5\" data-element_type=\"section\" data-settings=\"{&quot;background_background&quot;:&quot;classic&quot;}\">\n\t\t\t\t\t\t<div class=\"elementor-container elementor-column-gap-default\">\n\t\t\t\t\t<div class=\"elementor-column elementor-col-50 elementor-top-column elementor-element elementor-element-1dbc9417\" data-id=\"1dbc9417\" data-element_type=\"column\" data-settings=\"{&quot;background_background&quot;:&quot;classic&quot;}\">\n\t\t\t<div class=\"elementor-widget-wrap\">\n\t\t\t\t\t\t\t<\/div>\n\t\t<\/div>\n\t\t\t\t<div class=\"elementor-column elementor-col-50 elementor-top-column elementor-element elementor-element-2db7325d\" data-id=\"2db7325d\" data-element_type=\"column\">\n\t\t\t<div class=\"elementor-widget-wrap elementor-element-populated\">\n\t\t\t\t\t\t\t<\/div>\n\t\t<\/div>\n\t\t\t\t\t<\/div>\n\t\t<\/section>\n\t\t\t\t<section class=\"elementor-section elementor-top-section elementor-element elementor-element-3aa5f4b9 breadcrumb-edit elementor-section-boxed elementor-section-height-default elementor-section-height-default\" data-id=\"3aa5f4b9\" data-element_type=\"section\" data-settings=\"{&quot;background_background&quot;:&quot;classic&quot;}\">\n\t\t\t\t\t\t<div class=\"elementor-container elementor-column-gap-default\">\n\t\t\t\t\t<div class=\"elementor-column elementor-col-50 elementor-top-column elementor-element elementor-element-3295e68d\" data-id=\"3295e68d\" data-element_type=\"column\">\n\t\t\t<div class=\"elementor-widget-wrap elementor-element-populated\">\n\t\t\t\t\t\t<div class=\"elementor-element elementor-element-67a78a19 elementor-widget elementor-widget-heading\" data-id=\"67a78a19\" data-element_type=\"widget\" data-widget_type=\"heading.default\">\n\t\t\t\t<div class=\"elementor-widget-container\">\n\t\t\t<h2 class=\"elementor-heading-title elementor-size-default\">Add Your Heading Text Here<\/h2>\t\t<\/div>\n\t\t\t\t<\/div>\n\t\t\t\t\t<\/div>\n\t\t<\/div>\n\t\t\t\t<div class=\"elementor-column elementor-col-50 elementor-top-column elementor-element elementor-element-3f18dcda\" data-id=\"3f18dcda\" data-element_type=\"column\">\n\t\t\t<div class=\"elementor-widget-wrap elementor-element-populated\">\n\t\t\t\t\t\t\t<\/div>\n\t\t<\/div>\n\t\t\t\t\t<\/div>\n\t\t<\/section>\n\t\t\t\t<section class=\"elementor-section elementor-top-section elementor-element elementor-element-2bf96e38 elementor-section-boxed elementor-section-height-default elementor-section-height-default\" data-id=\"2bf96e38\" data-element_type=\"section\" data-settings=\"{&quot;background_background&quot;:&quot;classic&quot;}\">\n\t\t\t\t\t\t<div class=\"elementor-container elementor-column-gap-default\">\n\t\t\t\t\t<div class=\"elementor-column elementor-col-100 elementor-top-column elementor-element elementor-element-a213451\" data-id=\"a213451\" data-element_type=\"column\" data-settings=\"{&quot;background_background&quot;:&quot;classic&quot;}\">\n\t\t\t<div class=\"elementor-widget-wrap elementor-element-populated\">\n\t\t\t\t\t\t<section class=\"elementor-section elementor-inner-section elementor-element elementor-element-ea28ef5 elementor-section-boxed elementor-section-height-default elementor-section-height-default\" data-id=\"ea28ef5\" data-element_type=\"section\">\n\t\t\t\t\t\t<div class=\"elementor-container elementor-column-gap-default\">\n\t\t\t\t\t<div class=\"elementor-column elementor-col-50 elementor-inner-column elementor-element elementor-element-0eee3d0\" data-id=\"0eee3d0\" data-element_type=\"column\">\n\t\t\t<div class=\"elementor-widget-wrap elementor-element-populated\">\n\t\t\t\t\t\t<div class=\"elementor-element elementor-element-1bbd905 elementor-widget elementor-widget-image\" data-id=\"1bbd905\" data-element_type=\"widget\" data-widget_type=\"image.default\">\n\t\t\t\t<div class=\"elementor-widget-container\">\n\t\t\t\t\t\t\t\t\t\t\t\t\t<img decoding=\"async\" width=\"156\" height=\"96\" src=\"https:\/\/ihsproject.org\/wp-content\/uploads\/2020\/08\/swiss-tph-logo.png\" class=\"attachment-large size-large wp-image-4436\" alt=\"\" \/>\t\t\t\t\t\t\t\t\t\t\t\t\t<\/div>\n\t\t\t\t<\/div>\n\t\t\t\t\t<\/div>\n\t\t<\/div>\n\t\t\t\t<div class=\"elementor-column elementor-col-50 elementor-inner-column elementor-element elementor-element-64caaad\" data-id=\"64caaad\" data-element_type=\"column\">\n\t\t\t<div class=\"elementor-widget-wrap elementor-element-populated\">\n\t\t\t\t\t\t<div class=\"elementor-element elementor-element-cc16b14 elementor-widget elementor-widget-heading\" data-id=\"cc16b14\" data-element_type=\"widget\" data-widget_type=\"heading.default\">\n\t\t\t\t<div class=\"elementor-widget-container\">\n\t\t\t<h2 class=\"elementor-heading-title elementor-size-default\">Swiss TPH<\/h2>\t\t<\/div>\n\t\t\t\t<\/div>\n\t\t\t\t<div class=\"elementor-element elementor-element-008c978 elementor-widget elementor-widget-text-editor\" data-id=\"008c978\" data-element_type=\"widget\" data-widget_type=\"text-editor.default\">\n\t\t\t\t<div class=\"elementor-widget-container\">\n\t\t\t\t\t\t\t<p>\u0160vajcarski Centar za me\u0111unarodno zdravlje (SCIH) u Swiss TPH pru\u017ea usluge konsultacija, procene i savetodavanja na nacionalnim i globalnim pitanjima zdravlja. Nacionalne i me\u0111unarodne organizacije biraju SCIH zbog istaknute stru\u010dnosti i dugogodi\u0161njeg iskustva u oblasti me\u0111unarodnog zdravlja. Klju\u010dni klijenti uklju\u010duju Svetsku zdravstvenu organizaciju (SZO), Svetsku banku (SB), Globalni fond za borbu protiv AIDS, tuberkuloze i malarije (GFATM) i \u0160vajcarsku agenciju za razvoj i saradnju (SDC).<\/p>\t\t\t\t\t\t<\/div>\n\t\t\t\t<\/div>\n\t\t\t\t<div class=\"elementor-element elementor-element-c655da1 elementor-widget elementor-widget-button\" data-id=\"c655da1\" data-element_type=\"widget\" data-widget_type=\"button.default\">\n\t\t\t\t<div class=\"elementor-widget-container\">\n\t\t\t\t\t<div class=\"elementor-button-wrapper\">\n\t\t\t<a class=\"elementor-button elementor-button-link elementor-size-sm\" href=\"https:\/\/www.swisstph.ch\/en\/\">\n\t\t\t\t\t\t<span class=\"elementor-button-content-wrapper\">\n\t\t\t\t\t\t<span class=\"elementor-button-text\">                                                 POGLEDAJ JO\u0160                                              <\/span>\n\t\t<\/span>\n\t\t\t\t\t<\/a>\n\t\t<\/div>\n\t\t\t\t<\/div>\n\t\t\t\t<\/div>\n\t\t\t\t\t<\/div>\n\t\t<\/div>\n\t\t\t\t\t<\/div>\n\t\t<\/section>\n\t\t\t\t<div class=\"elementor-element elementor-element-d405863 elementor-widget elementor-widget-spacer\" data-id=\"d405863\" data-element_type=\"widget\" data-widget_type=\"spacer.default\">\n\t\t\t\t<div class=\"elementor-widget-container\">\n\t\t\t\t\t<div class=\"elementor-spacer\">\n\t\t\t<div class=\"elementor-spacer-inner\"><\/div>\n\t\t<\/div>\n\t\t\t\t<\/div>\n\t\t\t\t<\/div>\n\t\t\t\t\t<\/div>\n\t\t<\/div>\n\t\t\t\t\t<\/div>\n\t\t<\/section>\n\t\t\t\t<\/div>","protected":false},"excerpt":{"rendered":"<p>Swiss TPH \u0160vajcarski Centar za me\u0111unarodno zdravlje (SCIH) u Swiss TPH pru\u017ea usluge konsultacija, procene i savetodavanja na nacionalnim i globalnim pitanjima zdravlja. Nacionalne i me\u0111unarodne organizacije biraju SCIH zbog istaknute stru\u010dnosti i dugogodi\u0161njeg iskustva u oblasti me\u0111unarodnog zdravlja. Klju\u010dni klijenti uklju\u010duju Svetsku zdravstvenu organizaciju (SZO), Svetsku banku (SB), Globalni fond za borbu protiv AIDS, [&hellip;]<\/p>","protected":false},"author":1,"featured_media":4431,"parent":0,"menu_order":18,"comment_status":"closed","ping_status":"closed","template":"","meta":[],"_links":{"self":[{"href":"https:\/\/ihsproject.org\/sr\/wp-json\/wp\/v2\/pages\/6229"}],"collection":[{"href":"https:\/\/ihsproject.org\/sr\/wp-json\/wp\/v2\/pages"}],"about":[{"href":"https:\/\/ihsproject.org\/sr\/wp-json\/wp\/v2\/types\/page"}],"author":[{"embeddable":true,"href":"https:\/\/ihsproject.org\/sr\/wp-json\/wp\/v2\/users\/1"}],"replies":[{"embeddable":true,"href":"https:\/\/ihsproject.org\/sr\/wp-json\/wp\/v2\/comments?post=6229"}],"version-history":[{"count":5,"href":"https:\/\/ihsproject.org\/sr\/wp-json\/wp\/v2\/pages\/6229\/revisions"}],"predecessor-version":[{"id":8633,"href":"https:\/\/ihsproject.org\/sr\/wp-json\/wp\/v2\/pages\/6229\/revisions\/8633"}],"wp:featuredmedia":[{"embeddable":true,"href":"https:\/\/ihsproject.org\/sr\/wp-json\/wp\/v2\/media\/4431"}],"wp:attachment":[{"href":"https:\/\/ihsproject.org\/sr\/wp-json\/wp\/v2\/media?parent=6229"}],"curies":[{"name":"wp","href":"https:\/\/api.w.org\/{rel}","templated":true}]}}