{"id":289,"date":"2017-02-24T13:44:43","date_gmt":"2017-02-24T13:44:43","guid":{"rendered":"http:\/\/aqhproject.org\/?page_id=289"},"modified":"2025-12-03T08:33:59","modified_gmt":"2025-12-03T08:33:59","slug":"project-implementation-unit","status":"publish","type":"page","link":"https:\/\/ihsproject.org\/sr\/project-implementation-unit\/","title":{"rendered":"Projektni tim"},"content":{"rendered":"<div data-elementor-type=\"wp-page\" data-elementor-id=\"289\" class=\"elementor elementor-289\">\n\t\t\t\t\t\t<section class=\"elementor-section elementor-top-section elementor-element elementor-element-4d75b543 elementor-section-full_width elementor-section-height-default elementor-section-height-default\" data-id=\"4d75b543\" data-element_type=\"section\" data-settings=\"{&quot;background_background&quot;:&quot;classic&quot;}\">\n\t\t\t\t\t\t<div class=\"elementor-container elementor-column-gap-default\">\n\t\t\t\t\t<div class=\"elementor-column elementor-col-50 elementor-top-column elementor-element elementor-element-27b1f9ae\" data-id=\"27b1f9ae\" data-element_type=\"column\" data-settings=\"{&quot;background_background&quot;:&quot;classic&quot;}\">\n\t\t\t<div class=\"elementor-widget-wrap\">\n\t\t\t\t\t\t\t<\/div>\n\t\t<\/div>\n\t\t\t\t<div class=\"elementor-column elementor-col-50 elementor-top-column elementor-element elementor-element-166d78ab\" data-id=\"166d78ab\" data-element_type=\"column\">\n\t\t\t<div class=\"elementor-widget-wrap elementor-element-populated\">\n\t\t\t\t\t\t<div class=\"elementor-element elementor-element-7a02b69a main-page-img elementor-widget elementor-widget-image\" data-id=\"7a02b69a\" data-element_type=\"widget\" data-widget_type=\"image.default\">\n\t\t\t\t<div class=\"elementor-widget-container\">\n\t\t\t\t\t\t\t\t\t\t\t\t\t<img fetchpriority=\"high\" decoding=\"async\" width=\"1640\" height=\"924\" src=\"https:\/\/ihsproject.org\/wp-content\/uploads\/2023\/06\/IHS-website-work-with-us.png\" class=\"attachment-full size-full wp-image-11993\" alt=\"\" srcset=\"https:\/\/ihsproject.org\/wp-content\/uploads\/2023\/06\/IHS-website-work-with-us.png 1640w, https:\/\/ihsproject.org\/wp-content\/uploads\/2023\/06\/IHS-website-work-with-us-300x169.png 300w, https:\/\/ihsproject.org\/wp-content\/uploads\/2023\/06\/IHS-website-work-with-us-1024x577.png 1024w, https:\/\/ihsproject.org\/wp-content\/uploads\/2023\/06\/IHS-website-work-with-us-768x433.png 768w, https:\/\/ihsproject.org\/wp-content\/uploads\/2023\/06\/IHS-website-work-with-us-1536x865.png 1536w, https:\/\/ihsproject.org\/wp-content\/uploads\/2023\/06\/IHS-website-work-with-us-18x10.png 18w\" sizes=\"(max-width: 1640px) 100vw, 1640px\" \/>\t\t\t\t\t\t\t\t\t\t\t\t\t<\/div>\n\t\t\t\t<\/div>\n\t\t\t\t\t<\/div>\n\t\t<\/div>\n\t\t\t\t\t<\/div>\n\t\t<\/section>\n\t\t\t\t<section class=\"elementor-section elementor-top-section elementor-element elementor-element-36216140 elementor-section-boxed elementor-section-height-default elementor-section-height-default\" data-id=\"36216140\" data-element_type=\"section\" data-settings=\"{&quot;background_background&quot;:&quot;classic&quot;}\">\n\t\t\t\t\t\t<div class=\"elementor-container elementor-column-gap-default\">\n\t\t\t\t\t<div class=\"elementor-column elementor-col-100 elementor-top-column elementor-element elementor-element-514171a8\" data-id=\"514171a8\" data-element_type=\"column\" data-settings=\"{&quot;background_background&quot;:&quot;classic&quot;}\">\n\t\t\t<div class=\"elementor-widget-wrap elementor-element-populated\">\n\t\t\t\t\t\t<section class=\"elementor-section elementor-inner-section elementor-element elementor-element-b22cc14 elementor-section-boxed elementor-section-height-default elementor-section-height-default\" data-id=\"b22cc14\" data-element_type=\"section\">\n\t\t\t\t\t\t<div class=\"elementor-container elementor-column-gap-default\">\n\t\t\t\t\t<div class=\"elementor-column elementor-col-50 elementor-inner-column elementor-element elementor-element-0403a4e\" data-id=\"0403a4e\" data-element_type=\"column\">\n\t\t\t<div class=\"elementor-widget-wrap elementor-element-populated\">\n\t\t\t\t\t\t<div class=\"elementor-element elementor-element-858b17a elementor-widget elementor-widget-image\" data-id=\"858b17a\" data-element_type=\"widget\" data-widget_type=\"image.default\">\n\t\t\t\t<div class=\"elementor-widget-container\">\n\t\t\t\t\t\t\t\t\t\t\t\t\t<img decoding=\"async\" width=\"150\" height=\"150\" src=\"https:\/\/ihsproject.org\/wp-content\/uploads\/2024\/11\/Dr.Lia_-150x150.jpg\" class=\"attachment-thumbnail size-thumbnail wp-image-14223\" alt=\"\" srcset=\"https:\/\/ihsproject.org\/wp-content\/uploads\/2024\/11\/Dr.Lia_-150x150.jpg 150w, https:\/\/ihsproject.org\/wp-content\/uploads\/2024\/11\/Dr.Lia_-300x300.jpg 300w, https:\/\/ihsproject.org\/wp-content\/uploads\/2024\/11\/Dr.Lia_-1024x1024.jpg 1024w, https:\/\/ihsproject.org\/wp-content\/uploads\/2024\/11\/Dr.Lia_-768x768.jpg 768w, https:\/\/ihsproject.org\/wp-content\/uploads\/2024\/11\/Dr.Lia_-1536x1536.jpg 1536w, https:\/\/ihsproject.org\/wp-content\/uploads\/2024\/11\/Dr.Lia_-2048x2048.jpg 2048w, https:\/\/ihsproject.org\/wp-content\/uploads\/2024\/11\/Dr.Lia_-12x12.jpg 12w\" sizes=\"(max-width: 150px) 100vw, 150px\" \/>\t\t\t\t\t\t\t\t\t\t\t\t\t<\/div>\n\t\t\t\t<\/div>\n\t\t\t\t<div class=\"elementor-element elementor-element-3385b86 elementor-widget elementor-widget-heading\" data-id=\"3385b86\" data-element_type=\"widget\" data-widget_type=\"heading.default\">\n\t\t\t\t<div class=\"elementor-widget-container\">\n\t\t\t<h5 class=\"elementor-heading-title elementor-size-default\">Lider tima - Dr. Lia Tavadze<\/h5>\t\t<\/div>\n\t\t\t\t<\/div>\n\t\t\t\t<div class=\"elementor-element elementor-element-c1836b3 elementor-widget elementor-widget-text-editor\" data-id=\"c1836b3\" data-element_type=\"widget\" data-widget_type=\"text-editor.default\">\n\t\t\t\t<div class=\"elementor-widget-container\">\n\t\t\t\t\t\t\t<p>Lia ima preko 20 godina iskustva u upravljanju vi\u0161emilionskim me\u0111unarodnim zdravstvenim i razvojnim programima. Specijalizovana je za javnozdravstvenu politiku, upravljanje, infrastrukturu i nabavke, s fokusom na upravljanje hroni\u010dnim bolestima i pripremljenost za odgovor na nove pretnje javnom zdravlju. Radila je sa UNAIDS-om u Gruziji, Zimbabveu i Ju\u017enoj Africi, vodila timove Me\u0111unarodnog medicinskog korpusa u Rusiji, Afganistanu i Velikoj Britaniji, a nedavno je vodila inicijativu u vezi sa nezaraznim bolestima koju je finansirala \u0160vajcarska u Ukrajini i usmerene zdravstvene aspekte Odgovora Svetske banke na COVID-19, kao i ulaganja Evropske investicione banke za unapre\u0111enje bolni\u010dkog sektora u Gruziji. Radila je u Odboru za tehni\u010dku reviziju Globalnog fonda i u Me\u0111unarodnoj savetodavnoj grupi za prevenciju u okviru Instituta za istra\u017eivanje raka u Velikoj Britaniji.<\/p><p>Email: <a class=\"c-link c-link--focus-visible\" href=\"mailto:lia.tavadze@ihsproject.org\" target=\"_blank\" rel=\"noopener noreferrer\" data-stringify-link=\"mailto:lia.tavadze@ihsproject.org\" data-sk=\"tooltip_parent\" aria-haspopup=\"menu\">lia.tavadze@ihsproject.org<\/a><\/p>\t\t\t\t\t\t<\/div>\n\t\t\t\t<\/div>\n\t\t\t\t\t<\/div>\n\t\t<\/div>\n\t\t\t\t<div class=\"elementor-column elementor-col-50 elementor-inner-column elementor-element elementor-element-9a61f7c\" data-id=\"9a61f7c\" data-element_type=\"column\">\n\t\t\t<div class=\"elementor-widget-wrap elementor-element-populated\">\n\t\t\t\t\t\t<div class=\"elementor-element elementor-element-2c7929c elementor-widget elementor-widget-image\" data-id=\"2c7929c\" data-element_type=\"widget\" data-widget_type=\"image.default\">\n\t\t\t\t<div class=\"elementor-widget-container\">\n\t\t\t\t\t\t\t\t\t\t\t\t\t<img decoding=\"async\" width=\"150\" height=\"150\" src=\"https:\/\/ihsproject.org\/wp-content\/uploads\/2023\/06\/Fekrije-Hasani-MAY-150x150.png\" class=\"attachment-thumbnail size-thumbnail wp-image-11452\" alt=\"\" srcset=\"https:\/\/ihsproject.org\/wp-content\/uploads\/2023\/06\/Fekrije-Hasani-MAY-150x150.png 150w, https:\/\/ihsproject.org\/wp-content\/uploads\/2023\/06\/elementor\/thumbs\/Fekrije-Hasani-MAY-q7d1b5td0mzqpvbd2vyxqi7j1q1l95nixk6qpdbk6i.png 145w\" sizes=\"(max-width: 150px) 100vw, 150px\" \/>\t\t\t\t\t\t\t\t\t\t\t\t\t<\/div>\n\t\t\t\t<\/div>\n\t\t\t\t<div class=\"elementor-element elementor-element-5d6991f elementor-widget elementor-widget-heading\" data-id=\"5d6991f\" data-element_type=\"widget\" data-widget_type=\"heading.default\">\n\t\t\t\t<div class=\"elementor-widget-container\">\n\t\t\t<h5 class=\"elementor-heading-title elementor-size-default\">Vi\u0161i stru\u010dnjak za zdravstvo - Fekrije Hasani<\/h5>\t\t<\/div>\n\t\t\t\t<\/div>\n\t\t\t\t<div class=\"elementor-element elementor-element-0608ae3 elementor-widget elementor-widget-text-editor\" data-id=\"0608ae3\" data-element_type=\"widget\" data-widget_type=\"text-editor.default\">\n\t\t\t\t<div class=\"elementor-widget-container\">\n\t\t\t\t\t\t\t<p>Fekrije je vi\u0161i stru\u010dnjak za zdravstvo u IHS projektu, sa preko 36 godina obrazovanja medicinskih sestara i iskustva u menad\u017ementu. Sa jakim naglaskom na strate\u0161ko planiranje, standarde medicinskih sestara i upravljanje ljudskim resursima, Fekrije se etablirala kao klju\u010dni lider u sferi medicinskih sestara na Kosovu. Njena strast za napredovanjem u sferi medicinskih sestara vidljiva je kroz njene radove objavljene u doma\u0107im i me\u0111unarodnim \u010dasopisima,\nstru\u010dnim \u010dasopisima i doprinosima u knjigama o medicinskim sestrama. Aktivno nastupa na raznim konferencijama.<\/p><p>Kada Fekrije nije na poslu, provodi vreme sa porodicom, posebno sa unukom, prepu\u0161ta se \u010ditanju i aktivnostima li\u010dnog razvoja.<\/p><p>Email: <a href=\"mailto:fekrije.hasani@ihsproject.org\">fekrije.hasani@ihsproject.org<\/a><\/p>\t\t\t\t\t\t<\/div>\n\t\t\t\t<\/div>\n\t\t\t\t\t<\/div>\n\t\t<\/div>\n\t\t\t\t\t<\/div>\n\t\t<\/section>\n\t\t\t\t<section class=\"elementor-section elementor-inner-section elementor-element elementor-element-92a1005 elementor-section-boxed elementor-section-height-default elementor-section-height-default\" data-id=\"92a1005\" data-element_type=\"section\">\n\t\t\t\t\t\t<div class=\"elementor-container elementor-column-gap-default\">\n\t\t\t\t\t<div class=\"elementor-column elementor-col-50 elementor-inner-column elementor-element elementor-element-a513e94\" data-id=\"a513e94\" data-element_type=\"column\">\n\t\t\t<div class=\"elementor-widget-wrap elementor-element-populated\">\n\t\t\t\t\t\t<div class=\"elementor-element elementor-element-bfda720 elementor-widget elementor-widget-image\" data-id=\"bfda720\" data-element_type=\"widget\" data-widget_type=\"image.default\">\n\t\t\t\t<div class=\"elementor-widget-container\">\n\t\t\t\t\t\t\t\t\t\t\t\t\t<img loading=\"lazy\" decoding=\"async\" width=\"150\" height=\"150\" src=\"https:\/\/ihsproject.org\/wp-content\/uploads\/2024\/06\/Linda-1-150x150.jpg\" class=\"attachment-thumbnail size-thumbnail wp-image-13716\" alt=\"\" \/>\t\t\t\t\t\t\t\t\t\t\t\t\t<\/div>\n\t\t\t\t<\/div>\n\t\t\t\t<div class=\"elementor-element elementor-element-780e3c4 elementor-widget elementor-widget-heading\" data-id=\"780e3c4\" data-element_type=\"widget\" data-widget_type=\"heading.default\">\n\t\t\t\t<div class=\"elementor-widget-container\">\n\t\t\t<h5 class=\"elementor-heading-title elementor-size-default\">Visi sluzbenik za zastupanje i komunikacije - Linda Baleta<\/h5>\t\t<\/div>\n\t\t\t\t<\/div>\n\t\t\t\t<div class=\"elementor-element elementor-element-dd25d69 elementor-widget elementor-widget-text-editor\" data-id=\"dd25d69\" data-element_type=\"widget\" data-widget_type=\"text-editor.default\">\n\t\t\t\t<div class=\"elementor-widget-container\">\n\t\t\t\t\t\t\t<p>Linda je strateg za zagovaranje i komunikacije, radi sa me\u0111unarodnim organizacijama od 2000. godine, sa posebnim fokusom na region Zapadnog Balkana\/Isto\u010dne Evrope. Deluju\u0107i u oblasti komunikacije za razvoj i uticaj, javni anga\u017eman, dru\u0161tvenu inkluziju, rod, pripovedanje za postizanje uticaja i medije, osna\u017eivanje \u017eena i mladih, i upravljanje znanjem, Linda profesionalno koristi svoje ve\u0161tine i iskustvo i tako\u0111e volontira svoje vreme da doprinese unapre\u0111enju dru\u0161tva, s fokusom na promovisanje ljudskog dostojanstva.<\/p><p>Kada nije na poslu, Linda voli da provodi vreme pi\u0161u\u0107i haiku i blogove o putovanjima.<\/p><p>Email: <a href=\"mailto:linda.baleta@ihsproject.org\">linda.baleta@ihsproject.org<\/a><\/p>\t\t\t\t\t\t<\/div>\n\t\t\t\t<\/div>\n\t\t\t\t\t<\/div>\n\t\t<\/div>\n\t\t\t\t<div class=\"elementor-column elementor-col-50 elementor-inner-column elementor-element elementor-element-2e83744\" data-id=\"2e83744\" data-element_type=\"column\">\n\t\t\t<div class=\"elementor-widget-wrap elementor-element-populated\">\n\t\t\t\t\t\t<div class=\"elementor-element elementor-element-458ddf2 elementor-widget elementor-widget-image\" data-id=\"458ddf2\" data-element_type=\"widget\" data-widget_type=\"image.default\">\n\t\t\t\t<div class=\"elementor-widget-container\">\n\t\t\t\t\t\t\t\t\t\t\t\t\t<img loading=\"lazy\" decoding=\"async\" width=\"150\" height=\"150\" src=\"https:\/\/ihsproject.org\/wp-content\/uploads\/2023\/06\/Albiona-Recica-MAY-150x150.png\" class=\"attachment-thumbnail size-thumbnail wp-image-11454\" alt=\"\" srcset=\"https:\/\/ihsproject.org\/wp-content\/uploads\/2023\/06\/Albiona-Recica-MAY-150x150.png 150w, https:\/\/ihsproject.org\/wp-content\/uploads\/2023\/06\/elementor\/thumbs\/Albiona-Recica-MAY-q7d1baijyt66bx4jbg02kz0u0nefbn66m7g63r4lbe.png 145w\" sizes=\"(max-width: 150px) 100vw, 150px\" \/>\t\t\t\t\t\t\t\t\t\t\t\t\t<\/div>\n\t\t\t\t<\/div>\n\t\t\t\t<div class=\"elementor-element elementor-element-3d6faf8 elementor-widget elementor-widget-heading\" data-id=\"3d6faf8\" data-element_type=\"widget\" data-widget_type=\"heading.default\">\n\t\t\t\t<div class=\"elementor-widget-container\">\n\t\t\t<h5 class=\"elementor-heading-title elementor-size-default\">Finansijski menad\u017eer - Albiona Re\u00e7ica<\/h5>\t\t<\/div>\n\t\t\t\t<\/div>\n\t\t\t\t<div class=\"elementor-element elementor-element-4db38b9 elementor-widget elementor-widget-text-editor\" data-id=\"4db38b9\" data-element_type=\"widget\" data-widget_type=\"text-editor.default\">\n\t\t\t\t<div class=\"elementor-widget-container\">\n\t\t\t\t\t\t\t<p>Albiona je iskusni stru\u010dnjak u oblasti finansija i administracije sa iskustvom u me\u0111unarodnim organizacijama koje sprovode projekte na Kosovu od 2008. godine. Karijeru je zapo\u010dela u Misiji privremene administracije Ujedinjenih nacija na Kosovu pre nego \u0161to je pre\u0161la na razli\u010dite finansijske uloge u renomiranim organizacijama kao \u0161to je EPTISA (Servicios de Ingenieria S.L.), NICO (agencija vlade Velike Britanije sa mandatom za EU Twinning projekte), Me\u0111unarodna organizacija za migracije i Deutsche Gesellschaft f\u00fcr Internationale Zusammenarbeit.<\/p><p>Albiona se isti\u010de u osiguravanju efektivnog upravljanja odobrenim bud\u017eetima i pru\u017eanju vrednih\npovratnih informacija za bud\u017eetske prognoze. Njen saradni\u010dki i saose\u0107ajan pristup omogu\u0107ava joj da bez napora prenese slo\u017eene finansijske informacije kolegama, doprinose\u0107i razvoju ta\u010dnih\nfinansijskih procedura.<\/p><p>Email: <a href=\"mailto:albiona.recica@ihsproject.org\">albiona.recica@ihsproject.org<\/a><\/p>\t\t\t\t\t\t<\/div>\n\t\t\t\t<\/div>\n\t\t\t\t\t<\/div>\n\t\t<\/div>\n\t\t\t\t\t<\/div>\n\t\t<\/section>\n\t\t\t\t<section class=\"elementor-section elementor-inner-section elementor-element elementor-element-a60df46 elementor-section-boxed elementor-section-height-default elementor-section-height-default\" data-id=\"a60df46\" data-element_type=\"section\">\n\t\t\t\t\t\t<div class=\"elementor-container elementor-column-gap-default\">\n\t\t\t\t\t<div class=\"elementor-column elementor-col-50 elementor-inner-column elementor-element elementor-element-9109da8\" data-id=\"9109da8\" data-element_type=\"column\">\n\t\t\t<div class=\"elementor-widget-wrap elementor-element-populated\">\n\t\t\t\t\t\t<div class=\"elementor-element elementor-element-849af9e elementor-widget elementor-widget-image\" data-id=\"849af9e\" data-element_type=\"widget\" data-widget_type=\"image.default\">\n\t\t\t\t<div class=\"elementor-widget-container\">\n\t\t\t\t\t\t\t\t\t\t\t\t\t<img loading=\"lazy\" decoding=\"async\" width=\"150\" height=\"150\" src=\"https:\/\/ihsproject.org\/wp-content\/uploads\/2024\/07\/Jeta-Spahija-IHS-150x150.jpg\" class=\"attachment-thumbnail size-thumbnail wp-image-13722\" alt=\"\" \/>\t\t\t\t\t\t\t\t\t\t\t\t\t<\/div>\n\t\t\t\t<\/div>\n\t\t\t\t<div class=\"elementor-element elementor-element-fc23cdd elementor-widget elementor-widget-heading\" data-id=\"fc23cdd\" data-element_type=\"widget\" data-widget_type=\"heading.default\">\n\t\t\t\t<div class=\"elementor-widget-container\">\n\t\t\t<h5 class=\"elementor-heading-title elementor-size-default\">Administrative Officer - Jeta Spahija<\/h5>\t\t<\/div>\n\t\t\t\t<\/div>\n\t\t\t\t<div class=\"elementor-element elementor-element-58f75a4 elementor-widget elementor-widget-text-editor\" data-id=\"58f75a4\" data-element_type=\"widget\" data-widget_type=\"text-editor.default\">\n\t\t\t\t<div class=\"elementor-widget-container\">\n\t\t\t\t\t\t\t<p style=\"font-weight: 400;\">Jeta Spahija je zavr\u0161ila osnovne studije iz oblasti poslovne administracije. Tokom svoje karijere, stekla je veliko profesionalno iskustvo u op\u0161toj administraciji, obuhvataju\u0107i ljudske resurse, menad\u017ement, ra\u010dunovodstvo, finansije i bud\u017eet, logistiku i koordinaciju obuke. Njena stru\u010dnost se usavr\u0161avala kroz njen rad sa zna\u010dajnim organizacijama kao \u0161to su Me\u0111unarodni komitet Crvenog krsta (ICRC), \"Akcija protiv gladi\" (Action Contre La Faim - ACF), Danski savet za izbeglice (DRC) i IPKO Telecommunications.\n\nU slobodno vreme Jeta u\u017eiva pevaju\u0107i za \u017eenski hor i pravi prekrasne torte za prijatelje i porodicu.<\/p><p style=\"font-weight: 400;\">In her free time, Jeta enjoys singing for an all-women choir and making beautiful cakes for friends and family.<\/p><p>Email:\u00a0<a href=\"mailto:jeta.spahija@ihsproject.org\" target=\"_blank\" rel=\"noopener\">jeta.spahija@ihsproject.org<\/a><\/p>\t\t\t\t\t\t<\/div>\n\t\t\t\t<\/div>\n\t\t\t\t\t<\/div>\n\t\t<\/div>\n\t\t\t\t<div class=\"elementor-column elementor-col-50 elementor-inner-column elementor-element elementor-element-2d4bf1c\" data-id=\"2d4bf1c\" data-element_type=\"column\">\n\t\t\t<div class=\"elementor-widget-wrap elementor-element-populated\">\n\t\t\t\t\t\t<div class=\"elementor-element elementor-element-92ad86f elementor-widget elementor-widget-image\" data-id=\"92ad86f\" data-element_type=\"widget\" data-widget_type=\"image.default\">\n\t\t\t\t<div class=\"elementor-widget-container\">\n\t\t\t\t\t\t\t\t\t\t\t\t\t<img loading=\"lazy\" decoding=\"async\" width=\"150\" height=\"150\" src=\"https:\/\/ihsproject.org\/wp-content\/uploads\/2024\/11\/Lirak-Kelmendi-150x150.jpg\" class=\"attachment-thumbnail size-thumbnail wp-image-14159\" alt=\"\" srcset=\"https:\/\/ihsproject.org\/wp-content\/uploads\/2024\/11\/Lirak-Kelmendi-150x150.jpg 150w, https:\/\/ihsproject.org\/wp-content\/uploads\/2024\/11\/Lirak-Kelmendi-300x300.jpg 300w, https:\/\/ihsproject.org\/wp-content\/uploads\/2024\/11\/Lirak-Kelmendi-1024x1024.jpg 1024w, https:\/\/ihsproject.org\/wp-content\/uploads\/2024\/11\/Lirak-Kelmendi-768x768.jpg 768w, https:\/\/ihsproject.org\/wp-content\/uploads\/2024\/11\/Lirak-Kelmendi-1536x1536.jpg 1536w, https:\/\/ihsproject.org\/wp-content\/uploads\/2024\/11\/Lirak-Kelmendi-2048x2048.jpg 2048w, https:\/\/ihsproject.org\/wp-content\/uploads\/2024\/11\/Lirak-Kelmendi-12x12.jpg 12w\" sizes=\"(max-width: 150px) 100vw, 150px\" \/>\t\t\t\t\t\t\t\t\t\t\t\t\t<\/div>\n\t\t\t\t<\/div>\n\t\t\t\t<div class=\"elementor-element elementor-element-603c214 elementor-widget elementor-widget-heading\" data-id=\"603c214\" data-element_type=\"widget\" data-widget_type=\"heading.default\">\n\t\t\t\t<div class=\"elementor-widget-container\">\n\t\t\t<h5 class=\"elementor-heading-title elementor-size-default\">\u0160ef nabavke - Lirak Kelmendi<\/h5>\t\t<\/div>\n\t\t\t\t<\/div>\n\t\t\t\t<div class=\"elementor-element elementor-element-5258f8e elementor-widget elementor-widget-text-editor\" data-id=\"5258f8e\" data-element_type=\"widget\" data-widget_type=\"text-editor.default\">\n\t\t\t\t<div class=\"elementor-widget-container\">\n\t\t\t\t\t\t\t<p style=\"font-weight: 400;\">Lirak svojoj ulozi donosi vi\u0161e od dve decenije iskustva u nabavci i logistici, nakon rada sa uva\u017eenim organizacijama kao \u0161to su Norve\u0161ki Crveni krst i Save the Children. Njegovo iskustvo i pedantan pristup osigurali su nesmetano izvo\u0111enje aktivnosti projekta \u0161vajcarskog TPH-a prvo u okviru AQH-a (Pristupa\u010dna i kvalitetna zdravstvena za\u0161tita)i trenutno, pru\u017eanjem podr\u0161ke timu IHS-a u postizanju njegovih ciljeva.<\/p>\t\t\t\t\t\t<\/div>\n\t\t\t\t<\/div>\n\t\t\t\t\t<\/div>\n\t\t<\/div>\n\t\t\t\t\t<\/div>\n\t\t<\/section>\n\t\t\t\t<section class=\"elementor-section elementor-inner-section elementor-element elementor-element-58abbf7 elementor-section-boxed elementor-section-height-default elementor-section-height-default\" data-id=\"58abbf7\" data-element_type=\"section\">\n\t\t\t\t\t\t<div class=\"elementor-container elementor-column-gap-default\">\n\t\t\t\t\t<div class=\"elementor-column elementor-col-50 elementor-inner-column elementor-element elementor-element-920d9f8\" data-id=\"920d9f8\" data-element_type=\"column\">\n\t\t\t<div class=\"elementor-widget-wrap elementor-element-populated\">\n\t\t\t\t\t\t<div class=\"elementor-element elementor-element-6548da0 elementor-widget elementor-widget-image\" data-id=\"6548da0\" data-element_type=\"widget\" data-widget_type=\"image.default\">\n\t\t\t\t<div class=\"elementor-widget-container\">\n\t\t\t\t\t\t\t\t\t\t\t\t\t<img loading=\"lazy\" decoding=\"async\" width=\"150\" height=\"150\" src=\"https:\/\/ihsproject.org\/wp-content\/uploads\/2025\/03\/Artan-Berveniku-300x300-1-150x150.jpg\" class=\"attachment-thumbnail size-thumbnail wp-image-14485\" alt=\"\" srcset=\"https:\/\/ihsproject.org\/wp-content\/uploads\/2025\/03\/Artan-Berveniku-300x300-1-150x150.jpg 150w, https:\/\/ihsproject.org\/wp-content\/uploads\/2025\/03\/Artan-Berveniku-300x300-1-12x12.jpg 12w, https:\/\/ihsproject.org\/wp-content\/uploads\/2025\/03\/Artan-Berveniku-300x300-1.jpg 300w\" sizes=\"(max-width: 150px) 100vw, 150px\" \/>\t\t\t\t\t\t\t\t\t\t\t\t\t<\/div>\n\t\t\t\t<\/div>\n\t\t\t\t<div class=\"elementor-element elementor-element-8381bce elementor-widget elementor-widget-heading\" data-id=\"8381bce\" data-element_type=\"widget\" data-widget_type=\"heading.default\">\n\t\t\t\t<div class=\"elementor-widget-container\">\n\t\t\t<h5 class=\"elementor-heading-title elementor-size-default\">Voza\u010d i asistent za logistiku \u2013 Artan Berveniku<\/h5>\t\t<\/div>\n\t\t\t\t<\/div>\n\t\t\t\t<div class=\"elementor-element elementor-element-9d70d0f elementor-widget elementor-widget-text-editor\" data-id=\"9d70d0f\" data-element_type=\"widget\" data-widget_type=\"text-editor.default\">\n\t\t\t\t<div class=\"elementor-widget-container\">\n\t\t\t\t\t\t\t<p>Veliko iskustvo Artan-a Berveniku-a u logistici i upravljanju voznim parkom, ste\u010deno tokom njegovog rada u me\u0111unarodnim organizacijama kao \u0161to je Misija OEBS-a na Kosovu, dodaje zna\u010dajnu vrednost projektu IHS. Kao voza\u010d i asistent logistike, njegova stru\u010dnost osigurava efikasnu implementaciju operativnih aktivnosti.<\/p>\t\t\t\t\t\t<\/div>\n\t\t\t\t<\/div>\n\t\t\t\t\t<\/div>\n\t\t<\/div>\n\t\t\t\t<div class=\"elementor-column elementor-col-50 elementor-inner-column elementor-element elementor-element-5ff365a\" data-id=\"5ff365a\" data-element_type=\"column\">\n\t\t\t<div class=\"elementor-widget-wrap\">\n\t\t\t\t\t\t\t<\/div>\n\t\t<\/div>\n\t\t\t\t\t<\/div>\n\t\t<\/section>\n\t\t\t\t\t<\/div>\n\t\t<\/div>\n\t\t\t\t\t<\/div>\n\t\t<\/section>\n\t\t\t\t<\/div>","protected":false},"excerpt":{"rendered":"<p>Team Leader &#8211; Dr. Lia Tavadze Lia has over 20 years of experience managing multimillion international health and development programs. She specializes in public health policy, governance, infrastructure, and procurement, with a focus on managing chronic diseases and preparedness for responding on emerging threats to public health. She has worked with UNAIDS in Georgia, Zimbabwe, [&hellip;]<\/p>","protected":false},"author":1,"featured_media":70,"parent":0,"menu_order":16,"comment_status":"closed","ping_status":"closed","template":"","meta":[],"_links":{"self":[{"href":"https:\/\/ihsproject.org\/sr\/wp-json\/wp\/v2\/pages\/289"}],"collection":[{"href":"https:\/\/ihsproject.org\/sr\/wp-json\/wp\/v2\/pages"}],"about":[{"href":"https:\/\/ihsproject.org\/sr\/wp-json\/wp\/v2\/types\/page"}],"author":[{"embeddable":true,"href":"https:\/\/ihsproject.org\/sr\/wp-json\/wp\/v2\/users\/1"}],"replies":[{"embeddable":true,"href":"https:\/\/ihsproject.org\/sr\/wp-json\/wp\/v2\/comments?post=289"}],"version-history":[{"count":166,"href":"https:\/\/ihsproject.org\/sr\/wp-json\/wp\/v2\/pages\/289\/revisions"}],"predecessor-version":[{"id":15328,"href":"https:\/\/ihsproject.org\/sr\/wp-json\/wp\/v2\/pages\/289\/revisions\/15328"}],"wp:featuredmedia":[{"embeddable":true,"href":"https:\/\/ihsproject.org\/sr\/wp-json\/wp\/v2\/media\/70"}],"wp:attachment":[{"href":"https:\/\/ihsproject.org\/sr\/wp-json\/wp\/v2\/media?parent=289"}],"curies":[{"name":"wp","href":"https:\/\/api.w.org\/{rel}","templated":true}]}}