{"id":15823,"date":"2026-05-07T12:59:15","date_gmt":"2026-05-07T12:59:15","guid":{"rendered":"https:\/\/ihsproject.org\/?page_id=15823"},"modified":"2026-05-07T13:02:08","modified_gmt":"2026-05-07T13:02:08","slug":"may-07-2026","status":"publish","type":"page","link":"https:\/\/ihsproject.org\/sr\/may-07-2026\/","title":{"rendered":"May 07, 2026"},"content":{"rendered":"<div data-elementor-type=\"wp-page\" data-elementor-id=\"15823\" class=\"elementor elementor-15823\">\n\t\t\t\t<div class=\"elementor-element elementor-element-c4bbcb0 e-flex e-con-boxed e-con e-parent\" data-id=\"c4bbcb0\" data-element_type=\"container\" data-core-v316-plus=\"true\">\n\t\t\t\t\t<div class=\"e-con-inner\">\n\t\t\t\t<div class=\"elementor-element elementor-element-75a521e elementor-widget elementor-widget-image\" data-id=\"75a521e\" data-element_type=\"widget\" data-widget_type=\"image.default\">\n\t\t\t\t<div class=\"elementor-widget-container\">\n\t\t\t\t\t\t\t\t\t\t\t\t\t<img fetchpriority=\"high\" decoding=\"async\" width=\"800\" height=\"600\" src=\"https:\/\/ihsproject.org\/wp-content\/uploads\/2026\/05\/20260506-1024x768.jpg\" class=\"attachment-large size-large wp-image-15826\" alt=\"\" srcset=\"https:\/\/ihsproject.org\/wp-content\/uploads\/2026\/05\/20260506-1024x768.jpg 1024w, https:\/\/ihsproject.org\/wp-content\/uploads\/2026\/05\/20260506-300x225.jpg 300w, https:\/\/ihsproject.org\/wp-content\/uploads\/2026\/05\/20260506-768x576.jpg 768w, https:\/\/ihsproject.org\/wp-content\/uploads\/2026\/05\/20260506-1536x1152.jpg 1536w, https:\/\/ihsproject.org\/wp-content\/uploads\/2026\/05\/20260506-16x12.jpg 16w, https:\/\/ihsproject.org\/wp-content\/uploads\/2026\/05\/20260506.jpg 2016w\" sizes=\"(max-width: 800px) 100vw, 800px\" \/>\t\t\t\t\t\t\t\t\t\t\t\t\t<\/div>\n\t\t\t\t<\/div>\n\t\t\t\t\t<\/div>\n\t\t\t\t<\/div>\n\t\t<div class=\"elementor-element elementor-element-10379f7 e-flex e-con-boxed e-con e-parent\" data-id=\"10379f7\" data-element_type=\"container\" data-core-v316-plus=\"true\">\n\t\t\t\t\t<div class=\"e-con-inner\">\n\t\t\t\t<div class=\"elementor-element elementor-element-e41a83b elementor-widget elementor-widget-heading\" data-id=\"e41a83b\" data-element_type=\"widget\" data-widget_type=\"heading.default\">\n\t\t\t\t<div class=\"elementor-widget-container\">\n\t\t\t<h2 class=\"elementor-heading-title elementor-size-default\">Sertifikovano 33 koordinatora za kvalitet u okviru HUCSKA-a<\/h2>\t\t<\/div>\n\t\t\t\t<\/div>\n\t\t\t\t<div class=\"elementor-element elementor-element-3bff3eb elementor-widget elementor-widget-text-editor\" data-id=\"3bff3eb\" data-element_type=\"widget\" data-widget_type=\"text-editor.default\">\n\t\t\t\t<div class=\"elementor-widget-container\">\n\t\t\t\t\t\t\t<p>Ministarstvo zdravlja, u saradnji sa Bolni\u010dkom i univerzitetskom klini\u010dkom slu\u017ebom Kosova (HUCSK), i uz podr\u0161ku svog strate\u0161kog partnera, projekta Integrisanih zdravstvenih usluga (IHS), po prvi put je organizovalo obuku za koordinatore za kvalitet u okviru HUCSK-a.<\/p><p>\u010cetvorodnevna obuka je uspe\u0161no ostvarila svoje unapred definisane ciljeve ja\u010danjem teorijskih i prakti\u010dnih kapaciteta slu\u017ebenika za kvalitet za dizajniranje i pokretanje implementacije Sistema upravljanja kvalitetom u bolni\u010dkim zdravstvenim ustanovama. S obzirom da se ova aktivnost prvi put uvodi na tercijarnom nivou zdravstvene za\u0161tite, ona predstavlja va\u017ean korak ka ja\u010danju kvalitetnijeg i pouzdanijeg sistema zdravstvene za\u0161tite.<\/p><p>Kroz ovu obuku, sertifikovano je 33 koordinatora za kvalitet, sa ciljem pobolj\u0161anja kvaliteta zdravstvenih usluga, povec\u0301anja bezbednosti pacijenata i ja\u010danja profesionalnih kapaciteta u bolni\u010dkoj nezi.<\/p><p>Ministarstvo zdravlja ostaje posvec\u0301eno podizanju standarda i pru\u017eanju usluga najvi\u0161eg moguc\u0301eg kvaliteta gra\u0111anima.<\/p><p><a href=\"https:\/\/eur04.safelinks.protection.outlook.com\/?url=https%3A%2F%2Fwww.facebook.com%2Fphoto%3Ffbid%3D1272453028391843%26set%3Dpcb.1272453581725121&amp;data=05%7C02%7Ca.aliu%40globalct.com%7Ce8ca671189374738fa0708deabfe1a21%7Cb834297849db4c92acd7753540b05045%7C0%7C0%7C639137305064146388%7CUnknown%7CTWFpbGZsb3d8eyJFbXB0eU1hcGkiOnRydWUsIlYiOiIwLjAuMDAwMCIsIlAiOiJXaW4zMiIsIkFOIjoiTWFpbCIsIldUIjoyfQ%3D%3D%7C0%7C%7C%7C&amp;sdata=Ujqny4hU16SUB%2Btlr5%2FhhcTlPkFdu%2Fl%2BzbMctqqTZx8%3D&amp;reserved=0\">https:\/\/www.facebook.com\/photo?fbid=1272453028391843&amp;set=pcb.1272453581725121<\/a><\/p>\t\t\t\t\t\t<\/div>\n\t\t\t\t<\/div>\n\t\t\t\t\t<\/div>\n\t\t\t\t<\/div>\n\t\t\t\t<\/div>","protected":false},"excerpt":{"rendered":"<p>Thirty-Three Quality Coordinators within HUCSK get certified The Ministry of Health, in cooperation with the Hospital and University Clinical Service of Kosovo (HUCSK), and with the support of its strategic partner, Integrated Health Services (IHS) project, organized for the first time a training for quality coordinators within HUCSK. The four-day training successfully achieved its predefined [&hellip;]<\/p>","protected":false},"author":1,"featured_media":0,"parent":0,"menu_order":0,"comment_status":"closed","ping_status":"closed","template":"","meta":[],"_links":{"self":[{"href":"https:\/\/ihsproject.org\/sr\/wp-json\/wp\/v2\/pages\/15823"}],"collection":[{"href":"https:\/\/ihsproject.org\/sr\/wp-json\/wp\/v2\/pages"}],"about":[{"href":"https:\/\/ihsproject.org\/sr\/wp-json\/wp\/v2\/types\/page"}],"author":[{"embeddable":true,"href":"https:\/\/ihsproject.org\/sr\/wp-json\/wp\/v2\/users\/1"}],"replies":[{"embeddable":true,"href":"https:\/\/ihsproject.org\/sr\/wp-json\/wp\/v2\/comments?post=15823"}],"version-history":[{"count":12,"href":"https:\/\/ihsproject.org\/sr\/wp-json\/wp\/v2\/pages\/15823\/revisions"}],"predecessor-version":[{"id":15838,"href":"https:\/\/ihsproject.org\/sr\/wp-json\/wp\/v2\/pages\/15823\/revisions\/15838"}],"wp:attachment":[{"href":"https:\/\/ihsproject.org\/sr\/wp-json\/wp\/v2\/media?parent=15823"}],"curies":[{"name":"wp","href":"https:\/\/api.w.org\/{rel}","templated":true}]}}