{"id":15789,"date":"2026-04-08T15:03:57","date_gmt":"2026-04-08T15:03:57","guid":{"rendered":"https:\/\/ihsproject.org\/?page_id=15789"},"modified":"2026-04-08T15:05:23","modified_gmt":"2026-04-08T15:05:23","slug":"april-09-2026","status":"publish","type":"page","link":"https:\/\/ihsproject.org\/sr\/april-09-2026\/","title":{"rendered":"09 April, 2026"},"content":{"rendered":"<div data-elementor-type=\"wp-page\" data-elementor-id=\"15789\" class=\"elementor elementor-15789\">\n\t\t\t\t<div class=\"elementor-element elementor-element-38525ce e-flex e-con-boxed e-con e-parent\" data-id=\"38525ce\" data-element_type=\"container\" data-core-v316-plus=\"true\">\n\t\t\t\t\t<div class=\"e-con-inner\">\n\t\t\t\t<div class=\"elementor-element elementor-element-ebe498a elementor-widget elementor-widget-image\" data-id=\"ebe498a\" data-element_type=\"widget\" data-widget_type=\"image.default\">\n\t\t\t\t<div class=\"elementor-widget-container\">\n\t\t\t\t\t\t\t\t\t\t\t\t\t<img fetchpriority=\"high\" decoding=\"async\" width=\"1600\" height=\"900\" src=\"https:\/\/ihsproject.org\/wp-content\/uploads\/2026\/04\/IHS-Supported-Pristina.Innovate.Healthcare-to-Advance-Patient-Centred-Solutions.jpg\" class=\"attachment-full size-full wp-image-15792\" alt=\"\" srcset=\"https:\/\/ihsproject.org\/wp-content\/uploads\/2026\/04\/IHS-Supported-Pristina.Innovate.Healthcare-to-Advance-Patient-Centred-Solutions.jpg 1600w, https:\/\/ihsproject.org\/wp-content\/uploads\/2026\/04\/IHS-Supported-Pristina.Innovate.Healthcare-to-Advance-Patient-Centred-Solutions-300x169.jpg 300w, https:\/\/ihsproject.org\/wp-content\/uploads\/2026\/04\/IHS-Supported-Pristina.Innovate.Healthcare-to-Advance-Patient-Centred-Solutions-1024x576.jpg 1024w, https:\/\/ihsproject.org\/wp-content\/uploads\/2026\/04\/IHS-Supported-Pristina.Innovate.Healthcare-to-Advance-Patient-Centred-Solutions-768x432.jpg 768w, https:\/\/ihsproject.org\/wp-content\/uploads\/2026\/04\/IHS-Supported-Pristina.Innovate.Healthcare-to-Advance-Patient-Centred-Solutions-1536x864.jpg 1536w, https:\/\/ihsproject.org\/wp-content\/uploads\/2026\/04\/IHS-Supported-Pristina.Innovate.Healthcare-to-Advance-Patient-Centred-Solutions-18x10.jpg 18w\" sizes=\"(max-width: 1600px) 100vw, 1600px\" \/>\t\t\t\t\t\t\t\t\t\t\t\t\t<\/div>\n\t\t\t\t<\/div>\n\t\t\t\t\t<\/div>\n\t\t\t\t<\/div>\n\t\t<div class=\"elementor-element elementor-element-075029b e-flex e-con-boxed e-con e-parent\" data-id=\"075029b\" data-element_type=\"container\" data-core-v316-plus=\"true\">\n\t\t\t\t\t<div class=\"e-con-inner\">\n\t\t\t\t<div class=\"elementor-element elementor-element-cd2d464 elementor-widget elementor-widget-heading\" data-id=\"cd2d464\" data-element_type=\"widget\" data-widget_type=\"heading.default\">\n\t\t\t\t<div class=\"elementor-widget-container\">\n\t\t\t<h2 class=\"elementor-heading-title elementor-size-default\">IHS je podr\u017eao Pristina Innovate Healthcare u cilju unapre\u0111enja re\u0161enja usmerena na pacijenta<\/h2>\t\t<\/div>\n\t\t\t\t<\/div>\n\t\t\t\t<div class=\"elementor-element elementor-element-d179d80 elementor-widget elementor-widget-text-editor\" data-id=\"d179d80\" data-element_type=\"widget\" data-widget_type=\"text-editor.default\">\n\t\t\t\t<div class=\"elementor-widget-container\">\n\t\t\t\t\t\t\t<p style=\"font-weight: 400;\">Tokom intenzivnog 48-\u010dasovnog doga\u0111aja koji je trajao od 3. do 5. aprila 2026. godine, Hakaton Pristina.Innovate.Healthcare okupio je 12 timova kako bi razvili inovativna re\u0161enja za izazove vezane za zdravlje. Dva izazova koja je predstavio IHS odra\u017eavala su na\u0161 cilj da oja\u010damo integrisane zdravstvene usluge usmerene na ljude i osna\u017eimo pacijente da bolje upravljaju svojim zdravljem.<\/p><p style=\"font-weight: 400;\">Iz perspektive IHS-a, cilj doga\u0111aja je bio da se pomeri dalje od tehnologije kao samog cilja i da se umesto toga fokusira na re\u0161enja koja su zna\u010dajna za pacijente koji se nose sa svakodnevnim zdravstvenim izazovima. Linda Baleta, vi\u0161i stru\u010dnjak za zastupanje i komunikaciju IHS-a, istakla je tokom uvodnog izlaganja da \u201ezdravlje nije samo sistem, vec\u0301 i iskustvo.\u201c<\/p><p style=\"font-weight: 400;\">Hakaton je zavr\u0161en prezentacijama i evaluacijama \u017eirija stru\u010dnjaka, prepoznajuc\u0301i inovativne koncepte koji kombinuju tehnologiju, empatiju i prakti\u010dan uticaj na zdravstveni sistem Kosova. U pet izazova u\u010destvovalo je 12 takmi\u010darskih timova. Dva razli\u010dita tima su nagra\u0111ena za svaki izazov koji je predstavio IHS.<\/p>\t\t\t\t\t\t<\/div>\n\t\t\t\t<\/div>\n\t\t\t\t\t<\/div>\n\t\t\t\t<\/div>\n\t\t\t\t<\/div>","protected":false},"excerpt":{"rendered":"<p>IHS Supported Pristina.Innovate.Healthcare to Advance Patient-Centred Solutions Over an intensive 48-hour event from 3 \u2013 5 April 2026, the Pristina.Innovate.Healthcare Hackathon brought together 12 teams to develop innovative solutions around health-related challenges. The two challenges presented by IHS reflected our goal to strengthen integrated, people-centred health services and empower patients to better manage their health. [&hellip;]<\/p>","protected":false},"author":1,"featured_media":0,"parent":0,"menu_order":0,"comment_status":"closed","ping_status":"closed","template":"","meta":[],"_links":{"self":[{"href":"https:\/\/ihsproject.org\/sr\/wp-json\/wp\/v2\/pages\/15789"}],"collection":[{"href":"https:\/\/ihsproject.org\/sr\/wp-json\/wp\/v2\/pages"}],"about":[{"href":"https:\/\/ihsproject.org\/sr\/wp-json\/wp\/v2\/types\/page"}],"author":[{"embeddable":true,"href":"https:\/\/ihsproject.org\/sr\/wp-json\/wp\/v2\/users\/1"}],"replies":[{"embeddable":true,"href":"https:\/\/ihsproject.org\/sr\/wp-json\/wp\/v2\/comments?post=15789"}],"version-history":[{"count":4,"href":"https:\/\/ihsproject.org\/sr\/wp-json\/wp\/v2\/pages\/15789\/revisions"}],"predecessor-version":[{"id":15796,"href":"https:\/\/ihsproject.org\/sr\/wp-json\/wp\/v2\/pages\/15789\/revisions\/15796"}],"wp:attachment":[{"href":"https:\/\/ihsproject.org\/sr\/wp-json\/wp\/v2\/media?parent=15789"}],"curies":[{"name":"wp","href":"https:\/\/api.w.org\/{rel}","templated":true}]}}