{"id":15772,"date":"2026-04-07T15:21:52","date_gmt":"2026-04-07T15:21:52","guid":{"rendered":"https:\/\/ihsproject.org\/?page_id=15772"},"modified":"2026-04-07T15:23:39","modified_gmt":"2026-04-07T15:23:39","slug":"april-08-2026-02","status":"publish","type":"page","link":"https:\/\/ihsproject.org\/sr\/april-08-2026-02\/","title":{"rendered":"08 April, 2026"},"content":{"rendered":"<div data-elementor-type=\"wp-page\" data-elementor-id=\"15772\" class=\"elementor elementor-15772\">\n\t\t\t\t<div class=\"elementor-element elementor-element-3997128 e-flex e-con-boxed e-con e-parent\" data-id=\"3997128\" data-element_type=\"container\" data-core-v316-plus=\"true\">\n\t\t\t\t\t<div class=\"e-con-inner\">\n\t\t\t\t<div class=\"elementor-element elementor-element-8c6ae21 elementor-widget elementor-widget-image\" data-id=\"8c6ae21\" data-element_type=\"widget\" data-widget_type=\"image.default\">\n\t\t\t\t<div class=\"elementor-widget-container\">\n\t\t\t\t\t\t\t\t\t\t\t\t\t<img fetchpriority=\"high\" decoding=\"async\" width=\"1600\" height=\"900\" src=\"https:\/\/ihsproject.org\/wp-content\/uploads\/2026\/04\/Driving-Forward-the-Self-Management-Program-for-Diabetes-and-Hypertension.jpg\" class=\"attachment-full size-full wp-image-15774\" alt=\"\" srcset=\"https:\/\/ihsproject.org\/wp-content\/uploads\/2026\/04\/Driving-Forward-the-Self-Management-Program-for-Diabetes-and-Hypertension.jpg 1600w, https:\/\/ihsproject.org\/wp-content\/uploads\/2026\/04\/Driving-Forward-the-Self-Management-Program-for-Diabetes-and-Hypertension-300x169.jpg 300w, https:\/\/ihsproject.org\/wp-content\/uploads\/2026\/04\/Driving-Forward-the-Self-Management-Program-for-Diabetes-and-Hypertension-1024x576.jpg 1024w, https:\/\/ihsproject.org\/wp-content\/uploads\/2026\/04\/Driving-Forward-the-Self-Management-Program-for-Diabetes-and-Hypertension-768x432.jpg 768w, https:\/\/ihsproject.org\/wp-content\/uploads\/2026\/04\/Driving-Forward-the-Self-Management-Program-for-Diabetes-and-Hypertension-1536x864.jpg 1536w, https:\/\/ihsproject.org\/wp-content\/uploads\/2026\/04\/Driving-Forward-the-Self-Management-Program-for-Diabetes-and-Hypertension-18x10.jpg 18w\" sizes=\"(max-width: 1600px) 100vw, 1600px\" \/>\t\t\t\t\t\t\t\t\t\t\t\t\t<\/div>\n\t\t\t\t<\/div>\n\t\t\t\t\t<\/div>\n\t\t\t\t<\/div>\n\t\t<div class=\"elementor-element elementor-element-76543ed e-flex e-con-boxed e-con e-parent\" data-id=\"76543ed\" data-element_type=\"container\" data-core-v316-plus=\"true\">\n\t\t\t\t\t<div class=\"e-con-inner\">\n\t\t\t\t<div class=\"elementor-element elementor-element-6f64029 elementor-widget elementor-widget-heading\" data-id=\"6f64029\" data-element_type=\"widget\" data-widget_type=\"heading.default\">\n\t\t\t\t<div class=\"elementor-widget-container\">\n\t\t\t<h2 class=\"elementor-heading-title elementor-size-default\">Unapre\u0111enje Programa samostalnog le\u010denja dijabetesa i hipertenzije<\/h2>\t\t<\/div>\n\t\t\t\t<\/div>\n\t\t\t\t<div class=\"elementor-element elementor-element-b414c08 elementor-widget elementor-widget-text-editor\" data-id=\"b414c08\" data-element_type=\"widget\" data-widget_type=\"text-editor.default\">\n\t\t\t\t<div class=\"elementor-widget-container\">\n\t\t\t\t\t\t\t<p style=\"font-weight: 400;\">Dana 3. aprila 2026. godine, u Pri\u0161tini je odr\u017ean naredni sastanak Radne grupe za Program samostalnog le\u010denja dijabetesa i hipertenzije, fokusiran na unapre\u0111enje sprovo\u0111enja Akcionog plana za period 2025\u20132026. godine.<\/p><p style=\"font-weight: 400;\">Radionica je okupila predstavnike institucija i projektne partnere kako bi pregledali napredak i definisali sledec\u0301e korake, uklju\u010dujuc\u0301i uspostavljanje druge grupe pacijenata koji c\u0301e koristiti digitalnu aplikaciju za samostalno le\u010denje i daljinsko prac\u0301enje hroni\u010dnih stanja.<\/p><p style=\"font-weight: 400;\">Diskusije su se tako\u0111e bavile ulogama i odgovornostima zainteresovanih strana uklju\u010denih u program, kao i moguc\u0301nostima za pro\u0161irenje inicijative na op\u0161tinu Pri\u0161tina. U\u010desnici su razmenili komentare i preporuke, doprinosec\u0301i usavr\u0161avanju pristupa sprovo\u0111enju i re\u0161avanju prakti\u010dnih izazova.<\/p><p style=\"font-weight: 400;\">Radionica je zavr\u0161ena rezimeom klju\u010dnih ta\u010daka za diskusiju i dogovorenim sledec\u0301im koracima, potvr\u0111ujuc\u0301i posvec\u0301enost Ministarstva zdravlja i partnera ja\u010danju nege usmerene na pacijenta i pobolj\u0161anju le\u010denja dijabetesa i hipertenzije na Kosovu.<\/p>\t\t\t\t\t\t<\/div>\n\t\t\t\t<\/div>\n\t\t\t\t\t<\/div>\n\t\t\t\t<\/div>\n\t\t\t\t<\/div>","protected":false},"excerpt":{"rendered":"<p>Driving Forward the Self-Management Program for Diabetes and Hypertension On 3 April 2026, the next meeting of the Working Group on the Self-Management Program for Diabetes and Hypertension convened in Prishtina, focusing on advancing the implementation of the 2025\u20132026 Action Plan. The workshop brought together institutional representatives and project partners to review progress and define [&hellip;]<\/p>","protected":false},"author":1,"featured_media":0,"parent":0,"menu_order":0,"comment_status":"closed","ping_status":"closed","template":"","meta":[],"_links":{"self":[{"href":"https:\/\/ihsproject.org\/sr\/wp-json\/wp\/v2\/pages\/15772"}],"collection":[{"href":"https:\/\/ihsproject.org\/sr\/wp-json\/wp\/v2\/pages"}],"about":[{"href":"https:\/\/ihsproject.org\/sr\/wp-json\/wp\/v2\/types\/page"}],"author":[{"embeddable":true,"href":"https:\/\/ihsproject.org\/sr\/wp-json\/wp\/v2\/users\/1"}],"replies":[{"embeddable":true,"href":"https:\/\/ihsproject.org\/sr\/wp-json\/wp\/v2\/comments?post=15772"}],"version-history":[{"count":5,"href":"https:\/\/ihsproject.org\/sr\/wp-json\/wp\/v2\/pages\/15772\/revisions"}],"predecessor-version":[{"id":15780,"href":"https:\/\/ihsproject.org\/sr\/wp-json\/wp\/v2\/pages\/15772\/revisions\/15780"}],"wp:attachment":[{"href":"https:\/\/ihsproject.org\/sr\/wp-json\/wp\/v2\/media?parent=15772"}],"curies":[{"name":"wp","href":"https:\/\/api.w.org\/{rel}","templated":true}]}}