{"id":15764,"date":"2026-04-07T15:03:18","date_gmt":"2026-04-07T15:03:18","guid":{"rendered":"https:\/\/ihsproject.org\/?page_id=15764"},"modified":"2026-04-07T15:04:19","modified_gmt":"2026-04-07T15:04:19","slug":"april-08-2026","status":"publish","type":"page","link":"https:\/\/ihsproject.org\/sr\/april-08-2026\/","title":{"rendered":"08 April, 2026"},"content":{"rendered":"<div data-elementor-type=\"wp-page\" data-elementor-id=\"15764\" class=\"elementor elementor-15764\">\n\t\t\t\t<div class=\"elementor-element elementor-element-c60b175 e-flex e-con-boxed e-con e-parent\" data-id=\"c60b175\" data-element_type=\"container\" data-core-v316-plus=\"true\">\n\t\t\t\t\t<div class=\"e-con-inner\">\n\t\t\t\t<div class=\"elementor-element elementor-element-b332b9a elementor-widget elementor-widget-image\" data-id=\"b332b9a\" data-element_type=\"widget\" data-widget_type=\"image.default\">\n\t\t\t\t<div class=\"elementor-widget-container\">\n\t\t\t\t\t\t\t\t\t\t\t\t\t<img fetchpriority=\"high\" decoding=\"async\" width=\"1600\" height=\"900\" src=\"https:\/\/ihsproject.org\/wp-content\/uploads\/2026\/04\/First-Cohort-Concludes-the-Health-Management-Training-.jpg\" class=\"attachment-full size-full wp-image-15762\" alt=\"\" srcset=\"https:\/\/ihsproject.org\/wp-content\/uploads\/2026\/04\/First-Cohort-Concludes-the-Health-Management-Training-.jpg 1600w, https:\/\/ihsproject.org\/wp-content\/uploads\/2026\/04\/First-Cohort-Concludes-the-Health-Management-Training--300x169.jpg 300w, https:\/\/ihsproject.org\/wp-content\/uploads\/2026\/04\/First-Cohort-Concludes-the-Health-Management-Training--1024x576.jpg 1024w, https:\/\/ihsproject.org\/wp-content\/uploads\/2026\/04\/First-Cohort-Concludes-the-Health-Management-Training--768x432.jpg 768w, https:\/\/ihsproject.org\/wp-content\/uploads\/2026\/04\/First-Cohort-Concludes-the-Health-Management-Training--1536x864.jpg 1536w, https:\/\/ihsproject.org\/wp-content\/uploads\/2026\/04\/First-Cohort-Concludes-the-Health-Management-Training--18x10.jpg 18w\" sizes=\"(max-width: 1600px) 100vw, 1600px\" \/>\t\t\t\t\t\t\t\t\t\t\t\t\t<\/div>\n\t\t\t\t<\/div>\n\t\t\t\t\t<\/div>\n\t\t\t\t<\/div>\n\t\t<div class=\"elementor-element elementor-element-f656a9b e-flex e-con-boxed e-con e-parent\" data-id=\"f656a9b\" data-element_type=\"container\" data-core-v316-plus=\"true\">\n\t\t\t\t\t<div class=\"e-con-inner\">\n\t\t\t\t<div class=\"elementor-element elementor-element-28de30f elementor-widget elementor-widget-heading\" data-id=\"28de30f\" data-element_type=\"widget\" data-widget_type=\"heading.default\">\n\t\t\t\t<div class=\"elementor-widget-container\">\n\t\t\t<h2 class=\"elementor-heading-title elementor-size-default\">Prva kohorta zavr\u0161ava obuku za zdravstveni menad\u017ement<\/h2>\t\t<\/div>\n\t\t\t\t<\/div>\n\t\t\t\t<div class=\"elementor-element elementor-element-a75bcd3 elementor-widget elementor-widget-text-editor\" data-id=\"a75bcd3\" data-element_type=\"widget\" data-widget_type=\"text-editor.default\">\n\t\t\t\t<div class=\"elementor-widget-container\">\n\t\t\t\t\t\t\t<p style=\"font-weight: 400;\">Prva kohorta stru\u010dnjaka iz zdravstvenih ustanova na Kosovu uspe\u0161no je zavr\u0161ila program obuke za zdravstveni menad\u017ement od pet modula. Od maja 2025. do aprila 2026. godine, program obuke je opremio u\u010desnike unapre\u0111enim ve\u0161tinama u strate\u0161kom planiranju u zdravstvu, liderstvu, sistemu upravljanja kvalitetom i klini\u010dkoj reviziji, prac\u0301enju i evaluaciji, kao i upravljanju resursima.<\/p><p style=\"font-weight: 400;\">Poslednji trodnevni modul, odr\u017ean izme\u0111u 31. marta i 2. aprila, koji su prezentovala tri razli\u010dita trenera, fokusirao se na nabavke, ljudske resurse i finansijsko upravljanje u zdravstvenom sektoru, sa naglaskom na prakti\u010dne pristupe upravljanju ograni\u010denim resursima uz istovremeno pobolj\u0161anje kvaliteta nege. Sesije su istra\u017eivale klju\u010dne teme kao \u0161to su procesi javnih nabavki, planiranje radne snage u bolnicama i strate\u0161ko finansijsko odlu\u010divanje. U\u010desnici su se bavili studijama slu\u010daja, grupnim radom i simulacijama usmerenim na identifikovanje neefikasnosti i optimizaciju raspodele resursa za bolje rezultate pacijenata.<\/p><p style=\"font-weight: 400;\">Sna\u017ean fokus je stavljen na zdravstvenu za\u0161titu zasnovanu na vrednostima, podsti\u010duc\u0301i u\u010desnike da ispitaju kako odluke uti\u010du na putanje pacijenata i pru\u017eanje usluga. Diskusije su tako\u0111e istakle ulogu klini\u010dkog i menad\u017eerskog osoblja u smanjenju operativnog rasipanja i pobolj\u0161anju internih indikatora u\u010dinka.<\/p><p style=\"font-weight: 400;\">Obuku za zdravstveni menad\u017ement organizuje Ministarstvo zdravlja Kosova uz podr\u0161ku projekta IHS-a.<\/p>\t\t\t\t\t\t<\/div>\n\t\t\t\t<\/div>\n\t\t\t\t\t<\/div>\n\t\t\t\t<\/div>\n\t\t\t\t<\/div>","protected":false},"excerpt":{"rendered":"<p>First Cohort Concludes the Health Management Training The first cohort of professionals from Kosovo\u2019s health institutions has successfully completed the five-module Health Management Training programme. From May 2025 to April 2026, the training program equipped participants with enhanced skills in health strategic planning, leadership, quality management system and clinical audit, monitoring and evaluation, and resource [&hellip;]<\/p>","protected":false},"author":1,"featured_media":0,"parent":0,"menu_order":0,"comment_status":"closed","ping_status":"closed","template":"","meta":[],"_links":{"self":[{"href":"https:\/\/ihsproject.org\/sr\/wp-json\/wp\/v2\/pages\/15764"}],"collection":[{"href":"https:\/\/ihsproject.org\/sr\/wp-json\/wp\/v2\/pages"}],"about":[{"href":"https:\/\/ihsproject.org\/sr\/wp-json\/wp\/v2\/types\/page"}],"author":[{"embeddable":true,"href":"https:\/\/ihsproject.org\/sr\/wp-json\/wp\/v2\/users\/1"}],"replies":[{"embeddable":true,"href":"https:\/\/ihsproject.org\/sr\/wp-json\/wp\/v2\/comments?post=15764"}],"version-history":[{"count":4,"href":"https:\/\/ihsproject.org\/sr\/wp-json\/wp\/v2\/pages\/15764\/revisions"}],"predecessor-version":[{"id":15769,"href":"https:\/\/ihsproject.org\/sr\/wp-json\/wp\/v2\/pages\/15764\/revisions\/15769"}],"wp:attachment":[{"href":"https:\/\/ihsproject.org\/sr\/wp-json\/wp\/v2\/media?parent=15764"}],"curies":[{"name":"wp","href":"https:\/\/api.w.org\/{rel}","templated":true}]}}