{"id":15749,"date":"2026-04-07T14:45:43","date_gmt":"2026-04-07T14:45:43","guid":{"rendered":"https:\/\/ihsproject.org\/?page_id=15749"},"modified":"2026-04-07T14:50:33","modified_gmt":"2026-04-07T14:50:33","slug":"april-07-2026-02","status":"publish","type":"page","link":"https:\/\/ihsproject.org\/sr\/april-07-2026-02\/","title":{"rendered":"07 April, 2026"},"content":{"rendered":"<div data-elementor-type=\"wp-page\" data-elementor-id=\"15749\" class=\"elementor elementor-15749\">\n\t\t\t\t<div class=\"elementor-element elementor-element-83cf39e e-flex e-con-boxed e-con e-parent\" data-id=\"83cf39e\" data-element_type=\"container\" data-core-v316-plus=\"true\">\n\t\t\t\t\t<div class=\"e-con-inner\">\n\t\t\t\t<div class=\"elementor-element elementor-element-0aa74e5 elementor-widget elementor-widget-image\" data-id=\"0aa74e5\" data-element_type=\"widget\" data-widget_type=\"image.default\">\n\t\t\t\t<div class=\"elementor-widget-container\">\n\t\t\t\t\t\t\t\t\t\t\t\t\t<img fetchpriority=\"high\" decoding=\"async\" width=\"1600\" height=\"900\" src=\"https:\/\/ihsproject.org\/wp-content\/uploads\/2026\/04\/Training-on-Clinical-Protocols-and-Guidelines-Adaptation-Concluded.jpg\" class=\"attachment-full size-full wp-image-15748\" alt=\"\" srcset=\"https:\/\/ihsproject.org\/wp-content\/uploads\/2026\/04\/Training-on-Clinical-Protocols-and-Guidelines-Adaptation-Concluded.jpg 1600w, https:\/\/ihsproject.org\/wp-content\/uploads\/2026\/04\/Training-on-Clinical-Protocols-and-Guidelines-Adaptation-Concluded-300x169.jpg 300w, https:\/\/ihsproject.org\/wp-content\/uploads\/2026\/04\/Training-on-Clinical-Protocols-and-Guidelines-Adaptation-Concluded-1024x576.jpg 1024w, https:\/\/ihsproject.org\/wp-content\/uploads\/2026\/04\/Training-on-Clinical-Protocols-and-Guidelines-Adaptation-Concluded-768x432.jpg 768w, https:\/\/ihsproject.org\/wp-content\/uploads\/2026\/04\/Training-on-Clinical-Protocols-and-Guidelines-Adaptation-Concluded-1536x864.jpg 1536w, https:\/\/ihsproject.org\/wp-content\/uploads\/2026\/04\/Training-on-Clinical-Protocols-and-Guidelines-Adaptation-Concluded-18x10.jpg 18w\" sizes=\"(max-width: 1600px) 100vw, 1600px\" \/>\t\t\t\t\t\t\t\t\t\t\t\t\t<\/div>\n\t\t\t\t<\/div>\n\t\t\t\t\t<\/div>\n\t\t\t\t<\/div>\n\t\t<div class=\"elementor-element elementor-element-8f53883 e-flex e-con-boxed e-con e-parent\" data-id=\"8f53883\" data-element_type=\"container\" data-core-v316-plus=\"true\">\n\t\t\t\t\t<div class=\"e-con-inner\">\n\t\t\t\t<div class=\"elementor-element elementor-element-388ebbb elementor-widget elementor-widget-heading\" data-id=\"388ebbb\" data-element_type=\"widget\" data-widget_type=\"heading.default\">\n\t\t\t\t<div class=\"elementor-widget-container\">\n\t\t\t<h2 class=\"elementor-heading-title elementor-size-default\">Zavr\u0161ena obuka o adaptaciji klini\u010dkih protokola i smernica<\/h2>\t\t<\/div>\n\t\t\t\t<\/div>\n\t\t\t\t<div class=\"elementor-element elementor-element-0e1842d elementor-widget elementor-widget-text-editor\" data-id=\"0e1842d\" data-element_type=\"widget\" data-widget_type=\"text-editor.default\">\n\t\t\t\t<div class=\"elementor-widget-container\">\n\t\t\t\t\t\t\t<p style=\"font-weight: 400;\">U poslednjoj nedelji marta 2026. godine, u Pri\u0161tini je uspe\u0161no zavr\u0161ena trodnevna obuka o adaptaciji klini\u010dkih smernica i protokola (AKSP). Ova obuka koju je organizovalo Ministarstvo zdravlja Kosova imala je za cilj ja\u010danje zdravstvenih praksi zasnovanih na dokazima, nagla\u0161avajuc\u0301i klju\u010dnu ulogu koju ovi procesi igraju u pobolj\u0161anju ishoda pacijenata.<\/p><p style=\"font-weight: 400;\">Obuka je okupila zdravstvene radnike i stru\u010dnjake kako bi izgradili zajedni\u010dko razumevanje razvoja, adaptacije i implementacije klini\u010dkih smernica, napredujuc\u0301i od klju\u010dnih definicija i okvira do prakti\u010dne primene.<\/p><p style=\"font-weight: 400;\">Tokom tri dana, u\u010desnici su bili anga\u017eovani u sesijama o medicini zasnovanoj na dokazima, pregledu literature, izradi i adaptaciji smernica i alatima za implementaciju, uz dopunu grupnog rada i prakti\u010dnih ve\u017ebi. Aktivnosti su bile usmerene na lokalnu implementaciju, identifikovanje prepreka, klini\u010dku reviziju i definisanje sledec\u0301ih koraka, nakon \u010dega su usledile evaluacije u\u010desnika i distribucija sertifikata.<\/p><p style=\"font-weight: 400;\">Obuka ozna\u010dava va\u017ean korak ka pobolj\u0161anju kvaliteta, doslednosti i bezbednosti zdravstvenih usluga na Kosovu, sa dugoro\u010dnim uticajem koji se o\u010dekuje u standardizaciji klini\u010dke prakse.<\/p>\t\t\t\t\t\t<\/div>\n\t\t\t\t<\/div>\n\t\t\t\t\t<\/div>\n\t\t\t\t<\/div>\n\t\t\t\t<\/div>","protected":false},"excerpt":{"rendered":"","protected":false},"author":1,"featured_media":0,"parent":0,"menu_order":0,"comment_status":"closed","ping_status":"closed","template":"","meta":[],"_links":{"self":[{"href":"https:\/\/ihsproject.org\/sr\/wp-json\/wp\/v2\/pages\/15749"}],"collection":[{"href":"https:\/\/ihsproject.org\/sr\/wp-json\/wp\/v2\/pages"}],"about":[{"href":"https:\/\/ihsproject.org\/sr\/wp-json\/wp\/v2\/types\/page"}],"author":[{"embeddable":true,"href":"https:\/\/ihsproject.org\/sr\/wp-json\/wp\/v2\/users\/1"}],"replies":[{"embeddable":true,"href":"https:\/\/ihsproject.org\/sr\/wp-json\/wp\/v2\/comments?post=15749"}],"version-history":[{"count":5,"href":"https:\/\/ihsproject.org\/sr\/wp-json\/wp\/v2\/pages\/15749\/revisions"}],"predecessor-version":[{"id":15761,"href":"https:\/\/ihsproject.org\/sr\/wp-json\/wp\/v2\/pages\/15749\/revisions\/15761"}],"wp:attachment":[{"href":"https:\/\/ihsproject.org\/sr\/wp-json\/wp\/v2\/media?parent=15749"}],"curies":[{"name":"wp","href":"https:\/\/api.w.org\/{rel}","templated":true}]}}