{"id":15734,"date":"2026-04-07T10:44:31","date_gmt":"2026-04-07T10:44:31","guid":{"rendered":"https:\/\/ihsproject.org\/?page_id=15734"},"modified":"2026-04-07T10:46:04","modified_gmt":"2026-04-07T10:46:04","slug":"april-07-2026","status":"publish","type":"page","link":"https:\/\/ihsproject.org\/sr\/april-07-2026\/","title":{"rendered":"07 April, 2026"},"content":{"rendered":"<div data-elementor-type=\"wp-page\" data-elementor-id=\"15734\" class=\"elementor elementor-15734\">\n\t\t\t\t<div class=\"elementor-element elementor-element-4d234f4 e-flex e-con-boxed e-con e-parent\" data-id=\"4d234f4\" data-element_type=\"container\" data-core-v316-plus=\"true\">\n\t\t\t\t\t<div class=\"e-con-inner\">\n\t\t\t\t<div class=\"elementor-element elementor-element-8acca1c elementor-widget elementor-widget-image\" data-id=\"8acca1c\" data-element_type=\"widget\" data-widget_type=\"image.default\">\n\t\t\t\t<div class=\"elementor-widget-container\">\n\t\t\t\t\t\t\t\t\t\t\t\t\t<img fetchpriority=\"high\" decoding=\"async\" width=\"1600\" height=\"900\" src=\"https:\/\/ihsproject.org\/wp-content\/uploads\/2026\/04\/Marking-World-Health-Day-2026.jpg\" class=\"attachment-full size-full wp-image-15732\" alt=\"\" srcset=\"https:\/\/ihsproject.org\/wp-content\/uploads\/2026\/04\/Marking-World-Health-Day-2026.jpg 1600w, https:\/\/ihsproject.org\/wp-content\/uploads\/2026\/04\/Marking-World-Health-Day-2026-300x169.jpg 300w, https:\/\/ihsproject.org\/wp-content\/uploads\/2026\/04\/Marking-World-Health-Day-2026-1024x576.jpg 1024w, https:\/\/ihsproject.org\/wp-content\/uploads\/2026\/04\/Marking-World-Health-Day-2026-768x432.jpg 768w, https:\/\/ihsproject.org\/wp-content\/uploads\/2026\/04\/Marking-World-Health-Day-2026-1536x864.jpg 1536w, https:\/\/ihsproject.org\/wp-content\/uploads\/2026\/04\/Marking-World-Health-Day-2026-18x10.jpg 18w\" sizes=\"(max-width: 1600px) 100vw, 1600px\" \/>\t\t\t\t\t\t\t\t\t\t\t\t\t<\/div>\n\t\t\t\t<\/div>\n\t\t\t\t\t<\/div>\n\t\t\t\t<\/div>\n\t\t<div class=\"elementor-element elementor-element-c3c43de e-flex e-con-boxed e-con e-parent\" data-id=\"c3c43de\" data-element_type=\"container\" data-core-v316-plus=\"true\">\n\t\t\t\t\t<div class=\"e-con-inner\">\n\t\t\t\t<div class=\"elementor-element elementor-element-c487787 elementor-widget elementor-widget-heading\" data-id=\"c487787\" data-element_type=\"widget\" data-widget_type=\"heading.default\">\n\t\t\t\t<div class=\"elementor-widget-container\">\n\t\t\t<h2 class=\"elementor-heading-title elementor-size-default\">Obele\u017eavanje Svetskog dana zdravlja 2026. godine<\/h2>\t\t<\/div>\n\t\t\t\t<\/div>\n\t\t\t\t<div class=\"elementor-element elementor-element-c294a97 elementor-widget elementor-widget-text-editor\" data-id=\"c294a97\" data-element_type=\"widget\" data-widget_type=\"text-editor.default\">\n\t\t\t\t<div class=\"elementor-widget-container\">\n\t\t\t\t\t\t\t<p style=\"font-weight: 400;\">Projekti Integrisanih zdravstvenih usluga (IHS) i Dostupne i kvalitetne zdravstvene za\u0161tite (AQH) obele\u017eavaju Svetski dan zdravlja 2026. godine posebnom kampanjom na dru\u0161tvenim mre\u017eama. Sadr\u017eaj dovodi u pitanje uobi\u010dajene zablude o dijabetesu, hipertenziji i kardiovaskularnim bolestima.<\/p><p style=\"font-weight: 400;\">Pokrenuta pod temom \u201e\u0160ta mislimo. \u0160ta nauka zna.\u201c, kampanja je uskla\u0111ena sa globalnom porukom \u201eZajedno za zdravlje. Stani uz nauku\u201c i fokusira se na promociju ta\u010dnih, nau\u010dno zasnovanih zdravstvenih informacija kroz narative sa kojima se ljudi mogu poistovetiti i pristupa\u010dne poruke kako bi se pojedinci podstakli da razmisle o svojim pretpostavkama, prepoznaju rane znake i rizike i potra\u017ee blagovremenu negu.<\/p><p style=\"font-weight: 400;\">Kampanja se deli na na\u0161im platformama dru\u0161tvenih mre\u017ea.<\/p>\t\t\t\t\t\t<\/div>\n\t\t\t\t<\/div>\n\t\t\t\t\t<\/div>\n\t\t\t\t<\/div>\n\t\t\t\t<\/div>","protected":false},"excerpt":{"rendered":"<p>Marking World Health Day 2026 The Integrated Health Services (IHS) and Accessible Quality Healthcare (AQH) projects mark World Health Day 2026 with a dedicated social media campaign. The content challenges common misconceptions about diabetes, hypertension, and cardiovascular diseases. Launched under the theme \u201cWhat We Think. What Science Knows.\u201d, the campaign aligns with the global message [&hellip;]<\/p>","protected":false},"author":1,"featured_media":0,"parent":0,"menu_order":0,"comment_status":"closed","ping_status":"closed","template":"","meta":[],"_links":{"self":[{"href":"https:\/\/ihsproject.org\/sr\/wp-json\/wp\/v2\/pages\/15734"}],"collection":[{"href":"https:\/\/ihsproject.org\/sr\/wp-json\/wp\/v2\/pages"}],"about":[{"href":"https:\/\/ihsproject.org\/sr\/wp-json\/wp\/v2\/types\/page"}],"author":[{"embeddable":true,"href":"https:\/\/ihsproject.org\/sr\/wp-json\/wp\/v2\/users\/1"}],"replies":[{"embeddable":true,"href":"https:\/\/ihsproject.org\/sr\/wp-json\/wp\/v2\/comments?post=15734"}],"version-history":[{"count":4,"href":"https:\/\/ihsproject.org\/sr\/wp-json\/wp\/v2\/pages\/15734\/revisions"}],"predecessor-version":[{"id":15739,"href":"https:\/\/ihsproject.org\/sr\/wp-json\/wp\/v2\/pages\/15734\/revisions\/15739"}],"wp:attachment":[{"href":"https:\/\/ihsproject.org\/sr\/wp-json\/wp\/v2\/media?parent=15734"}],"curies":[{"name":"wp","href":"https:\/\/api.w.org\/{rel}","templated":true}]}}