{"id":15713,"date":"2026-04-03T12:19:42","date_gmt":"2026-04-03T12:19:42","guid":{"rendered":"https:\/\/ihsproject.org\/?page_id=15713"},"modified":"2026-04-03T12:37:20","modified_gmt":"2026-04-03T12:37:20","slug":"april-03-2026-impact-story-02","status":"publish","type":"page","link":"https:\/\/ihsproject.org\/sr\/april-03-2026-impact-story-02\/","title":{"rendered":"03 April 2025 - Pri\u010de o uticaju"},"content":{"rendered":"<div data-elementor-type=\"wp-page\" data-elementor-id=\"15713\" class=\"elementor elementor-15713\">\n\t\t\t\t<div class=\"elementor-element elementor-element-128dbcb e-flex e-con-boxed e-con e-parent\" data-id=\"128dbcb\" data-element_type=\"container\" data-core-v316-plus=\"true\">\n\t\t\t\t\t<div class=\"e-con-inner\">\n\t\t\t\t<div class=\"elementor-element elementor-element-5166fd6 elementor-widget elementor-widget-heading\" data-id=\"5166fd6\" data-element_type=\"widget\" data-widget_type=\"heading.default\">\n\t\t\t\t<div class=\"elementor-widget-container\">\n\t\t\t<h2 class=\"elementor-heading-title elementor-size-default\">Uklju\u010divanje rodne perspektive u negu nezaraznih bolesti na Kosovu\n<\/h2>\t\t<\/div>\n\t\t\t\t<\/div>\n\t\t\t\t\t<\/div>\n\t\t\t\t<\/div>\n\t\t<div class=\"elementor-element elementor-element-abc402b e-flex e-con-boxed e-con e-parent\" data-id=\"abc402b\" data-element_type=\"container\" data-core-v316-plus=\"true\">\n\t\t\t\t\t<div class=\"e-con-inner\">\n\t\t\t\t<div class=\"elementor-element elementor-element-23c5c30 elementor-widget elementor-widget-image\" data-id=\"23c5c30\" data-element_type=\"widget\" data-widget_type=\"image.default\">\n\t\t\t\t<div class=\"elementor-widget-container\">\n\t\t\t\t\t\t\t\t\t\t\t\t\t<img fetchpriority=\"high\" decoding=\"async\" width=\"940\" height=\"788\" src=\"https:\/\/ihsproject.org\/wp-content\/uploads\/2026\/04\/2.png\" class=\"attachment-full size-full wp-image-15717\" alt=\"\" srcset=\"https:\/\/ihsproject.org\/wp-content\/uploads\/2026\/04\/2.png 940w, https:\/\/ihsproject.org\/wp-content\/uploads\/2026\/04\/2-300x251.png 300w, https:\/\/ihsproject.org\/wp-content\/uploads\/2026\/04\/2-768x644.png 768w, https:\/\/ihsproject.org\/wp-content\/uploads\/2026\/04\/2-14x12.png 14w\" sizes=\"(max-width: 940px) 100vw, 940px\" \/>\t\t\t\t\t\t\t\t\t\t\t\t\t<\/div>\n\t\t\t\t<\/div>\n\t\t\t\t\t<\/div>\n\t\t\t\t<\/div>\n\t\t<div class=\"elementor-element elementor-element-89964b5 e-flex e-con-boxed e-con e-parent\" data-id=\"89964b5\" data-element_type=\"container\" data-core-v316-plus=\"true\">\n\t\t\t\t\t<div class=\"e-con-inner\">\n\t\t\t\t<div class=\"elementor-element elementor-element-673fa2e elementor-widget elementor-widget-text-editor\" data-id=\"673fa2e\" data-element_type=\"widget\" data-widget_type=\"text-editor.default\">\n\t\t\t\t<div class=\"elementor-widget-container\">\n\t\t\t\t\t\t\t<p class=\"p1\">U mirnoj noc\u0301i, dugo nakon \u0161to je ostatak porodice zaspao, majka na Kosovu ostaje budna i oslu\u0161kuje. Oslu\u0161kuje suptilne znake da ne\u0161to mo\u017eda nije u redu sa nivoom \u0161ec\u0301era u krvi njene c\u0301erke. Proverava i \u010deka, a do jutra c\u0301e sve ponoviti.<\/p><p class=\"p1\">\u201ePostala sam pankreas svog deteta\u201c, ka\u017ee Flanca Ni\u010di, instruktorka joge, majka Lize, pacijentkinje sa dijabetesom tipa 1.<\/p><p class=\"p1\">Flancina pri\u010da nije utkana u vec\u0301inu zdravstvenih statistika u zemlji, ali ovog marta postala je deo \u0161ireg razgovora o rodu i nezaraznim bolestima (NZB).<\/p><p class=\"p1\">Kako bi obele\u017eili Me\u0111unarodni dan \u017eena 2026. godine, Projekat integrisanih zdravstvenih usluga (IHS) osmislio je kampanju pod nazivom \u201eNezarazne bolesti kroz rodnu perspektivu\u201c, koja je istra\u017eivala kako \u017eene i mu\u0161karci razli\u010dito \u017eive hroni\u010dne bolesti, ne samo biolo\u0161ki, vec\u0301 i dru\u0161tveno. Zdravlje nikada nije rodno neutralno, kao \u0161to kampanja jasno stavlja do znanja.<\/p>\t\t\t\t\t\t<\/div>\n\t\t\t\t<\/div>\n\t\t\t\t\t<\/div>\n\t\t\t\t<\/div>\n\t\t<div class=\"elementor-element elementor-element-058f7d3 e-flex e-con-boxed e-con e-parent\" data-id=\"058f7d3\" data-element_type=\"container\" data-core-v316-plus=\"true\">\n\t\t\t\t\t<div class=\"e-con-inner\">\n\t\t\t\t<div class=\"elementor-element elementor-element-d0db68c elementor-widget elementor-widget-image\" data-id=\"d0db68c\" data-element_type=\"widget\" data-widget_type=\"image.default\">\n\t\t\t\t<div class=\"elementor-widget-container\">\n\t\t\t\t\t\t\t\t\t\t\t\t\t<img decoding=\"async\" width=\"940\" height=\"788\" src=\"https:\/\/ihsproject.org\/wp-content\/uploads\/2026\/04\/donika.jpg\" class=\"attachment-full size-full wp-image-15719\" alt=\"\" srcset=\"https:\/\/ihsproject.org\/wp-content\/uploads\/2026\/04\/donika.jpg 940w, https:\/\/ihsproject.org\/wp-content\/uploads\/2026\/04\/donika-300x251.jpg 300w, https:\/\/ihsproject.org\/wp-content\/uploads\/2026\/04\/donika-768x644.jpg 768w, https:\/\/ihsproject.org\/wp-content\/uploads\/2026\/04\/donika-14x12.jpg 14w\" sizes=\"(max-width: 940px) 100vw, 940px\" \/>\t\t\t\t\t\t\t\t\t\t\t\t\t<\/div>\n\t\t\t\t<\/div>\n\t\t\t\t\t<\/div>\n\t\t\t\t<\/div>\n\t\t<div class=\"elementor-element elementor-element-e8c46e0 e-flex e-con-boxed e-con e-parent\" data-id=\"e8c46e0\" data-element_type=\"container\" data-core-v316-plus=\"true\">\n\t\t\t\t\t<div class=\"e-con-inner\">\n\t\t\t\t<div class=\"elementor-element elementor-element-388489e elementor-widget elementor-widget-text-editor\" data-id=\"388489e\" data-element_type=\"widget\" data-widget_type=\"text-editor.default\">\n\t\t\t\t<div class=\"elementor-widget-container\">\n\t\t\t\t\t\t\t<p class=\"p2\">Kampanja se odvijala na vi\u0161e platformi. Serija kratkih stru\u010dnih video snimaka \u201eRazgovori o zdravlju\u201c, ljudsko foto-pripovedanje i posebna epizoda ACT podkasta. Zajedno su naslikali sliku nezaraznih bolesti na Kosovu izvan klinika i u svakodnevni \u017eivot.<\/p><p class=\"p2\">Stru\u010dnjaci iz zdravstvenog sektora izneli su dokaze i istakli zna\u010daj dru\u0161tvenih uloga. \u201eRodno osetljivi sistemi po\u010dinju sa podacima\u201c, primetila je dr Besa Balidemaj Ljoluni iz Ministarstva zdravlja Kosova. To razumevanje je do\u0161lo do o\u0161trog fokusa kroz vizuelno pripovedanje kampanje.<\/p><p class=\"p2\">U epizodi \u201eNit brige\u201c, \u200b\u200bpri\u010da porodice Flanza se ne odvija kao medicinski slu\u010daj, vec\u0301 kao \u017eivot preoblikovan odgovorno\u0161c\u0301u. U epizodi \u201eNit snage\u201c, njena c\u0301erka, koja \u017eivi sa dijabetesom tipa 1, govori o drugoj vrsti balansiranja: upravljanju svojim stanjem dok poku\u0161ava da izgleda \u201enormalno\u201c u svetu koji ne ostavlja uvek prostora za ranjivost.<\/p><p class=\"p2\">Epizoda podkasta ACT kampanje pro\u0161irila je razgovor dalje: Za\u0161to \u017eene tako \u010desto stavljaju zdravlje svojih porodica ispred svog? Za\u0161to neki mu\u0161karci \u010dekaju dok ne bude prekasno da potra\u017ee negu? I kako zdravstveni sistemi mogu da odgovore na ove duboko ukorenjene obrasce?<\/p>\t\t\t\t\t\t<\/div>\n\t\t\t\t<\/div>\n\t\t\t\t\t<\/div>\n\t\t\t\t<\/div>\n\t\t<div class=\"elementor-element elementor-element-9dc63ee e-flex e-con-boxed e-con e-parent\" data-id=\"9dc63ee\" data-element_type=\"container\" data-core-v316-plus=\"true\">\n\t\t\t\t\t<div class=\"e-con-inner\">\n\t\t\t\t<div class=\"elementor-element elementor-element-fd21922 elementor-widget elementor-widget-image\" data-id=\"fd21922\" data-element_type=\"widget\" data-widget_type=\"image.default\">\n\t\t\t\t<div class=\"elementor-widget-container\">\n\t\t\t\t\t\t\t\t\t\t\t\t\t<img decoding=\"async\" width=\"940\" height=\"788\" src=\"https:\/\/ihsproject.org\/wp-content\/uploads\/2026\/04\/5.png\" class=\"attachment-full size-full wp-image-15718\" alt=\"\" srcset=\"https:\/\/ihsproject.org\/wp-content\/uploads\/2026\/04\/5.png 940w, https:\/\/ihsproject.org\/wp-content\/uploads\/2026\/04\/5-300x251.png 300w, https:\/\/ihsproject.org\/wp-content\/uploads\/2026\/04\/5-768x644.png 768w, https:\/\/ihsproject.org\/wp-content\/uploads\/2026\/04\/5-14x12.png 14w\" sizes=\"(max-width: 940px) 100vw, 940px\" \/>\t\t\t\t\t\t\t\t\t\t\t\t\t<\/div>\n\t\t\t\t<\/div>\n\t\t\t\t\t<\/div>\n\t\t\t\t<\/div>\n\t\t<div class=\"elementor-element elementor-element-693bf4d e-flex e-con-boxed e-con e-parent\" data-id=\"693bf4d\" data-element_type=\"container\" data-core-v316-plus=\"true\">\n\t\t\t\t\t<div class=\"e-con-inner\">\n\t\t\t\t<div class=\"elementor-element elementor-element-733d1f7 elementor-widget elementor-widget-text-editor\" data-id=\"733d1f7\" data-element_type=\"widget\" data-widget_type=\"text-editor.default\">\n\t\t\t\t<div class=\"elementor-widget-container\">\n\t\t\t\t\t\t\t<p class=\"p1\">Spajajuc\u0301i stru\u010dne uvide i \u017eivotno iskustvo, kampanja IHS je nastojala da pomeri okvir sa nezaraznih bolesti kao izolovanih stanja na deo svakodnevnog \u017eivota, oblikovan dru\u0161tvenim ulogama, o\u010dekivanjima i nevidljivim radom.<\/p><p class=\"p1\">Kampanja je tako suptilno ponovila da pobolj\u0161anje zdravstvenih ishoda nije samo stvar boljih tretmana ili vi\u0161e usluga, vec\u0301 i razumevanja konteksta u kojem ljudi \u017eive, brinu i donose odluke o svom zdravlju.<\/p><p class=\"p1\">Kako Kosovo nastavlja da ja\u010da svoj zdravstveni sistem i sve vi\u0161e se fokusira na nezarazne bolesti, taj uvid pokazuje da je rodna perspektiva klju\u010dna za njegovo funkcionisanje. Najjasnije razumevanje zdravstvenog sistema ne dolazi samo iz podataka, vec\u0301 i od ljudi koji ga odr\u017eavaju na okupu, iz noc\u0301i u noc\u0301.<\/p><p class=\"p1\"><b>Saznajte vi\u0161e o kampanji:<\/b><\/p><p class=\"p1\">Pro\u010ditajte pri\u010de o <a href=\"http:\/\/ihsproject.org\/wp-content\/uploads\/2026\/03\/Nit-brige-i-nege.pdf\"><span class=\"s1\">Fllanza<\/span><\/a> i <a href=\"http:\/\/ihsproject.org\/wp-content\/uploads\/2026\/03\/Nit-snage.pdf\"><span class=\"s1\">Lisa<\/span><\/a><\/p><p class=\"p1\">Pogledajte stru\u010dne uvide:<\/p><p class=\"p3\"><span class=\"s2\"><a href=\"https:\/\/www.youtube.com\/watch?v=4OA7PLVrTjw&amp;list=PLA-klFjsFBfbfqWPU-lHwVsc-di7MZIcm&amp;index=8\">Nacionalni institut za javno zdravlje Kosova<\/a><\/span><\/p><p class=\"p3\"><span class=\"s2\"><a href=\"https:\/\/www.youtube.com\/watch?v=XWS90ZBJknA&amp;list=PLA-klFjsFBfbfqWPU-lHwVsc-di7MZIcm&amp;index=3\">Ministarstvo zdravlja Kosova<\/a><\/span><\/p><p class=\"p3\"><span class=\"s2\"><a href=\"https:\/\/www.youtube.com\/watch?v=rl96s_6kBM8&amp;list=PLA-klFjsFBfbfqWPU-lHwVsc-di7MZIcm&amp;index=9\">Op\u0161ta bolnica u Pe\u0107i <\/a><\/span><\/p><p class=\"p3\"><span class=\"s3\">Pogledajte <a href=\"https:\/\/www.youtube.com\/watch?v=LnYBHkc-NH8&amp;list=PLA-klFjsFBfawYB2SQVdAkFd3VYWxUKlk&amp;index=4\"><span class=\"s1\">specijalnu epizodu podkasta povodom Me\u0111unarodnog dana \u017eena<\/span><\/a> <\/span><\/p>\t\t\t\t\t\t<\/div>\n\t\t\t\t<\/div>\n\t\t\t\t\t<\/div>\n\t\t\t\t<\/div>\n\t\t\t\t<\/div>","protected":false},"excerpt":{"rendered":"<p>Threading Gender Lens in NCD Care in Kosovo On a quiet night, long after the rest of the family has fallen asleep, a mother in Kosovo stays awake, listening. She listens for the subtle signs that something might be wrong with her daughter\u2019s blood sugar levels. She checks and waits and by morning, she will [&hellip;]<\/p>","protected":false},"author":1,"featured_media":0,"parent":0,"menu_order":0,"comment_status":"closed","ping_status":"closed","template":"","meta":[],"_links":{"self":[{"href":"https:\/\/ihsproject.org\/sr\/wp-json\/wp\/v2\/pages\/15713"}],"collection":[{"href":"https:\/\/ihsproject.org\/sr\/wp-json\/wp\/v2\/pages"}],"about":[{"href":"https:\/\/ihsproject.org\/sr\/wp-json\/wp\/v2\/types\/page"}],"author":[{"embeddable":true,"href":"https:\/\/ihsproject.org\/sr\/wp-json\/wp\/v2\/users\/1"}],"replies":[{"embeddable":true,"href":"https:\/\/ihsproject.org\/sr\/wp-json\/wp\/v2\/comments?post=15713"}],"version-history":[{"count":10,"href":"https:\/\/ihsproject.org\/sr\/wp-json\/wp\/v2\/pages\/15713\/revisions"}],"predecessor-version":[{"id":15731,"href":"https:\/\/ihsproject.org\/sr\/wp-json\/wp\/v2\/pages\/15713\/revisions\/15731"}],"wp:attachment":[{"href":"https:\/\/ihsproject.org\/sr\/wp-json\/wp\/v2\/media?parent=15713"}],"curies":[{"name":"wp","href":"https:\/\/api.w.org\/{rel}","templated":true}]}}