{"id":15697,"date":"2026-04-03T11:58:52","date_gmt":"2026-04-03T11:58:52","guid":{"rendered":"https:\/\/ihsproject.org\/?page_id=15697"},"modified":"2026-04-03T12:05:25","modified_gmt":"2026-04-03T12:05:25","slug":"april-03-2026-impact-story","status":"publish","type":"page","link":"https:\/\/ihsproject.org\/sr\/april-03-2026-impact-story\/","title":{"rendered":"03 April 2025 - Pri\u010de o uticaju"},"content":{"rendered":"<div data-elementor-type=\"wp-page\" data-elementor-id=\"15697\" class=\"elementor elementor-15697\">\n\t\t\t\t<div class=\"elementor-element elementor-element-0ae0494 e-flex e-con-boxed e-con e-parent\" data-id=\"0ae0494\" data-element_type=\"container\" data-core-v316-plus=\"true\">\n\t\t\t\t\t<div class=\"e-con-inner\">\n\t\t\t\t<div class=\"elementor-element elementor-element-337520f elementor-widget elementor-widget-heading\" data-id=\"337520f\" data-element_type=\"widget\" data-widget_type=\"heading.default\">\n\t\t\t\t<div class=\"elementor-widget-container\">\n\t\t\t<h2 class=\"elementor-heading-title elementor-size-default\">Od \u010dekaonice do prostora za u\u010denje\n<\/h2>\t\t<\/div>\n\t\t\t\t<\/div>\n\t\t\t\t<div class=\"elementor-element elementor-element-8f8ece1 elementor-widget elementor-widget-heading\" data-id=\"8f8ece1\" data-element_type=\"widget\" data-widget_type=\"heading.default\">\n\t\t\t\t<div class=\"elementor-widget-container\">\n\t\t\t<h2 class=\"elementor-heading-title elementor-size-default\">Novi pristup nezi nezaraznih bolesti na Kosovu\n<\/h2>\t\t<\/div>\n\t\t\t\t<\/div>\n\t\t\t\t\t<\/div>\n\t\t\t\t<\/div>\n\t\t<div class=\"elementor-element elementor-element-cf782ab e-flex e-con-boxed e-con e-parent\" data-id=\"cf782ab\" data-element_type=\"container\" data-core-v316-plus=\"true\">\n\t\t\t\t\t<div class=\"e-con-inner\">\n\t\t\t\t<div class=\"elementor-element elementor-element-e7ceb50 elementor-widget elementor-widget-image\" data-id=\"e7ceb50\" data-element_type=\"widget\" data-widget_type=\"image.default\">\n\t\t\t\t<div class=\"elementor-widget-container\">\n\t\t\t\t\t\t\t\t\t\t\t\t\t<img fetchpriority=\"high\" decoding=\"async\" width=\"2540\" height=\"1440\" src=\"https:\/\/ihsproject.org\/wp-content\/uploads\/2026\/04\/Gjakova_Health_Corner_Story_01.jpg\" class=\"attachment-full size-full wp-image-15700\" alt=\"\" srcset=\"https:\/\/ihsproject.org\/wp-content\/uploads\/2026\/04\/Gjakova_Health_Corner_Story_01.jpg 2540w, https:\/\/ihsproject.org\/wp-content\/uploads\/2026\/04\/Gjakova_Health_Corner_Story_01-300x170.jpg 300w, https:\/\/ihsproject.org\/wp-content\/uploads\/2026\/04\/Gjakova_Health_Corner_Story_01-1024x581.jpg 1024w, https:\/\/ihsproject.org\/wp-content\/uploads\/2026\/04\/Gjakova_Health_Corner_Story_01-768x435.jpg 768w, https:\/\/ihsproject.org\/wp-content\/uploads\/2026\/04\/Gjakova_Health_Corner_Story_01-1536x871.jpg 1536w, https:\/\/ihsproject.org\/wp-content\/uploads\/2026\/04\/Gjakova_Health_Corner_Story_01-2048x1161.jpg 2048w, https:\/\/ihsproject.org\/wp-content\/uploads\/2026\/04\/Gjakova_Health_Corner_Story_01-18x10.jpg 18w\" sizes=\"(max-width: 2540px) 100vw, 2540px\" \/>\t\t\t\t\t\t\t\t\t\t\t\t\t<\/div>\n\t\t\t\t<\/div>\n\t\t\t\t\t<\/div>\n\t\t\t\t<\/div>\n\t\t<div class=\"elementor-element elementor-element-5038eec e-flex e-con-boxed e-con e-parent\" data-id=\"5038eec\" data-element_type=\"container\" data-core-v316-plus=\"true\">\n\t\t\t\t\t<div class=\"e-con-inner\">\n\t\t\t\t<div class=\"elementor-element elementor-element-4567918 elementor-widget elementor-widget-text-editor\" data-id=\"4567918\" data-element_type=\"widget\" data-widget_type=\"text-editor.default\">\n\t\t\t\t<div class=\"elementor-widget-container\">\n\t\t\t\t\t\t\t<p class=\"p1\">Jednog februarskog popodneva, stru\u010dnjaci iz zajednice i zdravstveni radnici sastali su se u prijemnom prostoru Op\u0161te bolnice u \u0110akovici na Kosovu, iz neobi\u010dne svrhe. Prostor, nekada definisan kao \u010dekaonica, transformisan je u prostor za u\u010denje, razgovor i podr\u0161ku.<\/p><p class=\"p1\">S druge strane sobe, ljudi koji \u017eive sa dijabetesom i hipertenzijom i njihovi negovatelji kretali su se izme\u0111u malih, interaktivnih uglova. U jednom takvom uglu mogli su da provere krvni pritisak i nivo glukoze i razgovaraju sa bolni\u010dkim lekarom \u0161ta ti brojevi zna\u010de za njihov svakodnevni \u017eivot. U drugom, razgovori su se odvijali o ishrani, malim, ali realnim promenama na\u010dina \u017eivota. Drugi uglovi su se fokusirali na izazov ostajanja na le\u010denju tokom vremena i suo\u010davanja sa psiholo\u0161kim teretom hroni\u010dnog stanja. \u010clanovi porodice su se pridru\u017eili razgovoru.<\/p>\t\t\t\t\t\t<\/div>\n\t\t\t\t<\/div>\n\t\t\t\t\t<\/div>\n\t\t\t\t<\/div>\n\t\t<div class=\"elementor-element elementor-element-339c851 e-flex e-con-boxed e-con e-parent\" data-id=\"339c851\" data-element_type=\"container\" data-core-v316-plus=\"true\">\n\t\t\t\t\t<div class=\"e-con-inner\">\n\t\t\t\t<div class=\"elementor-element elementor-element-819b3ca elementor-widget elementor-widget-image\" data-id=\"819b3ca\" data-element_type=\"widget\" data-widget_type=\"image.default\">\n\t\t\t\t<div class=\"elementor-widget-container\">\n\t\t\t\t\t\t\t\t\t\t\t\t\t<img decoding=\"async\" width=\"2540\" height=\"1440\" src=\"https:\/\/ihsproject.org\/wp-content\/uploads\/2026\/04\/Gjakova_Health_Corner_Story_02.jpg\" class=\"attachment-full size-full wp-image-15701\" alt=\"\" srcset=\"https:\/\/ihsproject.org\/wp-content\/uploads\/2026\/04\/Gjakova_Health_Corner_Story_02.jpg 2540w, https:\/\/ihsproject.org\/wp-content\/uploads\/2026\/04\/Gjakova_Health_Corner_Story_02-300x170.jpg 300w, https:\/\/ihsproject.org\/wp-content\/uploads\/2026\/04\/Gjakova_Health_Corner_Story_02-1024x581.jpg 1024w, https:\/\/ihsproject.org\/wp-content\/uploads\/2026\/04\/Gjakova_Health_Corner_Story_02-768x435.jpg 768w, https:\/\/ihsproject.org\/wp-content\/uploads\/2026\/04\/Gjakova_Health_Corner_Story_02-1536x871.jpg 1536w, https:\/\/ihsproject.org\/wp-content\/uploads\/2026\/04\/Gjakova_Health_Corner_Story_02-2048x1161.jpg 2048w, https:\/\/ihsproject.org\/wp-content\/uploads\/2026\/04\/Gjakova_Health_Corner_Story_02-18x10.jpg 18w\" sizes=\"(max-width: 2540px) 100vw, 2540px\" \/>\t\t\t\t\t\t\t\t\t\t\t\t\t<\/div>\n\t\t\t\t<\/div>\n\t\t\t\t\t<\/div>\n\t\t\t\t<\/div>\n\t\t<div class=\"elementor-element elementor-element-ee4d44b e-flex e-con-boxed e-con e-parent\" data-id=\"ee4d44b\" data-element_type=\"container\" data-core-v316-plus=\"true\">\n\t\t\t\t\t<div class=\"e-con-inner\">\n\t\t\t\t<div class=\"elementor-element elementor-element-4584a91 elementor-widget elementor-widget-text-editor\" data-id=\"4584a91\" data-element_type=\"widget\" data-widget_type=\"text-editor.default\">\n\t\t\t\t<div class=\"elementor-widget-container\">\n\t\t\t\t\t\t\t<p class=\"p1\">Ideja nazvana \u201eZdravstvena stanica\u201c je jednostavna: uneti prakti\u010dno zdravstveno obrazovanje u prostor koji pacijenti vec\u0301 koriste i u\u010diniti ga pristupa\u010dnim i ljudskim.<\/p><p class=\"p1\">\u201eTradicionalno, prijemni prostori bolnice su prostori za \u010dekanje\u201c, rekao je Hilmi \u0160alja, izvr\u0161ni direktor bolnice. \u201ePonosni smo \u0161to ovaj prostor transformi\u0161emo u mesto vo\u0111enja, u\u010denja i podr\u0161ke.\u201c<\/p><p class=\"p1\">Ovaj novi pristup isti\u010de da se stanja poput dijabetesa i hipertenzije ne upravljaju samo tokom klini\u010dkih poseta, vec\u0301 su svakodnevna stvarnost oblikovana navikama, odlukama i razumevanjem. Zdravstvena stanica odgovara na ovu stvarnost poma\u017euc\u0301i pacijentima da preuzmu aktivniju ulogu u svojoj nezi.<\/p>\t\t\t\t\t\t<\/div>\n\t\t\t\t<\/div>\n\t\t\t\t\t<\/div>\n\t\t\t\t<\/div>\n\t\t<div class=\"elementor-element elementor-element-1648fd1 e-flex e-con-boxed e-con e-parent\" data-id=\"1648fd1\" data-element_type=\"container\" data-core-v316-plus=\"true\">\n\t\t\t\t\t<div class=\"e-con-inner\">\n\t\t\t\t<div class=\"elementor-element elementor-element-5b58196 elementor-widget elementor-widget-image\" data-id=\"5b58196\" data-element_type=\"widget\" data-widget_type=\"image.default\">\n\t\t\t\t<div class=\"elementor-widget-container\">\n\t\t\t\t\t\t\t\t\t\t\t\t\t<img decoding=\"async\" width=\"2540\" height=\"1440\" src=\"https:\/\/ihsproject.org\/wp-content\/uploads\/2026\/04\/Gjakova_Health_Corner_Story_03.jpg\" class=\"attachment-full size-full wp-image-15703\" alt=\"\" srcset=\"https:\/\/ihsproject.org\/wp-content\/uploads\/2026\/04\/Gjakova_Health_Corner_Story_03.jpg 2540w, https:\/\/ihsproject.org\/wp-content\/uploads\/2026\/04\/Gjakova_Health_Corner_Story_03-300x170.jpg 300w, https:\/\/ihsproject.org\/wp-content\/uploads\/2026\/04\/Gjakova_Health_Corner_Story_03-1024x581.jpg 1024w, https:\/\/ihsproject.org\/wp-content\/uploads\/2026\/04\/Gjakova_Health_Corner_Story_03-768x435.jpg 768w, https:\/\/ihsproject.org\/wp-content\/uploads\/2026\/04\/Gjakova_Health_Corner_Story_03-1536x871.jpg 1536w, https:\/\/ihsproject.org\/wp-content\/uploads\/2026\/04\/Gjakova_Health_Corner_Story_03-2048x1161.jpg 2048w, https:\/\/ihsproject.org\/wp-content\/uploads\/2026\/04\/Gjakova_Health_Corner_Story_03-18x10.jpg 18w\" sizes=\"(max-width: 2540px) 100vw, 2540px\" \/>\t\t\t\t\t\t\t\t\t\t\t\t\t<\/div>\n\t\t\t\t<\/div>\n\t\t\t\t\t<\/div>\n\t\t\t\t<\/div>\n\t\t<div class=\"elementor-element elementor-element-2440769 e-flex e-con-boxed e-con e-parent\" data-id=\"2440769\" data-element_type=\"container\" data-core-v316-plus=\"true\">\n\t\t\t\t\t<div class=\"e-con-inner\">\n\t\t\t\t<div class=\"elementor-element elementor-element-fbc344d elementor-widget elementor-widget-text-editor\" data-id=\"fbc344d\" data-element_type=\"widget\" data-widget_type=\"text-editor.default\">\n\t\t\t\t<div class=\"elementor-widget-container\">\n\t\t\t\t\t\t\t<p class=\"p1\">\u201cStacioni i sh\u00ebndetit\u201d pasqyron edhe parimet m\u00eb t\u00eb gjera t\u00eb qasjes s\u00eb Spitaleve Promovuese t\u00eb Sh\u00ebndetit (SPSh), e cila i rikoncepton spitalet jo vet\u00ebm si vende p\u00ebr trajtim, por edhe si mjedise q\u00eb promovojn\u00eb n\u00eb m\u00ebnyr\u00eb aktive sh\u00ebndetin dhe mir\u00ebqenien. Duke integruar edukimin, parandalimin dhe fuqizimin e pacient\u00ebve n\u00eb kujdesin e p\u00ebrditsh\u00ebm, kjo qasje ndihmon q\u00eb vizitat rutin\u00eb t\u00eb shnd\u00ebrrohen n\u00eb mund\u00ebsi p\u00ebr t\u00eb m\u00ebsuar. Kjo e zgjeron rolin e spitalit p\u00ebrtej kufijve t\u00eb tij tradicional\u00eb. Spitali i P\u00ebrgjithsh\u00ebm i Gjakov\u00ebs \u00ebsht\u00eb an\u00ebtar i Rrjetit Nd\u00ebrkomb\u00ebtar t\u00eb Spitaleve Promovuese t\u00eb Sh\u00ebndetit q\u00eb nga marsi i vitit 2024.\u00a0<\/p><p class=\"p1\">Uz podr\u0161ku \u0161vajcarske vlade kroz projekat Integrisanih zdravstvenih usluga, inicijativa tako\u0111e isti\u010de vrednost odr\u017eivih ulaganja u negu usmerenu na pacijenta. Kako je Merita Stavileci Mustafa iz \u0161vajcarske ambasade primetila, prostori poput ovog su \u201eveoma prakti\u010dan izraz\u201c nege koja je kontinuirana, povezana i utemeljena u svakodnevnom \u017eivotu ljudi.<\/p>\t\t\t\t\t\t<\/div>\n\t\t\t\t<\/div>\n\t\t\t\t\t<\/div>\n\t\t\t\t<\/div>\n\t\t<div class=\"elementor-element elementor-element-ff891be e-flex e-con-boxed e-con e-parent\" data-id=\"ff891be\" data-element_type=\"container\" data-core-v316-plus=\"true\">\n\t\t\t\t\t<div class=\"e-con-inner\">\n\t\t\t\t<div class=\"elementor-element elementor-element-eefd900 elementor-widget elementor-widget-image\" data-id=\"eefd900\" data-element_type=\"widget\" data-widget_type=\"image.default\">\n\t\t\t\t<div class=\"elementor-widget-container\">\n\t\t\t\t\t\t\t\t\t\t\t\t\t<img loading=\"lazy\" decoding=\"async\" width=\"2540\" height=\"1440\" src=\"https:\/\/ihsproject.org\/wp-content\/uploads\/2026\/04\/Gjakova_Health_Corner_Story_04.jpg\" class=\"attachment-full size-full wp-image-15702\" alt=\"\" srcset=\"https:\/\/ihsproject.org\/wp-content\/uploads\/2026\/04\/Gjakova_Health_Corner_Story_04.jpg 2540w, https:\/\/ihsproject.org\/wp-content\/uploads\/2026\/04\/Gjakova_Health_Corner_Story_04-300x170.jpg 300w, https:\/\/ihsproject.org\/wp-content\/uploads\/2026\/04\/Gjakova_Health_Corner_Story_04-1024x581.jpg 1024w, https:\/\/ihsproject.org\/wp-content\/uploads\/2026\/04\/Gjakova_Health_Corner_Story_04-768x435.jpg 768w, https:\/\/ihsproject.org\/wp-content\/uploads\/2026\/04\/Gjakova_Health_Corner_Story_04-1536x871.jpg 1536w, https:\/\/ihsproject.org\/wp-content\/uploads\/2026\/04\/Gjakova_Health_Corner_Story_04-2048x1161.jpg 2048w, https:\/\/ihsproject.org\/wp-content\/uploads\/2026\/04\/Gjakova_Health_Corner_Story_04-18x10.jpg 18w\" sizes=\"(max-width: 2540px) 100vw, 2540px\" \/>\t\t\t\t\t\t\t\t\t\t\t\t\t<\/div>\n\t\t\t\t<\/div>\n\t\t\t\t\t<\/div>\n\t\t\t\t<\/div>\n\t\t<div class=\"elementor-element elementor-element-93ecaf1 e-flex e-con-boxed e-con e-parent\" data-id=\"93ecaf1\" data-element_type=\"container\" data-core-v316-plus=\"true\">\n\t\t\t\t\t<div class=\"e-con-inner\">\n\t\t\t\t<div class=\"elementor-element elementor-element-dffd99f elementor-widget elementor-widget-text-editor\" data-id=\"dffd99f\" data-element_type=\"widget\" data-widget_type=\"text-editor.default\">\n\t\t\t\t<div class=\"elementor-widget-container\">\n\t\t\t\t\t\t\t<p class=\"p1\">U svojoj sr\u017ei, zdravstvena stanica se fokusira na opremanje pacijenata informacijama kako bi bolje upravljali svojim stanjima. To je mesto za pauzu, u\u010denje i negu. Model je osmi\u0161ljen tako da se lako mo\u017ee replicirati u drugim bolnicama \u0161irom Kosova, doprinosec\u0301i ja\u010dem i zdravstvenom sistemu vi\u0161e usmerenom na ljude.<\/p>\t\t\t\t\t\t<\/div>\n\t\t\t\t<\/div>\n\t\t\t\t\t<\/div>\n\t\t\t\t<\/div>\n\t\t<div class=\"elementor-element elementor-element-94b913a e-flex e-con-boxed e-con e-parent\" data-id=\"94b913a\" data-element_type=\"container\" data-core-v316-plus=\"true\">\n\t\t\t\t\t<div class=\"e-con-inner\">\n\t\t\t\t<div class=\"elementor-element elementor-element-6c712d5 elementor-widget elementor-widget-image\" data-id=\"6c712d5\" data-element_type=\"widget\" data-widget_type=\"image.default\">\n\t\t\t\t<div class=\"elementor-widget-container\">\n\t\t\t\t\t\t\t\t\t\t\t\t\t<img loading=\"lazy\" decoding=\"async\" width=\"2540\" height=\"1440\" src=\"https:\/\/ihsproject.org\/wp-content\/uploads\/2026\/04\/Gjakova_Health_Corner_Story_05.jpg\" class=\"attachment-full size-full wp-image-15704\" alt=\"\" srcset=\"https:\/\/ihsproject.org\/wp-content\/uploads\/2026\/04\/Gjakova_Health_Corner_Story_05.jpg 2540w, https:\/\/ihsproject.org\/wp-content\/uploads\/2026\/04\/Gjakova_Health_Corner_Story_05-300x170.jpg 300w, https:\/\/ihsproject.org\/wp-content\/uploads\/2026\/04\/Gjakova_Health_Corner_Story_05-1024x581.jpg 1024w, https:\/\/ihsproject.org\/wp-content\/uploads\/2026\/04\/Gjakova_Health_Corner_Story_05-768x435.jpg 768w, https:\/\/ihsproject.org\/wp-content\/uploads\/2026\/04\/Gjakova_Health_Corner_Story_05-1536x871.jpg 1536w, https:\/\/ihsproject.org\/wp-content\/uploads\/2026\/04\/Gjakova_Health_Corner_Story_05-2048x1161.jpg 2048w, https:\/\/ihsproject.org\/wp-content\/uploads\/2026\/04\/Gjakova_Health_Corner_Story_05-18x10.jpg 18w\" sizes=\"(max-width: 2540px) 100vw, 2540px\" \/>\t\t\t\t\t\t\t\t\t\t\t\t\t<\/div>\n\t\t\t\t<\/div>\n\t\t\t\t\t<\/div>\n\t\t\t\t<\/div>\n\t\t\t\t<\/div>","protected":false},"excerpt":{"rendered":"<p>From Waiting Room to Learning Space A New Approach to NCD Care in Kosovo One February afternoon, community and health professionals met in the reception area at the General Hospital of Gjakova in Kosovo, for an unusual purpose. The area, once defined by waiting, was being transformed into a space of learning, conversation, and support. [&hellip;]<\/p>","protected":false},"author":1,"featured_media":0,"parent":0,"menu_order":0,"comment_status":"closed","ping_status":"closed","template":"","meta":[],"_links":{"self":[{"href":"https:\/\/ihsproject.org\/sr\/wp-json\/wp\/v2\/pages\/15697"}],"collection":[{"href":"https:\/\/ihsproject.org\/sr\/wp-json\/wp\/v2\/pages"}],"about":[{"href":"https:\/\/ihsproject.org\/sr\/wp-json\/wp\/v2\/types\/page"}],"author":[{"embeddable":true,"href":"https:\/\/ihsproject.org\/sr\/wp-json\/wp\/v2\/users\/1"}],"replies":[{"embeddable":true,"href":"https:\/\/ihsproject.org\/sr\/wp-json\/wp\/v2\/comments?post=15697"}],"version-history":[{"count":4,"href":"https:\/\/ihsproject.org\/sr\/wp-json\/wp\/v2\/pages\/15697\/revisions"}],"predecessor-version":[{"id":15707,"href":"https:\/\/ihsproject.org\/sr\/wp-json\/wp\/v2\/pages\/15697\/revisions\/15707"}],"wp:attachment":[{"href":"https:\/\/ihsproject.org\/sr\/wp-json\/wp\/v2\/media?parent=15697"}],"curies":[{"name":"wp","href":"https:\/\/api.w.org\/{rel}","templated":true}]}}