{"id":15672,"date":"2026-03-30T14:57:42","date_gmt":"2026-03-30T14:57:42","guid":{"rendered":"https:\/\/ihsproject.org\/?page_id=15672"},"modified":"2026-03-30T14:59:51","modified_gmt":"2026-03-30T14:59:51","slug":"30-march-2026","status":"publish","type":"page","link":"https:\/\/ihsproject.org\/sr\/30-march-2026\/","title":{"rendered":"30 Mart 2026"},"content":{"rendered":"<div data-elementor-type=\"wp-page\" data-elementor-id=\"15672\" class=\"elementor elementor-15672\">\n\t\t\t\t<div class=\"elementor-element elementor-element-38446a9 e-flex e-con-boxed e-con e-parent\" data-id=\"38446a9\" data-element_type=\"container\" data-core-v316-plus=\"true\">\n\t\t\t\t\t<div class=\"e-con-inner\">\n\t\t\t\t<div class=\"elementor-element elementor-element-7e93f82 elementor-widget elementor-widget-image\" data-id=\"7e93f82\" data-element_type=\"widget\" data-widget_type=\"image.default\">\n\t\t\t\t<div class=\"elementor-widget-container\">\n\t\t\t\t\t\t\t\t\t\t\t\t\t<img fetchpriority=\"high\" decoding=\"async\" width=\"1600\" height=\"900\" src=\"https:\/\/ihsproject.org\/wp-content\/uploads\/2026\/03\/Initiative-to-Improve-NCD-Reporting-Brings-Together-Journalists-and-Health-Experts.jpg\" class=\"attachment-full size-full wp-image-15671\" alt=\"\" srcset=\"https:\/\/ihsproject.org\/wp-content\/uploads\/2026\/03\/Initiative-to-Improve-NCD-Reporting-Brings-Together-Journalists-and-Health-Experts.jpg 1600w, https:\/\/ihsproject.org\/wp-content\/uploads\/2026\/03\/Initiative-to-Improve-NCD-Reporting-Brings-Together-Journalists-and-Health-Experts-300x169.jpg 300w, https:\/\/ihsproject.org\/wp-content\/uploads\/2026\/03\/Initiative-to-Improve-NCD-Reporting-Brings-Together-Journalists-and-Health-Experts-1024x576.jpg 1024w, https:\/\/ihsproject.org\/wp-content\/uploads\/2026\/03\/Initiative-to-Improve-NCD-Reporting-Brings-Together-Journalists-and-Health-Experts-768x432.jpg 768w, https:\/\/ihsproject.org\/wp-content\/uploads\/2026\/03\/Initiative-to-Improve-NCD-Reporting-Brings-Together-Journalists-and-Health-Experts-1536x864.jpg 1536w, https:\/\/ihsproject.org\/wp-content\/uploads\/2026\/03\/Initiative-to-Improve-NCD-Reporting-Brings-Together-Journalists-and-Health-Experts-18x10.jpg 18w\" sizes=\"(max-width: 1600px) 100vw, 1600px\" \/>\t\t\t\t\t\t\t\t\t\t\t\t\t<\/div>\n\t\t\t\t<\/div>\n\t\t\t\t\t<\/div>\n\t\t\t\t<\/div>\n\t\t<div class=\"elementor-element elementor-element-27bbba2 e-flex e-con-boxed e-con e-parent\" data-id=\"27bbba2\" data-element_type=\"container\" data-core-v316-plus=\"true\">\n\t\t\t\t\t<div class=\"e-con-inner\">\n\t\t\t\t<div class=\"elementor-element elementor-element-86749a2 elementor-widget elementor-widget-heading\" data-id=\"86749a2\" data-element_type=\"widget\" data-widget_type=\"heading.default\">\n\t\t\t\t<div class=\"elementor-widget-container\">\n\t\t\t<h2 class=\"elementor-heading-title elementor-size-default\">Inicijativa za pobolj\u0161anje izve\u0161tavanja o NZB-ima okuplja novinare i zdravstvene stru\u010dnjake<\/h2>\t\t<\/div>\n\t\t\t\t<\/div>\n\t\t\t\t<div class=\"elementor-element elementor-element-1880767 elementor-widget elementor-widget-text-editor\" data-id=\"1880767\" data-element_type=\"widget\" data-widget_type=\"text-editor.default\">\n\t\t\t\t<div class=\"elementor-widget-container\">\n\t\t\t\t\t\t\t<p style=\"font-weight: 400;\">Dana 30. marta 2026. godine, novinari i stru\u010dnjaci za javno zdravlje sastali su se povodom pokretanja inicijative \u201cPreko naslova: novinarstvo, nezarazne bolesti i pri\u010de koje su va\u017ene\u201d. Ova saradnja je izme\u0111u Udru\u017eenja novinara Kosova (UNK) i Integrisanih zdravstvenih usluga (IHS).<\/p><p style=\"font-weight: 400;\">Prvi sastanak izme\u0111u novinara i stru\u010dnjaka istakao je potrebu za jasnijim i detaljnijim izve\u0161tavanjem o nezaraznim bolestima (NZB-ima) na Kosovu. Govornici iz Ministarstva zdravlja, IHS-a i UNK-a naglasili su va\u017enost ja\u010de saradnje izme\u0111u medija i zdravstvenih stru\u010dnjaka kako bi slo\u017eene zdravstvene informacije bile dostupnije javnosti.<\/p><p style=\"font-weight: 400;\">U\u010desnici su razgovarali o prioritetnim temama i zvani\u010dno formirali timove novinara-stru\u010dnjaka koji c\u0301e zajedno stvoriti pri\u010de, intervjue i drugi sadr\u017eaj tokom projekta. Inicijativa ima za cilj ja\u010danje zdravstvenog novinarstva, pobolj\u0161anje javnog razumevanja NZB-a i promociju ta\u010dnijeg izve\u0161tavanja usredsre\u0111enog na ljude.<\/p>\t\t\t\t\t\t<\/div>\n\t\t\t\t<\/div>\n\t\t\t\t\t<\/div>\n\t\t\t\t<\/div>\n\t\t\t\t<\/div>","protected":false},"excerpt":{"rendered":"<p>Initiative to Improve NCD Reporting Brings Together Journalists and Health Experts On 30 March 2026, journalists and public health experts met for the launch of the initiative \u201cBeyond Headlines: Journalism, Non-Communicable Diseases, and the Stories That Matter\u201d. This collaboration between the Association of Journalists of Kosovo (AGK) and the Integrated Health Services (IHS). The first [&hellip;]<\/p>","protected":false},"author":1,"featured_media":0,"parent":0,"menu_order":0,"comment_status":"closed","ping_status":"closed","template":"","meta":[],"_links":{"self":[{"href":"https:\/\/ihsproject.org\/sr\/wp-json\/wp\/v2\/pages\/15672"}],"collection":[{"href":"https:\/\/ihsproject.org\/sr\/wp-json\/wp\/v2\/pages"}],"about":[{"href":"https:\/\/ihsproject.org\/sr\/wp-json\/wp\/v2\/types\/page"}],"author":[{"embeddable":true,"href":"https:\/\/ihsproject.org\/sr\/wp-json\/wp\/v2\/users\/1"}],"replies":[{"embeddable":true,"href":"https:\/\/ihsproject.org\/sr\/wp-json\/wp\/v2\/comments?post=15672"}],"version-history":[{"count":4,"href":"https:\/\/ihsproject.org\/sr\/wp-json\/wp\/v2\/pages\/15672\/revisions"}],"predecessor-version":[{"id":15677,"href":"https:\/\/ihsproject.org\/sr\/wp-json\/wp\/v2\/pages\/15672\/revisions\/15677"}],"wp:attachment":[{"href":"https:\/\/ihsproject.org\/sr\/wp-json\/wp\/v2\/media?parent=15672"}],"curies":[{"name":"wp","href":"https:\/\/api.w.org\/{rel}","templated":true}]}}