{"id":15637,"date":"2026-03-19T12:52:25","date_gmt":"2026-03-19T12:52:25","guid":{"rendered":"https:\/\/ihsproject.org\/?page_id=15637"},"modified":"2026-03-19T12:53:47","modified_gmt":"2026-03-19T12:53:47","slug":"march-18-2026","status":"publish","type":"page","link":"https:\/\/ihsproject.org\/sr\/march-18-2026\/","title":{"rendered":"18 Mart 2026"},"content":{"rendered":"<div data-elementor-type=\"wp-page\" data-elementor-id=\"15637\" class=\"elementor elementor-15637\">\n\t\t\t\t<div class=\"elementor-element elementor-element-0d4060e e-flex e-con-boxed e-con e-parent\" data-id=\"0d4060e\" data-element_type=\"container\" data-core-v316-plus=\"true\">\n\t\t\t\t\t<div class=\"e-con-inner\">\n\t\t\t\t<div class=\"elementor-element elementor-element-399e651 elementor-widget elementor-widget-image\" data-id=\"399e651\" data-element_type=\"widget\" data-widget_type=\"image.default\">\n\t\t\t\t<div class=\"elementor-widget-container\">\n\t\t\t\t\t\t\t\t\t\t\t\t\t<img fetchpriority=\"high\" decoding=\"async\" width=\"1600\" height=\"900\" src=\"https:\/\/ihsproject.org\/wp-content\/uploads\/2026\/03\/Triage-System-Training-to-Improve-Patient-Care-at-the-General-Hospital-of-Peja.jpg\" class=\"attachment-full size-full wp-image-15636\" alt=\"\" srcset=\"https:\/\/ihsproject.org\/wp-content\/uploads\/2026\/03\/Triage-System-Training-to-Improve-Patient-Care-at-the-General-Hospital-of-Peja.jpg 1600w, https:\/\/ihsproject.org\/wp-content\/uploads\/2026\/03\/Triage-System-Training-to-Improve-Patient-Care-at-the-General-Hospital-of-Peja-300x169.jpg 300w, https:\/\/ihsproject.org\/wp-content\/uploads\/2026\/03\/Triage-System-Training-to-Improve-Patient-Care-at-the-General-Hospital-of-Peja-1024x576.jpg 1024w, https:\/\/ihsproject.org\/wp-content\/uploads\/2026\/03\/Triage-System-Training-to-Improve-Patient-Care-at-the-General-Hospital-of-Peja-768x432.jpg 768w, https:\/\/ihsproject.org\/wp-content\/uploads\/2026\/03\/Triage-System-Training-to-Improve-Patient-Care-at-the-General-Hospital-of-Peja-1536x864.jpg 1536w, https:\/\/ihsproject.org\/wp-content\/uploads\/2026\/03\/Triage-System-Training-to-Improve-Patient-Care-at-the-General-Hospital-of-Peja-18x10.jpg 18w\" sizes=\"(max-width: 1600px) 100vw, 1600px\" \/>\t\t\t\t\t\t\t\t\t\t\t\t\t<\/div>\n\t\t\t\t<\/div>\n\t\t\t\t\t<\/div>\n\t\t\t\t<\/div>\n\t\t<div class=\"elementor-element elementor-element-ffe29ae e-flex e-con-boxed e-con e-parent\" data-id=\"ffe29ae\" data-element_type=\"container\" data-core-v316-plus=\"true\">\n\t\t\t\t\t<div class=\"e-con-inner\">\n\t\t\t\t<div class=\"elementor-element elementor-element-7254f3a elementor-widget elementor-widget-heading\" data-id=\"7254f3a\" data-element_type=\"widget\" data-widget_type=\"heading.default\">\n\t\t\t\t<div class=\"elementor-widget-container\">\n\t\t\t<h2 class=\"elementor-heading-title elementor-size-default\">Obuka za sistem trija\u017ee radi pobolj\u0161anja nege pacijenata u Op\u0161toj bolnici u Pe\u0107i<\/h2>\t\t<\/div>\n\t\t\t\t<\/div>\n\t\t\t\t<div class=\"elementor-element elementor-element-262c907 elementor-widget elementor-widget-text-editor\" data-id=\"262c907\" data-element_type=\"widget\" data-widget_type=\"text-editor.default\">\n\t\t\t\t<div class=\"elementor-widget-container\">\n\t\t\t\t\t\t\t<p style=\"font-weight: 400;\">Dana 17. i 18. marta 2026. godine, Projekat integrisanih zdravstvenih usluga (IHS) podr\u017eao je dvodnevnu obuku o sistemu trija\u017ee u Op\u0161toj bolnici u Pe\u0107i, u kojoj su u\u010destvovali lekari i medicinske sestre iz razli\u010ditih odeljenja radi ja\u010danja kapaciteta prvog reagovanja u nezi pacijenata.<\/p><p style=\"font-weight: 400;\">Obuka je bila usmerena na unapre\u0111enje znanja zdravstvenih radnika o trija\u017ei kao strukturiranom klini\u010dkom procesu, koji omogu\u0107ava pobolj\u0161ani protok pacijenata po prijemu u bolnicu, minimiziraju\u0107i ka\u0161njenja u nezi hroni\u010dnih pacijenata koji pate od nezaraznih bolesti. Obuka je kombinovala teorijski unos sa interaktivnim diskusijama.<\/p><p style=\"font-weight: 400;\">Inicijativa \u0107e se nastaviti prakti\u010dnim sesijama obuke zakazanim za naredne nedelje, omogu\u0107avaju\u0107i u\u010desnicima da primene i u\u010dvrste ste\u010dene ve\u0161tine u stvarnim klini\u010dkim uslovima.<\/p>\t\t\t\t\t\t<\/div>\n\t\t\t\t<\/div>\n\t\t\t\t\t<\/div>\n\t\t\t\t<\/div>\n\t\t\t\t<\/div>","protected":false},"excerpt":{"rendered":"<p>Triage System Training to Improve Patient Care at the General Hospital of Peja On 17\u201318 March 2026, the Integrated Health Services (IHS) Project supported a two-day training on the triage system at the General Hospital of Peja, involving doctors and nurses from different departments to strengthen first response capacities in patient care. The training focused [&hellip;]<\/p>","protected":false},"author":1,"featured_media":0,"parent":0,"menu_order":0,"comment_status":"closed","ping_status":"closed","template":"","meta":[],"_links":{"self":[{"href":"https:\/\/ihsproject.org\/sr\/wp-json\/wp\/v2\/pages\/15637"}],"collection":[{"href":"https:\/\/ihsproject.org\/sr\/wp-json\/wp\/v2\/pages"}],"about":[{"href":"https:\/\/ihsproject.org\/sr\/wp-json\/wp\/v2\/types\/page"}],"author":[{"embeddable":true,"href":"https:\/\/ihsproject.org\/sr\/wp-json\/wp\/v2\/users\/1"}],"replies":[{"embeddable":true,"href":"https:\/\/ihsproject.org\/sr\/wp-json\/wp\/v2\/comments?post=15637"}],"version-history":[{"count":4,"href":"https:\/\/ihsproject.org\/sr\/wp-json\/wp\/v2\/pages\/15637\/revisions"}],"predecessor-version":[{"id":15642,"href":"https:\/\/ihsproject.org\/sr\/wp-json\/wp\/v2\/pages\/15637\/revisions\/15642"}],"wp:attachment":[{"href":"https:\/\/ihsproject.org\/sr\/wp-json\/wp\/v2\/media?parent=15637"}],"curies":[{"name":"wp","href":"https:\/\/api.w.org\/{rel}","templated":true}]}}