{"id":15622,"date":"2026-03-17T11:14:38","date_gmt":"2026-03-17T11:14:38","guid":{"rendered":"https:\/\/ihsproject.org\/?page_id=15622"},"modified":"2026-03-17T11:17:02","modified_gmt":"2026-03-17T11:17:02","slug":"march-17-2026","status":"publish","type":"page","link":"https:\/\/ihsproject.org\/sr\/march-17-2026\/","title":{"rendered":"17 Mart 2026"},"content":{"rendered":"<div data-elementor-type=\"wp-page\" data-elementor-id=\"15622\" class=\"elementor elementor-15622\">\n\t\t\t\t<div class=\"elementor-element elementor-element-ddd51c3 e-flex e-con-boxed e-con e-parent\" data-id=\"ddd51c3\" data-element_type=\"container\" data-core-v316-plus=\"true\">\n\t\t\t\t\t<div class=\"e-con-inner\">\n\t\t\t\t<div class=\"elementor-element elementor-element-ae1d874 elementor-widget elementor-widget-image\" data-id=\"ae1d874\" data-element_type=\"widget\" data-widget_type=\"image.default\">\n\t\t\t\t<div class=\"elementor-widget-container\">\n\t\t\t\t\t\t\t\t\t\t\t\t\t<img fetchpriority=\"high\" decoding=\"async\" width=\"1600\" height=\"900\" src=\"https:\/\/ihsproject.org\/wp-content\/uploads\/2026\/03\/IHS-Highlights-the-Gender-Dimension-of-Non-Communicable-Diseases.jpg\" class=\"attachment-full size-full wp-image-15620\" alt=\"\" srcset=\"https:\/\/ihsproject.org\/wp-content\/uploads\/2026\/03\/IHS-Highlights-the-Gender-Dimension-of-Non-Communicable-Diseases.jpg 1600w, https:\/\/ihsproject.org\/wp-content\/uploads\/2026\/03\/IHS-Highlights-the-Gender-Dimension-of-Non-Communicable-Diseases-300x169.jpg 300w, https:\/\/ihsproject.org\/wp-content\/uploads\/2026\/03\/IHS-Highlights-the-Gender-Dimension-of-Non-Communicable-Diseases-1024x576.jpg 1024w, https:\/\/ihsproject.org\/wp-content\/uploads\/2026\/03\/IHS-Highlights-the-Gender-Dimension-of-Non-Communicable-Diseases-768x432.jpg 768w, https:\/\/ihsproject.org\/wp-content\/uploads\/2026\/03\/IHS-Highlights-the-Gender-Dimension-of-Non-Communicable-Diseases-1536x864.jpg 1536w, https:\/\/ihsproject.org\/wp-content\/uploads\/2026\/03\/IHS-Highlights-the-Gender-Dimension-of-Non-Communicable-Diseases-18x10.jpg 18w\" sizes=\"(max-width: 1600px) 100vw, 1600px\" \/>\t\t\t\t\t\t\t\t\t\t\t\t\t<\/div>\n\t\t\t\t<\/div>\n\t\t\t\t\t<\/div>\n\t\t\t\t<\/div>\n\t\t<div class=\"elementor-element elementor-element-505b19c e-flex e-con-boxed e-con e-parent\" data-id=\"505b19c\" data-element_type=\"container\" data-core-v316-plus=\"true\">\n\t\t\t\t\t<div class=\"e-con-inner\">\n\t\t\t\t<div class=\"elementor-element elementor-element-7e77fba elementor-widget elementor-widget-heading\" data-id=\"7e77fba\" data-element_type=\"widget\" data-widget_type=\"heading.default\">\n\t\t\t\t<div class=\"elementor-widget-container\">\n\t\t\t<h2 class=\"elementor-heading-title elementor-size-default\">IHS isti\u010de rodnu dimenziju nezaraznih bolesti<\/h2>\t\t<\/div>\n\t\t\t\t<\/div>\n\t\t\t\t<div class=\"elementor-element elementor-element-fb05c46 elementor-widget elementor-widget-text-editor\" data-id=\"fb05c46\" data-element_type=\"widget\" data-widget_type=\"text-editor.default\">\n\t\t\t\t<div class=\"elementor-widget-container\">\n\t\t\t\t\t\t\t<p style=\"font-weight: 400;\">Projekat Integrisane Zdravstvene Usluge (IHS) isti\u010de rodne dimenzije nezaraznih bolesti (NCDs) iz vi\u0161e perspektiva, uklju\u010duju\u0107i zdravstvene politike, prevenciju, negu i li\u010dno iskustvo.<\/p><p style=\"font-weight: 400;\">Kroz ovu inicijativu, IHS nastoji da skrene ve\u0107u pa\u017enju na dru\u0161tvene i rodne faktore koji uti\u010du na to kako se nezarazne bolesti do\u017eivljavaju, spre\u010davaju i le\u010de. Promovisanje rodno odgovornih pristupa ostaje klju\u010dno za obezbe\u0111ivanje pravednijih zdravstvenih ishoda.<\/p><p style=\"font-weight: 400;\">Inicijativa zapo\u010dinje sa dve ljudske pri\u010de koje ilustruju svakodnevne realnosti nezaraznih bolesti, nude\u0107i uvid u njihove izazove i nagla\u0161avaju\u0107i zna\u010daj inkluzivnijih zdravstvenih usluga.<\/p><p style=\"font-weight: 400;\">Dve pri\u010de mo\u017eete prona\u0107i putem linkova ispod.<\/p><p style=\"font-weight: 400;\">Lisa Mehmeti, pacijentkinja: <a href=\"https:\/\/tinyurl.com\/498rj4xz\" data-saferedirecturl=\"https:\/\/www.google.com\/url?q=https:\/\/tinyurl.com\/385v2th8&amp;source=gmail&amp;ust=1773831631716000&amp;usg=AOvVaw0UKpQIMMiQZQbWjtqcY9jB\">https:\/\/tinyurl.com\/498rj4xz<\/a><\/p><p style=\"font-weight: 400;\">Fllanza Nici, negovateljica: <a href=\"https:\/\/tinyurl.com\/729jpxsy\" data-saferedirecturl=\"https:\/\/www.google.com\/url?q=https:\/\/tinyurl.com\/3abn64j9&amp;source=gmail&amp;ust=1773831631716000&amp;usg=AOvVaw3DoNn8abkmBH730iXbrM40\">https:\/\/tinyurl.com\/729jpxsy<\/a><\/p>\t\t\t\t\t\t<\/div>\n\t\t\t\t<\/div>\n\t\t\t\t\t<\/div>\n\t\t\t\t<\/div>\n\t\t\t\t<\/div>","protected":false},"excerpt":{"rendered":"<p>IHS Highlights the Gender Dimension of Non-Communicable Diseases The Integrated Health Services (IHS) Project is highlighting the gender dimensions of non-communicable diseases (NCDs) from multiple perspectives, including health policies, prevention, care, and lived experience. Through this effort, IHS seeks to bring greater attention to the social and gender-related factors that influence how NCDs are experienced, [&hellip;]<\/p>","protected":false},"author":1,"featured_media":0,"parent":0,"menu_order":0,"comment_status":"closed","ping_status":"closed","template":"","meta":[],"_links":{"self":[{"href":"https:\/\/ihsproject.org\/sr\/wp-json\/wp\/v2\/pages\/15622"}],"collection":[{"href":"https:\/\/ihsproject.org\/sr\/wp-json\/wp\/v2\/pages"}],"about":[{"href":"https:\/\/ihsproject.org\/sr\/wp-json\/wp\/v2\/types\/page"}],"author":[{"embeddable":true,"href":"https:\/\/ihsproject.org\/sr\/wp-json\/wp\/v2\/users\/1"}],"replies":[{"embeddable":true,"href":"https:\/\/ihsproject.org\/sr\/wp-json\/wp\/v2\/comments?post=15622"}],"version-history":[{"count":4,"href":"https:\/\/ihsproject.org\/sr\/wp-json\/wp\/v2\/pages\/15622\/revisions"}],"predecessor-version":[{"id":15627,"href":"https:\/\/ihsproject.org\/sr\/wp-json\/wp\/v2\/pages\/15622\/revisions\/15627"}],"wp:attachment":[{"href":"https:\/\/ihsproject.org\/sr\/wp-json\/wp\/v2\/media?parent=15622"}],"curies":[{"name":"wp","href":"https:\/\/api.w.org\/{rel}","templated":true}]}}