{"id":15587,"date":"2026-03-04T10:35:06","date_gmt":"2026-03-04T10:35:06","guid":{"rendered":"https:\/\/ihsproject.org\/?page_id=15587"},"modified":"2026-03-04T10:37:14","modified_gmt":"2026-03-04T10:37:14","slug":"march-04-2026","status":"publish","type":"page","link":"https:\/\/ihsproject.org\/sr\/march-04-2026\/","title":{"rendered":"04 Mart 2026"},"content":{"rendered":"<div data-elementor-type=\"wp-page\" data-elementor-id=\"15587\" class=\"elementor elementor-15587\">\n\t\t\t\t<div class=\"elementor-element elementor-element-1faea29 e-flex e-con-boxed e-con e-parent\" data-id=\"1faea29\" data-element_type=\"container\" data-core-v316-plus=\"true\">\n\t\t\t\t\t<div class=\"e-con-inner\">\n\t\t\t\t<div class=\"elementor-element elementor-element-231a444 elementor-widget elementor-widget-image\" data-id=\"231a444\" data-element_type=\"widget\" data-widget_type=\"image.default\">\n\t\t\t\t<div class=\"elementor-widget-container\">\n\t\t\t\t\t\t\t\t\t\t\t\t\t<img fetchpriority=\"high\" decoding=\"async\" width=\"1600\" height=\"900\" src=\"https:\/\/ihsproject.org\/wp-content\/uploads\/2026\/03\/Motivational-Interviewing-Training-with-Gjakova-Healthcare-Professionals.jpg\" class=\"attachment-full size-full wp-image-15586\" alt=\"\" srcset=\"https:\/\/ihsproject.org\/wp-content\/uploads\/2026\/03\/Motivational-Interviewing-Training-with-Gjakova-Healthcare-Professionals.jpg 1600w, https:\/\/ihsproject.org\/wp-content\/uploads\/2026\/03\/Motivational-Interviewing-Training-with-Gjakova-Healthcare-Professionals-300x169.jpg 300w, https:\/\/ihsproject.org\/wp-content\/uploads\/2026\/03\/Motivational-Interviewing-Training-with-Gjakova-Healthcare-Professionals-1024x576.jpg 1024w, https:\/\/ihsproject.org\/wp-content\/uploads\/2026\/03\/Motivational-Interviewing-Training-with-Gjakova-Healthcare-Professionals-768x432.jpg 768w, https:\/\/ihsproject.org\/wp-content\/uploads\/2026\/03\/Motivational-Interviewing-Training-with-Gjakova-Healthcare-Professionals-1536x864.jpg 1536w, https:\/\/ihsproject.org\/wp-content\/uploads\/2026\/03\/Motivational-Interviewing-Training-with-Gjakova-Healthcare-Professionals-18x10.jpg 18w\" sizes=\"(max-width: 1600px) 100vw, 1600px\" \/>\t\t\t\t\t\t\t\t\t\t\t\t\t<\/div>\n\t\t\t\t<\/div>\n\t\t\t\t\t<\/div>\n\t\t\t\t<\/div>\n\t\t<div class=\"elementor-element elementor-element-62a5558 e-flex e-con-boxed e-con e-parent\" data-id=\"62a5558\" data-element_type=\"container\" data-core-v316-plus=\"true\">\n\t\t\t\t\t<div class=\"e-con-inner\">\n\t\t\t\t<div class=\"elementor-element elementor-element-2b0d2ff elementor-widget elementor-widget-heading\" data-id=\"2b0d2ff\" data-element_type=\"widget\" data-widget_type=\"heading.default\">\n\t\t\t\t<div class=\"elementor-widget-container\">\n\t\t\t<h2 class=\"elementor-heading-title elementor-size-default\">Obuka za motivaciono intervjuisanje sa zdravstvenim radnicima iz \u0110akovice<\/h2>\t\t<\/div>\n\t\t\t\t<\/div>\n\t\t\t\t<div class=\"elementor-element elementor-element-458e28f elementor-widget elementor-widget-text-editor\" data-id=\"458e28f\" data-element_type=\"widget\" data-widget_type=\"text-editor.default\">\n\t\t\t\t<div class=\"elementor-widget-container\">\n\t\t\t\t\t\t\t<p style=\"font-weight: 400;\">Poslednje nedelje februara, lekari i medicinske sestre u Op\u0161toj bolnici u \u0110akovici u\u010destvovali su u obuci za motivaciono intervjuisanje i efikasnu komunikaciju sa pacijentima, sa posebnim fokusom na rad sa pacijentima sa nezaraznim bolestima.<\/p><p style=\"font-weight: 400;\">Obuka je pru\u017eila prakti\u010dne alate kako bi podr\u017eala pacijente u promeni pona\u0161anja i odr\u017eavala motivaciju tokom njihovog le\u010denja. Program se zasnivao na interaktivnim ve\u017ebama, diskusijama o slu\u010dajevima i igranju uloga, omoguc\u0301avajuc\u0301i u\u010desnicima da istra\u017ee prelazak sa direktivnih saveta na pristup usmeren na pacijenta u prometnim bolni\u010dkim okru\u017eenjima.<\/p><p style=\"font-weight: 400;\">Obuka je akreditovana od strane Komore medicinskih sestara Kosova sa 10 kredita za kontinuirano obrazovanje, doprinosec\u0301i kontinuiranom profesionalnom razvoju, istovremeno ja\u010dajuc\u0301i kulturu nege usmerene na pacijenta u bolni\u010dkom okru\u017eenju.<\/p>\t\t\t\t\t\t<\/div>\n\t\t\t\t<\/div>\n\t\t\t\t\t<\/div>\n\t\t\t\t<\/div>\n\t\t\t\t<\/div>","protected":false},"excerpt":{"rendered":"<p>Motivational Interviewing Training with Gjakova Healthcare Professionals On the last week of February, doctors and nurses at the General Hospital of Gjakova took part in the Motivational Interviewing and Effective Patient Communication training, with a particular focus on dealing with non-communicable diseases patients. The training provided practical tools to support patients with behaviour change, and [&hellip;]<\/p>","protected":false},"author":1,"featured_media":0,"parent":0,"menu_order":0,"comment_status":"closed","ping_status":"closed","template":"","meta":[],"_links":{"self":[{"href":"https:\/\/ihsproject.org\/sr\/wp-json\/wp\/v2\/pages\/15587"}],"collection":[{"href":"https:\/\/ihsproject.org\/sr\/wp-json\/wp\/v2\/pages"}],"about":[{"href":"https:\/\/ihsproject.org\/sr\/wp-json\/wp\/v2\/types\/page"}],"author":[{"embeddable":true,"href":"https:\/\/ihsproject.org\/sr\/wp-json\/wp\/v2\/users\/1"}],"replies":[{"embeddable":true,"href":"https:\/\/ihsproject.org\/sr\/wp-json\/wp\/v2\/comments?post=15587"}],"version-history":[{"count":4,"href":"https:\/\/ihsproject.org\/sr\/wp-json\/wp\/v2\/pages\/15587\/revisions"}],"predecessor-version":[{"id":15592,"href":"https:\/\/ihsproject.org\/sr\/wp-json\/wp\/v2\/pages\/15587\/revisions\/15592"}],"wp:attachment":[{"href":"https:\/\/ihsproject.org\/sr\/wp-json\/wp\/v2\/media?parent=15587"}],"curies":[{"name":"wp","href":"https:\/\/api.w.org\/{rel}","templated":true}]}}