{"id":15558,"date":"2026-02-25T08:17:55","date_gmt":"2026-02-25T08:17:55","guid":{"rendered":"https:\/\/ihsproject.org\/?page_id=15558"},"modified":"2026-02-25T08:19:35","modified_gmt":"2026-02-25T08:19:35","slug":"february-25-2026","status":"publish","type":"page","link":"https:\/\/ihsproject.org\/sr\/february-25-2026\/","title":{"rendered":"25 Februara 2026"},"content":{"rendered":"<div data-elementor-type=\"wp-page\" data-elementor-id=\"15558\" class=\"elementor elementor-15558\">\n\t\t\t\t<div class=\"elementor-element elementor-element-e224d23 e-flex e-con-boxed e-con e-parent\" data-id=\"e224d23\" data-element_type=\"container\" data-core-v316-plus=\"true\">\n\t\t\t\t\t<div class=\"e-con-inner\">\n\t\t\t\t<div class=\"elementor-element elementor-element-fd0e6d9 elementor-widget elementor-widget-image\" data-id=\"fd0e6d9\" data-element_type=\"widget\" data-widget_type=\"image.default\">\n\t\t\t\t<div class=\"elementor-widget-container\">\n\t\t\t\t\t\t\t\t\t\t\t\t\t<img fetchpriority=\"high\" decoding=\"async\" width=\"1600\" height=\"900\" src=\"https:\/\/ihsproject.org\/wp-content\/uploads\/2026\/02\/Ferizaj-Activists-Build-Capacity-to-Counter-AI-Health-Misinformation.jpg\" class=\"attachment-full size-full wp-image-15556\" alt=\"\" srcset=\"https:\/\/ihsproject.org\/wp-content\/uploads\/2026\/02\/Ferizaj-Activists-Build-Capacity-to-Counter-AI-Health-Misinformation.jpg 1600w, https:\/\/ihsproject.org\/wp-content\/uploads\/2026\/02\/Ferizaj-Activists-Build-Capacity-to-Counter-AI-Health-Misinformation-300x169.jpg 300w, https:\/\/ihsproject.org\/wp-content\/uploads\/2026\/02\/Ferizaj-Activists-Build-Capacity-to-Counter-AI-Health-Misinformation-1024x576.jpg 1024w, https:\/\/ihsproject.org\/wp-content\/uploads\/2026\/02\/Ferizaj-Activists-Build-Capacity-to-Counter-AI-Health-Misinformation-768x432.jpg 768w, https:\/\/ihsproject.org\/wp-content\/uploads\/2026\/02\/Ferizaj-Activists-Build-Capacity-to-Counter-AI-Health-Misinformation-1536x864.jpg 1536w, https:\/\/ihsproject.org\/wp-content\/uploads\/2026\/02\/Ferizaj-Activists-Build-Capacity-to-Counter-AI-Health-Misinformation-18x10.jpg 18w\" sizes=\"(max-width: 1600px) 100vw, 1600px\" \/>\t\t\t\t\t\t\t\t\t\t\t\t\t<\/div>\n\t\t\t\t<\/div>\n\t\t\t\t\t<\/div>\n\t\t\t\t<\/div>\n\t\t<div class=\"elementor-element elementor-element-a0bfc26 e-flex e-con-boxed e-con e-parent\" data-id=\"a0bfc26\" data-element_type=\"container\" data-core-v316-plus=\"true\">\n\t\t\t\t\t<div class=\"e-con-inner\">\n\t\t\t\t<div class=\"elementor-element elementor-element-21b2ecb elementor-widget elementor-widget-heading\" data-id=\"21b2ecb\" data-element_type=\"widget\" data-widget_type=\"heading.default\">\n\t\t\t\t<div class=\"elementor-widget-container\">\n\t\t\t<h2 class=\"elementor-heading-title elementor-size-default\">Aktivisti u Uro\u0161evcu grade kapacitete za suzbijanje dezinformacija o zdravlju koje izaziva ve\u0161ta\u010dka inteligencija<\/h2>\t\t<\/div>\n\t\t\t\t<\/div>\n\t\t\t\t<div class=\"elementor-element elementor-element-5f0a37b elementor-widget elementor-widget-text-editor\" data-id=\"5f0a37b\" data-element_type=\"widget\" data-widget_type=\"text-editor.default\">\n\t\t\t\t<div class=\"elementor-widget-container\">\n\t\t\t\t\t\t\t<p style=\"font-weight: 400;\">Dana 12. februara 2026. godine, IHS je organizovao radionicu u Uro\u0161evcu koja je okupila predstavnike lokalnih nevladinih organizacija i aktiviste iz zajednice kako bi se pozabavili rastuc\u0301im uticajem ve\u0161ta\u010dke inteligencije na dezinformacije o zdravlju.<\/p><p style=\"font-weight: 400;\">Kao deo tekuc\u0301e inicijative \u201eMedijska pismenost za bolje zdravlje\u201c, sesija se fokusirala na ja\u010danje kapaciteta za prepoznavanje i reagovanje na obmanjujuc\u0301i zdravstveni sadr\u017eaj koji kru\u017ei na internetu. Posebna pa\u017enja je posvec\u0301ena tome kako se alati ve\u0161ta\u010dke inteligencije koriste za proizvodnju veoma ubedljivih la\u017enih informacija, uklju\u010dujuc\u0301i izmi\u0161ljene medicinske savete, manipulisane slike i sinteti\u010dke video zapise koji mogu lako da dovedu u zabludu ranjive grupe.<\/p><p style=\"font-weight: 400;\">U\u010desnici su radili na studijama slu\u010daja relevantnim za njihov lokalni kontekst i razgovarali o strategijama za rad sa zajednicom, odgovornu komunikaciju i izgradnju poverenja javnosti oko zdravstvenih tema.<\/p><p style=\"font-weight: 400;\">Jedan od u\u010desnika je istakao \u0161iri zna\u010daj inicijative, izjaviv\u0161i: \u201eVeoma smo zahvalni na podr\u0161ci \u0160vajcarske, koja putem IHS-a donosi visokokvalitetno i relevantno zdravstveno obrazovanje organizacijama civilnog dru\u0161tva. Za aktiviste u zajednici, ovo znanje je neophodno. \u010cesto smo prva osoba sa kojom gra\u0111ani stupe u kontakt i na\u0161a je odgovornost da razumemo ova pitanja i dalje delimo ta\u010dne informacije u na\u0161im zajednicama.\u201c<\/p>\t\t\t\t\t\t<\/div>\n\t\t\t\t<\/div>\n\t\t\t\t\t<\/div>\n\t\t\t\t<\/div>\n\t\t\t\t<\/div>","protected":false},"excerpt":{"rendered":"<p>Ferizaj Activists Build Capacity to Counter AI Health Misinformation On 12 February 2026, IHS organized a workshop in Ferizaj bringing together representatives of local NGOs and community activists to address the growing impact of artificial intelligence on health misinformation. As part of the ongoing \u201cMedia Literacy for Better Health\u201d initiative, the session focused on strengthening [&hellip;]<\/p>","protected":false},"author":1,"featured_media":0,"parent":0,"menu_order":0,"comment_status":"closed","ping_status":"closed","template":"","meta":[],"_links":{"self":[{"href":"https:\/\/ihsproject.org\/sr\/wp-json\/wp\/v2\/pages\/15558"}],"collection":[{"href":"https:\/\/ihsproject.org\/sr\/wp-json\/wp\/v2\/pages"}],"about":[{"href":"https:\/\/ihsproject.org\/sr\/wp-json\/wp\/v2\/types\/page"}],"author":[{"embeddable":true,"href":"https:\/\/ihsproject.org\/sr\/wp-json\/wp\/v2\/users\/1"}],"replies":[{"embeddable":true,"href":"https:\/\/ihsproject.org\/sr\/wp-json\/wp\/v2\/comments?post=15558"}],"version-history":[{"count":4,"href":"https:\/\/ihsproject.org\/sr\/wp-json\/wp\/v2\/pages\/15558\/revisions"}],"predecessor-version":[{"id":15563,"href":"https:\/\/ihsproject.org\/sr\/wp-json\/wp\/v2\/pages\/15558\/revisions\/15563"}],"wp:attachment":[{"href":"https:\/\/ihsproject.org\/sr\/wp-json\/wp\/v2\/media?parent=15558"}],"curies":[{"name":"wp","href":"https:\/\/api.w.org\/{rel}","templated":true}]}}