{"id":15534,"date":"2026-02-20T09:16:59","date_gmt":"2026-02-20T09:16:59","guid":{"rendered":"https:\/\/ihsproject.org\/?page_id=15534"},"modified":"2026-02-20T09:19:30","modified_gmt":"2026-02-20T09:19:30","slug":"february-20-2026","status":"publish","type":"page","link":"https:\/\/ihsproject.org\/sr\/february-20-2026\/","title":{"rendered":"20 Februara 2026"},"content":{"rendered":"<div data-elementor-type=\"wp-page\" data-elementor-id=\"15534\" class=\"elementor elementor-15534\">\n\t\t\t\t<div class=\"elementor-element elementor-element-5146bb0 e-flex e-con-boxed e-con e-parent\" data-id=\"5146bb0\" data-element_type=\"container\" data-core-v316-plus=\"true\">\n\t\t\t\t\t<div class=\"e-con-inner\">\n\t\t\t\t<div class=\"elementor-element elementor-element-f0c7122 elementor-widget elementor-widget-image\" data-id=\"f0c7122\" data-element_type=\"widget\" data-widget_type=\"image.default\">\n\t\t\t\t<div class=\"elementor-widget-container\">\n\t\t\t\t\t\t\t\t\t\t\t\t\t<img fetchpriority=\"high\" decoding=\"async\" width=\"1600\" height=\"900\" src=\"https:\/\/ihsproject.org\/wp-content\/uploads\/2026\/02\/Motivational-Interviewing-Training-Empowers-Health-Professionals-in-Peja.jpg\" class=\"attachment-full size-full wp-image-15538\" alt=\"\" srcset=\"https:\/\/ihsproject.org\/wp-content\/uploads\/2026\/02\/Motivational-Interviewing-Training-Empowers-Health-Professionals-in-Peja.jpg 1600w, https:\/\/ihsproject.org\/wp-content\/uploads\/2026\/02\/Motivational-Interviewing-Training-Empowers-Health-Professionals-in-Peja-300x169.jpg 300w, https:\/\/ihsproject.org\/wp-content\/uploads\/2026\/02\/Motivational-Interviewing-Training-Empowers-Health-Professionals-in-Peja-1024x576.jpg 1024w, https:\/\/ihsproject.org\/wp-content\/uploads\/2026\/02\/Motivational-Interviewing-Training-Empowers-Health-Professionals-in-Peja-768x432.jpg 768w, https:\/\/ihsproject.org\/wp-content\/uploads\/2026\/02\/Motivational-Interviewing-Training-Empowers-Health-Professionals-in-Peja-1536x864.jpg 1536w, https:\/\/ihsproject.org\/wp-content\/uploads\/2026\/02\/Motivational-Interviewing-Training-Empowers-Health-Professionals-in-Peja-18x10.jpg 18w\" sizes=\"(max-width: 1600px) 100vw, 1600px\" \/>\t\t\t\t\t\t\t\t\t\t\t\t\t<\/div>\n\t\t\t\t<\/div>\n\t\t\t\t\t<\/div>\n\t\t\t\t<\/div>\n\t\t<div class=\"elementor-element elementor-element-ed6b3c5 e-flex e-con-boxed e-con e-parent\" data-id=\"ed6b3c5\" data-element_type=\"container\" data-core-v316-plus=\"true\">\n\t\t\t\t\t<div class=\"e-con-inner\">\n\t\t\t\t<div class=\"elementor-element elementor-element-af7ac8d elementor-widget elementor-widget-heading\" data-id=\"af7ac8d\" data-element_type=\"widget\" data-widget_type=\"heading.default\">\n\t\t\t\t<div class=\"elementor-widget-container\">\n\t\t\t<h2 class=\"elementor-heading-title elementor-size-default\">Obuka za motivaciono intervjuisanje osna\u017euje zdravstvene radnike u Pe\u0107i<\/h2>\t\t<\/div>\n\t\t\t\t<\/div>\n\t\t\t\t<div class=\"elementor-element elementor-element-c7c00ff elementor-widget elementor-widget-text-editor\" data-id=\"c7c00ff\" data-element_type=\"widget\" data-widget_type=\"text-editor.default\">\n\t\t\t\t<div class=\"elementor-widget-container\">\n\t\t\t\t\t\t\t<p style=\"font-weight: 400;\">Lekari i medicinske sestre u Op\u0161toj bolnici u Pec\u0301i prisustvovali su 10. i 11. februara 2026. godine prakti\u010dnoj dvodnevnoj obuci usmerenoj na motivaciono intervjuisanje i efikasnu komunikaciju sa pacijentima. Poseban naglasak bio je na podr\u0161ci ljudima koji \u017eive sa hroni\u010dnim nezaraznim bolestima kao \u0161to su dijabetes i hipertenzija.<\/p><p style=\"font-weight: 400;\">Cilj obuke bio je ja\u010danje lokalnih zdravstvenih kapaciteta u sekundarnoj zdravstvenoj za\u0161titi opremanjem stru\u010dnjaka prakti\u010dnim alatima koji c\u0301e pomoc\u0301i pacijentima da se sna\u0111u u promenama pona\u0161anja, upravljaju ambivalentno\u0161c\u0301u i ostanu motivisani tokom le\u010denja. Umesto tradicionalnih saveta \u201eodozgo nadole\u201c, u\u010desnici su istra\u017eivali pristup usmeren na pacijenta, zasnovan na empatiji, saradnji i razgovorima iz stvarnog \u017eivota.<\/p><p style=\"font-weight: 400;\">Obuka je akreditovana od strane Komore medicinskih sestara Kosova sa 10 kredita za kontinuirano obrazovanje. Do kraja programa, u\u010desnici su bili bolje pripremljeni da primenjuju motivacione tehnike u svakodnevnoj praksi, transformi\u0161uc\u0301i rutinske konsultacije usmislene razgovore koji podr\u017eavaju dugoro\u010dne zdravstvene ishode.<\/p>\t\t\t\t\t\t<\/div>\n\t\t\t\t<\/div>\n\t\t\t\t\t<\/div>\n\t\t\t\t<\/div>\n\t\t\t\t<\/div>","protected":false},"excerpt":{"rendered":"<p>Motivational Interviewing Training Empowers Health Professionals in Peja Doctors and nurses at General Hospital of Peja attended on 10\u201311 February 2026 a hands-on, two-day training focused on Motivational Interviewing and effective patient communication. The special emphasis was on supporting people living with chronic non-communicable diseases such as diabetes and hypertension. The training aimed to strengthen [&hellip;]<\/p>","protected":false},"author":1,"featured_media":0,"parent":0,"menu_order":0,"comment_status":"closed","ping_status":"closed","template":"","meta":[],"_links":{"self":[{"href":"https:\/\/ihsproject.org\/sr\/wp-json\/wp\/v2\/pages\/15534"}],"collection":[{"href":"https:\/\/ihsproject.org\/sr\/wp-json\/wp\/v2\/pages"}],"about":[{"href":"https:\/\/ihsproject.org\/sr\/wp-json\/wp\/v2\/types\/page"}],"author":[{"embeddable":true,"href":"https:\/\/ihsproject.org\/sr\/wp-json\/wp\/v2\/users\/1"}],"replies":[{"embeddable":true,"href":"https:\/\/ihsproject.org\/sr\/wp-json\/wp\/v2\/comments?post=15534"}],"version-history":[{"count":4,"href":"https:\/\/ihsproject.org\/sr\/wp-json\/wp\/v2\/pages\/15534\/revisions"}],"predecessor-version":[{"id":15541,"href":"https:\/\/ihsproject.org\/sr\/wp-json\/wp\/v2\/pages\/15534\/revisions\/15541"}],"wp:attachment":[{"href":"https:\/\/ihsproject.org\/sr\/wp-json\/wp\/v2\/media?parent=15534"}],"curies":[{"name":"wp","href":"https:\/\/api.w.org\/{rel}","templated":true}]}}