{"id":15517,"date":"2026-02-19T11:05:47","date_gmt":"2026-02-19T11:05:47","guid":{"rendered":"https:\/\/ihsproject.org\/?page_id=15517"},"modified":"2026-02-19T11:07:49","modified_gmt":"2026-02-19T11:07:49","slug":"february-19-2026","status":"publish","type":"page","link":"https:\/\/ihsproject.org\/sr\/february-19-2026\/","title":{"rendered":"19 Februara 2026"},"content":{"rendered":"<div data-elementor-type=\"wp-page\" data-elementor-id=\"15517\" class=\"elementor elementor-15517\">\n\t\t\t\t<div class=\"elementor-element elementor-element-3f622c0 e-flex e-con-boxed e-con e-parent\" data-id=\"3f622c0\" data-element_type=\"container\" data-core-v316-plus=\"true\">\n\t\t\t\t\t<div class=\"e-con-inner\">\n\t\t\t\t<div class=\"elementor-element elementor-element-6201c9e elementor-widget elementor-widget-image\" data-id=\"6201c9e\" data-element_type=\"widget\" data-widget_type=\"image.default\">\n\t\t\t\t<div class=\"elementor-widget-container\">\n\t\t\t\t\t\t\t\t\t\t\t\t\t<img fetchpriority=\"high\" decoding=\"async\" width=\"1600\" height=\"900\" src=\"https:\/\/ihsproject.org\/wp-content\/uploads\/2026\/02\/New-Reception-Area-At-Gjakova-Hospital-Blends-Healthcare-with-Health-Education.jpg\" class=\"attachment-full size-full wp-image-15516\" alt=\"\" srcset=\"https:\/\/ihsproject.org\/wp-content\/uploads\/2026\/02\/New-Reception-Area-At-Gjakova-Hospital-Blends-Healthcare-with-Health-Education.jpg 1600w, https:\/\/ihsproject.org\/wp-content\/uploads\/2026\/02\/New-Reception-Area-At-Gjakova-Hospital-Blends-Healthcare-with-Health-Education-300x169.jpg 300w, https:\/\/ihsproject.org\/wp-content\/uploads\/2026\/02\/New-Reception-Area-At-Gjakova-Hospital-Blends-Healthcare-with-Health-Education-1024x576.jpg 1024w, https:\/\/ihsproject.org\/wp-content\/uploads\/2026\/02\/New-Reception-Area-At-Gjakova-Hospital-Blends-Healthcare-with-Health-Education-768x432.jpg 768w, https:\/\/ihsproject.org\/wp-content\/uploads\/2026\/02\/New-Reception-Area-At-Gjakova-Hospital-Blends-Healthcare-with-Health-Education-1536x864.jpg 1536w, https:\/\/ihsproject.org\/wp-content\/uploads\/2026\/02\/New-Reception-Area-At-Gjakova-Hospital-Blends-Healthcare-with-Health-Education-18x10.jpg 18w\" sizes=\"(max-width: 1600px) 100vw, 1600px\" \/>\t\t\t\t\t\t\t\t\t\t\t\t\t<\/div>\n\t\t\t\t<\/div>\n\t\t\t\t\t<\/div>\n\t\t\t\t<\/div>\n\t\t<div class=\"elementor-element elementor-element-9cb5a27 e-flex e-con-boxed e-con e-parent\" data-id=\"9cb5a27\" data-element_type=\"container\" data-core-v316-plus=\"true\">\n\t\t\t\t\t<div class=\"e-con-inner\">\n\t\t\t\t<div class=\"elementor-element elementor-element-375d3cc elementor-widget elementor-widget-heading\" data-id=\"375d3cc\" data-element_type=\"widget\" data-widget_type=\"heading.default\">\n\t\t\t\t<div class=\"elementor-widget-container\">\n\t\t\t<h2 class=\"elementor-heading-title elementor-size-default\">Novi prijemni prostor u bolnici u \u0110akovici povezuje zdravstvenu za\u0161titu sa zdravstvenim obrazovanjem<\/h2>\t\t<\/div>\n\t\t\t\t<\/div>\n\t\t\t\t<div class=\"elementor-element elementor-element-08eb9f2 elementor-widget elementor-widget-text-editor\" data-id=\"08eb9f2\" data-element_type=\"widget\" data-widget_type=\"text-editor.default\">\n\t\t\t\t<div class=\"elementor-widget-container\">\n\t\t\t\t\t\t\t<p style=\"font-weight: 400;\">Dana 18. februara 2026. godine, Op\u0161ta bolnica u \u0110akovici organizovala je doga\u0111aj na kojem su predstavljene funkcije novootvorenog prijemnog prostora, osmi\u0161ljenog da objedini zdravstvene usluge i zdravstveno obrazovanje u jedan prakti\u010dan, pacijentima usmeren prostor.<\/p><p style=\"font-weight: 400;\">Predstavnici bolnice su u praksi prikazali brojne funkcije ovog prostora. Pacijentima koji \u017eive sa nezaraznim bolestima mereni su krvni pritisak i nivo glukoze, dok su se \u010dlanovi porodica i aktivisti zajednice pridru\u017eili zdravstvenom osoblju u otvorenim razgovorima o svakodnevnim navikama, ishrani, upotrebi terapije i emocionalnim izazovima \u017eivota sa hroni\u010dnim oboljenjima.<\/p><p style=\"font-weight: 400;\">G. Hilmi \u0160alja, izvr\u0161ni direktor Op\u0161te bolnice u \u0110akovici, izjavio je: \u201eOvaj prijemni prostor povezuje klini\u010dku negu sa svakodnevnim \u017eivotom i osna\u017euje pacijente da postanu aktivni partneri u upravljanju svojim zdravljem.\u201c<\/p><p style=\"font-weight: 400;\">Novi prostor transformi\u0161e tradicionalnu \u010dekaonicu u zajedni\u010dko okru\u017eenje za u\u010denje, gde pacijenti i porodice postaju aktivni partneri u nezi.<\/p><p style=\"font-weight: 400;\">\u201e\u0160vajcarska je ponosna na partnerstvo sa institucijama Kosova u ja\u010danju zdravstvenog sistema, sa posebnim fokusom na re\u0161avanje nezaraznih bolesti koje poga\u0111aju hiljade porodica \u0161irom zemlje i zahtevaju dugoro\u010dnu, koordinisanu i saose\u0107ajnu negu. Upravo zato je nega usmerena na pacijenta od su\u0161tinskog zna\u010daja. Prostor koji danas vidimo predstavlja veoma prakti\u010dan izraz ovog pristupa,\u201c rekla je Merita Stavileci Mustafa, sa Ambasade \u0160vajcarske na Kosovu.\u00a0<\/p><p style=\"font-weight: 400;\">Kroz ovu investiciju, \u0160vajcarska nastavlja da podr\u017eava Kosovo u razvoju prakti\u010dnih re\u0161enja koja unapre\u0111uju zdravstvene usluge, osna\u017euju pacijente i doprinose zdravijim zajednicama.<\/p>\t\t\t\t\t\t<\/div>\n\t\t\t\t<\/div>\n\t\t\t\t\t<\/div>\n\t\t\t\t<\/div>\n\t\t\t\t<\/div>","protected":false},"excerpt":{"rendered":"<p>New Reception Area At Gjakova Hospital Blends Healthcare with Health Education On 18 Februry 2026, the General Hospital of Gjakova held an event to demonstrate the functions of a newly opened reception area designed to bring healthcare services and health education together in one practical, patient-centred space. Hospital representatives presented the reception area\u2019s multiple functions [&hellip;]<\/p>","protected":false},"author":1,"featured_media":0,"parent":0,"menu_order":0,"comment_status":"closed","ping_status":"closed","template":"","meta":[],"_links":{"self":[{"href":"https:\/\/ihsproject.org\/sr\/wp-json\/wp\/v2\/pages\/15517"}],"collection":[{"href":"https:\/\/ihsproject.org\/sr\/wp-json\/wp\/v2\/pages"}],"about":[{"href":"https:\/\/ihsproject.org\/sr\/wp-json\/wp\/v2\/types\/page"}],"author":[{"embeddable":true,"href":"https:\/\/ihsproject.org\/sr\/wp-json\/wp\/v2\/users\/1"}],"replies":[{"embeddable":true,"href":"https:\/\/ihsproject.org\/sr\/wp-json\/wp\/v2\/comments?post=15517"}],"version-history":[{"count":4,"href":"https:\/\/ihsproject.org\/sr\/wp-json\/wp\/v2\/pages\/15517\/revisions"}],"predecessor-version":[{"id":15522,"href":"https:\/\/ihsproject.org\/sr\/wp-json\/wp\/v2\/pages\/15517\/revisions\/15522"}],"wp:attachment":[{"href":"https:\/\/ihsproject.org\/sr\/wp-json\/wp\/v2\/media?parent=15517"}],"curies":[{"name":"wp","href":"https:\/\/api.w.org\/{rel}","templated":true}]}}