{"id":15482,"date":"2026-01-22T10:08:37","date_gmt":"2026-01-22T10:08:37","guid":{"rendered":"https:\/\/ihsproject.org\/?page_id=15482"},"modified":"2026-01-22T10:11:43","modified_gmt":"2026-01-22T10:11:43","slug":"january-22-2026","status":"publish","type":"page","link":"https:\/\/ihsproject.org\/sr\/january-22-2026\/","title":{"rendered":"22 Januar 2026"},"content":{"rendered":"<div data-elementor-type=\"wp-page\" data-elementor-id=\"15482\" class=\"elementor elementor-15482\">\n\t\t\t\t<div class=\"elementor-element elementor-element-1b40073 e-flex e-con-boxed e-con e-parent\" data-id=\"1b40073\" data-element_type=\"container\" data-core-v316-plus=\"true\">\n\t\t\t\t\t<div class=\"e-con-inner\">\n\t\t\t\t<div class=\"elementor-element elementor-element-350a8e4 elementor-widget elementor-widget-image\" data-id=\"350a8e4\" data-element_type=\"widget\" data-widget_type=\"image.default\">\n\t\t\t\t<div class=\"elementor-widget-container\">\n\t\t\t\t\t\t\t\t\t\t\t\t\t<img fetchpriority=\"high\" decoding=\"async\" width=\"1600\" height=\"900\" src=\"https:\/\/ihsproject.org\/wp-content\/uploads\/2026\/01\/Swiss-TPH-Kosovo-Joins-the-NCD-Alliance-As-Full-Member.jpg\" class=\"attachment-full size-full wp-image-15481\" alt=\"\" srcset=\"https:\/\/ihsproject.org\/wp-content\/uploads\/2026\/01\/Swiss-TPH-Kosovo-Joins-the-NCD-Alliance-As-Full-Member.jpg 1600w, https:\/\/ihsproject.org\/wp-content\/uploads\/2026\/01\/Swiss-TPH-Kosovo-Joins-the-NCD-Alliance-As-Full-Member-300x169.jpg 300w, https:\/\/ihsproject.org\/wp-content\/uploads\/2026\/01\/Swiss-TPH-Kosovo-Joins-the-NCD-Alliance-As-Full-Member-1024x576.jpg 1024w, https:\/\/ihsproject.org\/wp-content\/uploads\/2026\/01\/Swiss-TPH-Kosovo-Joins-the-NCD-Alliance-As-Full-Member-768x432.jpg 768w, https:\/\/ihsproject.org\/wp-content\/uploads\/2026\/01\/Swiss-TPH-Kosovo-Joins-the-NCD-Alliance-As-Full-Member-1536x864.jpg 1536w, https:\/\/ihsproject.org\/wp-content\/uploads\/2026\/01\/Swiss-TPH-Kosovo-Joins-the-NCD-Alliance-As-Full-Member-18x10.jpg 18w\" sizes=\"(max-width: 1600px) 100vw, 1600px\" \/>\t\t\t\t\t\t\t\t\t\t\t\t\t<\/div>\n\t\t\t\t<\/div>\n\t\t\t\t\t<\/div>\n\t\t\t\t<\/div>\n\t\t<div class=\"elementor-element elementor-element-bcdd481 e-flex e-con-boxed e-con e-parent\" data-id=\"bcdd481\" data-element_type=\"container\" data-core-v316-plus=\"true\">\n\t\t\t\t\t<div class=\"e-con-inner\">\n\t\t\t\t<div class=\"elementor-element elementor-element-59040ac elementor-widget elementor-widget-heading\" data-id=\"59040ac\" data-element_type=\"widget\" data-widget_type=\"heading.default\">\n\t\t\t\t<div class=\"elementor-widget-container\">\n\t\t\t<h2 class=\"elementor-heading-title elementor-size-default\">Swiss TPH Kosovo postaje punopravni \u010dlan NCD Alliance<\/h2>\t\t<\/div>\n\t\t\t\t<\/div>\n\t\t\t\t<div class=\"elementor-element elementor-element-3027f9a elementor-widget elementor-widget-text-editor\" data-id=\"3027f9a\" data-element_type=\"widget\" data-widget_type=\"text-editor.default\">\n\t\t\t\t<div class=\"elementor-widget-container\">\n\t\t\t\t\t\t\t<p style=\"font-weight: 400;\">Swiss Tropical and Public Health Institute Kosovo je sada punopravna \u010dlanica NCD Alliance, kroz projekte Integrisane zdravstvene usluge (IHS) i Pristupa\u010dna i kvalitetna zdravstvena za\u0161tita (AQH). NCD Alliance je globalna mre\u017ea organizacija civilnog dru\u0161tva koja radi na ujedinjavanju, osna\u017eivanju i mobilizaciji zajednice posve\u0107ene hroni\u010dnim nezaraznim bolestima (NCD) \u0161irom sveta.<\/p><p style=\"font-weight: 400;\">Pristupanjem NCD Alliance, Swiss TPH Kosovo postaje deo globalnog pokreta posve\u0107enog unapre\u0111enju pristupa usmerenih na \u010doveka u prevenciji, le\u010denju i zagovaranju u oblasti hroni\u010dnih nezaraznih bolesti, u skladu sa vizijom NCD Alliance o svetu u kojem svi ljudi mogu da \u017eive zdrave \u017eivote, bez preventabilnih hroni\u010dnih nezaraznih bolesti.<\/p><p style=\"font-weight: 400;\">Kao punopravna \u010dlanica, Swiss TPH Kosovo \u0107e se anga\u017eovati u globalnim i regionalnim inicijativama zagovaranja, platformama za razmenu znanja, politi\u010dkim dijalozima i doga\u0111ajima na visokom nivou. Ovo \u010dlanstvo dodatno ja\u010da sposobnost da unapredimo vidljivost rada koji sprovodimo, doprinesemo globalnim kampanjama i sara\u0111ujemo sa partnerima civilnog dru\u0161tva u unapre\u0111enju inkluzivnih i na dokazima zasnovanih politika u oblasti hroni\u010dnih nezaraznih bolesti.<\/p>\t\t\t\t\t\t<\/div>\n\t\t\t\t<\/div>\n\t\t\t\t\t<\/div>\n\t\t\t\t<\/div>\n\t\t\t\t<\/div>","protected":false},"excerpt":{"rendered":"<p>Swiss TPH Kosovo Joins the NCD Alliance As Full Member Swiss Tropical and Public Health Institute Kosovo is now full member in the NCD Alliance through its Integrated Health Services (IHS) and Accessible Quality Healthcare (AQH) projects. The NCD Alliance is a global civil society network working to unite, strengthen, and mobilise the noncommunicable disease [&hellip;]<\/p>","protected":false},"author":1,"featured_media":0,"parent":0,"menu_order":0,"comment_status":"closed","ping_status":"closed","template":"","meta":[],"_links":{"self":[{"href":"https:\/\/ihsproject.org\/sr\/wp-json\/wp\/v2\/pages\/15482"}],"collection":[{"href":"https:\/\/ihsproject.org\/sr\/wp-json\/wp\/v2\/pages"}],"about":[{"href":"https:\/\/ihsproject.org\/sr\/wp-json\/wp\/v2\/types\/page"}],"author":[{"embeddable":true,"href":"https:\/\/ihsproject.org\/sr\/wp-json\/wp\/v2\/users\/1"}],"replies":[{"embeddable":true,"href":"https:\/\/ihsproject.org\/sr\/wp-json\/wp\/v2\/comments?post=15482"}],"version-history":[{"count":4,"href":"https:\/\/ihsproject.org\/sr\/wp-json\/wp\/v2\/pages\/15482\/revisions"}],"predecessor-version":[{"id":15488,"href":"https:\/\/ihsproject.org\/sr\/wp-json\/wp\/v2\/pages\/15482\/revisions\/15488"}],"wp:attachment":[{"href":"https:\/\/ihsproject.org\/sr\/wp-json\/wp\/v2\/media?parent=15482"}],"curies":[{"name":"wp","href":"https:\/\/api.w.org\/{rel}","templated":true}]}}