{"id":15454,"date":"2026-01-12T14:01:38","date_gmt":"2026-01-12T14:01:38","guid":{"rendered":"https:\/\/ihsproject.org\/?page_id=15454"},"modified":"2026-01-12T14:03:46","modified_gmt":"2026-01-12T14:03:46","slug":"january-12-2026","status":"publish","type":"page","link":"https:\/\/ihsproject.org\/sr\/january-12-2026\/","title":{"rendered":"12 Januar 2026"},"content":{"rendered":"<div data-elementor-type=\"wp-page\" data-elementor-id=\"15454\" class=\"elementor elementor-15454\">\n\t\t\t\t<div class=\"elementor-element elementor-element-299f6ab e-flex e-con-boxed e-con e-parent\" data-id=\"299f6ab\" data-element_type=\"container\" data-core-v316-plus=\"true\">\n\t\t\t\t\t<div class=\"e-con-inner\">\n\t\t\t\t<div class=\"elementor-element elementor-element-9af323b elementor-widget elementor-widget-image\" data-id=\"9af323b\" data-element_type=\"widget\" data-widget_type=\"image.default\">\n\t\t\t\t<div class=\"elementor-widget-container\">\n\t\t\t\t\t\t\t\t\t\t\t\t\t<img fetchpriority=\"high\" decoding=\"async\" width=\"1600\" height=\"900\" src=\"https:\/\/ihsproject.org\/wp-content\/uploads\/2026\/01\/Five-General-Hospitals-Complete-Self-Assessment.jpg\" class=\"attachment-full size-full wp-image-15458\" alt=\"\" srcset=\"https:\/\/ihsproject.org\/wp-content\/uploads\/2026\/01\/Five-General-Hospitals-Complete-Self-Assessment.jpg 1600w, https:\/\/ihsproject.org\/wp-content\/uploads\/2026\/01\/Five-General-Hospitals-Complete-Self-Assessment-300x169.jpg 300w, https:\/\/ihsproject.org\/wp-content\/uploads\/2026\/01\/Five-General-Hospitals-Complete-Self-Assessment-1024x576.jpg 1024w, https:\/\/ihsproject.org\/wp-content\/uploads\/2026\/01\/Five-General-Hospitals-Complete-Self-Assessment-768x432.jpg 768w, https:\/\/ihsproject.org\/wp-content\/uploads\/2026\/01\/Five-General-Hospitals-Complete-Self-Assessment-1536x864.jpg 1536w, https:\/\/ihsproject.org\/wp-content\/uploads\/2026\/01\/Five-General-Hospitals-Complete-Self-Assessment-18x10.jpg 18w\" sizes=\"(max-width: 1600px) 100vw, 1600px\" \/>\t\t\t\t\t\t\t\t\t\t\t\t\t<\/div>\n\t\t\t\t<\/div>\n\t\t\t\t\t<\/div>\n\t\t\t\t<\/div>\n\t\t<div class=\"elementor-element elementor-element-8b4d350 e-flex e-con-boxed e-con e-parent\" data-id=\"8b4d350\" data-element_type=\"container\" data-core-v316-plus=\"true\">\n\t\t\t\t\t<div class=\"e-con-inner\">\n\t\t\t\t<div class=\"elementor-element elementor-element-54d3e89 elementor-widget elementor-widget-heading\" data-id=\"54d3e89\" data-element_type=\"widget\" data-widget_type=\"heading.default\">\n\t\t\t\t<div class=\"elementor-widget-container\">\n\t\t\t<h2 class=\"elementor-heading-title elementor-size-default\">Pet op\u0161tih bolnica zavr\u0161ilo samoprocenu<\/h2>\t\t<\/div>\n\t\t\t\t<\/div>\n\t\t\t\t<div class=\"elementor-element elementor-element-4ec8dd2 elementor-widget elementor-widget-text-editor\" data-id=\"4ec8dd2\" data-element_type=\"widget\" data-widget_type=\"text-editor.default\">\n\t\t\t\t<div class=\"elementor-widget-container\">\n\t\t\t\t\t\t\t<p style=\"font-weight: 400;\">Tokom poslednje dve nedelje decembra 2025. godine, Op\u0161te bolnice u Mitrovici, Ferizaju, Gnjilanu, Vu\u010ditrnu i Prizrenu zavr\u0161ile su strukturisanu samoprocenu zasnovanu na me\u0111unarodno priznatim standardima Zdravstveno promotivnih bolnica (HPH) 2020. Ovaj proces predstavlja novi korak ka ja\u010danju zdravstvene za\u0161tite usmerene na pacijente i promociju zdravlja na Kosovu.<\/p><p style=\"font-weight: 400;\">Procena je sprovedena u saradnji sa Klini\u010dko-bolni\u010dkom univerzitetskom slu\u017ebom Kosova, uz podr\u0161ku Projekta integrisanih zdravstvenih usluga (IHS). Projekat IHS je inicirao proces samoprocene op\u0161tih bolnica u skladu sa Standardima 2020 za zdravstveno promotivne bolnice i zdravstvene usluge. Ova inicijativa se zasniva na iskustvima ste\u010denim tokom sprovo\u0111enja ovog procesa u Op\u0161tim bolnicama u Pe\u0107i i \u0110akovici, koje su od marta 2024. godine \u010dlanice Me\u0111unarodne mre\u017ee zdravstveno promotivnih bolnica i zdravstvenih usluga (HPH).<\/p><p style=\"font-weight: 400;\">Multidisciplinarni bolni\u010dki timovi analizirali su svoje politike, strukture i svakodnevne prakse koriste\u0107i HPH 2020 alate za samoprocenu, identifikuju\u0107i prednosti, nedostatke i prioritetne oblasti za unapre\u0111enje promocije zdravlja i sekundarne prevencije, posebno za pacijente sa hroni\u010dnim bolestima. Proces su facilitirala tri lokalna eksterno anga\u017eovana facilitatora i oslanjao se na prethodna iskustva op\u0161tih bolnica u Pe\u0107i i \u0110akovici.<\/p><p style=\"font-weight: 400;\">Rezultati \u0107e biti objedinjeni u pet izve\u0161taja specifi\u010dnih za svaku bolnicu, kao i u jedan zbirni me\u0111ubolni\u010dki izve\u0161taj, koji \u0107e predstavljati \u010dvrstu bazu dokaza za budu\u0107e planiranje, unapre\u0111enje kvaliteta i dijalog o zdravstvenim politikama na nacionalnom nivou u oblasti zdravstveno promotivnih bolnica na Kosovu.<\/p>\t\t\t\t\t\t<\/div>\n\t\t\t\t<\/div>\n\t\t\t\t\t<\/div>\n\t\t\t\t<\/div>\n\t\t\t\t<\/div>","protected":false},"excerpt":{"rendered":"<p>Five General Hospitals Complete Self-Assessment In the last two weeks of December 2025, the General Hospitals of Mitrovica, Ferizaj, Gjilan, Vushtrri, and Prizren completed the structured self-assessment based on the internationally recognised Health Promoting Hospitals (HPH) 2020 standards. This marks a new step toward strengthening patient-centred and health-promoting care in Kosovo. The assessment was conducted [&hellip;]<\/p>","protected":false},"author":1,"featured_media":0,"parent":0,"menu_order":0,"comment_status":"closed","ping_status":"closed","template":"","meta":[],"_links":{"self":[{"href":"https:\/\/ihsproject.org\/sr\/wp-json\/wp\/v2\/pages\/15454"}],"collection":[{"href":"https:\/\/ihsproject.org\/sr\/wp-json\/wp\/v2\/pages"}],"about":[{"href":"https:\/\/ihsproject.org\/sr\/wp-json\/wp\/v2\/types\/page"}],"author":[{"embeddable":true,"href":"https:\/\/ihsproject.org\/sr\/wp-json\/wp\/v2\/users\/1"}],"replies":[{"embeddable":true,"href":"https:\/\/ihsproject.org\/sr\/wp-json\/wp\/v2\/comments?post=15454"}],"version-history":[{"count":4,"href":"https:\/\/ihsproject.org\/sr\/wp-json\/wp\/v2\/pages\/15454\/revisions"}],"predecessor-version":[{"id":15461,"href":"https:\/\/ihsproject.org\/sr\/wp-json\/wp\/v2\/pages\/15454\/revisions\/15461"}],"wp:attachment":[{"href":"https:\/\/ihsproject.org\/sr\/wp-json\/wp\/v2\/media?parent=15454"}],"curies":[{"name":"wp","href":"https:\/\/api.w.org\/{rel}","templated":true}]}}