{"id":15422,"date":"2025-12-18T07:39:54","date_gmt":"2025-12-18T07:39:54","guid":{"rendered":"https:\/\/ihsproject.org\/?page_id=15422"},"modified":"2025-12-18T07:41:29","modified_gmt":"2025-12-18T07:41:29","slug":"december-18-2025","status":"publish","type":"page","link":"https:\/\/ihsproject.org\/sr\/december-18-2025\/","title":{"rendered":"18 Decembar 2025"},"content":{"rendered":"<div data-elementor-type=\"wp-page\" data-elementor-id=\"15422\" class=\"elementor elementor-15422\">\n\t\t\t\t<div class=\"elementor-element elementor-element-f8527b4 e-flex e-con-boxed e-con e-parent\" data-id=\"f8527b4\" data-element_type=\"container\" data-core-v316-plus=\"true\">\n\t\t\t\t\t<div class=\"e-con-inner\">\n\t\t\t\t<div class=\"elementor-element elementor-element-72d4719 elementor-widget elementor-widget-image\" data-id=\"72d4719\" data-element_type=\"widget\" data-widget_type=\"image.default\">\n\t\t\t\t<div class=\"elementor-widget-container\">\n\t\t\t\t\t\t\t\t\t\t\t\t\t<img fetchpriority=\"high\" decoding=\"async\" width=\"1600\" height=\"900\" src=\"https:\/\/ihsproject.org\/wp-content\/uploads\/2025\/12\/First-Cohort-Completes-Training-on-Clinical-Practice-Guidelines-Adaptation.jpg\" class=\"attachment-full size-full wp-image-15414\" alt=\"\" srcset=\"https:\/\/ihsproject.org\/wp-content\/uploads\/2025\/12\/First-Cohort-Completes-Training-on-Clinical-Practice-Guidelines-Adaptation.jpg 1600w, https:\/\/ihsproject.org\/wp-content\/uploads\/2025\/12\/First-Cohort-Completes-Training-on-Clinical-Practice-Guidelines-Adaptation-300x169.jpg 300w, https:\/\/ihsproject.org\/wp-content\/uploads\/2025\/12\/First-Cohort-Completes-Training-on-Clinical-Practice-Guidelines-Adaptation-1024x576.jpg 1024w, https:\/\/ihsproject.org\/wp-content\/uploads\/2025\/12\/First-Cohort-Completes-Training-on-Clinical-Practice-Guidelines-Adaptation-768x432.jpg 768w, https:\/\/ihsproject.org\/wp-content\/uploads\/2025\/12\/First-Cohort-Completes-Training-on-Clinical-Practice-Guidelines-Adaptation-1536x864.jpg 1536w, https:\/\/ihsproject.org\/wp-content\/uploads\/2025\/12\/First-Cohort-Completes-Training-on-Clinical-Practice-Guidelines-Adaptation-18x10.jpg 18w\" sizes=\"(max-width: 1600px) 100vw, 1600px\" \/>\t\t\t\t\t\t\t\t\t\t\t\t\t<\/div>\n\t\t\t\t<\/div>\n\t\t\t\t\t<\/div>\n\t\t\t\t<\/div>\n\t\t<div class=\"elementor-element elementor-element-9db210b e-flex e-con-boxed e-con e-parent\" data-id=\"9db210b\" data-element_type=\"container\" data-core-v316-plus=\"true\">\n\t\t\t\t\t<div class=\"e-con-inner\">\n\t\t\t\t<div class=\"elementor-element elementor-element-a42a433 elementor-widget elementor-widget-heading\" data-id=\"a42a433\" data-element_type=\"widget\" data-widget_type=\"heading.default\">\n\t\t\t\t<div class=\"elementor-widget-container\">\n\t\t\t<h2 class=\"elementor-heading-title elementor-size-default\">Prva kohorta zavr\u0161ila obuku o prilago\u0111avanju smernica klini\u010dke prakse<\/h2>\t\t<\/div>\n\t\t\t\t<\/div>\n\t\t\t\t<div class=\"elementor-element elementor-element-6e9e30f elementor-widget elementor-widget-text-editor\" data-id=\"6e9e30f\" data-element_type=\"widget\" data-widget_type=\"text-editor.default\">\n\t\t\t\t<div class=\"elementor-widget-container\">\n\t\t\t\t\t\t\t<p style=\"font-weight: 400;\">Dana 17. decembra 2025. godine, prva kohorta koju su \u010dinili zdravstveni radnici, klini\u010dki stru\u010dnjaci i osoblje Ministarstva zdravlja uspe\u0161no je zavr\u0161ila trodnevnu intenzivnu obuku o metodologiji razvoja i prilago\u0111avanja smernica klini\u010dke prakse (KSP) i klini\u010dkih protokola. Obuka podr\u017eava strate\u0161ki cilj Ministarstva zdravlja da oja\u010da klini\u010dko dono\u0161enje odluka zasnovano na dokazima, konzistentno i nacionalno relevantno u celom zdravstvenom sistemu Kosova.<\/p><p style=\"font-weight: 400;\">Program se fokusirao na opremanje u\u010desnika prakti\u010dnim znanjem i ve\u0161tinama za prilago\u0111avanje me\u0111unarodnih smernica o klini\u010dkoj praksi nacionalnom i lokalnom kontekstu Kosova. U\u010desnici su istra\u017eivali strukturirane metodologije prilago\u0111avanja smernica s ciljem pobolj\u0161anja kvaliteta zdravstvenih usluga, sigurnosti pacijenata, upravljanja bolestima i klini\u010dkog upravljanja, uz osiguranje uskla\u0111enosti s nacionalnim prioritetima.<\/p><p style=\"font-weight: 400;\">\"U mojoj ulozi kreatora politika, u\u010de\u0161\u0107e u ovoj obuci bilo je klju\u010dno za uskla\u0111ivanje nacionalnih zdravstvenih politika s me\u0111unarodnim klini\u010dkim standardima\", rekla je Ariana Qerimi, \u0161efica Odeljenja za javno zdravstvo Ministarstva zdravlja.<\/p>\t\t\t\t\t\t<\/div>\n\t\t\t\t<\/div>\n\t\t\t\t\t<\/div>\n\t\t\t\t<\/div>\n\t\t\t\t<\/div>","protected":false},"excerpt":{"rendered":"<p>First Cohort Completes Training on Clinical Practice Guidelines Adaptation On 17 December 2025, the first cohort comprising health professionals, clinical experts, and Ministry of Health staff successfully completed a three-day intensive training on methodology of development and adaptation of Clinical Practice Guidelines (CPGs) and clinical protocols. The training supports the Ministry of Health\u2019s strategic objective [&hellip;]<\/p>","protected":false},"author":1,"featured_media":0,"parent":0,"menu_order":0,"comment_status":"closed","ping_status":"closed","template":"","meta":[],"_links":{"self":[{"href":"https:\/\/ihsproject.org\/sr\/wp-json\/wp\/v2\/pages\/15422"}],"collection":[{"href":"https:\/\/ihsproject.org\/sr\/wp-json\/wp\/v2\/pages"}],"about":[{"href":"https:\/\/ihsproject.org\/sr\/wp-json\/wp\/v2\/types\/page"}],"author":[{"embeddable":true,"href":"https:\/\/ihsproject.org\/sr\/wp-json\/wp\/v2\/users\/1"}],"replies":[{"embeddable":true,"href":"https:\/\/ihsproject.org\/sr\/wp-json\/wp\/v2\/comments?post=15422"}],"version-history":[{"count":4,"href":"https:\/\/ihsproject.org\/sr\/wp-json\/wp\/v2\/pages\/15422\/revisions"}],"predecessor-version":[{"id":15430,"href":"https:\/\/ihsproject.org\/sr\/wp-json\/wp\/v2\/pages\/15422\/revisions\/15430"}],"wp:attachment":[{"href":"https:\/\/ihsproject.org\/sr\/wp-json\/wp\/v2\/media?parent=15422"}],"curies":[{"name":"wp","href":"https:\/\/api.w.org\/{rel}","templated":true}]}}