{"id":15361,"date":"2025-12-11T16:31:07","date_gmt":"2025-12-11T16:31:07","guid":{"rendered":"https:\/\/ihsproject.org\/?page_id=15361"},"modified":"2025-12-11T16:32:48","modified_gmt":"2025-12-11T16:32:48","slug":"december-11-2025","status":"publish","type":"page","link":"https:\/\/ihsproject.org\/sr\/december-11-2025\/","title":{"rendered":"11 Decembar 2025"},"content":{"rendered":"<div data-elementor-type=\"wp-page\" data-elementor-id=\"15361\" class=\"elementor elementor-15361\">\n\t\t\t\t<div class=\"elementor-element elementor-element-d740570 e-flex e-con-boxed e-con e-parent\" data-id=\"d740570\" data-element_type=\"container\" data-core-v316-plus=\"true\">\n\t\t\t\t\t<div class=\"e-con-inner\">\n\t\t\t\t<div class=\"elementor-element elementor-element-2b0cf13 elementor-widget elementor-widget-image\" data-id=\"2b0cf13\" data-element_type=\"widget\" data-widget_type=\"image.default\">\n\t\t\t\t<div class=\"elementor-widget-container\">\n\t\t\t\t\t\t\t\t\t\t\t\t\t<img fetchpriority=\"high\" decoding=\"async\" width=\"1600\" height=\"900\" src=\"https:\/\/ihsproject.org\/wp-content\/uploads\/2025\/12\/Nine-Health-Professionals-Complete-Accredited-EMNG-Training.jpg\" class=\"attachment-full size-full wp-image-15360\" alt=\"\" srcset=\"https:\/\/ihsproject.org\/wp-content\/uploads\/2025\/12\/Nine-Health-Professionals-Complete-Accredited-EMNG-Training.jpg 1600w, https:\/\/ihsproject.org\/wp-content\/uploads\/2025\/12\/Nine-Health-Professionals-Complete-Accredited-EMNG-Training-300x169.jpg 300w, https:\/\/ihsproject.org\/wp-content\/uploads\/2025\/12\/Nine-Health-Professionals-Complete-Accredited-EMNG-Training-1024x576.jpg 1024w, https:\/\/ihsproject.org\/wp-content\/uploads\/2025\/12\/Nine-Health-Professionals-Complete-Accredited-EMNG-Training-768x432.jpg 768w, https:\/\/ihsproject.org\/wp-content\/uploads\/2025\/12\/Nine-Health-Professionals-Complete-Accredited-EMNG-Training-1536x864.jpg 1536w, https:\/\/ihsproject.org\/wp-content\/uploads\/2025\/12\/Nine-Health-Professionals-Complete-Accredited-EMNG-Training-18x10.jpg 18w\" sizes=\"(max-width: 1600px) 100vw, 1600px\" \/>\t\t\t\t\t\t\t\t\t\t\t\t\t<\/div>\n\t\t\t\t<\/div>\n\t\t\t\t\t<\/div>\n\t\t\t\t<\/div>\n\t\t<div class=\"elementor-element elementor-element-69e57b2 e-flex e-con-boxed e-con e-parent\" data-id=\"69e57b2\" data-element_type=\"container\" data-core-v316-plus=\"true\">\n\t\t\t\t\t<div class=\"e-con-inner\">\n\t\t\t\t<div class=\"elementor-element elementor-element-273b7aa elementor-widget elementor-widget-heading\" data-id=\"273b7aa\" data-element_type=\"widget\" data-widget_type=\"heading.default\">\n\t\t\t\t<div class=\"elementor-widget-container\">\n\t\t\t<h2 class=\"elementor-heading-title elementor-size-default\">Devet zdravstvenih radnika zavr\u0161ilo akreditovanu EMNG obuku<\/h2>\t\t<\/div>\n\t\t\t\t<\/div>\n\t\t\t\t<div class=\"elementor-element elementor-element-9027ef1 elementor-widget elementor-widget-text-editor\" data-id=\"9027ef1\" data-element_type=\"widget\" data-widget_type=\"text-editor.default\">\n\t\t\t\t<div class=\"elementor-widget-container\">\n\t\t\t\t\t\t\t<p style=\"font-weight: 400;\">Nedavno je devet zdravstvenih radnika uspe\u0161no zavr\u0161ilo 20-dnevnu akreditovanu obuku iz elektromioneurografije (EMNG), \u0161to je va\u017ean korak u ja\u010danju kapaciteta za modernu dijagnostiku u cilju spre\u010davanja komplikacija neuromiopatije kod dijabeti\u010dara na Kosovu.<\/p><p style=\"font-weight: 400;\">Obuka koja je odr\u017eana u Op\u0161tim bolnicama (OPB) u Pe\u0107i i \u0110akovici akreditovana je od strane Lekarske komore Kosova. Me\u0111u u\u010desnicima su bila dva neurologa iz OB Pe\u0107, dva iz OB \u0110akovica, tri iz Univerzitetskog klini\u010dkog centra Kosova (UKCK), kao i dve medicinske sestre, jedna iz \u0110akovice i jedna iz UKCK-a.<\/p><p style=\"font-weight: 400;\">Kurs su vodili dr. Dren Boshnjaku i prof. dr. Vera Kukaj, dva ugledna stru\u010dnjaka u ovoj oblasti. \u0160ira upotreba EMNG-a sada \u0107e podr\u017eati raniju identifikaciju komplikacija uzrokovanih nezaraznim bolestima.<\/p><p style=\"font-weight: 400;\">Trener dr. Dren Boshnjaku zahvalio se projektu IHS na podr\u0161ci, napominju\u0107i da je saradnja omogu\u0107ila razvoj novih usluga u op\u0161tim bolnicama u Pe\u0107i i \u0110akovici, a istovremeno je oja\u010dala kapacitete unutar Neurolo\u0161ke klinike u UKCK-u. Ovaj napredak, dodao je, klju\u010dan je za pru\u017eanje visokokvalitetne nege pacijentima.<\/p><p style=\"font-weight: 400;\">Stru\u010dnjaci koji su uspe\u0161no zavr\u0161ili obuku su: dr. Valon Shala, dr. Shefqet Shala, dr. Ilire Zajmi Pozhari, dr. Granit Xhiha, dr. Fatlum Azizi, dr. Adnan Biqku, dr. Gentian Lila, kao i medicinske sestre Butrint Stavileci i Lumnije Maloku.<\/p><p style=\"font-weight: 400;\">Obuka, koju podr\u017eava projekat IHS, doprinosi odr\u017eavanju mogu\u0107nosti kontinuiranog profesionalnog razvoja za radnu snagu u zdravstvenom sektoru na Kosovu.<\/p>\t\t\t\t\t\t<\/div>\n\t\t\t\t<\/div>\n\t\t\t\t\t<\/div>\n\t\t\t\t<\/div>\n\t\t\t\t<\/div>","protected":false},"excerpt":{"rendered":"<p>Nine Health Professionals Complete Accredited EMNG Training Recently, nine health professionals successfully completed a 20-day accredited training in Electromyoneurography (EMNG), marking an important step in strengthening capacities for modern diagnostics to prevent neuromyopathy complications in diabetic patients in Kosovo. The training that was held at the General Hospitals (GH) of Peja and Gjakova was accredited [&hellip;]<\/p>","protected":false},"author":1,"featured_media":0,"parent":0,"menu_order":0,"comment_status":"closed","ping_status":"closed","template":"","meta":[],"_links":{"self":[{"href":"https:\/\/ihsproject.org\/sr\/wp-json\/wp\/v2\/pages\/15361"}],"collection":[{"href":"https:\/\/ihsproject.org\/sr\/wp-json\/wp\/v2\/pages"}],"about":[{"href":"https:\/\/ihsproject.org\/sr\/wp-json\/wp\/v2\/types\/page"}],"author":[{"embeddable":true,"href":"https:\/\/ihsproject.org\/sr\/wp-json\/wp\/v2\/users\/1"}],"replies":[{"embeddable":true,"href":"https:\/\/ihsproject.org\/sr\/wp-json\/wp\/v2\/comments?post=15361"}],"version-history":[{"count":4,"href":"https:\/\/ihsproject.org\/sr\/wp-json\/wp\/v2\/pages\/15361\/revisions"}],"predecessor-version":[{"id":15366,"href":"https:\/\/ihsproject.org\/sr\/wp-json\/wp\/v2\/pages\/15361\/revisions\/15366"}],"wp:attachment":[{"href":"https:\/\/ihsproject.org\/sr\/wp-json\/wp\/v2\/media?parent=15361"}],"curies":[{"name":"wp","href":"https:\/\/api.w.org\/{rel}","templated":true}]}}