{"id":15331,"date":"2025-12-04T10:27:20","date_gmt":"2025-12-04T10:27:20","guid":{"rendered":"https:\/\/ihsproject.org\/?page_id=15331"},"modified":"2025-12-04T10:29:07","modified_gmt":"2025-12-04T10:29:07","slug":"december-04-2025","status":"publish","type":"page","link":"https:\/\/ihsproject.org\/sr\/december-04-2025\/","title":{"rendered":"04 Decembar 2025"},"content":{"rendered":"<div data-elementor-type=\"wp-page\" data-elementor-id=\"15331\" class=\"elementor elementor-15331\">\n\t\t\t\t<div class=\"elementor-element elementor-element-fa6897b e-flex e-con-boxed e-con e-parent\" data-id=\"fa6897b\" data-element_type=\"container\" data-core-v316-plus=\"true\">\n\t\t\t\t\t<div class=\"e-con-inner\">\n\t\t\t\t<div class=\"elementor-element elementor-element-7f4b461 elementor-widget elementor-widget-image\" data-id=\"7f4b461\" data-element_type=\"widget\" data-widget_type=\"image.default\">\n\t\t\t\t<div class=\"elementor-widget-container\">\n\t\t\t\t\t\t\t\t\t\t\t\t\t<img fetchpriority=\"high\" decoding=\"async\" width=\"1600\" height=\"900\" src=\"https:\/\/ihsproject.org\/wp-content\/uploads\/2025\/12\/Joint-Steering-Committee-Meetings-of-AQH-and-IHS-Reviewed-Progress-and-Confirmed-2026-Priorities.jpg\" class=\"attachment-full size-full wp-image-15329\" alt=\"\" srcset=\"https:\/\/ihsproject.org\/wp-content\/uploads\/2025\/12\/Joint-Steering-Committee-Meetings-of-AQH-and-IHS-Reviewed-Progress-and-Confirmed-2026-Priorities.jpg 1600w, https:\/\/ihsproject.org\/wp-content\/uploads\/2025\/12\/Joint-Steering-Committee-Meetings-of-AQH-and-IHS-Reviewed-Progress-and-Confirmed-2026-Priorities-300x169.jpg 300w, https:\/\/ihsproject.org\/wp-content\/uploads\/2025\/12\/Joint-Steering-Committee-Meetings-of-AQH-and-IHS-Reviewed-Progress-and-Confirmed-2026-Priorities-1024x576.jpg 1024w, https:\/\/ihsproject.org\/wp-content\/uploads\/2025\/12\/Joint-Steering-Committee-Meetings-of-AQH-and-IHS-Reviewed-Progress-and-Confirmed-2026-Priorities-768x432.jpg 768w, https:\/\/ihsproject.org\/wp-content\/uploads\/2025\/12\/Joint-Steering-Committee-Meetings-of-AQH-and-IHS-Reviewed-Progress-and-Confirmed-2026-Priorities-1536x864.jpg 1536w, https:\/\/ihsproject.org\/wp-content\/uploads\/2025\/12\/Joint-Steering-Committee-Meetings-of-AQH-and-IHS-Reviewed-Progress-and-Confirmed-2026-Priorities-18x10.jpg 18w\" sizes=\"(max-width: 1600px) 100vw, 1600px\" \/>\t\t\t\t\t\t\t\t\t\t\t\t\t<\/div>\n\t\t\t\t<\/div>\n\t\t\t\t\t<\/div>\n\t\t\t\t<\/div>\n\t\t<div class=\"elementor-element elementor-element-38fdf48 e-flex e-con-boxed e-con e-parent\" data-id=\"38fdf48\" data-element_type=\"container\" data-core-v316-plus=\"true\">\n\t\t\t\t\t<div class=\"e-con-inner\">\n\t\t\t\t<div class=\"elementor-element elementor-element-dbdea57 elementor-widget elementor-widget-heading\" data-id=\"dbdea57\" data-element_type=\"widget\" data-widget_type=\"heading.default\">\n\t\t\t\t<div class=\"elementor-widget-container\">\n\t\t\t<h2 class=\"elementor-heading-title elementor-size-default\">Zajedni\u010dki sastanci Upravnih odbora AQH i IHS pregledali napredak i potvrdili prioritete za 2026. godinu<\/h2>\t\t<\/div>\n\t\t\t\t<\/div>\n\t\t\t\t<div class=\"elementor-element elementor-element-8d3d153 elementor-widget elementor-widget-text-editor\" data-id=\"8d3d153\" data-element_type=\"widget\" data-widget_type=\"text-editor.default\">\n\t\t\t\t<div class=\"elementor-widget-container\">\n\t\t\t\t\t\t\t<p style=\"font-weight: 400;\">Dana 2. decembra 2025. godine, Upravni odbori projekata Accessible Quality Healthcare (AQH) i Integrated Healthcare Services (IHS) odr\u017eali su svoj prvi zajedni\u010dki sastanak kako bi razmotrili napredak i prioritete za 2026. godinu.<\/p><p style=\"font-weight: 400;\">Tokom zvani\u010dne sesije, visoki predstavnici \u0160vajcarske kancelarije za saradnju i Ministarstva zdravlja Kosova odr\u017eali su uvodna obra\u0107anja, nakon \u010dega je usledio pregled i usvajanje Polugodi\u0161njih izve\u0161taja o napretku za 2025. godinu za oba projekta, kao i odobravanje Godi\u0161njih operativnih planova za 2026. godinu, \u010dime je postavljen uskla\u0111en pravac za naredni ciklus implementacije.<\/p><p style=\"font-weight: 400;\">Diskusije su naglasile strate\u0161ke prioritete Ministarstva zdravlja, kontinuirano unapre\u0111enje kvaliteta usluga, kao i zna\u010daj uklju\u010divanja glasa pacijenata i pristupa usmerenog na pacijenta na svim nivoima pru\u017eanja zdravstvene za\u0161tite.<\/p><p style=\"font-weight: 400;\">Dan je uklju\u010divao posete na terenu Op\u0161toj bolnici i Glavnom centru porodi\u010dne medicine u Pe\u0107i, gde su \u010dlanovi mogli da vide rezultate implementacije. Ove posete pru\u017eile su \u010dlanovima Upravnih odbora priliku da se direktno uklju\u010de u razgovore sa zdravstvenim radnicima i pacijentima i da uo\u010de rezultate na sekundarnom i primarnom nivou nege.<\/p><p style=\"font-weight: 400;\">Zajedni\u010dki sastanak okupio je visoke predstavnike Ministarstva zdravlja, \u0160vajcarske kancelarije za saradnju, Klini\u010dko-bolni\u010dke slu\u017ebe Kosova, Nacionalnog instituta za javno zdravlje, Op\u0161tih bolnica Pe\u0107i i \u0110akovice, lokalnog rukovodstva u zdravstvu, Udru\u017eenja za prava pacijenata Kosova i Komora medicinskih sestara, zajedno sa implementacionim timovima projekata.<\/p>\t\t\t\t\t\t<\/div>\n\t\t\t\t<\/div>\n\t\t\t\t\t<\/div>\n\t\t\t\t<\/div>\n\t\t\t\t<\/div>","protected":false},"excerpt":{"rendered":"<p>Joint Steering Committee Meetings of AQH and IHS Reviewed Progress and Confirmed 2026 Priorities On 2 December 2025, the Steering Committees of the Accessible Quality Healthcare (AQH) and Integrated Healthcare Services (IHS) met for the first time in a joint format to review progress and 2026 priorities. In the formal session, seior representatvies of the [&hellip;]<\/p>","protected":false},"author":1,"featured_media":0,"parent":0,"menu_order":0,"comment_status":"closed","ping_status":"closed","template":"","meta":[],"_links":{"self":[{"href":"https:\/\/ihsproject.org\/sr\/wp-json\/wp\/v2\/pages\/15331"}],"collection":[{"href":"https:\/\/ihsproject.org\/sr\/wp-json\/wp\/v2\/pages"}],"about":[{"href":"https:\/\/ihsproject.org\/sr\/wp-json\/wp\/v2\/types\/page"}],"author":[{"embeddable":true,"href":"https:\/\/ihsproject.org\/sr\/wp-json\/wp\/v2\/users\/1"}],"replies":[{"embeddable":true,"href":"https:\/\/ihsproject.org\/sr\/wp-json\/wp\/v2\/comments?post=15331"}],"version-history":[{"count":4,"href":"https:\/\/ihsproject.org\/sr\/wp-json\/wp\/v2\/pages\/15331\/revisions"}],"predecessor-version":[{"id":15336,"href":"https:\/\/ihsproject.org\/sr\/wp-json\/wp\/v2\/pages\/15331\/revisions\/15336"}],"wp:attachment":[{"href":"https:\/\/ihsproject.org\/sr\/wp-json\/wp\/v2\/media?parent=15331"}],"curies":[{"name":"wp","href":"https:\/\/api.w.org\/{rel}","templated":true}]}}