{"id":15276,"date":"2025-10-20T16:10:40","date_gmt":"2025-10-20T16:10:40","guid":{"rendered":"https:\/\/ihsproject.org\/?page_id=15276"},"modified":"2025-10-20T16:42:34","modified_gmt":"2025-10-20T16:42:34","slug":"october-20-2025-impact-story","status":"publish","type":"page","link":"https:\/\/ihsproject.org\/sr\/october-20-2025-impact-story\/","title":{"rendered":"20 Oktobar 2025 - Pri\u010de o uticaju"},"content":{"rendered":"<div data-elementor-type=\"wp-page\" data-elementor-id=\"15276\" class=\"elementor elementor-15276\">\n\t\t\t\t<div class=\"elementor-element elementor-element-20afa54 e-flex e-con-boxed e-con e-parent\" data-id=\"20afa54\" data-element_type=\"container\" data-core-v316-plus=\"true\">\n\t\t\t\t\t<div class=\"e-con-inner\">\n\t\t\t\t<div class=\"elementor-element elementor-element-646b1fc elementor-widget elementor-widget-heading\" data-id=\"646b1fc\" data-element_type=\"widget\" data-widget_type=\"heading.default\">\n\t\t\t\t<div class=\"elementor-widget-container\">\n\t\t\t<h2 class=\"elementor-heading-title elementor-size-default\">Bolnice na Kosovu pribli\u017eavaju dijagnostiku dijabeti\u010dkih komplikacija pacijentima<\/h2>\t\t<\/div>\n\t\t\t\t<\/div>\n\t\t\t\t\t<\/div>\n\t\t\t\t<\/div>\n\t\t<div class=\"elementor-element elementor-element-86a5824 e-flex e-con-boxed e-con e-parent\" data-id=\"86a5824\" data-element_type=\"container\" data-core-v316-plus=\"true\">\n\t\t\t\t\t<div class=\"e-con-inner\">\n\t\t\t\t<div class=\"elementor-element elementor-element-237d553 elementor-widget elementor-widget-text-editor\" data-id=\"237d553\" data-element_type=\"widget\" data-widget_type=\"text-editor.default\">\n\t\t\t\t<div class=\"elementor-widget-container\">\n\t\t\t\t\t\t\t<p class=\"p1\">Do sada su pacijenti u op\u0161tinama poput \u0110akovice i Pe\u0107i imali malo ili nimalo pristupa naprednoj dijagnostici za dijabeti\u010dke neuropatije. Za osobe koje \u017eive s nezaraznim bolestima (NCD), posebno dijabetesom, to je \u010desto zna\u010dilo putovanje vi\u0161e od 80 kilometara do glavnog grada, Pri\u0161tine, radi dijagnoze stanja koja se s vremenom mogu tiho pogor\u0161ati. Mnogi pacijenti, sputani nizom razloga, jednostavno su ostali bez nje. Posledice su obi\u010dno nastajale tek nakon \u0161to je bilo prekasno za reakciju.<\/p>\t\t\t\t\t\t<\/div>\n\t\t\t\t<\/div>\n\t\t\t\t\t<\/div>\n\t\t\t\t<\/div>\n\t\t<div class=\"elementor-element elementor-element-de2f91a e-flex e-con-boxed e-con e-parent\" data-id=\"de2f91a\" data-element_type=\"container\" data-core-v316-plus=\"true\">\n\t\t\t\t\t<div class=\"e-con-inner\">\n\t\t\t\t<div class=\"elementor-element elementor-element-9ae2345 elementor-widget elementor-widget-image\" data-id=\"9ae2345\" data-element_type=\"widget\" data-widget_type=\"image.default\">\n\t\t\t\t<div class=\"elementor-widget-container\">\n\t\t\t\t\t\t\t\t\t\t\t\t\t<img fetchpriority=\"high\" decoding=\"async\" width=\"1024\" height=\"858\" src=\"https:\/\/ihsproject.org\/wp-content\/uploads\/2025\/10\/Kosovos-Hospitals-Bring-Diabetic-Complications-Diagnostics-Closer-to-Patients.jpg\" class=\"attachment-full size-full wp-image-15274\" alt=\"\" srcset=\"https:\/\/ihsproject.org\/wp-content\/uploads\/2025\/10\/Kosovos-Hospitals-Bring-Diabetic-Complications-Diagnostics-Closer-to-Patients.jpg 1024w, https:\/\/ihsproject.org\/wp-content\/uploads\/2025\/10\/Kosovos-Hospitals-Bring-Diabetic-Complications-Diagnostics-Closer-to-Patients-300x251.jpg 300w, https:\/\/ihsproject.org\/wp-content\/uploads\/2025\/10\/Kosovos-Hospitals-Bring-Diabetic-Complications-Diagnostics-Closer-to-Patients-768x644.jpg 768w, https:\/\/ihsproject.org\/wp-content\/uploads\/2025\/10\/Kosovos-Hospitals-Bring-Diabetic-Complications-Diagnostics-Closer-to-Patients-14x12.jpg 14w\" sizes=\"(max-width: 1024px) 100vw, 1024px\" \/>\t\t\t\t\t\t\t\t\t\t\t\t\t<\/div>\n\t\t\t\t<\/div>\n\t\t\t\t<div class=\"elementor-element elementor-element-f368e39 elementor-widget elementor-widget-text-editor\" data-id=\"f368e39\" data-element_type=\"widget\" data-widget_type=\"text-editor.default\">\n\t\t\t\t<div class=\"elementor-widget-container\">\n\t\t\t\t\t\t\t<p class=\"p1\"><em>Neurolozi sa Kosova zavr\u0161ili obuku za EMG<\/em><\/p>\t\t\t\t\t\t<\/div>\n\t\t\t\t<\/div>\n\t\t\t\t<div class=\"elementor-element elementor-element-ca6f311 elementor-widget elementor-widget-text-editor\" data-id=\"ca6f311\" data-element_type=\"widget\" data-widget_type=\"text-editor.default\">\n\t\t\t\t<div class=\"elementor-widget-container\">\n\t\t\t\t\t\t\t<p class=\"p1\">Do sada su pacijenti u op\u0161tinama poput \u0110akovice i Pe\u0107i imali malo ili nimalo pristupa naprednoj dijagnostici za dijabeti\u010dke neuropatije. Za osobe koje \u017eive sa nezaraznim bolestima (NCD), posebno dijabetesom, to je \u010desto zna\u010dilo putovanje od vi\u0161e od 80 kilometara do prestonice, Pri\u0161tine, kako bi dobili dijagnozu stanja koja se mogu neprimetno pogor\u0161avati tokom vremena. Mnogi pacijenti, ometeni raznim razlozima, jednostavno su ostajali bez dijagnoze. Posledice su obi\u010dno dolazile tek kada je bilo prekasno da se reaguje.<\/p><p class=\"p1\">Prime\u0107uju\u0107i ovu veliku prazninu, <a href=\"https:\/\/ihsproject.org\/sr\/\"><span class=\"s1\">Projekat integrisane zdravstvene usluge (IHS)<\/span><\/a> zapo\u010deo je koordiniranu inicijativu za uvo\u0111enje ENMG dijagnostike u regionalne bolnice u zemlji. ENMG je dijagnosti\u010dka metoda koja se koristi za procenu zdravlja mi\u0161i\u0107a i \u017eivaca koji ih kontroli\u0161u. Kod osoba s dijabetesom, ova tehnologija je od vitalnog zna\u010daja: identifikuje simptome neuropatije u ranoj fazi, prati napredovanje stanja i usmerava pravovremene intervencije pre nego \u0161to komplikacije dovedu do ne\u017eeljenih ishoda.<\/p><p class=\"p1\">Kao deo programa, nabavljena je ENMG oprema za op\u0161te bolnice u \u0110akovici i Pe\u0107i. Me\u0111utim, projekat je i\u0161ao dalje od same nabavke opreme. Tako\u0111e je osmi\u0161ljen na\u010din izgradnje <a href=\"https:\/\/www.youtube.com\/watch?v=tEb0ntJC0Qo\"><span class=\"s1\">daljih lokalnih ekspertiza kroz prakti\u010dnu obuku neurologa iz celog Kosova.<\/span><\/a><\/p><p class=\"p1\">\u201eOva obuka je okupila lekare iz op\u0161tih bolnica sa Kosova kako bismo osve\u017eili svoje znanje iz oblasti elektromiografije\u201c, rekao je dr. Valon Shala, jedan od u\u010desnika. Za dr. Adnana Biqkua, struktura kursa je bila klju\u010dna: \u201eObuka je organizovana na na\u010din koji nam omogu\u0107ava da pravilno koristimo metodu za dijagnostikovanje stanja pacijenata.\u201c Obuka, koju su vodili dr. Vera Kukaj i dr. Dren Boshnjaku, imala je za cilj opremiti lekare i teorijskim znanjem i prakti\u010dnim ve\u0161tinama, kako bi se osiguralo da postupak bude ne samo tehni\u010dki ispravan, ve\u0107 i rutinski dostupan u ambulantnim odeljenjima gde mu pacijenti mogu direktno pristupiti, bez pote\u0161ko\u0107a u snala\u017eenju u trenutnim putevima upu\u0107ivanja.<\/p><p class=\"p1\">\u201eCilj je oja\u010dati ljudske resurse koji \u0107e izvoditi ovaj postupak na pacijentima\u201c, rekao je dr. Boshnjaku. Zna\u010dajan finansijski doprinos projekta da se ova oprema u\u010dini dostupnom na obe lokacije izuzetno je cenjen od strane institucija. \u201eOsim toga, obezbe\u0111ena su dva ENMG aparata i, kao rezultat toga, dva regiona, \u0110akovica i Pe\u0107, sada \u0107e imati pristup ovoj usluzi u svojim bolnicama, \u0161to tako\u0111e poma\u017ee u smanjenju optere\u0107enja Univerzitetskog klini\u010dkog centra Kosova. \u0160tavi\u0161e, usluga je sada bli\u017ee mestima stanovanja pacijenata, a istovremeno, medicinsko osoblje prisutno u bolnicama je u mogu\u0107nosti da pru\u017ei kvalifikovanu uslugu.\u201c<\/p><p class=\"p1\">ENMG dijagnostika ve\u0107 pobolj\u0161ava negu pacijenata. Ljudi vi\u0161e ne moraju putovati u glavni grad da bi uradili ovu va\u017enu dijagnostiku. Za dr. Ilire Zajmi, jednu od prisutnih, promena je pozitivna. \u201eMi smo prva grupa specijalista koja prolazi kroz ovu vrstu obuke, tako da verujem da \u0107e biti od velike vrednosti za pacijente. Do sada stanovni\u0161tvo \u0110akovice nije imalo pristup ovoj vrsti usluge. Od sada \u0107e biti dostupna u bolnici u \u0110akovici.\u201d<\/p>\t\t\t\t\t\t<\/div>\n\t\t\t\t<\/div>\n\t\t\t\t\t<\/div>\n\t\t\t\t<\/div>\n\t\t<div class=\"elementor-element elementor-element-9d5263b e-flex e-con-boxed e-con e-parent\" data-id=\"9d5263b\" data-element_type=\"container\" data-core-v316-plus=\"true\">\n\t\t\t\t\t<div class=\"e-con-inner\">\n\t\t<div class=\"elementor-element elementor-element-e08571c e-flex e-con-boxed e-con e-child\" data-id=\"e08571c\" data-element_type=\"container\">\n\t\t\t\t\t<div class=\"e-con-inner\">\n\t\t<div class=\"elementor-element elementor-element-ce93956 e-con-full e-flex e-con e-child\" data-id=\"ce93956\" data-element_type=\"container\">\n\t\t\t\t<div class=\"elementor-element elementor-element-498d2ec elementor-widget elementor-widget-image\" data-id=\"498d2ec\" data-element_type=\"widget\" data-widget_type=\"image.default\">\n\t\t\t\t<div class=\"elementor-widget-container\">\n\t\t\t\t\t\t\t\t\t\t\t\t\t<img decoding=\"async\" width=\"1024\" height=\"1365\" src=\"https:\/\/ihsproject.org\/wp-content\/uploads\/2025\/10\/Kosovos-Hospitals-Bring-Diabetic-Complications-Diagnostics-Closer-to-Patients_2.jpg\" class=\"attachment-full size-full wp-image-15275\" alt=\"\" srcset=\"https:\/\/ihsproject.org\/wp-content\/uploads\/2025\/10\/Kosovos-Hospitals-Bring-Diabetic-Complications-Diagnostics-Closer-to-Patients_2.jpg 1024w, https:\/\/ihsproject.org\/wp-content\/uploads\/2025\/10\/Kosovos-Hospitals-Bring-Diabetic-Complications-Diagnostics-Closer-to-Patients_2-225x300.jpg 225w, https:\/\/ihsproject.org\/wp-content\/uploads\/2025\/10\/Kosovos-Hospitals-Bring-Diabetic-Complications-Diagnostics-Closer-to-Patients_2-768x1024.jpg 768w, https:\/\/ihsproject.org\/wp-content\/uploads\/2025\/10\/Kosovos-Hospitals-Bring-Diabetic-Complications-Diagnostics-Closer-to-Patients_2-9x12.jpg 9w\" sizes=\"(max-width: 1024px) 100vw, 1024px\" \/>\t\t\t\t\t\t\t\t\t\t\t\t\t<\/div>\n\t\t\t\t<\/div>\n\t\t\t\t<div class=\"elementor-element elementor-element-d0f0ebe elementor-widget elementor-widget-text-editor\" data-id=\"d0f0ebe\" data-element_type=\"widget\" data-widget_type=\"text-editor.default\">\n\t\t\t\t<div class=\"elementor-widget-container\">\n\t\t\t\t\t\t\t<p class=\"p1\"><em>U toku je obuka doktora za ENMG u Op\u0161toj bolnici u \u0110akovici, Kosovo<\/em><\/p>\t\t\t\t\t\t<\/div>\n\t\t\t\t<\/div>\n\t\t\t\t<\/div>\n\t\t<div class=\"elementor-element elementor-element-35e1076 e-con-full e-flex e-con e-child\" data-id=\"35e1076\" data-element_type=\"container\">\n\t\t\t\t<div class=\"elementor-element elementor-element-f19cf11 elementor-widget elementor-widget-text-editor\" data-id=\"f19cf11\" data-element_type=\"widget\" data-widget_type=\"text-editor.default\">\n\t\t\t\t<div class=\"elementor-widget-container\">\n\t\t\t\t\t\t\t<p class=\"p1\">Posebno za pacijente sa dijabetesom, rano otkrivanje komplikacija je izuzetno va\u017eno za osiguranje kvaliteta \u017eivota. Ako se otkrije na vreme, neuropatija se mo\u017ee kontrolisati kako bi se spre\u010dili ozbiljni ishodi poput hroni\u010dne boli, gubitka pokretljivosti ili amputacije udova. Ako se ne otkrije, ona tiho napreduje.<\/p><p class=\"p1\">\u201eOva inicijativa je uskla\u0111ena sa nacionalnom zdravstvenom strategijom\u201c, rekao je dr. Edmond Komoni, vr\u0161ilac du\u017enosti direktora Neurolo\u0161ke klinike Univerzitetskog klini\u010dkog centra u Pri\u0161tini. \u201ePobolj\u0161ava pristup i kvalitet na svim nivoima zdravstvene za\u0161tite ja\u010danjem modernih zdravstvenih kapaciteta na nivou op\u0161te bolnice.\u201c<\/p><p class=\"p1\">Uklju\u010divanje ENMG-a u ambulante u regionalnim bolnicama ne samo da decentralizuje le\u010denje, ve\u0107 i odra\u017eava \u0161iri mandat IHS projekta da doprinese integrisanijem zdravstvenom sistemu na Kosovu. Povezivanjem dalje primarne, sekundarne i tercijarne zdravstvene za\u0161tite, projekat osigurava da pacijenti dobiju pravovremene, odgovaraju\u0107e usluge u svakoj ta\u010dki tokom svog zdravstvenog putovanja. Takav koordiniran i lokalizovan pristup dijagnostici je klju\u010dan za efikasno upravljanje hroni\u010dnim stanjima.<\/p><p class=\"p1\">Kako je istakao dr. Boshnjaku, ENMG pru\u017ea pacijentima i lekarima podjednako sredstva za pra\u0107enje napredovanja bolesti s visokom precizno\u0161\u0107u. Omogu\u0107ava ranije otkrivanje o\u0161te\u0107enja \u017eivaca i spre\u010dava nastanak komplikacija koje bi potencijalno mogle biti opasne po \u017eivot ili promeniti \u017eivot. Najzna\u010dajnije je, mo\u017eda, to \u0161to omogu\u0107ava pacijentima da upravljaju svojim stanjem na na\u010din koji je optimizovan za o\u010duvanje kvaliteta \u017eivota, \u0161to je mo\u017eda i najvredniji ishod od svih.<\/p>\t\t\t\t\t\t<\/div>\n\t\t\t\t<\/div>\n\t\t\t\t<\/div>\n\t\t\t\t\t<\/div>\n\t\t\t\t<\/div>\n\t\t\t\t\t<\/div>\n\t\t\t\t<\/div>\n\t\t<div class=\"elementor-element elementor-element-c891a15 e-flex e-con-boxed e-con e-parent\" data-id=\"c891a15\" data-element_type=\"container\" data-core-v316-plus=\"true\">\n\t\t\t\t\t<div class=\"e-con-inner\">\n\t\t\t\t<div class=\"elementor-element elementor-element-ec8f905 elementor-widget elementor-widget-text-editor\" data-id=\"ec8f905\" data-element_type=\"widget\" data-widget_type=\"text-editor.default\">\n\t\t\t\t<div class=\"elementor-widget-container\">\n\t\t\t\t\t\t\t<p class=\"p1\">Rani rezultati su dobri. Sve vi\u0161e pacijenata koristi ovu uslugu. Lekari izve\u0161tavaju o pove\u0107anoj svesti me\u0111u svojim pacijentima o rizicima komplikacija i koristima naknadnih dijagnosti\u010dkih procedura. Vi\u0161e ljudi koji koriste ovaj novo dostupni pregled zna\u010di da vi\u0161e ljudi mo\u017ee identifikovati svoj zdravstveni problem u ranijoj, izle\u010divijoj fazi.<\/p><p class=\"p1\">Ovako se stvari pobolj\u0161avaju, tiho, ali sna\u017eno i traju. Kada pacijenti znaju svoje rizike, kada lekari imaju znanje i alate za reagovanje i kada su usluge dostupne u svim ta\u010dkama zdravstvenog sistema, nega postaje ne samo bolja, ve\u0107 i ljubaznija. Za Salihua, uticaj je bio neposredan i li\u010dan. Za mnoge druge, dolazak ENMG usluga u njihove regionalne bolnice predstavlja prekretnicu u iskustvu i primanju zdravstvene za\u0161tite, na samo nekoliko koraka od doma.<\/p>\t\t\t\t\t\t<\/div>\n\t\t\t\t<\/div>\n\t\t\t\t\t<\/div>\n\t\t\t\t<\/div>\n\t\t<div class=\"elementor-element elementor-element-11d0cb3 e-flex e-con-boxed e-con e-parent\" data-id=\"11d0cb3\" data-element_type=\"container\" data-core-v316-plus=\"true\">\n\t\t\t\t\t<div class=\"e-con-inner\">\n\t\t\t\t\t<\/div>\n\t\t\t\t<\/div>\n\t\t\t\t<\/div>","protected":false},"excerpt":{"rendered":"<p>Kosovo\u2019s Hospitals Bring Diabetic Complications\u2019 Diagnostics Closer to Patients When Virxhina Salihu settled down for her first Electroneuromyography (ENMG) test at the General Hospital of Gjakova, she did not expect to be part of something larger than a routine medical exam. \u201cIt felt good to undergo the examination without having to travel outside of the [&hellip;]<\/p>","protected":false},"author":1,"featured_media":0,"parent":0,"menu_order":0,"comment_status":"closed","ping_status":"closed","template":"","meta":[],"_links":{"self":[{"href":"https:\/\/ihsproject.org\/sr\/wp-json\/wp\/v2\/pages\/15276"}],"collection":[{"href":"https:\/\/ihsproject.org\/sr\/wp-json\/wp\/v2\/pages"}],"about":[{"href":"https:\/\/ihsproject.org\/sr\/wp-json\/wp\/v2\/types\/page"}],"author":[{"embeddable":true,"href":"https:\/\/ihsproject.org\/sr\/wp-json\/wp\/v2\/users\/1"}],"replies":[{"embeddable":true,"href":"https:\/\/ihsproject.org\/sr\/wp-json\/wp\/v2\/comments?post=15276"}],"version-history":[{"count":4,"href":"https:\/\/ihsproject.org\/sr\/wp-json\/wp\/v2\/pages\/15276\/revisions"}],"predecessor-version":[{"id":15282,"href":"https:\/\/ihsproject.org\/sr\/wp-json\/wp\/v2\/pages\/15276\/revisions\/15282"}],"wp:attachment":[{"href":"https:\/\/ihsproject.org\/sr\/wp-json\/wp\/v2\/media?parent=15276"}],"curies":[{"name":"wp","href":"https:\/\/api.w.org\/{rel}","templated":true}]}}