{"id":15248,"date":"2025-10-15T20:37:24","date_gmt":"2025-10-15T20:37:24","guid":{"rendered":"https:\/\/ihsproject.org\/?page_id=15248"},"modified":"2025-10-15T20:44:28","modified_gmt":"2025-10-15T20:44:28","slug":"october-15-2025","status":"publish","type":"page","link":"https:\/\/ihsproject.org\/sr\/october-15-2025\/","title":{"rendered":"15 Oktobar, 2025"},"content":{"rendered":"<div data-elementor-type=\"wp-page\" data-elementor-id=\"15248\" class=\"elementor elementor-15248\">\n\t\t\t\t<div class=\"elementor-element elementor-element-fe21236 e-flex e-con-boxed e-con e-parent\" data-id=\"fe21236\" data-element_type=\"container\" data-core-v316-plus=\"true\">\n\t\t\t\t\t<div class=\"e-con-inner\">\n\t\t\t\t<div class=\"elementor-element elementor-element-7404bb0 elementor-widget elementor-widget-image\" data-id=\"7404bb0\" data-element_type=\"widget\" data-widget_type=\"image.default\">\n\t\t\t\t<div class=\"elementor-widget-container\">\n\t\t\t\t\t\t\t\t\t\t\t\t\t<img fetchpriority=\"high\" decoding=\"async\" width=\"1600\" height=\"900\" src=\"https:\/\/ihsproject.org\/wp-content\/uploads\/2025\/10\/Coordination-Meeting-of-Kosovo-Health-Promoting-Hospitals-Network.jpg\" class=\"attachment-full size-full wp-image-15246\" alt=\"\" srcset=\"https:\/\/ihsproject.org\/wp-content\/uploads\/2025\/10\/Coordination-Meeting-of-Kosovo-Health-Promoting-Hospitals-Network.jpg 1600w, https:\/\/ihsproject.org\/wp-content\/uploads\/2025\/10\/Coordination-Meeting-of-Kosovo-Health-Promoting-Hospitals-Network-300x169.jpg 300w, https:\/\/ihsproject.org\/wp-content\/uploads\/2025\/10\/Coordination-Meeting-of-Kosovo-Health-Promoting-Hospitals-Network-1024x576.jpg 1024w, https:\/\/ihsproject.org\/wp-content\/uploads\/2025\/10\/Coordination-Meeting-of-Kosovo-Health-Promoting-Hospitals-Network-768x432.jpg 768w, https:\/\/ihsproject.org\/wp-content\/uploads\/2025\/10\/Coordination-Meeting-of-Kosovo-Health-Promoting-Hospitals-Network-1536x864.jpg 1536w, https:\/\/ihsproject.org\/wp-content\/uploads\/2025\/10\/Coordination-Meeting-of-Kosovo-Health-Promoting-Hospitals-Network-18x10.jpg 18w\" sizes=\"(max-width: 1600px) 100vw, 1600px\" \/>\t\t\t\t\t\t\t\t\t\t\t\t\t<\/div>\n\t\t\t\t<\/div>\n\t\t\t\t\t<\/div>\n\t\t\t\t<\/div>\n\t\t<div class=\"elementor-element elementor-element-12c5284 e-flex e-con-boxed e-con e-parent\" data-id=\"12c5284\" data-element_type=\"container\" data-core-v316-plus=\"true\">\n\t\t\t\t\t<div class=\"e-con-inner\">\n\t\t\t\t<div class=\"elementor-element elementor-element-b0f32fc elementor-widget elementor-widget-heading\" data-id=\"b0f32fc\" data-element_type=\"widget\" data-widget_type=\"heading.default\">\n\t\t\t\t<div class=\"elementor-widget-container\">\n\t\t\t<h2 class=\"elementor-heading-title elementor-size-default\">Koordinacioni sastanak Mre\u017ee bolnica koje promovi\u0161u zdravlje na Kosovu<\/h2>\t\t<\/div>\n\t\t\t\t<\/div>\n\t\t\t\t<div class=\"elementor-element elementor-element-0370fb4 elementor-widget elementor-widget-text-editor\" data-id=\"0370fb4\" data-element_type=\"widget\" data-widget_type=\"text-editor.default\">\n\t\t\t\t<div class=\"elementor-widget-container\">\n\t\t\t\t\t\t\t<p style=\"font-weight: 400;\">Dana 15. oktobra 2025. godine, predstavnici svih nivoa zdravstvene za\u0161tite, dr\u017eavnih institucija, civilnog dru\u0161tva i zagovornika pacijenata na Kosovu sastali su se kako bi unapredili zajedni\u010dke napore u okviru Mre\u017ee bolnica koje promovi\u0161u zdravlje (HPH).\u00a0<\/p><p style=\"font-weight: 400;\">Dr. Lia Tavadze, vo\u0111a tima projekta IHS, otvorila je koordinacioni sastanak, isti\u010du\u0107i osnovni princip platforme HPH: \u201ePacijenti postaju punopravni akteri u pru\u017eanju zdravstvene za\u0161tite, a ova mre\u017ea je platforma koja pru\u017ea najvi\u0161e prostora za integrisane zdravstvene usluge.\u201c G. Niman Bardhi, direktor Strate\u0161kog planiranja zdravstva u Ministarstvu zdravstva (MZ), ponovio je nastavak plodonosne saradnje u ostvarivanju planiranih aktivnosti.<\/p><p style=\"font-weight: 400;\">U svojoj prezentaciji, prof. dr. Gr\u00f6ne istakao je globalne trendove u promociji zdravlja u bolnicama i podvukao va\u017enost integrisanja preventivnih pristupa usmerenih na pacijenta u rutinsku negu.<\/p><p style=\"font-weight: 400;\">Usledile su novosti iz bolnica \u010dlanica i centara primarne zdravstvene za\u0161tite u Pe\u0107i, \u0110akovici, Lipljanu i PRAK-u, koji su podelili napredak, izazove i budu\u0107e prioritete u ja\u010danju dobrobiti pacijenata i radu sa zajednicom.<\/p><p style=\"font-weight: 400;\">Sastanak je zavr\u0161en diskusijom o zajedni\u010dkim obavezama i slede\u0107im koracima, potvr\u0111uju\u0107i posve\u0107enost Kosova ugradnji promocije zdravlja kao temelja pru\u017eanja zdravstvene za\u0161tite.<\/p><p style=\"font-weight: 400;\">\u010clanstvo Kosova u Mre\u017ei HPH podr\u017eava \u0160vajcarska kancelarija za razvoj i saradnju (SDC) putem projekta IHS.<\/p>\t\t\t\t\t\t<\/div>\n\t\t\t\t<\/div>\n\t\t\t\t\t<\/div>\n\t\t\t\t<\/div>\n\t\t\t\t<\/div>","protected":false},"excerpt":{"rendered":"<p>Coordination Meeting of Kosovo Health Promoting Hospitals Network On 15 October 2025, representatives of all levels of healthcare, state institutions, civil society and patient advocates in Kosovo met to advance joint efforts under the Health Promoting Hospitals (HPH) Network.\u00a0 Dr. Lia Tavadze, Team Leader of the IHS Project, opened the coordination meeting, highlighting the fundamental [&hellip;]<\/p>","protected":false},"author":1,"featured_media":0,"parent":0,"menu_order":0,"comment_status":"closed","ping_status":"closed","template":"","meta":[],"_links":{"self":[{"href":"https:\/\/ihsproject.org\/sr\/wp-json\/wp\/v2\/pages\/15248"}],"collection":[{"href":"https:\/\/ihsproject.org\/sr\/wp-json\/wp\/v2\/pages"}],"about":[{"href":"https:\/\/ihsproject.org\/sr\/wp-json\/wp\/v2\/types\/page"}],"author":[{"embeddable":true,"href":"https:\/\/ihsproject.org\/sr\/wp-json\/wp\/v2\/users\/1"}],"replies":[{"embeddable":true,"href":"https:\/\/ihsproject.org\/sr\/wp-json\/wp\/v2\/comments?post=15248"}],"version-history":[{"count":4,"href":"https:\/\/ihsproject.org\/sr\/wp-json\/wp\/v2\/pages\/15248\/revisions"}],"predecessor-version":[{"id":15254,"href":"https:\/\/ihsproject.org\/sr\/wp-json\/wp\/v2\/pages\/15248\/revisions\/15254"}],"wp:attachment":[{"href":"https:\/\/ihsproject.org\/sr\/wp-json\/wp\/v2\/media?parent=15248"}],"curies":[{"name":"wp","href":"https:\/\/api.w.org\/{rel}","templated":true}]}}