{"id":15234,"date":"2025-10-14T10:26:54","date_gmt":"2025-10-14T10:26:54","guid":{"rendered":"https:\/\/ihsproject.org\/?page_id=15234"},"modified":"2025-10-14T10:28:15","modified_gmt":"2025-10-14T10:28:15","slug":"october-14-2025","status":"publish","type":"page","link":"https:\/\/ihsproject.org\/sr\/october-14-2025\/","title":{"rendered":"14 Oktobar, 2025"},"content":{"rendered":"<div data-elementor-type=\"wp-page\" data-elementor-id=\"15234\" class=\"elementor elementor-15234\">\n\t\t\t\t<div class=\"elementor-element elementor-element-25858cc e-flex e-con-boxed e-con e-parent\" data-id=\"25858cc\" data-element_type=\"container\" data-core-v316-plus=\"true\">\n\t\t\t\t\t<div class=\"e-con-inner\">\n\t\t\t\t<div class=\"elementor-element elementor-element-8730e5b elementor-widget elementor-widget-image\" data-id=\"8730e5b\" data-element_type=\"widget\" data-widget_type=\"image.default\">\n\t\t\t\t<div class=\"elementor-widget-container\">\n\t\t\t\t\t\t\t\t\t\t\t\t\t<img fetchpriority=\"high\" decoding=\"async\" width=\"1600\" height=\"900\" src=\"https:\/\/ihsproject.org\/wp-content\/uploads\/2025\/10\/Further-Work-on-Important-Protocols-and-Procedures.jpg\" class=\"attachment-full size-full wp-image-15232\" alt=\"\" srcset=\"https:\/\/ihsproject.org\/wp-content\/uploads\/2025\/10\/Further-Work-on-Important-Protocols-and-Procedures.jpg 1600w, https:\/\/ihsproject.org\/wp-content\/uploads\/2025\/10\/Further-Work-on-Important-Protocols-and-Procedures-300x169.jpg 300w, https:\/\/ihsproject.org\/wp-content\/uploads\/2025\/10\/Further-Work-on-Important-Protocols-and-Procedures-1024x576.jpg 1024w, https:\/\/ihsproject.org\/wp-content\/uploads\/2025\/10\/Further-Work-on-Important-Protocols-and-Procedures-768x432.jpg 768w, https:\/\/ihsproject.org\/wp-content\/uploads\/2025\/10\/Further-Work-on-Important-Protocols-and-Procedures-1536x864.jpg 1536w, https:\/\/ihsproject.org\/wp-content\/uploads\/2025\/10\/Further-Work-on-Important-Protocols-and-Procedures-18x10.jpg 18w\" sizes=\"(max-width: 1600px) 100vw, 1600px\" \/>\t\t\t\t\t\t\t\t\t\t\t\t\t<\/div>\n\t\t\t\t<\/div>\n\t\t\t\t\t<\/div>\n\t\t\t\t<\/div>\n\t\t<div class=\"elementor-element elementor-element-928d642 e-flex e-con-boxed e-con e-parent\" data-id=\"928d642\" data-element_type=\"container\" data-core-v316-plus=\"true\">\n\t\t\t\t\t<div class=\"e-con-inner\">\n\t\t\t\t<div class=\"elementor-element elementor-element-77e023c elementor-widget elementor-widget-heading\" data-id=\"77e023c\" data-element_type=\"widget\" data-widget_type=\"heading.default\">\n\t\t\t\t<div class=\"elementor-widget-container\">\n\t\t\t<h2 class=\"elementor-heading-title elementor-size-default\">Dalji rad na va\u017enim protokolima i procedurama<\/h2>\t\t<\/div>\n\t\t\t\t<\/div>\n\t\t\t\t<div class=\"elementor-element elementor-element-62036f0 elementor-widget elementor-widget-text-editor\" data-id=\"62036f0\" data-element_type=\"widget\" data-widget_type=\"text-editor.default\">\n\t\t\t\t<div class=\"elementor-widget-container\">\n\t\t\t\t\t\t\t<p style=\"font-weight: 400;\">Izme\u0111u 29. septembra i 3. oktobra 2025. godine, Projekat integrisanih zdravstvenih usluga (IHS) bio je doma\u0107in misije dr. Mihaija Horge, me\u0111unarodnog stru\u010dnjaka, s ciljem unapre\u0111enja razvoja, pra\u0107enja i implementacije Smernica za klini\u010dku praksu (CPG) i Standardnih operativnih procedura (SOP) na Kosovu.<\/p><p style=\"font-weight: 400;\">Tokom sedmice, dr. Horga je blisko sara\u0111ivao s Ministarstvom zdravlja, Univerzitetskom klini\u010dko-bolni\u010dkom slu\u017ebom na Kosovu, Sekretarijatom CPG-a i partnerima IHS-a kako bi pregledao ovla\u0161\u0107enja Sekretarijata, analizirao mehanizme pra\u0107enja SOP-a i podr\u017eao dizajn online baze podataka CPG-a. Klju\u010dni doga\u0111aj bila je radionica s Radnom grupom za CPG\/SOP i sastanci sa zamenikom ministra zdravlja dr. Arsimom Berishom i g. Nimanom Bardhijem o pobolj\u0161anju koordinacije, resursa i odr\u017eivosti.<\/p><p style=\"font-weight: 400;\">Misija je zavr\u0161ena konkretnim preporukama za ja\u010danje upravljanja, pra\u0107enja i programa obuke, dodatno ja\u010daju\u0107i posve\u0107enost projekta IHS zdravstvenoj za\u0161titi zasnovanoj na dokazima i vo\u0111enoj kvalitetom na Kosovu.<\/p>\t\t\t\t\t\t<\/div>\n\t\t\t\t<\/div>\n\t\t\t\t\t<\/div>\n\t\t\t\t<\/div>\n\t\t\t\t<\/div>","protected":false},"excerpt":{"rendered":"<p>Further Work on Important Protocols and Procedures Between 29 September to 3 October 2025, the Integrated Health Services (IHS) Project hosted a mission by Dr. Mihai Horga, International Expert, to advance the development, monitoring, and implementation of Clinical Practice Guidelines (CPGs) and Standard Operating Procedures (SOPs) in Kosovo. Throughout the week, Dr. Horga worked closely [&hellip;]<\/p>","protected":false},"author":1,"featured_media":0,"parent":0,"menu_order":0,"comment_status":"closed","ping_status":"closed","template":"","meta":[],"_links":{"self":[{"href":"https:\/\/ihsproject.org\/sr\/wp-json\/wp\/v2\/pages\/15234"}],"collection":[{"href":"https:\/\/ihsproject.org\/sr\/wp-json\/wp\/v2\/pages"}],"about":[{"href":"https:\/\/ihsproject.org\/sr\/wp-json\/wp\/v2\/types\/page"}],"author":[{"embeddable":true,"href":"https:\/\/ihsproject.org\/sr\/wp-json\/wp\/v2\/users\/1"}],"replies":[{"embeddable":true,"href":"https:\/\/ihsproject.org\/sr\/wp-json\/wp\/v2\/comments?post=15234"}],"version-history":[{"count":4,"href":"https:\/\/ihsproject.org\/sr\/wp-json\/wp\/v2\/pages\/15234\/revisions"}],"predecessor-version":[{"id":15239,"href":"https:\/\/ihsproject.org\/sr\/wp-json\/wp\/v2\/pages\/15234\/revisions\/15239"}],"wp:attachment":[{"href":"https:\/\/ihsproject.org\/sr\/wp-json\/wp\/v2\/media?parent=15234"}],"curies":[{"name":"wp","href":"https:\/\/api.w.org\/{rel}","templated":true}]}}