{"id":15220,"date":"2025-10-13T11:18:14","date_gmt":"2025-10-13T11:18:14","guid":{"rendered":"https:\/\/ihsproject.org\/?page_id=15220"},"modified":"2025-10-13T11:19:20","modified_gmt":"2025-10-13T11:19:20","slug":"october-13-2025","status":"publish","type":"page","link":"https:\/\/ihsproject.org\/sr\/october-13-2025\/","title":{"rendered":"13 Oktobar, 2025"},"content":{"rendered":"<div data-elementor-type=\"wp-page\" data-elementor-id=\"15220\" class=\"elementor elementor-15220\">\n\t\t\t\t<div class=\"elementor-element elementor-element-dc7fe40 e-flex e-con-boxed e-con e-parent\" data-id=\"dc7fe40\" data-element_type=\"container\" data-core-v316-plus=\"true\">\n\t\t\t\t\t<div class=\"e-con-inner\">\n\t\t\t\t<div class=\"elementor-element elementor-element-0e6ac0e elementor-widget elementor-widget-image\" data-id=\"0e6ac0e\" data-element_type=\"widget\" data-widget_type=\"image.default\">\n\t\t\t\t<div class=\"elementor-widget-container\">\n\t\t\t\t\t\t\t\t\t\t\t\t\t<img fetchpriority=\"high\" decoding=\"async\" width=\"1600\" height=\"900\" src=\"https:\/\/ihsproject.org\/wp-content\/uploads\/2025\/10\/Strengthening-Hospital-Management-and-Quality-of-Care-in-Kosovo.jpg\" class=\"attachment-full size-full wp-image-15218\" alt=\"\" srcset=\"https:\/\/ihsproject.org\/wp-content\/uploads\/2025\/10\/Strengthening-Hospital-Management-and-Quality-of-Care-in-Kosovo.jpg 1600w, https:\/\/ihsproject.org\/wp-content\/uploads\/2025\/10\/Strengthening-Hospital-Management-and-Quality-of-Care-in-Kosovo-300x169.jpg 300w, https:\/\/ihsproject.org\/wp-content\/uploads\/2025\/10\/Strengthening-Hospital-Management-and-Quality-of-Care-in-Kosovo-1024x576.jpg 1024w, https:\/\/ihsproject.org\/wp-content\/uploads\/2025\/10\/Strengthening-Hospital-Management-and-Quality-of-Care-in-Kosovo-768x432.jpg 768w, https:\/\/ihsproject.org\/wp-content\/uploads\/2025\/10\/Strengthening-Hospital-Management-and-Quality-of-Care-in-Kosovo-1536x864.jpg 1536w, https:\/\/ihsproject.org\/wp-content\/uploads\/2025\/10\/Strengthening-Hospital-Management-and-Quality-of-Care-in-Kosovo-18x10.jpg 18w\" sizes=\"(max-width: 1600px) 100vw, 1600px\" \/>\t\t\t\t\t\t\t\t\t\t\t\t\t<\/div>\n\t\t\t\t<\/div>\n\t\t\t\t\t<\/div>\n\t\t\t\t<\/div>\n\t\t<div class=\"elementor-element elementor-element-f277a9d e-flex e-con-boxed e-con e-parent\" data-id=\"f277a9d\" data-element_type=\"container\" data-core-v316-plus=\"true\">\n\t\t\t\t\t<div class=\"e-con-inner\">\n\t\t\t\t<div class=\"elementor-element elementor-element-f8be9c3 elementor-widget elementor-widget-heading\" data-id=\"f8be9c3\" data-element_type=\"widget\" data-widget_type=\"heading.default\">\n\t\t\t\t<div class=\"elementor-widget-container\">\n\t\t\t<h2 class=\"elementor-heading-title elementor-size-default\">Ja\u010danje upravljanja bolnicama i kvaliteta nege na Kosovu<\/h2>\t\t<\/div>\n\t\t\t\t<\/div>\n\t\t\t\t<div class=\"elementor-element elementor-element-03876c1 elementor-widget elementor-widget-text-editor\" data-id=\"03876c1\" data-element_type=\"widget\" data-widget_type=\"text-editor.default\">\n\t\t\t\t<div class=\"elementor-widget-container\">\n\t\t\t\t\t\t\t<p style=\"font-weight: 400;\">U septembru 2025. godine, dr. Manfred Zahorka, me\u0111unarodni stru\u010dnjak, sproveo je misiju u okviru Projekta integrisanih zdravstvenih usluga (IHS) kako bi podr\u017eao ja\u010danje kapaciteta upravljanja bolnicama i pobolj\u0161anje kvalitete nege u op\u0161tim bolnicama na Kosovu.<\/p><p style=\"font-weight: 400;\">Misija se fokusirala na usavr\u0161avanje Modula strate\u0161kog planiranja, pregled i ja\u010danje teku\u0107ih projekata za pobolj\u0161anje kvaliteta (QIP) u Pe\u0107i i \u0110akovici i opremanje bolni\u010dkih timova prakti\u010dnim alatima za pobolj\u0161anje procesa kao \u0161to su PDSA ciklusi, analiza uzroka i mapiranje procesa.<\/p><p style=\"font-weight: 400;\">Prakti\u010dne radionice odr\u017eane u op\u0161tim bolnicama u \u0110akovici i Pe\u0107i omogu\u0107ile su timovima da rade na stvarnim bolni\u010dkim tokovima rada, identifikuju prioritete za pobolj\u0161anje i razviju konkretne tromese\u010dne akcione planove za pobolj\u0161anje nege pacijenata i pru\u017eanja usluga, zavr\u0161avaju\u0107i s naknadnim akcijama i merama odr\u017eivosti<\/p>\t\t\t\t\t\t<\/div>\n\t\t\t\t<\/div>\n\t\t\t\t\t<\/div>\n\t\t\t\t<\/div>\n\t\t\t\t<\/div>","protected":false},"excerpt":{"rendered":"<p>Strengthening Hospital Management and Quality of Care in Kosovo In September 2025, Dr. Manfred Zahorka, International Expert, conducted a mission under the Integrated Health Services (IHS) Project to support the strengthening of hospital management capacities and the enhancement of quality of care in Kosovo\u2019s general hospitals. The mission focused on refining the Strategic Planning Module, [&hellip;]<\/p>","protected":false},"author":1,"featured_media":0,"parent":0,"menu_order":0,"comment_status":"closed","ping_status":"closed","template":"","meta":[],"_links":{"self":[{"href":"https:\/\/ihsproject.org\/sr\/wp-json\/wp\/v2\/pages\/15220"}],"collection":[{"href":"https:\/\/ihsproject.org\/sr\/wp-json\/wp\/v2\/pages"}],"about":[{"href":"https:\/\/ihsproject.org\/sr\/wp-json\/wp\/v2\/types\/page"}],"author":[{"embeddable":true,"href":"https:\/\/ihsproject.org\/sr\/wp-json\/wp\/v2\/users\/1"}],"replies":[{"embeddable":true,"href":"https:\/\/ihsproject.org\/sr\/wp-json\/wp\/v2\/comments?post=15220"}],"version-history":[{"count":4,"href":"https:\/\/ihsproject.org\/sr\/wp-json\/wp\/v2\/pages\/15220\/revisions"}],"predecessor-version":[{"id":15225,"href":"https:\/\/ihsproject.org\/sr\/wp-json\/wp\/v2\/pages\/15220\/revisions\/15225"}],"wp:attachment":[{"href":"https:\/\/ihsproject.org\/sr\/wp-json\/wp\/v2\/media?parent=15220"}],"curies":[{"name":"wp","href":"https:\/\/api.w.org\/{rel}","templated":true}]}}