{"id":15204,"date":"2025-10-09T08:44:58","date_gmt":"2025-10-09T08:44:58","guid":{"rendered":"https:\/\/ihsproject.org\/?page_id=15204"},"modified":"2025-10-09T08:46:57","modified_gmt":"2025-10-09T08:46:57","slug":"october-09-2025","status":"publish","type":"page","link":"https:\/\/ihsproject.org\/sr\/october-09-2025\/","title":{"rendered":"09 Oktobar, 2025"},"content":{"rendered":"<div data-elementor-type=\"wp-page\" data-elementor-id=\"15204\" class=\"elementor elementor-15204\">\n\t\t\t\t<div class=\"elementor-element elementor-element-7dd7c1b e-flex e-con-boxed e-con e-parent\" data-id=\"7dd7c1b\" data-element_type=\"container\" data-core-v316-plus=\"true\">\n\t\t\t\t\t<div class=\"e-con-inner\">\n\t\t\t\t<div class=\"elementor-element elementor-element-63d9638 elementor-widget elementor-widget-image\" data-id=\"63d9638\" data-element_type=\"widget\" data-widget_type=\"image.default\">\n\t\t\t\t<div class=\"elementor-widget-container\">\n\t\t\t\t\t\t\t\t\t\t\t\t\t<img fetchpriority=\"high\" decoding=\"async\" width=\"1600\" height=\"900\" src=\"https:\/\/ihsproject.org\/wp-content\/uploads\/2025\/10\/Patients-and-Staff-Insights-on-Future-Multifunctional-Reception-at-Gjakova-General-Hospital.jpg\" class=\"attachment-full size-full wp-image-15202\" alt=\"\" srcset=\"https:\/\/ihsproject.org\/wp-content\/uploads\/2025\/10\/Patients-and-Staff-Insights-on-Future-Multifunctional-Reception-at-Gjakova-General-Hospital.jpg 1600w, https:\/\/ihsproject.org\/wp-content\/uploads\/2025\/10\/Patients-and-Staff-Insights-on-Future-Multifunctional-Reception-at-Gjakova-General-Hospital-300x169.jpg 300w, https:\/\/ihsproject.org\/wp-content\/uploads\/2025\/10\/Patients-and-Staff-Insights-on-Future-Multifunctional-Reception-at-Gjakova-General-Hospital-1024x576.jpg 1024w, https:\/\/ihsproject.org\/wp-content\/uploads\/2025\/10\/Patients-and-Staff-Insights-on-Future-Multifunctional-Reception-at-Gjakova-General-Hospital-768x432.jpg 768w, https:\/\/ihsproject.org\/wp-content\/uploads\/2025\/10\/Patients-and-Staff-Insights-on-Future-Multifunctional-Reception-at-Gjakova-General-Hospital-1536x864.jpg 1536w, https:\/\/ihsproject.org\/wp-content\/uploads\/2025\/10\/Patients-and-Staff-Insights-on-Future-Multifunctional-Reception-at-Gjakova-General-Hospital-18x10.jpg 18w\" sizes=\"(max-width: 1600px) 100vw, 1600px\" \/>\t\t\t\t\t\t\t\t\t\t\t\t\t<\/div>\n\t\t\t\t<\/div>\n\t\t\t\t\t<\/div>\n\t\t\t\t<\/div>\n\t\t<div class=\"elementor-element elementor-element-4bd2a99 e-flex e-con-boxed e-con e-parent\" data-id=\"4bd2a99\" data-element_type=\"container\" data-core-v316-plus=\"true\">\n\t\t\t\t\t<div class=\"e-con-inner\">\n\t\t\t\t<div class=\"elementor-element elementor-element-1614017 elementor-widget elementor-widget-heading\" data-id=\"1614017\" data-element_type=\"widget\" data-widget_type=\"heading.default\">\n\t\t\t\t<div class=\"elementor-widget-container\">\n\t\t\t<h2 class=\"elementor-heading-title elementor-size-default\">Uvidi pacijenata i osoblja o budu\u0107oj multifunkcionalnoj recepciji u Op\u0161toj bolnici u \u0110akovici<\/h2>\t\t<\/div>\n\t\t\t\t<\/div>\n\t\t\t\t<div class=\"elementor-element elementor-element-8bcaf3a elementor-widget elementor-widget-text-editor\" data-id=\"8bcaf3a\" data-element_type=\"widget\" data-widget_type=\"text-editor.default\">\n\t\t\t\t<div class=\"elementor-widget-container\">\n\t\t\t\t\t\t\t<p style=\"font-weight: 400;\">Na fokus grupi odr\u017eanoj u Op\u0161toj bolnici u \u0110akovici sa pacijentima, posetiocima i zdravstvenim osobljem, diskusije su se fokusirale na planove za novi multifunkcionalni prostor recepcije u bolnici. U\u010desnici su podelili svoja iskustva sa trenutnom recepcijom i izneli o\u010dekivanja za gostoljubivijim, efikasnijim i okru\u017eenjem usmerenim na pacijenta.<\/p><p style=\"font-weight: 400;\">Diskusija je otkrila sna\u017enu saglasnost o klju\u010dnim prioritetima: jasnija orijentacija i signalizacija, informacije u stvarnom vremenu za posetioce, digitalni alati za vo\u0111enje pacijenata i zdravstveno obrazovanje i osoblje obu\u010deno za prijateljsku komunikaciju usmerenu na pacijenta. U\u010desnici su tako\u0111e naglasili va\u017enost modernih elemenata dizajna za pove\u0107anje komfora i poverenja.<\/p><p style=\"font-weight: 400;\">Prema grupi, unapre\u0111ena recepcija ne samo da \u0107e pobolj\u0161ati prvi utisak o bolnici, ve\u0107 \u0107e i oja\u010dati odnose izme\u0111u pacijenta i osoblja i smanjiti stres kroz bolju organizaciju i tehnolo\u0161ku podr\u0161ku.<\/p>\t\t\t\t\t\t<\/div>\n\t\t\t\t<\/div>\n\t\t\t\t\t<\/div>\n\t\t\t\t<\/div>\n\t\t\t\t<\/div>","protected":false},"excerpt":{"rendered":"<p>Patients and Staff Insights on Future Multifunctional Reception at Gjakova General Hospital At a focus group held at the General Hospital in Gjakova with patients, visitors, and healthcare staff discussions centered around plans for the new multifunctional reception area at the hospital. Participants shared their experiences with the current reception and outlined expectations for a [&hellip;]<\/p>","protected":false},"author":1,"featured_media":0,"parent":0,"menu_order":0,"comment_status":"closed","ping_status":"closed","template":"","meta":[],"_links":{"self":[{"href":"https:\/\/ihsproject.org\/sr\/wp-json\/wp\/v2\/pages\/15204"}],"collection":[{"href":"https:\/\/ihsproject.org\/sr\/wp-json\/wp\/v2\/pages"}],"about":[{"href":"https:\/\/ihsproject.org\/sr\/wp-json\/wp\/v2\/types\/page"}],"author":[{"embeddable":true,"href":"https:\/\/ihsproject.org\/sr\/wp-json\/wp\/v2\/users\/1"}],"replies":[{"embeddable":true,"href":"https:\/\/ihsproject.org\/sr\/wp-json\/wp\/v2\/comments?post=15204"}],"version-history":[{"count":4,"href":"https:\/\/ihsproject.org\/sr\/wp-json\/wp\/v2\/pages\/15204\/revisions"}],"predecessor-version":[{"id":15209,"href":"https:\/\/ihsproject.org\/sr\/wp-json\/wp\/v2\/pages\/15204\/revisions\/15209"}],"wp:attachment":[{"href":"https:\/\/ihsproject.org\/sr\/wp-json\/wp\/v2\/media?parent=15204"}],"curies":[{"name":"wp","href":"https:\/\/api.w.org\/{rel}","templated":true}]}}