{"id":15145,"date":"2025-09-15T09:53:12","date_gmt":"2025-09-15T09:53:12","guid":{"rendered":"https:\/\/ihsproject.org\/?page_id=15145"},"modified":"2025-09-15T09:55:11","modified_gmt":"2025-09-15T09:55:11","slug":"september-15-2025","status":"publish","type":"page","link":"https:\/\/ihsproject.org\/sr\/september-15-2025\/","title":{"rendered":"15 Septembra, 2025"},"content":{"rendered":"<div data-elementor-type=\"wp-page\" data-elementor-id=\"15145\" class=\"elementor elementor-15145\">\n\t\t\t\t<div class=\"elementor-element elementor-element-1f0c717 e-flex e-con-boxed e-con e-parent\" data-id=\"1f0c717\" data-element_type=\"container\" data-core-v316-plus=\"true\">\n\t\t\t\t\t<div class=\"e-con-inner\">\n\t\t\t\t<div class=\"elementor-element elementor-element-563ac83 elementor-widget elementor-widget-image\" data-id=\"563ac83\" data-element_type=\"widget\" data-widget_type=\"image.default\">\n\t\t\t\t<div class=\"elementor-widget-container\">\n\t\t\t\t\t\t\t\t\t\t\t\t\t<img fetchpriority=\"high\" decoding=\"async\" width=\"1600\" height=\"900\" src=\"https:\/\/ihsproject.org\/wp-content\/uploads\/2025\/09\/Health-Stakeholders-Coordinate-Further-Care-for-Diabetes-and-Hypertension-Patients.jpg\" class=\"attachment-full size-full wp-image-15143\" alt=\"\" srcset=\"https:\/\/ihsproject.org\/wp-content\/uploads\/2025\/09\/Health-Stakeholders-Coordinate-Further-Care-for-Diabetes-and-Hypertension-Patients.jpg 1600w, https:\/\/ihsproject.org\/wp-content\/uploads\/2025\/09\/Health-Stakeholders-Coordinate-Further-Care-for-Diabetes-and-Hypertension-Patients-300x169.jpg 300w, https:\/\/ihsproject.org\/wp-content\/uploads\/2025\/09\/Health-Stakeholders-Coordinate-Further-Care-for-Diabetes-and-Hypertension-Patients-1024x576.jpg 1024w, https:\/\/ihsproject.org\/wp-content\/uploads\/2025\/09\/Health-Stakeholders-Coordinate-Further-Care-for-Diabetes-and-Hypertension-Patients-768x432.jpg 768w, https:\/\/ihsproject.org\/wp-content\/uploads\/2025\/09\/Health-Stakeholders-Coordinate-Further-Care-for-Diabetes-and-Hypertension-Patients-1536x864.jpg 1536w, https:\/\/ihsproject.org\/wp-content\/uploads\/2025\/09\/Health-Stakeholders-Coordinate-Further-Care-for-Diabetes-and-Hypertension-Patients-18x10.jpg 18w\" sizes=\"(max-width: 1600px) 100vw, 1600px\" \/>\t\t\t\t\t\t\t\t\t\t\t\t\t<\/div>\n\t\t\t\t<\/div>\n\t\t\t\t\t<\/div>\n\t\t\t\t<\/div>\n\t\t<div class=\"elementor-element elementor-element-137f2ec e-flex e-con-boxed e-con e-parent\" data-id=\"137f2ec\" data-element_type=\"container\" data-core-v316-plus=\"true\">\n\t\t\t\t\t<div class=\"e-con-inner\">\n\t\t\t\t<div class=\"elementor-element elementor-element-e66441a elementor-widget elementor-widget-heading\" data-id=\"e66441a\" data-element_type=\"widget\" data-widget_type=\"heading.default\">\n\t\t\t\t<div class=\"elementor-widget-container\">\n\t\t\t<h2 class=\"elementor-heading-title elementor-size-default\">Zdravstvene zainteresovane strane koordini\u0161u dalju negu pacijenata s dijabetesom i hipertenzijom<\/h2>\t\t<\/div>\n\t\t\t\t<\/div>\n\t\t\t\t<div class=\"elementor-element elementor-element-081583f elementor-widget elementor-widget-text-editor\" data-id=\"081583f\" data-element_type=\"widget\" data-widget_type=\"text-editor.default\">\n\t\t\t\t<div class=\"elementor-widget-container\">\n\t\t\t\t\t\t\t<p style=\"font-weight: 400;\">Dana 11. septembra 2025. godine, klju\u010dni predstavnici zdravstvenog sektora sastali su se u Pri\u0161tini kako bi unapredili saradnju izme\u0111u pru\u017ealaca primarne i sekundarne zdravstvene za\u0161tite, sa zajedni\u010dkim fokusom na pobolj\u0161anje nege za pacijente koji \u017eive sa dijabetesom i hipertenzijom.<\/p><p style=\"font-weight: 400;\">Sastanak, koji je sazvao projekat Integrisanih zdravstvenih usluga (IHS), okupio je zvani\u010dnike Ministarstva zdravlja, Nacionalnog instituta za javno zdravlje, regionalnih bolnica, nivoa primarne zdravstvene za\u0161tite i organizacija civilnog dru\u0161tva, kako bi istra\u017eili pristupe upravljanju hroni\u010dnim bolestima koji su vi\u0161e usmereni na pacijenta.<\/p><p style=\"font-weight: 400;\">\u201eNega u bolnicama nije samo skupa, ve\u0107 \u010desto nije prilago\u0111ena potrebama pacijenata, posebno kada podr\u017eavaju\u0107e ku\u0107no i dru\u0161tveno okru\u017eenje mo\u017ee napraviti veliku razliku\u201c, rekla je dr. Jana Gerold iz \u0161vajcarskog TPH-a. \u201eDok razmatramo na\u010dine za napredak, moramo osigurati da niko ne bude zapostavljen. \u0160ira slika je uvek usmerena na slu\u017eenje populacijama kojima je to najpotrebnije.\u201c<\/p><p style=\"font-weight: 400;\">Rasprave su se fokusirale na pobolj\u0161anje koordinacije izme\u0111u nivoa zdravstvenog sistema i unapre\u0111enje protokola za razmenu informacija kako bi se pru\u017eila efikasnija i efektivnija nega.<\/p><p style=\"font-weight: 400;\">\u201eRazmena informacija i povratnih informacija direktno uti\u010de na pristup kvalitetnoj nezi i poma\u017ee u smanjenju preoptere\u0107enosti\u201c, rekao je g. Niman Bardhi iz Ministarstva zdravlja Kosova. \u201eDeljenjem iskustava na ovakvim sastancima mo\u017eemo identifikovati realne i odr\u017eive opcije za pru\u017eanje usluga usmerenih na pacijenta, jer gra\u0111anin ostaje u sredi\u0161tu svih napora.\u201c<\/p><p style=\"font-weight: 400;\">U\u010desnici su tako\u0111e pregledali napredak u Akcionom planu za upravljanje hipertenzijom i dijabetesom u op\u0161tinama Pe\u0107 i \u0110akovica. A\u017eurirani plan, koji sada \u010deka formalno odobrenje druge faze, sadr\u017ei korake za pro\u0161irenje inicijativa za samoupravljanje i pilot centara za negu, sa dugoro\u010dnom vizijom \u0161irenja uspe\u0161nih praksi u regionalnim bolnicama na Kosovu.<\/p>\t\t\t\t\t\t<\/div>\n\t\t\t\t<\/div>\n\t\t\t\t\t<\/div>\n\t\t\t\t<\/div>\n\t\t\t\t<\/div>","protected":false},"excerpt":{"rendered":"<p>Health Stakeholders Coordinate Further Care for Diabetes and Hypertension Patients On 11 September 2025, key health sector representatives met in Prishtina to further collaboration between primary and secondary healthcare providers, with a shared focus on improving care for patients living with diabetes and hypertension. The meeting, convened by the Integrated Health Services (IHS) project, brought [&hellip;]<\/p>","protected":false},"author":1,"featured_media":0,"parent":0,"menu_order":0,"comment_status":"closed","ping_status":"closed","template":"","meta":[],"_links":{"self":[{"href":"https:\/\/ihsproject.org\/sr\/wp-json\/wp\/v2\/pages\/15145"}],"collection":[{"href":"https:\/\/ihsproject.org\/sr\/wp-json\/wp\/v2\/pages"}],"about":[{"href":"https:\/\/ihsproject.org\/sr\/wp-json\/wp\/v2\/types\/page"}],"author":[{"embeddable":true,"href":"https:\/\/ihsproject.org\/sr\/wp-json\/wp\/v2\/users\/1"}],"replies":[{"embeddable":true,"href":"https:\/\/ihsproject.org\/sr\/wp-json\/wp\/v2\/comments?post=15145"}],"version-history":[{"count":4,"href":"https:\/\/ihsproject.org\/sr\/wp-json\/wp\/v2\/pages\/15145\/revisions"}],"predecessor-version":[{"id":15150,"href":"https:\/\/ihsproject.org\/sr\/wp-json\/wp\/v2\/pages\/15145\/revisions\/15150"}],"wp:attachment":[{"href":"https:\/\/ihsproject.org\/sr\/wp-json\/wp\/v2\/media?parent=15145"}],"curies":[{"name":"wp","href":"https:\/\/api.w.org\/{rel}","templated":true}]}}