{"id":15098,"date":"2025-08-29T09:25:15","date_gmt":"2025-08-29T09:25:15","guid":{"rendered":"https:\/\/ihsproject.org\/?page_id=15098"},"modified":"2025-08-29T09:26:59","modified_gmt":"2025-08-29T09:26:59","slug":"august-29-2025","status":"publish","type":"page","link":"https:\/\/ihsproject.org\/sr\/august-29-2025\/","title":{"rendered":"29 Avgusta 2025"},"content":{"rendered":"<div data-elementor-type=\"wp-page\" data-elementor-id=\"15098\" class=\"elementor elementor-15098\">\n\t\t\t\t<div class=\"elementor-element elementor-element-6c026b7 e-flex e-con-boxed e-con e-parent\" data-id=\"6c026b7\" data-element_type=\"container\" data-core-v316-plus=\"true\">\n\t\t\t\t\t<div class=\"e-con-inner\">\n\t\t\t\t<div class=\"elementor-element elementor-element-d9265b9 elementor-widget elementor-widget-image\" data-id=\"d9265b9\" data-element_type=\"widget\" data-widget_type=\"image.default\">\n\t\t\t\t<div class=\"elementor-widget-container\">\n\t\t\t\t\t\t\t\t\t\t\t\t\t<img fetchpriority=\"high\" decoding=\"async\" width=\"1600\" height=\"900\" src=\"https:\/\/ihsproject.org\/wp-content\/uploads\/2025\/08\/Starting-a-Kosovo-Wide-Media-Literacy-for-Health-Workshops-.jpg\" class=\"attachment-full size-full wp-image-15097\" alt=\"\" srcset=\"https:\/\/ihsproject.org\/wp-content\/uploads\/2025\/08\/Starting-a-Kosovo-Wide-Media-Literacy-for-Health-Workshops-.jpg 1600w, https:\/\/ihsproject.org\/wp-content\/uploads\/2025\/08\/Starting-a-Kosovo-Wide-Media-Literacy-for-Health-Workshops--300x169.jpg 300w, https:\/\/ihsproject.org\/wp-content\/uploads\/2025\/08\/Starting-a-Kosovo-Wide-Media-Literacy-for-Health-Workshops--1024x576.jpg 1024w, https:\/\/ihsproject.org\/wp-content\/uploads\/2025\/08\/Starting-a-Kosovo-Wide-Media-Literacy-for-Health-Workshops--768x432.jpg 768w, https:\/\/ihsproject.org\/wp-content\/uploads\/2025\/08\/Starting-a-Kosovo-Wide-Media-Literacy-for-Health-Workshops--1536x864.jpg 1536w, https:\/\/ihsproject.org\/wp-content\/uploads\/2025\/08\/Starting-a-Kosovo-Wide-Media-Literacy-for-Health-Workshops--18x10.jpg 18w\" sizes=\"(max-width: 1600px) 100vw, 1600px\" \/>\t\t\t\t\t\t\t\t\t\t\t\t\t<\/div>\n\t\t\t\t<\/div>\n\t\t\t\t\t<\/div>\n\t\t\t\t<\/div>\n\t\t<div class=\"elementor-element elementor-element-fd1d484 e-flex e-con-boxed e-con e-parent\" data-id=\"fd1d484\" data-element_type=\"container\" data-core-v316-plus=\"true\">\n\t\t\t\t\t<div class=\"e-con-inner\">\n\t\t\t\t<div class=\"elementor-element elementor-element-511ecb5 elementor-widget elementor-widget-heading\" data-id=\"511ecb5\" data-element_type=\"widget\" data-widget_type=\"heading.default\">\n\t\t\t\t<div class=\"elementor-widget-container\">\n\t\t\t<h2 class=\"elementor-heading-title elementor-size-default\">Pokretanje radionica o medijskoj pismenosti za zdravlje \u0161irom Kosova<\/h2>\t\t<\/div>\n\t\t\t\t<\/div>\n\t\t\t\t<div class=\"elementor-element elementor-element-56f70ff elementor-widget elementor-widget-text-editor\" data-id=\"56f70ff\" data-element_type=\"widget\" data-widget_type=\"text-editor.default\">\n\t\t\t\t<div class=\"elementor-widget-container\">\n\t\t\t\t\t\t\t<p style=\"font-weight: 400;\">Dana 27. 08. 2025. godine, Pe\u0107 je bio doma\u0107in prve u nizu od sedam radionica usmerenih na ja\u010danje ve\u0161tina medijske pismenosti za zdravlje. U organizaciji IHS projekta, sesija je okupila predstavnike organizacija civilnog dru\u0161tva iz Pe\u0107i, Kline i Istoka, zajedno sa stru\u010dnjacima iz zdravstvenog sektora i lokalnim medijima.<\/p><p style=\"font-weight: 400;\">Radionica se bavila rastu\u0107im izazovom zdravstvenih dezinformacija, koje nesrazmerno poga\u0111aju ranjive populacije poput starijih osoba, mladih i osoba koje \u017eive sa hroni\u010dnim bolestima. U\u010desnici su istra\u017eivali razliku izme\u0111u dezinformacija i la\u017enih informacija, ispitivali kako la\u017ene informacije naru\u0161avaju poverenje u zdravstvene sisteme i ve\u017ebali procenu online zdravstvenog sadr\u017eaja.<\/p><p style=\"font-weight: 400;\">Interaktivne ve\u017ebe fokusirane su na analizu objava na dru\u0161tvenim mre\u017eama, identifikaciju emocionalnih manipulacija i testiranje kredibiliteta izvora. U\u010desnici su tako\u0111e razgovarali o tome kako digitalni algoritmi oblikuju percepciju javnosti o zdravlju.<\/p><p style=\"font-weight: 400;\">Inicijativa \u0107e se nastaviti u drugim regijama Kosova u narednim mesecima.<\/p>\t\t\t\t\t\t<\/div>\n\t\t\t\t<\/div>\n\t\t\t\t\t<\/div>\n\t\t\t\t<\/div>\n\t\t\t\t<\/div>","protected":false},"excerpt":{"rendered":"<p>Starting a Kosovo-Wide Media Literacy for Health Workshops On 27. 08. 2025, Peja hosted the first in a series of seven workshops aimed at strengthening media literacy skills for health. Organized by the IHS Project, the session gathered representatives of civil society organizations from Peja, Klina, and Istog, alongside health sector professionals and local media. [&hellip;]<\/p>","protected":false},"author":1,"featured_media":0,"parent":0,"menu_order":0,"comment_status":"closed","ping_status":"closed","template":"","meta":[],"_links":{"self":[{"href":"https:\/\/ihsproject.org\/sr\/wp-json\/wp\/v2\/pages\/15098"}],"collection":[{"href":"https:\/\/ihsproject.org\/sr\/wp-json\/wp\/v2\/pages"}],"about":[{"href":"https:\/\/ihsproject.org\/sr\/wp-json\/wp\/v2\/types\/page"}],"author":[{"embeddable":true,"href":"https:\/\/ihsproject.org\/sr\/wp-json\/wp\/v2\/users\/1"}],"replies":[{"embeddable":true,"href":"https:\/\/ihsproject.org\/sr\/wp-json\/wp\/v2\/comments?post=15098"}],"version-history":[{"count":4,"href":"https:\/\/ihsproject.org\/sr\/wp-json\/wp\/v2\/pages\/15098\/revisions"}],"predecessor-version":[{"id":15103,"href":"https:\/\/ihsproject.org\/sr\/wp-json\/wp\/v2\/pages\/15098\/revisions\/15103"}],"wp:attachment":[{"href":"https:\/\/ihsproject.org\/sr\/wp-json\/wp\/v2\/media?parent=15098"}],"curies":[{"name":"wp","href":"https:\/\/api.w.org\/{rel}","templated":true}]}}