{"id":15065,"date":"2025-08-27T14:30:34","date_gmt":"2025-08-27T14:30:34","guid":{"rendered":"https:\/\/ihsproject.org\/?page_id=15065"},"modified":"2025-08-27T14:32:10","modified_gmt":"2025-08-27T14:32:10","slug":"august-27-2025","status":"publish","type":"page","link":"https:\/\/ihsproject.org\/sr\/august-27-2025\/","title":{"rendered":"27 Avgusta 2025"},"content":{"rendered":"<div data-elementor-type=\"wp-page\" data-elementor-id=\"15065\" class=\"elementor elementor-15065\">\n\t\t\t\t<div class=\"elementor-element elementor-element-59eab54 e-flex e-con-boxed e-con e-parent\" data-id=\"59eab54\" data-element_type=\"container\" data-core-v316-plus=\"true\">\n\t\t\t\t\t<div class=\"e-con-inner\">\n\t\t\t\t<div class=\"elementor-element elementor-element-c1ba9aa elementor-widget elementor-widget-image\" data-id=\"c1ba9aa\" data-element_type=\"widget\" data-widget_type=\"image.default\">\n\t\t\t\t<div class=\"elementor-widget-container\">\n\t\t\t\t\t\t\t\t\t\t\t\t\t<img fetchpriority=\"high\" decoding=\"async\" width=\"1600\" height=\"900\" src=\"https:\/\/ihsproject.org\/wp-content\/uploads\/2025\/08\/22Across-Generations-Living-with-Diabetes-Together-Roundtable-in-Peja.jpg\" class=\"attachment-full size-full wp-image-15063\" alt=\"\" srcset=\"https:\/\/ihsproject.org\/wp-content\/uploads\/2025\/08\/22Across-Generations-Living-with-Diabetes-Together-Roundtable-in-Peja.jpg 1600w, https:\/\/ihsproject.org\/wp-content\/uploads\/2025\/08\/22Across-Generations-Living-with-Diabetes-Together-Roundtable-in-Peja-300x169.jpg 300w, https:\/\/ihsproject.org\/wp-content\/uploads\/2025\/08\/22Across-Generations-Living-with-Diabetes-Together-Roundtable-in-Peja-1024x576.jpg 1024w, https:\/\/ihsproject.org\/wp-content\/uploads\/2025\/08\/22Across-Generations-Living-with-Diabetes-Together-Roundtable-in-Peja-768x432.jpg 768w, https:\/\/ihsproject.org\/wp-content\/uploads\/2025\/08\/22Across-Generations-Living-with-Diabetes-Together-Roundtable-in-Peja-1536x864.jpg 1536w, https:\/\/ihsproject.org\/wp-content\/uploads\/2025\/08\/22Across-Generations-Living-with-Diabetes-Together-Roundtable-in-Peja-18x10.jpg 18w\" sizes=\"(max-width: 1600px) 100vw, 1600px\" \/>\t\t\t\t\t\t\t\t\t\t\t\t\t<\/div>\n\t\t\t\t<\/div>\n\t\t\t\t\t<\/div>\n\t\t\t\t<\/div>\n\t\t<div class=\"elementor-element elementor-element-db667f2 e-flex e-con-boxed e-con e-parent\" data-id=\"db667f2\" data-element_type=\"container\" data-core-v316-plus=\"true\">\n\t\t\t\t\t<div class=\"e-con-inner\">\n\t\t\t\t<div class=\"elementor-element elementor-element-8b7bf5b elementor-widget elementor-widget-heading\" data-id=\"8b7bf5b\" data-element_type=\"widget\" data-widget_type=\"heading.default\">\n\t\t\t\t<div class=\"elementor-widget-container\">\n\t\t\t<h2 class=\"elementor-heading-title elementor-size-default\">\u201cKroz generacije, \u017eivot sa dijabetesom, zajedno\u201d Okrugli sto u Pe\u0107i<\/h2>\t\t<\/div>\n\t\t\t\t<\/div>\n\t\t\t\t<div class=\"elementor-element elementor-element-56bd500 elementor-widget elementor-widget-text-editor\" data-id=\"56bd500\" data-element_type=\"widget\" data-widget_type=\"text-editor.default\">\n\t\t\t\t<div class=\"elementor-widget-container\">\n\t\t\t\t\t\t\t<p style=\"font-weight: 400;\">Dana 26. avgusta 2025. pacijenti sa dijabetom i zdravstveni radnici iz Pe\u0107i okupili su se na okruglom stolu u formatu \u201e\u017eive biblioteke\u201c pod nazivom \u201cKroz generacije, \u017eivot sa dijabetesom, zajedno\u201d kako bi podelili iskustva i zajedno kreirali re\u0161enja za bolju negu.<\/p><p style=\"font-weight: 400;\">Na doga\u0111aju se okupilo 10 pacijenata, pet starijih od 65 godina i pet uzrasta izme\u0111u 18 i 35 godina, zajedno sa predstavnicima lokalnih zdravstvenih ustanova. Kroz pripovedanje, pacijenti su opisivali svoja \u017eivotna putovanja, svakodnevne izazove i nade, nude\u0107i svedo\u010danstva o istrajnosti.<\/p><p style=\"font-weight: 400;\">\u201eDijabetes je na\u0161 zajedni\u010dki jezik\u201c, slo\u017eili su se u\u010desnici, dok su pacijenti i stru\u010dnjaci istra\u017eivali pristupe i razmenjivali informacije kako bi unapredili edukaciju i pristup uslugama.<\/p><p style=\"font-weight: 400;\">Specijalna go\u0161\u0107a doga\u0111aja, Lisa Mehmeti, kojoj je dijabetes tipa 1 dijagnostikovan u veoma ranom uzrastu, a sada osniva\u010d organizacije za zastupanje Tip1Omel, istakla je potrebu za zajedni\u010dkim zalaganjem: \u201eSamo zajedno mo\u017eemo obezbediti institucionalnu podr\u0161ku i razbiti stigmu koja i dalje okru\u017euje dijabetes.\u201c<\/p><p style=\"font-weight: 400;\">Zdravstveni radnici su naglasili va\u017enost rane dijagnostike, samostalnog upravljanja bole\u0161\u0107u od strane pacijenata, kao i uloge dobre saradnje izme\u0111u pacijenata i zdravstvenih pru\u017ealaca, dok su pacijenti podelili emotivne, fizi\u010dke i finansijske terete koje nose.<\/p><p style=\"font-weight: 400;\">Projekat IHS je naglasio da je ova inicijativa deo stalnih napora da se oja\u010da dijalog izme\u0111u pacijenata, negovatelja i institucija, kako bi se obezbedilo da se re\u0161enja oblikuju ne samo za pacijente, ve\u0107 i sa njima.<\/p>\t\t\t\t\t\t<\/div>\n\t\t\t\t<\/div>\n\t\t\t\t\t<\/div>\n\t\t\t\t<\/div>\n\t\t\t\t<\/div>","protected":false},"excerpt":{"rendered":"<p>\u201cAcross Generations, Living with Diabetes, Together\u201d Roundtable in Peja On 26 August 2025 patients with diabetes and health professionals from Peja met in a \u201chuman library-style\u201d roundtable \u201cAcross Generations: Living with Diabetes, Together\u201d to share experiences and co-create solutions for better care. The event brought together 10 patients, five aged over 65 and five aged [&hellip;]<\/p>","protected":false},"author":1,"featured_media":0,"parent":0,"menu_order":0,"comment_status":"closed","ping_status":"closed","template":"","meta":[],"_links":{"self":[{"href":"https:\/\/ihsproject.org\/sr\/wp-json\/wp\/v2\/pages\/15065"}],"collection":[{"href":"https:\/\/ihsproject.org\/sr\/wp-json\/wp\/v2\/pages"}],"about":[{"href":"https:\/\/ihsproject.org\/sr\/wp-json\/wp\/v2\/types\/page"}],"author":[{"embeddable":true,"href":"https:\/\/ihsproject.org\/sr\/wp-json\/wp\/v2\/users\/1"}],"replies":[{"embeddable":true,"href":"https:\/\/ihsproject.org\/sr\/wp-json\/wp\/v2\/comments?post=15065"}],"version-history":[{"count":4,"href":"https:\/\/ihsproject.org\/sr\/wp-json\/wp\/v2\/pages\/15065\/revisions"}],"predecessor-version":[{"id":15070,"href":"https:\/\/ihsproject.org\/sr\/wp-json\/wp\/v2\/pages\/15065\/revisions\/15070"}],"wp:attachment":[{"href":"https:\/\/ihsproject.org\/sr\/wp-json\/wp\/v2\/media?parent=15065"}],"curies":[{"name":"wp","href":"https:\/\/api.w.org\/{rel}","templated":true}]}}