{"id":15049,"date":"2025-08-25T11:42:20","date_gmt":"2025-08-25T11:42:20","guid":{"rendered":"https:\/\/ihsproject.org\/?page_id=15049"},"modified":"2025-08-25T11:44:09","modified_gmt":"2025-08-25T11:44:09","slug":"august-25-2025","status":"publish","type":"page","link":"https:\/\/ihsproject.org\/sr\/august-25-2025\/","title":{"rendered":"25 Avgusta 2025"},"content":{"rendered":"<div data-elementor-type=\"wp-page\" data-elementor-id=\"15049\" class=\"elementor elementor-15049\">\n\t\t\t\t<div class=\"elementor-element elementor-element-670cb51 e-flex e-con-boxed e-con e-parent\" data-id=\"670cb51\" data-element_type=\"container\" data-core-v316-plus=\"true\">\n\t\t\t\t\t<div class=\"e-con-inner\">\n\t\t\t\t<div class=\"elementor-element elementor-element-4c7fa2c elementor-widget elementor-widget-image\" data-id=\"4c7fa2c\" data-element_type=\"widget\" data-widget_type=\"image.default\">\n\t\t\t\t<div class=\"elementor-widget-container\">\n\t\t\t\t\t\t\t\t\t\t\t\t\t<img fetchpriority=\"high\" decoding=\"async\" width=\"1600\" height=\"900\" src=\"https:\/\/ihsproject.org\/wp-content\/uploads\/2025\/08\/Swiss-TPH-Organizes-Integrated-People-Centred-Care-Symposium.jpg\" class=\"attachment-full size-full wp-image-15048\" alt=\"\" srcset=\"https:\/\/ihsproject.org\/wp-content\/uploads\/2025\/08\/Swiss-TPH-Organizes-Integrated-People-Centred-Care-Symposium.jpg 1600w, https:\/\/ihsproject.org\/wp-content\/uploads\/2025\/08\/Swiss-TPH-Organizes-Integrated-People-Centred-Care-Symposium-300x169.jpg 300w, https:\/\/ihsproject.org\/wp-content\/uploads\/2025\/08\/Swiss-TPH-Organizes-Integrated-People-Centred-Care-Symposium-1024x576.jpg 1024w, https:\/\/ihsproject.org\/wp-content\/uploads\/2025\/08\/Swiss-TPH-Organizes-Integrated-People-Centred-Care-Symposium-768x432.jpg 768w, https:\/\/ihsproject.org\/wp-content\/uploads\/2025\/08\/Swiss-TPH-Organizes-Integrated-People-Centred-Care-Symposium-1536x864.jpg 1536w, https:\/\/ihsproject.org\/wp-content\/uploads\/2025\/08\/Swiss-TPH-Organizes-Integrated-People-Centred-Care-Symposium-18x10.jpg 18w\" sizes=\"(max-width: 1600px) 100vw, 1600px\" \/>\t\t\t\t\t\t\t\t\t\t\t\t\t<\/div>\n\t\t\t\t<\/div>\n\t\t\t\t\t<\/div>\n\t\t\t\t<\/div>\n\t\t<div class=\"elementor-element elementor-element-fbf00fa e-flex e-con-boxed e-con e-parent\" data-id=\"fbf00fa\" data-element_type=\"container\" data-core-v316-plus=\"true\">\n\t\t\t\t\t<div class=\"e-con-inner\">\n\t\t\t\t<div class=\"elementor-element elementor-element-60666df elementor-widget elementor-widget-heading\" data-id=\"60666df\" data-element_type=\"widget\" data-widget_type=\"heading.default\">\n\t\t\t\t<div class=\"elementor-widget-container\">\n\t\t\t<h2 class=\"elementor-heading-title elementor-size-default\">\u0160vajcarski TPH organizuje Simpozijum o integrisanoj nezi usmerenoj na ljude<\/h2>\t\t<\/div>\n\t\t\t\t<\/div>\n\t\t\t\t<div class=\"elementor-element elementor-element-887bd42 elementor-widget elementor-widget-text-editor\" data-id=\"887bd42\" data-element_type=\"widget\" data-widget_type=\"text-editor.default\">\n\t\t\t\t<div class=\"elementor-widget-container\">\n\t\t\t\t\t\t\t<p style=\"font-weight: 400;\">\u0160vajcarski institut za tropsko i javno zdravlje (Swiss TPH) bi\u0107e doma\u0107in me\u0111unarodnog simpozijuma o integrisanoj nezi usmerenoj na ljude (IPCC). Simpozijum okuplja stru\u010dnjake iz akademske zajednice, zdravstva, javne uprave i privatnog sektora, a fokus \u0107e biti na tome kako pobolj\u0161ati negu pacijenata i ishode le\u010denja kroz koordiniranije i inovativnije pristupe.<\/p><p style=\"font-weight: 400;\">Sa starenjem stanovni\u0161tva i rastu\u0107im teretom hroni\u010dnih stanja, zdravstveni i socijalni sistemi na Kosovu, ba\u0161 kao i \u0161irom sveta, suo\u010davaju se sa sve ve\u0107im pritiskom. Simpozijum \u0107e ispitati na\u010dine za premo\u0161\u0107ivanje jaza izme\u0111u zdravstvene i socijalne za\u0161tite, isti\u010du\u0107i strategije koje osiguravaju da pacijenti i porodice dobiju podr\u0161ku koja je ne samo efikasna, ve\u0107 i pravedna.<\/p><p style=\"font-weight: 400;\">Diskusije \u0107e istra\u017eiti integrisane modele za upravljanje hroni\u010dnim bolestima, kori\u0161\u0107enje digitalnih alata za ja\u010danje koordinacije i perspektive i pacijenata i pru\u017ealaca usluga o njihovim iskustvima nege. Program uklju\u010duje plenarne sesije, paralelne diskusije o upravljanju podacima, istra\u017eivanju i politici, a zavr\u0161ava se refleksijama predstavnika zdravstvenog sistema.<\/p><p style=\"font-weight: 400;\">Doga\u0111aj se odr\u017eava 2. septembra 2025. u hibridnom formatu, a doma\u0107in je \u0160vajcarski TPH. Vi\u0161e detalja, uklju\u010duju\u0107i kompletan program i informacije o registraciji, mo\u017eete prona\u0107i ovde:\u00a0<a href=\"https:\/\/l.facebook.com\/l.php?u=https%3A%2F%2Fwww.swisstph.ch%2Fen%2Fabout%2Fevents%2Fipcc-symposium-2025%3Ffbclid%3DIwZXh0bgNhZW0CMTAAYnJpZBExeVFmd3FvSVdkWjIzNTZ5VwEejKI0l0_wfU4Y3ftGdaJnhg2kNHwxAY8O4Bscye5F6q65CeCVr1mYzM6AxyQ_aem_6ZH1wgt6lo2-hbgvfwCeoA&amp;h=AT3DGODctk52zbamp0JRA4FGcmxkPFDF3XiPkh5wUSPPoybjvQQrCCUjw4B4_QVDyXFDvPXnXfTyh6sLv_MUkH4OP0oUJr3FGzWCUJ4Sse9NBhcg6kobk3tbDKiKzPLTqLTTWmgw4Z_gFg&amp;__tn__=-UK-R&amp;c%5b0%5d=AT1bPQLjl1BvMo5kNnyA88JG-IH_A31kQK8oOhbE4GZ5TW_Eipui-QflURcEzGEiBdrqtMQZUAF2DVgSNn8LCEhqvHKx5UaLv46tBDFGNVkhrTyhixOHLO0nqkR7g9F-hXfJ6sg9nHNK7zS27rpicMREtZttcLoq97AoxYjQfB7Cf7LBrC6ZYnOxh4QnrCvArJ3SLo-VmaK7NnmT\" data-saferedirecturl=\"https:\/\/www.google.com\/url?q=https:\/\/l.facebook.com\/l.php?u%3Dhttps%253A%252F%252Fwww.swisstph.ch%252Fen%252Fabout%252Fevents%252Fipcc-symposium-2025%253Ffbclid%253DIwZXh0bgNhZW0CMTAAYnJpZBExeVFmd3FvSVdkWjIzNTZ5VwEejKI0l0_wfU4Y3ftGdaJnhg2kNHwxAY8O4Bscye5F6q65CeCVr1mYzM6AxyQ_aem_6ZH1wgt6lo2-hbgvfwCeoA%26h%3DAT3DGODctk52zbamp0JRA4FGcmxkPFDF3XiPkh5wUSPPoybjvQQrCCUjw4B4_QVDyXFDvPXnXfTyh6sLv_MUkH4OP0oUJr3FGzWCUJ4Sse9NBhcg6kobk3tbDKiKzPLTqLTTWmgw4Z_gFg%26__tn__%3D-UK-R%26c%255b0%255d%3DAT1bPQLjl1BvMo5kNnyA88JG-IH_A31kQK8oOhbE4GZ5TW_Eipui-QflURcEzGEiBdrqtMQZUAF2DVgSNn8LCEhqvHKx5UaLv46tBDFGNVkhrTyhixOHLO0nqkR7g9F-hXfJ6sg9nHNK7zS27rpicMREtZttcLoq97AoxYjQfB7Cf7LBrC6ZYnOxh4QnrCvArJ3SLo-VmaK7NnmT&amp;source=gmail&amp;ust=1756207743402000&amp;usg=AOvVaw0-tdEz_bXNmjp8uxiLIB3c\">https:\/\/www.swisstph.ch\/en\/about\/events\/ipcc-symposium-2025<\/a><\/p>\t\t\t\t\t\t<\/div>\n\t\t\t\t<\/div>\n\t\t\t\t\t<\/div>\n\t\t\t\t<\/div>\n\t\t\t\t<\/div>","protected":false},"excerpt":{"rendered":"<p>Swiss TPH Organizes Integrated People-Centred Care Symposium On 2 September 2025, the Swiss Tropical and Public Health Institute (Swiss TPH) will host an international symposium on Integrated People-Centred Care (IPCC). The symposium brings together experts from academia, healthcare, public administration, and the private sector and will focus on how to improve patient care and treatment [&hellip;]<\/p>","protected":false},"author":1,"featured_media":0,"parent":0,"menu_order":0,"comment_status":"closed","ping_status":"closed","template":"","meta":[],"_links":{"self":[{"href":"https:\/\/ihsproject.org\/sr\/wp-json\/wp\/v2\/pages\/15049"}],"collection":[{"href":"https:\/\/ihsproject.org\/sr\/wp-json\/wp\/v2\/pages"}],"about":[{"href":"https:\/\/ihsproject.org\/sr\/wp-json\/wp\/v2\/types\/page"}],"author":[{"embeddable":true,"href":"https:\/\/ihsproject.org\/sr\/wp-json\/wp\/v2\/users\/1"}],"replies":[{"embeddable":true,"href":"https:\/\/ihsproject.org\/sr\/wp-json\/wp\/v2\/comments?post=15049"}],"version-history":[{"count":4,"href":"https:\/\/ihsproject.org\/sr\/wp-json\/wp\/v2\/pages\/15049\/revisions"}],"predecessor-version":[{"id":15054,"href":"https:\/\/ihsproject.org\/sr\/wp-json\/wp\/v2\/pages\/15049\/revisions\/15054"}],"wp:attachment":[{"href":"https:\/\/ihsproject.org\/sr\/wp-json\/wp\/v2\/media?parent=15049"}],"curies":[{"name":"wp","href":"https:\/\/api.w.org\/{rel}","templated":true}]}}