{"id":15018,"date":"2025-07-14T10:46:28","date_gmt":"2025-07-14T10:46:28","guid":{"rendered":"https:\/\/ihsproject.org\/?page_id=15018"},"modified":"2025-07-14T10:47:52","modified_gmt":"2025-07-14T10:47:52","slug":"july-14-2025","status":"publish","type":"page","link":"https:\/\/ihsproject.org\/sr\/july-14-2025\/","title":{"rendered":"14 Jul, 2025"},"content":{"rendered":"<div data-elementor-type=\"wp-page\" data-elementor-id=\"15018\" class=\"elementor elementor-15018\">\n\t\t\t\t<div class=\"elementor-element elementor-element-d74db1f e-flex e-con-boxed e-con e-parent\" data-id=\"d74db1f\" data-element_type=\"container\" data-core-v316-plus=\"true\">\n\t\t\t\t\t<div class=\"e-con-inner\">\n\t\t\t\t<div class=\"elementor-element elementor-element-f8abb83 elementor-widget elementor-widget-image\" data-id=\"f8abb83\" data-element_type=\"widget\" data-widget_type=\"image.default\">\n\t\t\t\t<div class=\"elementor-widget-container\">\n\t\t\t\t\t\t\t\t\t\t\t\t\t<img fetchpriority=\"high\" decoding=\"async\" width=\"1600\" height=\"900\" src=\"https:\/\/ihsproject.org\/wp-content\/uploads\/2025\/07\/Kosovo-Healthcare-Leaders-Advance-Leadership-Skills-.jpg\" class=\"attachment-full size-full wp-image-15016\" alt=\"\" srcset=\"https:\/\/ihsproject.org\/wp-content\/uploads\/2025\/07\/Kosovo-Healthcare-Leaders-Advance-Leadership-Skills-.jpg 1600w, https:\/\/ihsproject.org\/wp-content\/uploads\/2025\/07\/Kosovo-Healthcare-Leaders-Advance-Leadership-Skills--300x169.jpg 300w, https:\/\/ihsproject.org\/wp-content\/uploads\/2025\/07\/Kosovo-Healthcare-Leaders-Advance-Leadership-Skills--1024x576.jpg 1024w, https:\/\/ihsproject.org\/wp-content\/uploads\/2025\/07\/Kosovo-Healthcare-Leaders-Advance-Leadership-Skills--768x432.jpg 768w, https:\/\/ihsproject.org\/wp-content\/uploads\/2025\/07\/Kosovo-Healthcare-Leaders-Advance-Leadership-Skills--1536x864.jpg 1536w, https:\/\/ihsproject.org\/wp-content\/uploads\/2025\/07\/Kosovo-Healthcare-Leaders-Advance-Leadership-Skills--18x10.jpg 18w\" sizes=\"(max-width: 1600px) 100vw, 1600px\" \/>\t\t\t\t\t\t\t\t\t\t\t\t\t<\/div>\n\t\t\t\t<\/div>\n\t\t\t\t\t<\/div>\n\t\t\t\t<\/div>\n\t\t<div class=\"elementor-element elementor-element-7b4d90b e-flex e-con-boxed e-con e-parent\" data-id=\"7b4d90b\" data-element_type=\"container\" data-core-v316-plus=\"true\">\n\t\t\t\t\t<div class=\"e-con-inner\">\n\t\t\t\t<div class=\"elementor-element elementor-element-d970e4f elementor-widget elementor-widget-heading\" data-id=\"d970e4f\" data-element_type=\"widget\" data-widget_type=\"heading.default\">\n\t\t\t\t<div class=\"elementor-widget-container\">\n\t\t\t<h2 class=\"elementor-heading-title elementor-size-default\">Lideri u zdravstvu na Kosovu unapre\u0111uju liderske ve\u0161tine<\/h2>\t\t<\/div>\n\t\t\t\t<\/div>\n\t\t\t\t<div class=\"elementor-element elementor-element-be52fe3 elementor-widget elementor-widget-text-editor\" data-id=\"be52fe3\" data-element_type=\"widget\" data-widget_type=\"text-editor.default\">\n\t\t\t\t<div class=\"elementor-widget-container\">\n\t\t\t\t\t\t\t<p style=\"font-weight: 400;\">Grupa stru\u010dnjaka iz zdravstvenih ustanova i nivoa na Kosovu zavr\u0161ila je trodnevnu intenzivnu obuku za liderstvo od 8. do 10. jula 2025. godine. Ovaj modul je deo teku\u0107eg programa obuke za upravljanje zdravljem. Fasilitovan od strane Me\u0111unarodne bolni\u010dke federacije (IHF), modul se fokusirao na ja\u010danje liderskih ve\u0161tina, emocionalne inteligencije i odr\u017eivih zdravstvenih praksi.<\/p><p style=\"font-weight: 400;\">Sesije su imale za cilj da osna\u017ee u\u010desnike sa na\u010dinom razmi\u0161ljanja i alatima potrebnim za efikasno vo\u0111enje u zdravstvenom okru\u017eenju koje se stalno razvija, istra\u017euju\u0107i modele liderstva, osobine uticajnih lidera, efikasnu komunikaciju, zna\u010daj emocionalne inteligencije u izgradnji poverenja unutar zdravstvenih timova i transformativno liderstvo, upravljanje promenama i odr\u017eivost \u017eivotne sredine u zdravstvu.<\/p><p style=\"font-weight: 400;\">\"Ovaj modul obuke bio je klju\u010dan za razvoj kulture liderstva koja inspiri\u0161e i motivi\u0161e\", rekla je Adelina Lenjani Osmani, predstavnica Ministarstva zdravlja Kosova. \"Program obuke za upravljanje zdravstvom jedna je od prvih inicijativa nakon sporazuma o saradnji izme\u0111u Ministarstva zdravlja Kosova i Me\u0111unarodne bolni\u010dke federacije. Ministarstvo je imenovalo radnu grupu koja \u0107e nadgledati Akcioni plan, a va\u017ean napredak je da \u0107e se ovaj plan sada pratiti. Ministarstvo \u0107e nastaviti saradnju u ovoj oblasti, i zahvaljujem vam na ovom modulu, za koji se nadam da \u0107e biti plodanosan za sve.\"<\/p>\t\t\t\t\t\t<\/div>\n\t\t\t\t<\/div>\n\t\t\t\t\t<\/div>\n\t\t\t\t<\/div>\n\t\t\t\t<\/div>","protected":false},"excerpt":{"rendered":"<p>Kosovo Healthcare Leaders Advance Leadership Skills A group of professionals across Kosovo\u2019s healthcare institutions and levels completed a three-day intensive Leadership Module training on 8 \u2013 10 July 2025. This module is part of the ongoing Health Management Training Programme. Facilitated by the International Hospital Federation (IHF), the module focused on strengthening leadership skills, emotional [&hellip;]<\/p>","protected":false},"author":1,"featured_media":0,"parent":0,"menu_order":0,"comment_status":"closed","ping_status":"closed","template":"","meta":[],"_links":{"self":[{"href":"https:\/\/ihsproject.org\/sr\/wp-json\/wp\/v2\/pages\/15018"}],"collection":[{"href":"https:\/\/ihsproject.org\/sr\/wp-json\/wp\/v2\/pages"}],"about":[{"href":"https:\/\/ihsproject.org\/sr\/wp-json\/wp\/v2\/types\/page"}],"author":[{"embeddable":true,"href":"https:\/\/ihsproject.org\/sr\/wp-json\/wp\/v2\/users\/1"}],"replies":[{"embeddable":true,"href":"https:\/\/ihsproject.org\/sr\/wp-json\/wp\/v2\/comments?post=15018"}],"version-history":[{"count":4,"href":"https:\/\/ihsproject.org\/sr\/wp-json\/wp\/v2\/pages\/15018\/revisions"}],"predecessor-version":[{"id":15023,"href":"https:\/\/ihsproject.org\/sr\/wp-json\/wp\/v2\/pages\/15018\/revisions\/15023"}],"wp:attachment":[{"href":"https:\/\/ihsproject.org\/sr\/wp-json\/wp\/v2\/media?parent=15018"}],"curies":[{"name":"wp","href":"https:\/\/api.w.org\/{rel}","templated":true}]}}