{"id":14990,"date":"2025-06-30T16:29:59","date_gmt":"2025-06-30T16:29:59","guid":{"rendered":"https:\/\/ihsproject.org\/?page_id=14990"},"modified":"2025-06-30T16:31:44","modified_gmt":"2025-06-30T16:31:44","slug":"june-30-2025","status":"publish","type":"page","link":"https:\/\/ihsproject.org\/sr\/june-30-2025\/","title":{"rendered":"30 Juna, 2025"},"content":{"rendered":"<div data-elementor-type=\"wp-page\" data-elementor-id=\"14990\" class=\"elementor elementor-14990\">\n\t\t\t\t<div class=\"elementor-element elementor-element-175e858 e-flex e-con-boxed e-con e-parent\" data-id=\"175e858\" data-element_type=\"container\" data-core-v316-plus=\"true\">\n\t\t\t\t\t<div class=\"e-con-inner\">\n\t\t\t\t<div class=\"elementor-element elementor-element-e9cb82f elementor-widget elementor-widget-image\" data-id=\"e9cb82f\" data-element_type=\"widget\" data-widget_type=\"image.default\">\n\t\t\t\t<div class=\"elementor-widget-container\">\n\t\t\t\t\t\t\t\t\t\t\t\t\t<img fetchpriority=\"high\" decoding=\"async\" width=\"1600\" height=\"900\" src=\"https:\/\/ihsproject.org\/wp-content\/uploads\/2025\/06\/Strategic-Data-Management-for-Decision-Making-in-Healthcare-.jpg\" class=\"attachment-full size-full wp-image-14991\" alt=\"\" srcset=\"https:\/\/ihsproject.org\/wp-content\/uploads\/2025\/06\/Strategic-Data-Management-for-Decision-Making-in-Healthcare-.jpg 1600w, https:\/\/ihsproject.org\/wp-content\/uploads\/2025\/06\/Strategic-Data-Management-for-Decision-Making-in-Healthcare--300x169.jpg 300w, https:\/\/ihsproject.org\/wp-content\/uploads\/2025\/06\/Strategic-Data-Management-for-Decision-Making-in-Healthcare--1024x576.jpg 1024w, https:\/\/ihsproject.org\/wp-content\/uploads\/2025\/06\/Strategic-Data-Management-for-Decision-Making-in-Healthcare--768x432.jpg 768w, https:\/\/ihsproject.org\/wp-content\/uploads\/2025\/06\/Strategic-Data-Management-for-Decision-Making-in-Healthcare--1536x864.jpg 1536w, https:\/\/ihsproject.org\/wp-content\/uploads\/2025\/06\/Strategic-Data-Management-for-Decision-Making-in-Healthcare--18x10.jpg 18w\" sizes=\"(max-width: 1600px) 100vw, 1600px\" \/>\t\t\t\t\t\t\t\t\t\t\t\t\t<\/div>\n\t\t\t\t<\/div>\n\t\t\t\t\t<\/div>\n\t\t\t\t<\/div>\n\t\t<div class=\"elementor-element elementor-element-48ea5fb e-flex e-con-boxed e-con e-parent\" data-id=\"48ea5fb\" data-element_type=\"container\" data-core-v316-plus=\"true\">\n\t\t\t\t\t<div class=\"e-con-inner\">\n\t\t\t\t<div class=\"elementor-element elementor-element-7379588 elementor-widget elementor-widget-heading\" data-id=\"7379588\" data-element_type=\"widget\" data-widget_type=\"heading.default\">\n\t\t\t\t<div class=\"elementor-widget-container\">\n\t\t\t<h2 class=\"elementor-heading-title elementor-size-default\">Strate\u0161ko upravljanje podacima za dono\u0161enje odluka u zdravstvu<\/h2>\t\t<\/div>\n\t\t\t\t<\/div>\n\t\t\t\t<div class=\"elementor-element elementor-element-b3f7031 elementor-widget elementor-widget-text-editor\" data-id=\"b3f7031\" data-element_type=\"widget\" data-widget_type=\"text-editor.default\">\n\t\t\t\t<div class=\"elementor-widget-container\">\n\t\t\t\t\t\t\t<div dir=\"auto\"><p style=\"font-weight: 400;\">U junu 2025. godine, preko 50 zdravstvenih radnika iz Op\u0161tih bolnica u Pe\u0107i i \u0110akovici u\u010destvovalo je u akreditovanoj jednodnevnoj obuci na temu \u201eUpravljanje podacima i va\u017enost podataka u dono\u0161enju odluka\u201c.<\/p><p style=\"font-weight: 400;\">Obuka, koju je vodio stru\u010dni trener Liridon Gashi, fokusirala se na ja\u010danje menad\u017eerskih i analiti\u010dkih kapaciteta unutar zdravstvenih ustanova. U\u010desnici su istra\u017eivali kako podaci mogu pobolj\u0161ati kvalitet usluga, podr\u017eati institucionalno upravljanje i podsta\u0107i dono\u0161enje odluka zasnovanih na dokazima, posebno u sektoru zdravstvene za\u0161tite.<\/p><p style=\"font-weight: 400;\">Me\u0111u u\u010desnicima su bili menad\u017eeri bolnica, \u0161efovi odeljenja i medicinske sestre, osoblje za edukaciju pacijenata, koordinatori kvaliteta, analiti\u010dari podataka, administrativno osoblje i medicinski specijalisti. Prisustvovali su i predstavnici Komore medicinskih sestara\/tehni\u010dara Kosova.<\/p><p style=\"font-weight: 400;\">Interaktivni program kombinovao je teorijske prezentacije, analizu studija slu\u010daja i prakti\u010dne ve\u017ebe. Klju\u010dne teme uklju\u010divale su upravljanje podacima, kvalitet podataka i privatnost, standarde zdravstvenog izve\u0161tavanja i eti\u010dku upotrebu podataka u zdravstvu. Dan je zavr\u0161en prakti\u010dnom sesijom o primeni alata i resursa za podatke.<\/p><p style=\"font-weight: 400;\">Obuka je zvani\u010dno akreditovana od strane Komore medicinskih sestara\/tehni\u010dara Kosova i u\u010desnicima se dodeljuje 6 kreditnih bodova.<\/p><\/div>\t\t\t\t\t\t<\/div>\n\t\t\t\t<\/div>\n\t\t\t\t\t<\/div>\n\t\t\t\t<\/div>\n\t\t\t\t<\/div>","protected":false},"excerpt":{"rendered":"<p>Strategic Data Management for Decision-Making in Healthcare In June 2025, over 50 healthcare professionals from the General Hospitals of Peja and Gjakova participated in an accredited one-day training on \u201cData Management and the Importance of Data in Decision-Making\u201d. Led by expert trainer Liridon Gashi, the training focused on strengthening managerial and analytical capacities within healthcare [&hellip;]<\/p>","protected":false},"author":1,"featured_media":0,"parent":0,"menu_order":0,"comment_status":"closed","ping_status":"closed","template":"","meta":[],"_links":{"self":[{"href":"https:\/\/ihsproject.org\/sr\/wp-json\/wp\/v2\/pages\/14990"}],"collection":[{"href":"https:\/\/ihsproject.org\/sr\/wp-json\/wp\/v2\/pages"}],"about":[{"href":"https:\/\/ihsproject.org\/sr\/wp-json\/wp\/v2\/types\/page"}],"author":[{"embeddable":true,"href":"https:\/\/ihsproject.org\/sr\/wp-json\/wp\/v2\/users\/1"}],"replies":[{"embeddable":true,"href":"https:\/\/ihsproject.org\/sr\/wp-json\/wp\/v2\/comments?post=14990"}],"version-history":[{"count":4,"href":"https:\/\/ihsproject.org\/sr\/wp-json\/wp\/v2\/pages\/14990\/revisions"}],"predecessor-version":[{"id":14999,"href":"https:\/\/ihsproject.org\/sr\/wp-json\/wp\/v2\/pages\/14990\/revisions\/14999"}],"wp:attachment":[{"href":"https:\/\/ihsproject.org\/sr\/wp-json\/wp\/v2\/media?parent=14990"}],"curies":[{"name":"wp","href":"https:\/\/api.w.org\/{rel}","templated":true}]}}