{"id":14977,"date":"2025-06-27T09:59:26","date_gmt":"2025-06-27T09:59:26","guid":{"rendered":"https:\/\/ihsproject.org\/?page_id=14977"},"modified":"2025-06-27T10:01:00","modified_gmt":"2025-06-27T10:01:00","slug":"june-27-2025","status":"publish","type":"page","link":"https:\/\/ihsproject.org\/sr\/june-27-2025\/","title":{"rendered":"27 Juna, 2025"},"content":{"rendered":"<div data-elementor-type=\"wp-page\" data-elementor-id=\"14977\" class=\"elementor elementor-14977\">\n\t\t\t\t<div class=\"elementor-element elementor-element-90c8f2a e-flex e-con-boxed e-con e-parent\" data-id=\"90c8f2a\" data-element_type=\"container\" data-core-v316-plus=\"true\">\n\t\t\t\t\t<div class=\"e-con-inner\">\n\t\t\t\t<div class=\"elementor-element elementor-element-23b6fc6 elementor-widget elementor-widget-image\" data-id=\"23b6fc6\" data-element_type=\"widget\" data-widget_type=\"image.default\">\n\t\t\t\t<div class=\"elementor-widget-container\">\n\t\t\t\t\t\t\t\t\t\t\t\t\t<img fetchpriority=\"high\" decoding=\"async\" width=\"1600\" height=\"900\" src=\"https:\/\/ihsproject.org\/wp-content\/uploads\/2025\/06\/Gjakova-Workshop-Highlights-Patient-Centred-Healthcare-Steps-Forward.jpg\" class=\"attachment-full size-full wp-image-14976\" alt=\"\" srcset=\"https:\/\/ihsproject.org\/wp-content\/uploads\/2025\/06\/Gjakova-Workshop-Highlights-Patient-Centred-Healthcare-Steps-Forward.jpg 1600w, https:\/\/ihsproject.org\/wp-content\/uploads\/2025\/06\/Gjakova-Workshop-Highlights-Patient-Centred-Healthcare-Steps-Forward-300x169.jpg 300w, https:\/\/ihsproject.org\/wp-content\/uploads\/2025\/06\/Gjakova-Workshop-Highlights-Patient-Centred-Healthcare-Steps-Forward-1024x576.jpg 1024w, https:\/\/ihsproject.org\/wp-content\/uploads\/2025\/06\/Gjakova-Workshop-Highlights-Patient-Centred-Healthcare-Steps-Forward-768x432.jpg 768w, https:\/\/ihsproject.org\/wp-content\/uploads\/2025\/06\/Gjakova-Workshop-Highlights-Patient-Centred-Healthcare-Steps-Forward-1536x864.jpg 1536w, https:\/\/ihsproject.org\/wp-content\/uploads\/2025\/06\/Gjakova-Workshop-Highlights-Patient-Centred-Healthcare-Steps-Forward-18x10.jpg 18w\" sizes=\"(max-width: 1600px) 100vw, 1600px\" \/>\t\t\t\t\t\t\t\t\t\t\t\t\t<\/div>\n\t\t\t\t<\/div>\n\t\t\t\t\t<\/div>\n\t\t\t\t<\/div>\n\t\t<div class=\"elementor-element elementor-element-a81f6e1 e-flex e-con-boxed e-con e-parent\" data-id=\"a81f6e1\" data-element_type=\"container\" data-core-v316-plus=\"true\">\n\t\t\t\t\t<div class=\"e-con-inner\">\n\t\t\t\t<div class=\"elementor-element elementor-element-c7941fd elementor-widget elementor-widget-heading\" data-id=\"c7941fd\" data-element_type=\"widget\" data-widget_type=\"heading.default\">\n\t\t\t\t<div class=\"elementor-widget-container\">\n\t\t\t<h2 class=\"elementor-heading-title elementor-size-default\">Na radionici u \u0110akovici istaknuti koraci napred u zdravstvenoj za\u0161titi usmerenoj na pacijenta<\/h2>\t\t<\/div>\n\t\t\t\t<\/div>\n\t\t\t\t<div class=\"elementor-element elementor-element-38aa6ca elementor-widget elementor-widget-text-editor\" data-id=\"38aa6ca\" data-element_type=\"widget\" data-widget_type=\"text-editor.default\">\n\t\t\t\t<div class=\"elementor-widget-container\">\n\t\t\t\t\t\t\t<p style=\"font-weight: 400;\">Zdravstveni radnici iz Op\u0161te bolnice u \u0110akovici sastali su se 25. juna 2025. godine kako bi unapredili negu usmerenu na pacijenta na Kosovu, \u0161to je deo teku\u0107ih napora u ovoj dimenziji zdravstvene za\u0161tite. Radionica, koju je organizovao IHS projekat, a vodio stru\u010dnjak za zdravstvene sisteme, prof. Oliver Groene, naglasila je kori\u0161\u0107enje povratnih informacija od pacijenata za pobolj\u0161anje usluga i promociju zdravlja u bolnicama.<\/p><p style=\"font-weight: 400;\">Klju\u010dne diskusije uklju\u010divale su rezultate nedavnih anketa o iskustvima pacijenata u \u0110akovici i Pe\u0107i, koje su kori\u0161\u0107ene za identifikaciju prioritetnih podru\u010dja za pobolj\u0161anje usluga. U\u010desnici su tako\u0111e razvili strategije za unapre\u0111enje edukacije pacijenata i brige o sebi, predla\u017eu\u0107i ciljane zdravstvene kampanje i bolje kori\u0161\u0107enje bolni\u010dkih prostora.<\/p><p style=\"font-weight: 400;\">Prof. Groene obi\u0161ao je ustanovu, posmatraju\u0107i prostorije i protokole za upravljanje hroni\u010dnim bolestima. Tako\u0111e je posetio Odeljenje interne medicine i Ordinaciju za zdravstveno obrazovanje, gde je osoblje bolnice predstavilo edukativne napore koje podr\u017eava IHS projekat.<\/p><p style=\"font-weight: 400;\">Doga\u0111aj je zavr\u0161en posetom novom vi\u0161enamenskom objektu koji \u0107e uskoro biti otvoren, a osmi\u0161ljen je da pobolj\u0161a navigaciju pacijenata, osiguranje kvaliteta i participatornu negu, u skladu s okvirom Bolnica koje promovi\u0161u zdravlje.<\/p>\t\t\t\t\t\t<\/div>\n\t\t\t\t<\/div>\n\t\t\t\t\t<\/div>\n\t\t\t\t<\/div>\n\t\t\t\t<\/div>","protected":false},"excerpt":{"rendered":"<p>Gjakova Workshop Highlights Patient-Centred Healthcare Steps Forward On 25 June 2025, healthcare professionals from the General Hospital of Gjakova met to discuss advancing patient-centred care in Kosovo, the key to ongoing efforts in this dimension of healthcare. Organized by the IHS Project and led by health systems expert Prof. Oliver Groene, the workshop emphasized importance [&hellip;]<\/p>","protected":false},"author":1,"featured_media":0,"parent":0,"menu_order":0,"comment_status":"closed","ping_status":"closed","template":"","meta":[],"_links":{"self":[{"href":"https:\/\/ihsproject.org\/sr\/wp-json\/wp\/v2\/pages\/14977"}],"collection":[{"href":"https:\/\/ihsproject.org\/sr\/wp-json\/wp\/v2\/pages"}],"about":[{"href":"https:\/\/ihsproject.org\/sr\/wp-json\/wp\/v2\/types\/page"}],"author":[{"embeddable":true,"href":"https:\/\/ihsproject.org\/sr\/wp-json\/wp\/v2\/users\/1"}],"replies":[{"embeddable":true,"href":"https:\/\/ihsproject.org\/sr\/wp-json\/wp\/v2\/comments?post=14977"}],"version-history":[{"count":4,"href":"https:\/\/ihsproject.org\/sr\/wp-json\/wp\/v2\/pages\/14977\/revisions"}],"predecessor-version":[{"id":14982,"href":"https:\/\/ihsproject.org\/sr\/wp-json\/wp\/v2\/pages\/14977\/revisions\/14982"}],"wp:attachment":[{"href":"https:\/\/ihsproject.org\/sr\/wp-json\/wp\/v2\/media?parent=14977"}],"curies":[{"name":"wp","href":"https:\/\/api.w.org\/{rel}","templated":true}]}}