{"id":14961,"date":"2025-06-26T15:55:43","date_gmt":"2025-06-26T15:55:43","guid":{"rendered":"https:\/\/ihsproject.org\/?page_id=14961"},"modified":"2025-06-26T15:57:58","modified_gmt":"2025-06-26T15:57:58","slug":"june-26-2025","status":"publish","type":"page","link":"https:\/\/ihsproject.org\/sr\/june-26-2025\/","title":{"rendered":"26 Juna, 2025"},"content":{"rendered":"<div data-elementor-type=\"wp-page\" data-elementor-id=\"14961\" class=\"elementor elementor-14961\">\n\t\t\t\t<div class=\"elementor-element elementor-element-7ba64ba e-flex e-con-boxed e-con e-parent\" data-id=\"7ba64ba\" data-element_type=\"container\" data-core-v316-plus=\"true\">\n\t\t\t\t\t<div class=\"e-con-inner\">\n\t\t\t\t<div class=\"elementor-element elementor-element-521236c elementor-widget elementor-widget-image\" data-id=\"521236c\" data-element_type=\"widget\" data-widget_type=\"image.default\">\n\t\t\t\t<div class=\"elementor-widget-container\">\n\t\t\t\t\t\t\t\t\t\t\t\t\t<img fetchpriority=\"high\" decoding=\"async\" width=\"1600\" height=\"900\" src=\"https:\/\/ihsproject.org\/wp-content\/uploads\/2025\/06\/Discussing-Safer-Care-with-Management-of-Kosovo-Hospital-and-University-Clinical-Service.jpg\" class=\"attachment-full size-full wp-image-14964\" alt=\"\" srcset=\"https:\/\/ihsproject.org\/wp-content\/uploads\/2025\/06\/Discussing-Safer-Care-with-Management-of-Kosovo-Hospital-and-University-Clinical-Service.jpg 1600w, https:\/\/ihsproject.org\/wp-content\/uploads\/2025\/06\/Discussing-Safer-Care-with-Management-of-Kosovo-Hospital-and-University-Clinical-Service-300x169.jpg 300w, https:\/\/ihsproject.org\/wp-content\/uploads\/2025\/06\/Discussing-Safer-Care-with-Management-of-Kosovo-Hospital-and-University-Clinical-Service-1024x576.jpg 1024w, https:\/\/ihsproject.org\/wp-content\/uploads\/2025\/06\/Discussing-Safer-Care-with-Management-of-Kosovo-Hospital-and-University-Clinical-Service-768x432.jpg 768w, https:\/\/ihsproject.org\/wp-content\/uploads\/2025\/06\/Discussing-Safer-Care-with-Management-of-Kosovo-Hospital-and-University-Clinical-Service-1536x864.jpg 1536w, https:\/\/ihsproject.org\/wp-content\/uploads\/2025\/06\/Discussing-Safer-Care-with-Management-of-Kosovo-Hospital-and-University-Clinical-Service-18x10.jpg 18w\" sizes=\"(max-width: 1600px) 100vw, 1600px\" \/>\t\t\t\t\t\t\t\t\t\t\t\t\t<\/div>\n\t\t\t\t<\/div>\n\t\t\t\t\t<\/div>\n\t\t\t\t<\/div>\n\t\t<div class=\"elementor-element elementor-element-779d6c4 e-flex e-con-boxed e-con e-parent\" data-id=\"779d6c4\" data-element_type=\"container\" data-core-v316-plus=\"true\">\n\t\t\t\t\t<div class=\"e-con-inner\">\n\t\t\t\t<div class=\"elementor-element elementor-element-5053c24 elementor-widget elementor-widget-heading\" data-id=\"5053c24\" data-element_type=\"widget\" data-widget_type=\"heading.default\">\n\t\t\t\t<div class=\"elementor-widget-container\">\n\t\t\t<h2 class=\"elementor-heading-title elementor-size-default\">Razgovor o sigurnijoj nezi s upravom bolni\u010dke i univerzitetsko klini\u010dke slu\u017ebe na Kosovu<\/h2>\t\t<\/div>\n\t\t\t\t<\/div>\n\t\t\t\t<div class=\"elementor-element elementor-element-299b5e1 elementor-widget elementor-widget-text-editor\" data-id=\"299b5e1\" data-element_type=\"widget\" data-widget_type=\"text-editor.default\">\n\t\t\t\t<div class=\"elementor-widget-container\">\n\t\t\t\t\t\t\t<p style=\"font-weight: 400;\">Dana 26. juna 2025. godine, projekat IHS organizovao je sastanak na visokom nivou izme\u0111u bolni\u010dke i univerzitetske klini\u010dke slu\u017ebe Kosova (BUKSK) sa profesorom Oliverom Groeneom, glavnim nau\u010dnim slu\u017ebenikom u OptiMedisu. Sednica se fokusirala na unapre\u0111enje nacionalnih napora za ugradnju sigurnosti pacijenata u sredi\u0161te pru\u017eanja zdravstvene za\u0161tite.<\/p><p style=\"font-weight: 400;\">Prof. Groene predstavio je projekat SAFEST i njegovu metodologiju samoevaluacije, nagla\u0161avaju\u0107i va\u017enost intervencija na nivou sistema: od protokola higijene ruku do implementacije slo\u017eenih sigurnosnih kontrolnih lista. \u201eGre\u0161ke nisu ljudske, ve\u0107 sistemske, i sistemi moraju biti redizajnirani kako bi se spre\u010dila \u0161teta\u201c, bila je klju\u010dna poruka diskusije.<\/p><p style=\"font-weight: 400;\">Uprava BUKSK-a vo\u0111ena je kroz niz praksi zasnovanih na dokazima usmerenih na pobolj\u0161anje sigurnosti du\u017e puta hirur\u0161ke nege. Na sastanku je tako\u0111e istra\u017eeno kako se strategije sigurnosti mogu integrisati u okvir bolnica koje promovi\u0161u zdravlje (HPH), uskla\u0111uju\u0107i se s najboljim me\u0111unarodnim praksama.<\/p>\t\t\t\t\t\t<\/div>\n\t\t\t\t<\/div>\n\t\t\t\t\t<\/div>\n\t\t\t\t<\/div>\n\t\t\t\t<\/div>","protected":false},"excerpt":{"rendered":"<p>Discussing Safer Care with Management of Kosovo Hospital and University Clinical Service On 26 June 2025, the IHS project organized a high-level meeting between the Kosovo Hospital and University Clinical Service (KHUCS) with Professor Oliver Groene, Chief Scientific Officer at OptiMedis. The session focused on advancing national efforts to embed patient safety at the heart [&hellip;]<\/p>","protected":false},"author":1,"featured_media":0,"parent":0,"menu_order":0,"comment_status":"closed","ping_status":"closed","template":"","meta":[],"_links":{"self":[{"href":"https:\/\/ihsproject.org\/sr\/wp-json\/wp\/v2\/pages\/14961"}],"collection":[{"href":"https:\/\/ihsproject.org\/sr\/wp-json\/wp\/v2\/pages"}],"about":[{"href":"https:\/\/ihsproject.org\/sr\/wp-json\/wp\/v2\/types\/page"}],"author":[{"embeddable":true,"href":"https:\/\/ihsproject.org\/sr\/wp-json\/wp\/v2\/users\/1"}],"replies":[{"embeddable":true,"href":"https:\/\/ihsproject.org\/sr\/wp-json\/wp\/v2\/comments?post=14961"}],"version-history":[{"count":4,"href":"https:\/\/ihsproject.org\/sr\/wp-json\/wp\/v2\/pages\/14961\/revisions"}],"predecessor-version":[{"id":14968,"href":"https:\/\/ihsproject.org\/sr\/wp-json\/wp\/v2\/pages\/14961\/revisions\/14968"}],"wp:attachment":[{"href":"https:\/\/ihsproject.org\/sr\/wp-json\/wp\/v2\/media?parent=14961"}],"curies":[{"name":"wp","href":"https:\/\/api.w.org\/{rel}","templated":true}]}}