{"id":14945,"date":"2025-06-25T18:59:57","date_gmt":"2025-06-25T18:59:57","guid":{"rendered":"https:\/\/ihsproject.org\/?page_id=14945"},"modified":"2025-06-25T19:01:13","modified_gmt":"2025-06-25T19:01:13","slug":"june-25-2025-3","status":"publish","type":"page","link":"https:\/\/ihsproject.org\/sr\/june-25-2025-3\/","title":{"rendered":"25 Juna, 2025 - 3"},"content":{"rendered":"<div data-elementor-type=\"wp-page\" data-elementor-id=\"14945\" class=\"elementor elementor-14945\">\n\t\t\t\t<div class=\"elementor-element elementor-element-0fd9994 e-flex e-con-boxed e-con e-parent\" data-id=\"0fd9994\" data-element_type=\"container\" data-core-v316-plus=\"true\">\n\t\t\t\t\t<div class=\"e-con-inner\">\n\t\t\t\t<div class=\"elementor-element elementor-element-db88a68 elementor-widget elementor-widget-image\" data-id=\"db88a68\" data-element_type=\"widget\" data-widget_type=\"image.default\">\n\t\t\t\t<div class=\"elementor-widget-container\">\n\t\t\t\t\t\t\t\t\t\t\t\t\t<img fetchpriority=\"high\" decoding=\"async\" width=\"1600\" height=\"900\" src=\"https:\/\/ihsproject.org\/wp-content\/uploads\/2025\/06\/Kosovos-Primary-Care-Institutions-Join-Global-Health-Promoting-Hospitals-Network.jpg\" class=\"attachment-full size-full wp-image-14943\" alt=\"\" srcset=\"https:\/\/ihsproject.org\/wp-content\/uploads\/2025\/06\/Kosovos-Primary-Care-Institutions-Join-Global-Health-Promoting-Hospitals-Network.jpg 1600w, https:\/\/ihsproject.org\/wp-content\/uploads\/2025\/06\/Kosovos-Primary-Care-Institutions-Join-Global-Health-Promoting-Hospitals-Network-300x169.jpg 300w, https:\/\/ihsproject.org\/wp-content\/uploads\/2025\/06\/Kosovos-Primary-Care-Institutions-Join-Global-Health-Promoting-Hospitals-Network-1024x576.jpg 1024w, https:\/\/ihsproject.org\/wp-content\/uploads\/2025\/06\/Kosovos-Primary-Care-Institutions-Join-Global-Health-Promoting-Hospitals-Network-768x432.jpg 768w, https:\/\/ihsproject.org\/wp-content\/uploads\/2025\/06\/Kosovos-Primary-Care-Institutions-Join-Global-Health-Promoting-Hospitals-Network-1536x864.jpg 1536w, https:\/\/ihsproject.org\/wp-content\/uploads\/2025\/06\/Kosovos-Primary-Care-Institutions-Join-Global-Health-Promoting-Hospitals-Network-18x10.jpg 18w\" sizes=\"(max-width: 1600px) 100vw, 1600px\" \/>\t\t\t\t\t\t\t\t\t\t\t\t\t<\/div>\n\t\t\t\t<\/div>\n\t\t\t\t\t<\/div>\n\t\t\t\t<\/div>\n\t\t<div class=\"elementor-element elementor-element-c634130 e-flex e-con-boxed e-con e-parent\" data-id=\"c634130\" data-element_type=\"container\" data-core-v316-plus=\"true\">\n\t\t\t\t\t<div class=\"e-con-inner\">\n\t\t\t\t<div class=\"elementor-element elementor-element-511fb81 elementor-widget elementor-widget-heading\" data-id=\"511fb81\" data-element_type=\"widget\" data-widget_type=\"heading.default\">\n\t\t\t\t<div class=\"elementor-widget-container\">\n\t\t\t<h2 class=\"elementor-heading-title elementor-size-default\">Institucije primarne zdravstvene za\u0161tite na Kosovu pridru\u017euju se Globalnoj mre\u017ei bolnica koje promovi\u0161u zdravlje<\/h2>\t\t<\/div>\n\t\t\t\t<\/div>\n\t\t\t\t<div class=\"elementor-element elementor-element-e27ae2e elementor-widget elementor-widget-text-editor\" data-id=\"e27ae2e\" data-element_type=\"widget\" data-widget_type=\"text-editor.default\">\n\t\t\t\t<div class=\"elementor-widget-container\">\n\t\t\t\t\t\t\t<p style=\"font-weight: 400;\">Tri glavna centra porodi\u010dne medicine sa Kosova: Pe\u0107, \u0110akovica i Lipljan, zvani\u010dno su dobila sertifikate o \u010dlanstvu u Mre\u017ei bolnica koje promovi\u0161u zdravlje (HPH) tokom ceremonije odr\u017eane u Pe\u0107i 24. juna 2025. godine. Ovaj trenutak dodatno ja\u010da integraciju Kosova u me\u0111unarodnu platformu HPH, ozna\u010davaju\u0107i jo\u0161 jedan korak u posve\u0107enosti promociji zdravlja i nezi usmerenoj na pacijenta.<\/p><p style=\"font-weight: 400;\">Govore\u0107i na doga\u0111aju, prof. Oliver Gr\u00f6ne je pozdravio nove \u010dlanove, rekav\u0161i: \u201eSada ste deo zajednice. Delim sa vama vest da uskoro pokre\u0107emo masovni online kurs, besplatan, za sve \u010dlanove Mre\u017ee koja promovi\u0161e zdravlje. Mo\u017eete ohrabriti svoje osoblje da prisustvuje, da u\u010di o promociji zdravlja i prevenciji bolesti. To \u0107e biti dobar resurs za budu\u0107nost.\u201c<\/p><p style=\"font-weight: 400;\">Pored individualnog \u010dlanstva, Kosovo sada ima svoju nacionalnu mre\u017eu ustanova za HPH, koja mo\u017ee poslu\u017eiti kao model koji \u0107e slediti druge zdravstvene ustanove u zemlji.<\/p><p style=\"font-weight: 400;\">Ovaj doga\u0111aj odra\u017eava rastu\u0107u posve\u0107enost opremanju zdravstvenih radnika na Kosovu znanjem i alatima kako bi pacijenti i prevencija bili u sredi\u0161tu pru\u017eanja nege.<\/p>\t\t\t\t\t\t<\/div>\n\t\t\t\t<\/div>\n\t\t\t\t\t<\/div>\n\t\t\t\t<\/div>\n\t\t\t\t<\/div>","protected":false},"excerpt":{"rendered":"<p>Kosovo\u2019s Primary Care Institutions Join Global Health Promoting Hospitals Network Three main family medicine centers from Kosovo: Peja, Gjakova, and Lipjan, were officially awarded membership certificates in the Health Promoting Hospitals (HPH) Network during a ceremony held in Peja on 24 June 2025. This moment further strengthens Kosovo\u2019s integration into the international HPH platform, marking [&hellip;]<\/p>","protected":false},"author":1,"featured_media":0,"parent":0,"menu_order":0,"comment_status":"closed","ping_status":"closed","template":"","meta":[],"_links":{"self":[{"href":"https:\/\/ihsproject.org\/sr\/wp-json\/wp\/v2\/pages\/14945"}],"collection":[{"href":"https:\/\/ihsproject.org\/sr\/wp-json\/wp\/v2\/pages"}],"about":[{"href":"https:\/\/ihsproject.org\/sr\/wp-json\/wp\/v2\/types\/page"}],"author":[{"embeddable":true,"href":"https:\/\/ihsproject.org\/sr\/wp-json\/wp\/v2\/users\/1"}],"replies":[{"embeddable":true,"href":"https:\/\/ihsproject.org\/sr\/wp-json\/wp\/v2\/comments?post=14945"}],"version-history":[{"count":4,"href":"https:\/\/ihsproject.org\/sr\/wp-json\/wp\/v2\/pages\/14945\/revisions"}],"predecessor-version":[{"id":14950,"href":"https:\/\/ihsproject.org\/sr\/wp-json\/wp\/v2\/pages\/14945\/revisions\/14950"}],"wp:attachment":[{"href":"https:\/\/ihsproject.org\/sr\/wp-json\/wp\/v2\/media?parent=14945"}],"curies":[{"name":"wp","href":"https:\/\/api.w.org\/{rel}","templated":true}]}}