{"id":14917,"date":"2025-06-25T11:27:24","date_gmt":"2025-06-25T11:27:24","guid":{"rendered":"https:\/\/ihsproject.org\/?page_id=14917"},"modified":"2025-06-25T11:28:47","modified_gmt":"2025-06-25T11:28:47","slug":"june-25-2025","status":"publish","type":"page","link":"https:\/\/ihsproject.org\/sr\/june-25-2025\/","title":{"rendered":"25 Juna, 2025"},"content":{"rendered":"<div data-elementor-type=\"wp-page\" data-elementor-id=\"14917\" class=\"elementor elementor-14917\">\n\t\t\t\t<div class=\"elementor-element elementor-element-c3ddc67 e-flex e-con-boxed e-con e-parent\" data-id=\"c3ddc67\" data-element_type=\"container\" data-core-v316-plus=\"true\">\n\t\t\t\t\t<div class=\"e-con-inner\">\n\t\t\t\t<div class=\"elementor-element elementor-element-620f614 elementor-widget elementor-widget-image\" data-id=\"620f614\" data-element_type=\"widget\" data-widget_type=\"image.default\">\n\t\t\t\t<div class=\"elementor-widget-container\">\n\t\t\t\t\t\t\t\t\t\t\t\t\t<img fetchpriority=\"high\" decoding=\"async\" width=\"1600\" height=\"900\" src=\"https:\/\/ihsproject.org\/wp-content\/uploads\/2025\/06\/General-Hospital-of-Peja-Showcases-Advances-in-Patient-Centred-Care.jpg\" class=\"attachment-full size-full wp-image-14916\" alt=\"\" srcset=\"https:\/\/ihsproject.org\/wp-content\/uploads\/2025\/06\/General-Hospital-of-Peja-Showcases-Advances-in-Patient-Centred-Care.jpg 1600w, https:\/\/ihsproject.org\/wp-content\/uploads\/2025\/06\/General-Hospital-of-Peja-Showcases-Advances-in-Patient-Centred-Care-300x169.jpg 300w, https:\/\/ihsproject.org\/wp-content\/uploads\/2025\/06\/General-Hospital-of-Peja-Showcases-Advances-in-Patient-Centred-Care-1024x576.jpg 1024w, https:\/\/ihsproject.org\/wp-content\/uploads\/2025\/06\/General-Hospital-of-Peja-Showcases-Advances-in-Patient-Centred-Care-768x432.jpg 768w, https:\/\/ihsproject.org\/wp-content\/uploads\/2025\/06\/General-Hospital-of-Peja-Showcases-Advances-in-Patient-Centred-Care-1536x864.jpg 1536w, https:\/\/ihsproject.org\/wp-content\/uploads\/2025\/06\/General-Hospital-of-Peja-Showcases-Advances-in-Patient-Centred-Care-18x10.jpg 18w\" sizes=\"(max-width: 1600px) 100vw, 1600px\" \/>\t\t\t\t\t\t\t\t\t\t\t\t\t<\/div>\n\t\t\t\t<\/div>\n\t\t\t\t\t<\/div>\n\t\t\t\t<\/div>\n\t\t<div class=\"elementor-element elementor-element-2413fe9 e-flex e-con-boxed e-con e-parent\" data-id=\"2413fe9\" data-element_type=\"container\" data-core-v316-plus=\"true\">\n\t\t\t\t\t<div class=\"e-con-inner\">\n\t\t\t\t<div class=\"elementor-element elementor-element-a198611 elementor-widget elementor-widget-heading\" data-id=\"a198611\" data-element_type=\"widget\" data-widget_type=\"heading.default\">\n\t\t\t\t<div class=\"elementor-widget-container\">\n\t\t\t<h2 class=\"elementor-heading-title elementor-size-default\">Op\u0161ta bolnica u Pe\u0107i pokazuje napredak u nezi usmerenoj na pacijenta<\/h2>\t\t<\/div>\n\t\t\t\t<\/div>\n\t\t\t\t<div class=\"elementor-element elementor-element-dfe2a8b elementor-widget elementor-widget-text-editor\" data-id=\"dfe2a8b\" data-element_type=\"widget\" data-widget_type=\"text-editor.default\">\n\t\t\t\t<div class=\"elementor-widget-container\">\n\t\t\t\t\t\t\t<p style=\"font-weight: 400;\">Dana 24. juna 2025. godine, uprava Op\u0161te bolnice u Pe\u0107i predstavila je svoja nedavna dostignu\u0107a u nezi usmerenoj na pacijenta tokom posete prof. Olivera Groenea iz Mre\u017ee bolnica koje promovi\u0161u zdravlje (HPH) i IHS projekta. Poseta je ozna\u010dila va\u017enu priliku da se istakne kontinuirana posve\u0107enost bolnice standardima HPH i pobolj\u0161anju kvaliteta.<\/p><p style=\"font-weight: 400;\">Na Odeljenju interne medicine, osoblje je predstavilo implementaciju Ordinacija za zdravstveno obrazovanje, inicijativu koju podr\u017eava IHS projekat, osmi\u0161ljenu da pobolj\u0161a znanje i anga\u017eman pacijenata. Medicinske sestre su podelile novosti o praksama savetovanja pacijenata na odeljenjima i novouvedenoj anketi o iskustvu pacijenata usmerenoj na bolje razumevanje i re\u0161avanje potreba pacijenata.<\/p><p style=\"font-weight: 400;\">Ambulantno odeljenje demonstriralo je svoja kontinuirana pobolj\u0161anja u upravljanju hroni\u010dnim stanjima kroz multidisciplinarni pristup koji uklju\u010duje klini\u010dko savetovanje, negu dijabeti\u010dkog stopala i naprednu ENMG dijagnostiku za neuropatiju. Ove inovacije podr\u017eavaju unapre\u0111eni prostori za prijem pacijenata i namenski kutci za zdravstveno obrazovanje, ja\u010daju\u0107i misiju bolnice da pru\u017ei holisti\u010dku i pristupa\u010dnu negu.<\/p>\t\t\t\t\t\t<\/div>\n\t\t\t\t<\/div>\n\t\t\t\t\t<\/div>\n\t\t\t\t<\/div>\n\t\t\t\t<\/div>","protected":false},"excerpt":{"rendered":"<p>General Hospital of Peja Showcases Advances in Patient-Centred Care On 24 June 2025, the management at the General Hospital of Peja presented its recent advancements in patient-centred care during a visit from Prof. Oliver Groene of the Health Promoting Hospitals (HPH) Network and the IHS Project. The visit marked an important opportunity to highlight the [&hellip;]<\/p>","protected":false},"author":1,"featured_media":0,"parent":0,"menu_order":0,"comment_status":"closed","ping_status":"closed","template":"","meta":[],"_links":{"self":[{"href":"https:\/\/ihsproject.org\/sr\/wp-json\/wp\/v2\/pages\/14917"}],"collection":[{"href":"https:\/\/ihsproject.org\/sr\/wp-json\/wp\/v2\/pages"}],"about":[{"href":"https:\/\/ihsproject.org\/sr\/wp-json\/wp\/v2\/types\/page"}],"author":[{"embeddable":true,"href":"https:\/\/ihsproject.org\/sr\/wp-json\/wp\/v2\/users\/1"}],"replies":[{"embeddable":true,"href":"https:\/\/ihsproject.org\/sr\/wp-json\/wp\/v2\/comments?post=14917"}],"version-history":[{"count":4,"href":"https:\/\/ihsproject.org\/sr\/wp-json\/wp\/v2\/pages\/14917\/revisions"}],"predecessor-version":[{"id":14922,"href":"https:\/\/ihsproject.org\/sr\/wp-json\/wp\/v2\/pages\/14917\/revisions\/14922"}],"wp:attachment":[{"href":"https:\/\/ihsproject.org\/sr\/wp-json\/wp\/v2\/media?parent=14917"}],"curies":[{"name":"wp","href":"https:\/\/api.w.org\/{rel}","templated":true}]}}