{"id":14866,"date":"2025-06-17T10:33:34","date_gmt":"2025-06-17T10:33:34","guid":{"rendered":"https:\/\/ihsproject.org\/?page_id=14866"},"modified":"2025-06-17T10:34:46","modified_gmt":"2025-06-17T10:34:46","slug":"june-17-2025","status":"publish","type":"page","link":"https:\/\/ihsproject.org\/sr\/june-17-2025\/","title":{"rendered":"17 Juna, 2025"},"content":{"rendered":"<div data-elementor-type=\"wp-page\" data-elementor-id=\"14866\" class=\"elementor elementor-14866\">\n\t\t\t\t<div class=\"elementor-element elementor-element-b1b8939 e-flex e-con-boxed e-con e-parent\" data-id=\"b1b8939\" data-element_type=\"container\" data-core-v316-plus=\"true\">\n\t\t\t\t\t<div class=\"e-con-inner\">\n\t\t\t\t<div class=\"elementor-element elementor-element-7b966d3 elementor-widget elementor-widget-image\" data-id=\"7b966d3\" data-element_type=\"widget\" data-widget_type=\"image.default\">\n\t\t\t\t<div class=\"elementor-widget-container\">\n\t\t\t\t\t\t\t\t\t\t\t\t\t<img fetchpriority=\"high\" decoding=\"async\" width=\"1600\" height=\"900\" src=\"https:\/\/ihsproject.org\/wp-content\/uploads\/2025\/06\/Fifth-Meeting-of-IHS-Project-Steering-Committee-Focuses-on-Future-Directions-1.jpg\" class=\"attachment-full size-full wp-image-14869\" alt=\"\" srcset=\"https:\/\/ihsproject.org\/wp-content\/uploads\/2025\/06\/Fifth-Meeting-of-IHS-Project-Steering-Committee-Focuses-on-Future-Directions-1.jpg 1600w, https:\/\/ihsproject.org\/wp-content\/uploads\/2025\/06\/Fifth-Meeting-of-IHS-Project-Steering-Committee-Focuses-on-Future-Directions-1-300x169.jpg 300w, https:\/\/ihsproject.org\/wp-content\/uploads\/2025\/06\/Fifth-Meeting-of-IHS-Project-Steering-Committee-Focuses-on-Future-Directions-1-1024x576.jpg 1024w, https:\/\/ihsproject.org\/wp-content\/uploads\/2025\/06\/Fifth-Meeting-of-IHS-Project-Steering-Committee-Focuses-on-Future-Directions-1-768x432.jpg 768w, https:\/\/ihsproject.org\/wp-content\/uploads\/2025\/06\/Fifth-Meeting-of-IHS-Project-Steering-Committee-Focuses-on-Future-Directions-1-1536x864.jpg 1536w, https:\/\/ihsproject.org\/wp-content\/uploads\/2025\/06\/Fifth-Meeting-of-IHS-Project-Steering-Committee-Focuses-on-Future-Directions-1-18x10.jpg 18w\" sizes=\"(max-width: 1600px) 100vw, 1600px\" \/>\t\t\t\t\t\t\t\t\t\t\t\t\t<\/div>\n\t\t\t\t<\/div>\n\t\t\t\t\t<\/div>\n\t\t\t\t<\/div>\n\t\t<div class=\"elementor-element elementor-element-385423e e-flex e-con-boxed e-con e-parent\" data-id=\"385423e\" data-element_type=\"container\" data-core-v316-plus=\"true\">\n\t\t\t\t\t<div class=\"e-con-inner\">\n\t\t\t\t<div class=\"elementor-element elementor-element-b35c9a7 elementor-widget elementor-widget-heading\" data-id=\"b35c9a7\" data-element_type=\"widget\" data-widget_type=\"heading.default\">\n\t\t\t\t<div class=\"elementor-widget-container\">\n\t\t\t<h2 class=\"elementor-heading-title elementor-size-default\">Peti sastanak Upravnog odbora projekta IHS fokusiran na budu\u0107e smerove<\/h2>\t\t<\/div>\n\t\t\t\t<\/div>\n\t\t\t\t<div class=\"elementor-element elementor-element-57c177b elementor-widget elementor-widget-text-editor\" data-id=\"57c177b\" data-element_type=\"widget\" data-widget_type=\"text-editor.default\">\n\t\t\t\t<div class=\"elementor-widget-container\">\n\t\t\t\t\t\t\t<p class=\"p1\">Dana 13. juna 2025. godine, Upravni odbor (UO) projekta Integrisanih zdravstvenih usluga (IHS) odr\u017eao je svoj peti sastanak kako bi pregledao napredak i uskladio prioritete dok se projekat bli\u017ei kraju tre\u0107e godine implementacije. Predstavnici klju\u010dnih partnerskih institucija okupili su se u Op\u0161toj bolnici u \u0110akovici, jednoj od lokacija projekta IHS, kako bi diskutovali o postignutom napretku i osmislili strategiju za ostatak prve faze projekta.<\/p><p class=\"p1\">G. Peter Sidler, zamenik \u0161efa za me\u0111unarodnu saradnju u Ambasadi \u0160vajcarske i kopredsedavaju\u0107i UO-a, napomenuo je da se kontekst u kojem projekat IHS funkcioni\u0161e razvijao od njegovog po\u010detka. \u201ePrva faza se bli\u017ei kraju i na\u0161a pa\u017enja se sada preusmerava na proces koji je pred nama u narednih 12 meseci\u201c, rekao je. \u201eImamo jedinstvenu priliku da kreativno radimo s na\u0161im partnerima, unesemo nijanse u na\u0161 pristup i na najbolji mogu\u0107i na\u010din iskoristimo potencijal projekta.\u201c<\/p><p class=\"p1\">Dr. Naim Bardiqi, generalni sekretar Ministarstva zdravlja, ujedno i kopredsedavaju\u0107i UO-a, podelio je novosti o raznim intervencijama u saradnji s me\u0111unarodnim finansijskim institucijama. Ostali \u010dlanovi UO-a i u\u010desnici sastanka tako\u0111e su imali dobru priliku za dalju razmenu mi\u0161ljenja i diskusiju o razvoju doga\u0111aja.<\/p><p class=\"p1\">Sastanak je obuhvatio prezentacije projektnog tima, vredne uvide zainteresovanih strana i obilazak prostorija Op\u0161te bolnice u \u0110akovici s posebnim fokusom na podru\u010dja koja se unapre\u0111uju i funkcije koje  se pro\u0161iruju u saradnji s IHS projektom kako bi se bolje podr\u017ealo zdravstveno putovanje pacijenata s nezaraznim bolestima i op\u0161te populacije.<\/p>\t\t\t\t\t\t<\/div>\n\t\t\t\t<\/div>\n\t\t\t\t\t<\/div>\n\t\t\t\t<\/div>\n\t\t\t\t<\/div>","protected":false},"excerpt":{"rendered":"<p>Fifth Meeting of IHS Project Steering Committee Focuses on Future Directions On 13 June 2025, the Steering Committee (SC) of the Integrated Health Services (IHS) project held its fifth meeting to review progress and align on priorities as the project approaches the end of its third year of implementation. Representatives from key partner institutions gathered [&hellip;]<\/p>","protected":false},"author":1,"featured_media":0,"parent":0,"menu_order":0,"comment_status":"closed","ping_status":"closed","template":"","meta":[],"_links":{"self":[{"href":"https:\/\/ihsproject.org\/sr\/wp-json\/wp\/v2\/pages\/14866"}],"collection":[{"href":"https:\/\/ihsproject.org\/sr\/wp-json\/wp\/v2\/pages"}],"about":[{"href":"https:\/\/ihsproject.org\/sr\/wp-json\/wp\/v2\/types\/page"}],"author":[{"embeddable":true,"href":"https:\/\/ihsproject.org\/sr\/wp-json\/wp\/v2\/users\/1"}],"replies":[{"embeddable":true,"href":"https:\/\/ihsproject.org\/sr\/wp-json\/wp\/v2\/comments?post=14866"}],"version-history":[{"count":4,"href":"https:\/\/ihsproject.org\/sr\/wp-json\/wp\/v2\/pages\/14866\/revisions"}],"predecessor-version":[{"id":14873,"href":"https:\/\/ihsproject.org\/sr\/wp-json\/wp\/v2\/pages\/14866\/revisions\/14873"}],"wp:attachment":[{"href":"https:\/\/ihsproject.org\/sr\/wp-json\/wp\/v2\/media?parent=14866"}],"curies":[{"name":"wp","href":"https:\/\/api.w.org\/{rel}","templated":true}]}}