{"id":14787,"date":"2025-06-05T12:59:59","date_gmt":"2025-06-05T12:59:59","guid":{"rendered":"https:\/\/ihsproject.org\/?page_id=14787"},"modified":"2025-06-05T13:01:33","modified_gmt":"2025-06-05T13:01:33","slug":"june-05-2025","status":"publish","type":"page","link":"https:\/\/ihsproject.org\/sr\/june-05-2025\/","title":{"rendered":"05 Juna, 2025"},"content":{"rendered":"<div data-elementor-type=\"wp-page\" data-elementor-id=\"14787\" class=\"elementor elementor-14787\">\n\t\t\t\t<div class=\"elementor-element elementor-element-fb01821 e-flex e-con-boxed e-con e-parent\" data-id=\"fb01821\" data-element_type=\"container\" data-core-v316-plus=\"true\">\n\t\t\t\t\t<div class=\"e-con-inner\">\n\t\t\t\t<div class=\"elementor-element elementor-element-eef137f elementor-widget elementor-widget-image\" data-id=\"eef137f\" data-element_type=\"widget\" data-widget_type=\"image.default\">\n\t\t\t\t<div class=\"elementor-widget-container\">\n\t\t\t\t\t\t\t\t\t\t\t\t\t<img fetchpriority=\"high\" decoding=\"async\" width=\"1600\" height=\"900\" src=\"https:\/\/ihsproject.org\/wp-content\/uploads\/2025\/06\/Strengthening-Capacities-in-Healthcare-Strategic-Planning.jpg\" class=\"attachment-full size-full wp-image-14786\" alt=\"\" srcset=\"https:\/\/ihsproject.org\/wp-content\/uploads\/2025\/06\/Strengthening-Capacities-in-Healthcare-Strategic-Planning.jpg 1600w, https:\/\/ihsproject.org\/wp-content\/uploads\/2025\/06\/Strengthening-Capacities-in-Healthcare-Strategic-Planning-300x169.jpg 300w, https:\/\/ihsproject.org\/wp-content\/uploads\/2025\/06\/Strengthening-Capacities-in-Healthcare-Strategic-Planning-1024x576.jpg 1024w, https:\/\/ihsproject.org\/wp-content\/uploads\/2025\/06\/Strengthening-Capacities-in-Healthcare-Strategic-Planning-768x432.jpg 768w, https:\/\/ihsproject.org\/wp-content\/uploads\/2025\/06\/Strengthening-Capacities-in-Healthcare-Strategic-Planning-1536x864.jpg 1536w, https:\/\/ihsproject.org\/wp-content\/uploads\/2025\/06\/Strengthening-Capacities-in-Healthcare-Strategic-Planning-18x10.jpg 18w\" sizes=\"(max-width: 1600px) 100vw, 1600px\" \/>\t\t\t\t\t\t\t\t\t\t\t\t\t<\/div>\n\t\t\t\t<\/div>\n\t\t\t\t\t<\/div>\n\t\t\t\t<\/div>\n\t\t<div class=\"elementor-element elementor-element-21e3fe8 e-flex e-con-boxed e-con e-parent\" data-id=\"21e3fe8\" data-element_type=\"container\" data-core-v316-plus=\"true\">\n\t\t\t\t\t<div class=\"e-con-inner\">\n\t\t\t\t<div class=\"elementor-element elementor-element-f2139eb elementor-widget elementor-widget-heading\" data-id=\"f2139eb\" data-element_type=\"widget\" data-widget_type=\"heading.default\">\n\t\t\t\t<div class=\"elementor-widget-container\">\n\t\t\t<h2 class=\"elementor-heading-title elementor-size-default\">Ja\u010danje kapaciteta u strate\u0161kom planiranju zdravstvene za\u0161tite<\/h2>\t\t<\/div>\n\t\t\t\t<\/div>\n\t\t\t\t<div class=\"elementor-element elementor-element-19d80b9 elementor-widget elementor-widget-text-editor\" data-id=\"19d80b9\" data-element_type=\"widget\" data-widget_type=\"text-editor.default\">\n\t\t\t\t<div class=\"elementor-widget-container\">\n\t\t\t\t\t\t\t<p class=\"p1\">Od 27. do 29. maja 2025. godine, projekat Integrisanih zdravstvenih usluga (IHS) organizovao je tridnevne radionice o strate\u0161kom planiranju u zdravstvu, osmi\u0161ljene da izgrade kapacitete lidera u zdravstvu i menad\u017eera javnih ustanova na svim nivoima sistema.<\/p><p class=\"p1\">U\u010desnici koji predstavljaju \u0161irok spektar pru\u017ealaca zdravstvenih usluga u\u010destvovali su u interaktivnim sesijama koje su pokrivale klju\u010dne elemente strate\u0161kog planiranja, uklju\u010duju\u0107i primenu SWOT i PESTLE analiza, mapiranje zainteresovanih strana, razvoj misije i vizije, postavljanje SMART ciljeva, raspodelu resursa, strategije implementacije i druge va\u017ene alate, uklju\u010duju\u0107i okvire za pra\u0107enje i evaluaciju.<\/p><p class=\"p1\">Obuka je bila veoma participativna, kombinuju\u0107i predavanja sa prakti\u010dnim grupnim ve\u017ebama, planiranjem projekata i diskusijom o studijama slu\u010daja iz stvarnog sveta. Povratne informacije fasilitatora tokom sesija pomogle su u\u010desnicima da primene koncepte na izazove i prilike specifi\u010dne za kontekst. Do kraja radionice, u\u010desnici su razvili nacrte strate\u0161kih planova za hipoteti\u010dke zdravstvene organizacije i stekli prakti\u010dne uvide za unapre\u0111enje strate\u0161kog razmi\u0161ljanja i inicijativa unutar vlastitih institucija.<\/p><p class=\"p1\">Ova obuka je prva epizoda u novopokrenutoj seriji obuka za upravljanje zdravstvom u okviru kontinuirane posve\u0107enosti projekta IHS ja\u010danju zdravstvenog sistema na Kosovu kroz podr\u0161ku znanju zasnovanom na dokazima i kapacitetima za odr\u017eivi razvoj.<\/p>\t\t\t\t\t\t<\/div>\n\t\t\t\t<\/div>\n\t\t\t\t\t<\/div>\n\t\t\t\t<\/div>\n\t\t\t\t<\/div>","protected":false},"excerpt":{"rendered":"<p>Strengthening Capacities in Healthcare Strategic Planning From 27\u201329 May 2025, the Integrated Health Services (IHS) project organized a three-day workshop on strategic planning in healthcare, designed to build the capacity of healthcare leaders and managers of public institutions across all levels of the system. Participants representing diverse range of healthcare providers engaged in interactive sessions [&hellip;]<\/p>","protected":false},"author":1,"featured_media":0,"parent":0,"menu_order":0,"comment_status":"closed","ping_status":"closed","template":"","meta":[],"_links":{"self":[{"href":"https:\/\/ihsproject.org\/sr\/wp-json\/wp\/v2\/pages\/14787"}],"collection":[{"href":"https:\/\/ihsproject.org\/sr\/wp-json\/wp\/v2\/pages"}],"about":[{"href":"https:\/\/ihsproject.org\/sr\/wp-json\/wp\/v2\/types\/page"}],"author":[{"embeddable":true,"href":"https:\/\/ihsproject.org\/sr\/wp-json\/wp\/v2\/users\/1"}],"replies":[{"embeddable":true,"href":"https:\/\/ihsproject.org\/sr\/wp-json\/wp\/v2\/comments?post=14787"}],"version-history":[{"count":4,"href":"https:\/\/ihsproject.org\/sr\/wp-json\/wp\/v2\/pages\/14787\/revisions"}],"predecessor-version":[{"id":14792,"href":"https:\/\/ihsproject.org\/sr\/wp-json\/wp\/v2\/pages\/14787\/revisions\/14792"}],"wp:attachment":[{"href":"https:\/\/ihsproject.org\/sr\/wp-json\/wp\/v2\/media?parent=14787"}],"curies":[{"name":"wp","href":"https:\/\/api.w.org\/{rel}","templated":true}]}}