{"id":14736,"date":"2025-05-29T17:34:45","date_gmt":"2025-05-29T17:34:45","guid":{"rendered":"https:\/\/ihsproject.org\/?page_id=14736"},"modified":"2025-05-29T17:40:21","modified_gmt":"2025-05-29T17:40:21","slug":"may-29-2025","status":"publish","type":"page","link":"https:\/\/ihsproject.org\/sr\/may-29-2025\/","title":{"rendered":"29 Maja, 2025"},"content":{"rendered":"<div data-elementor-type=\"wp-page\" data-elementor-id=\"14736\" class=\"elementor elementor-14736\">\n\t\t\t\t<div class=\"elementor-element elementor-element-a00151c e-flex e-con-boxed e-con e-parent\" data-id=\"a00151c\" data-element_type=\"container\" data-core-v316-plus=\"true\">\n\t\t\t\t\t<div class=\"e-con-inner\">\n\t\t\t\t<div class=\"elementor-element elementor-element-b35caa6 elementor-widget elementor-widget-image\" data-id=\"b35caa6\" data-element_type=\"widget\" data-widget_type=\"image.default\">\n\t\t\t\t<div class=\"elementor-widget-container\">\n\t\t\t\t\t\t\t\t\t\t\t\t\t<img fetchpriority=\"high\" decoding=\"async\" width=\"1600\" height=\"900\" src=\"https:\/\/ihsproject.org\/wp-content\/uploads\/2025\/05\/Community-Voices-for-Stronger-NCD-Response-in-Prizren.jpg\" class=\"attachment-full size-full wp-image-14743\" alt=\"\" srcset=\"https:\/\/ihsproject.org\/wp-content\/uploads\/2025\/05\/Community-Voices-for-Stronger-NCD-Response-in-Prizren.jpg 1600w, https:\/\/ihsproject.org\/wp-content\/uploads\/2025\/05\/Community-Voices-for-Stronger-NCD-Response-in-Prizren-300x169.jpg 300w, https:\/\/ihsproject.org\/wp-content\/uploads\/2025\/05\/Community-Voices-for-Stronger-NCD-Response-in-Prizren-1024x576.jpg 1024w, https:\/\/ihsproject.org\/wp-content\/uploads\/2025\/05\/Community-Voices-for-Stronger-NCD-Response-in-Prizren-768x432.jpg 768w, https:\/\/ihsproject.org\/wp-content\/uploads\/2025\/05\/Community-Voices-for-Stronger-NCD-Response-in-Prizren-1536x864.jpg 1536w, https:\/\/ihsproject.org\/wp-content\/uploads\/2025\/05\/Community-Voices-for-Stronger-NCD-Response-in-Prizren-18x10.jpg 18w\" sizes=\"(max-width: 1600px) 100vw, 1600px\" \/>\t\t\t\t\t\t\t\t\t\t\t\t\t<\/div>\n\t\t\t\t<\/div>\n\t\t\t\t\t<\/div>\n\t\t\t\t<\/div>\n\t\t<div class=\"elementor-element elementor-element-eecb8b6 e-flex e-con-boxed e-con e-parent\" data-id=\"eecb8b6\" data-element_type=\"container\" data-core-v316-plus=\"true\">\n\t\t\t\t\t<div class=\"e-con-inner\">\n\t\t\t\t<div class=\"elementor-element elementor-element-2cb0d25 elementor-widget elementor-widget-heading\" data-id=\"2cb0d25\" data-element_type=\"widget\" data-widget_type=\"heading.default\">\n\t\t\t\t<div class=\"elementor-widget-container\">\n\t\t\t<h2 class=\"elementor-heading-title elementor-size-default\">Glasovi zajednice kao sna\u017eniji odgovor na nezarazne bolesti u Prizrenu<\/h2>\t\t<\/div>\n\t\t\t\t<\/div>\n\t\t\t\t<div class=\"elementor-element elementor-element-b71d76e elementor-widget elementor-widget-text-editor\" data-id=\"b71d76e\" data-element_type=\"widget\" data-widget_type=\"text-editor.default\">\n\t\t\t\t<div class=\"elementor-widget-container\">\n\t\t\t\t\t\t\t<p class=\"p1\">Kao deo kontinuirane posve\u0107enosti nezi usmerenoj na ljude, projekat Integrisanih zdravstvenih usluga (IHS) organizovao je 27. maja 2025. godine radionicu u Prizrenu, okupljaju\u0107i organizacije civilnog dru\u0161tva (OCD) i lokalne institucije kako bi unapredili kolektivnu akciju protiv nezaraznih bolesti (NCD).<\/p><p class=\"p1\">Doga\u0111aj na temu \u201e\u0160ta ka\u017eu pacijenti?\u201c stvorio je prostor za dijalog izme\u0111u zagovornika na lokalnom nivou o \u017eivotnoj stvarnosti pacijenata koji se suo\u010davaju sa hroni\u010dnim bolestima. U\u010desnici su delili informacije sa terena, mapirali postoje\u0107e izazove i zajedni\u010dki osmislili akcije koje vode do toga da se glasovi pacijenata vi\u0161e \u010duju u budu\u0107em planiranju zdravstva.<\/p><p class=\"p1\">Radionica je naglasila ulogu OCD-ova u povezivanju zajednica i institucija, deluju\u0107i kao pouzdani kanali putem kojih se izra\u017eavaju potrebe i prava pacijenata. Pobolj\u0161anja u ezi NCD zavise od inkluzivnih, informisanih i odgovornih procesa politike koji odra\u017eavaju raznolikost iskustva zajednice, rekli su u\u010desnici.<\/p>\t\t\t\t\t\t<\/div>\n\t\t\t\t<\/div>\n\t\t\t\t\t<\/div>\n\t\t\t\t<\/div>\n\t\t\t\t<\/div>","protected":false},"excerpt":{"rendered":"<p>Community Voices for Stronger NCD Response in Prizren As part of its ongoing commitment to people-centered care, on 27 May 2025, the Integrated Health Services (IHS) project organized a workshop in Prizren, bringing together civil society organizations (CSOs) and local institutions to advance collective action on noncommunicable diseases (NCDs). Themed \u201cWhat Do Patients Say?\u201d the [&hellip;]<\/p>","protected":false},"author":1,"featured_media":0,"parent":0,"menu_order":0,"comment_status":"closed","ping_status":"closed","template":"","meta":[],"_links":{"self":[{"href":"https:\/\/ihsproject.org\/sr\/wp-json\/wp\/v2\/pages\/14736"}],"collection":[{"href":"https:\/\/ihsproject.org\/sr\/wp-json\/wp\/v2\/pages"}],"about":[{"href":"https:\/\/ihsproject.org\/sr\/wp-json\/wp\/v2\/types\/page"}],"author":[{"embeddable":true,"href":"https:\/\/ihsproject.org\/sr\/wp-json\/wp\/v2\/users\/1"}],"replies":[{"embeddable":true,"href":"https:\/\/ihsproject.org\/sr\/wp-json\/wp\/v2\/comments?post=14736"}],"version-history":[{"count":4,"href":"https:\/\/ihsproject.org\/sr\/wp-json\/wp\/v2\/pages\/14736\/revisions"}],"predecessor-version":[{"id":14746,"href":"https:\/\/ihsproject.org\/sr\/wp-json\/wp\/v2\/pages\/14736\/revisions\/14746"}],"wp:attachment":[{"href":"https:\/\/ihsproject.org\/sr\/wp-json\/wp\/v2\/media?parent=14736"}],"curies":[{"name":"wp","href":"https:\/\/api.w.org\/{rel}","templated":true}]}}