{"id":14710,"date":"2025-05-27T20:17:18","date_gmt":"2025-05-27T20:17:18","guid":{"rendered":"https:\/\/ihsproject.org\/?page_id=14710"},"modified":"2025-05-27T20:18:47","modified_gmt":"2025-05-27T20:18:47","slug":"may-27-2025","status":"publish","type":"page","link":"https:\/\/ihsproject.org\/sr\/may-27-2025\/","title":{"rendered":"27 Maja, 2025"},"content":{"rendered":"<div data-elementor-type=\"wp-page\" data-elementor-id=\"14710\" class=\"elementor elementor-14710\">\n\t\t\t\t<div class=\"elementor-element elementor-element-612ce14 e-flex e-con-boxed e-con e-parent\" data-id=\"612ce14\" data-element_type=\"container\" data-core-v316-plus=\"true\">\n\t\t\t\t\t<div class=\"e-con-inner\">\n\t\t\t\t<div class=\"elementor-element elementor-element-21dea80 elementor-widget elementor-widget-image\" data-id=\"21dea80\" data-element_type=\"widget\" data-widget_type=\"image.default\">\n\t\t\t\t<div class=\"elementor-widget-container\">\n\t\t\t\t\t\t\t\t\t\t\t\t\t<img fetchpriority=\"high\" decoding=\"async\" width=\"1600\" height=\"900\" src=\"https:\/\/ihsproject.org\/wp-content\/uploads\/2025\/05\/Kosovo-Healthcare-Professionals-Joined-Utrecht-Forum.jpg\" class=\"attachment-full size-full wp-image-14709\" alt=\"\" srcset=\"https:\/\/ihsproject.org\/wp-content\/uploads\/2025\/05\/Kosovo-Healthcare-Professionals-Joined-Utrecht-Forum.jpg 1600w, https:\/\/ihsproject.org\/wp-content\/uploads\/2025\/05\/Kosovo-Healthcare-Professionals-Joined-Utrecht-Forum-300x169.jpg 300w, https:\/\/ihsproject.org\/wp-content\/uploads\/2025\/05\/Kosovo-Healthcare-Professionals-Joined-Utrecht-Forum-1024x576.jpg 1024w, https:\/\/ihsproject.org\/wp-content\/uploads\/2025\/05\/Kosovo-Healthcare-Professionals-Joined-Utrecht-Forum-768x432.jpg 768w, https:\/\/ihsproject.org\/wp-content\/uploads\/2025\/05\/Kosovo-Healthcare-Professionals-Joined-Utrecht-Forum-1536x864.jpg 1536w, https:\/\/ihsproject.org\/wp-content\/uploads\/2025\/05\/Kosovo-Healthcare-Professionals-Joined-Utrecht-Forum-18x10.jpg 18w\" sizes=\"(max-width: 1600px) 100vw, 1600px\" \/>\t\t\t\t\t\t\t\t\t\t\t\t\t<\/div>\n\t\t\t\t<\/div>\n\t\t\t\t\t<\/div>\n\t\t\t\t<\/div>\n\t\t<div class=\"elementor-element elementor-element-8ffcd8f e-flex e-con-boxed e-con e-parent\" data-id=\"8ffcd8f\" data-element_type=\"container\" data-core-v316-plus=\"true\">\n\t\t\t\t\t<div class=\"e-con-inner\">\n\t\t\t\t<div class=\"elementor-element elementor-element-f51b695 elementor-widget elementor-widget-heading\" data-id=\"f51b695\" data-element_type=\"widget\" data-widget_type=\"heading.default\">\n\t\t\t\t<div class=\"elementor-widget-container\">\n\t\t\t<h2 class=\"elementor-heading-title elementor-size-default\">Zdravstveni radnici sa Kosova pridru\u017eili  se Utrehtskom forumu<\/h2>\t\t<\/div>\n\t\t\t\t<\/div>\n\t\t\t\t<div class=\"elementor-element elementor-element-578c8e5 elementor-widget elementor-widget-text-editor\" data-id=\"578c8e5\" data-element_type=\"widget\" data-widget_type=\"text-editor.default\">\n\t\t\t\t<div class=\"elementor-widget-container\">\n\t\t\t\t\t\t\t<p class=\"p1\">Delegacija zdravstvenih radnika sa Kosova pridru\u017eila se preko 5.000 u\u010desnika iz vi\u0161e od 70 zemalja na Me\u0111unarodnom forumu o kvalitetu i sigurnosti u zdravstvu, odr\u017eanom od 21. do 23. maja 2025. u Utrehtu, Holandija.<\/p><p class=\"p1\">Kosovska delegacija, koju su \u010dinili predstavnici bolnica, centara primarne zdravstvene za\u0161tite i Ministarstva zdravlja, aktivno je u\u010destvovala u radionicama, sesijama studija slu\u010daja i zajedni\u010dkim iskustvima u\u010denja usmerenim na pobolj\u0161anje ishoda pacijenata i podsticanje inovacija.<\/p><p class=\"p1\">Na dan otvaranja, tim je u\u010destvovao u impresivnom Danu iskustva u bolnici Albert Schweitzer, sa sesijama koje su se odnosile na liderstvo u sestrinstvu, dobrobit osoblja i strategije za stvaranje sigurnijeg okru\u017eenja za negu. Naredni dani Foruma obele\u017eeni su glavnim prezentacijama i programima za izgradnju ve\u0161tina osmi\u0161ljenim da pomognu zdravstvenim sistemima da se razvijaju kao odgovor na trenutne izazove.<\/p><p class=\"p1\">\"Iskustva u upravljanju kvalitetom zasnovana na dokazima promovi\u0161u me\u0111usektorsku saradnju i konkretna re\u0161enja koja pobolj\u0161avaju kvalitet, sigurnost, jednakost i efikasnost zdravstvene za\u0161tite\", rekao je dr. Hajrullah Fejza, \u0161ef Odeljenja za kvalitet, sigurnost i akreditaciju zdravstvenih ustanova pri Ministarstvu zdravlja Kosova.<\/p><p class=\"p1\">Znanje i strategije ste\u010dene tokom Foruma bi\u0107e podeljene sa kolegama i institucijama \u0161irom Kosova, doprinose\u0107i teku\u0107im nacionalnim naporima za pobolj\u0161anje kvaliteta zdravstvene za\u0161tite i pove\u0107anje sigurnosti pacijenata.<\/p><p class=\"p1\">U\u010de\u0161\u0107e na Forumu omogu\u0107eno je zahvaljuju\u0107i podr\u0161ci projekata Integrisane zdravstvene usluge (IHS) i Pristupa\u010dna i kvalitetna zdravstvena za\u0161tita (AQH). Forum, kao vode\u0107i globalni doga\u0111aj koji su zajedni\u010dki organizovali Institut za unapre\u0111enje zdravstvene za\u0161tite (IHI) i BMJ, bio je posve\u0107en unapre\u0111enju kvaliteta, sigurnosti i transformacije sistema zdravstvene za\u0161tite.<\/p>\t\t\t\t\t\t<\/div>\n\t\t\t\t<\/div>\n\t\t\t\t\t<\/div>\n\t\t\t\t<\/div>\n\t\t\t\t<\/div>","protected":false},"excerpt":{"rendered":"<p>Kosovo Healthcare Professionals Joined Utrecht Forum A delegation of healthcare professionals from Kosovo joined over 5,000 participants from more than 70 countries at the International Forum on Quality and Safety in Healthcare, held from May 21\u201323, 2025, in Utrecht, the Netherlands. The Kosovo delegation, comprising representatives from hospitals, primary care centers, and the Ministry of [&hellip;]<\/p>","protected":false},"author":1,"featured_media":0,"parent":0,"menu_order":0,"comment_status":"closed","ping_status":"closed","template":"","meta":[],"_links":{"self":[{"href":"https:\/\/ihsproject.org\/sr\/wp-json\/wp\/v2\/pages\/14710"}],"collection":[{"href":"https:\/\/ihsproject.org\/sr\/wp-json\/wp\/v2\/pages"}],"about":[{"href":"https:\/\/ihsproject.org\/sr\/wp-json\/wp\/v2\/types\/page"}],"author":[{"embeddable":true,"href":"https:\/\/ihsproject.org\/sr\/wp-json\/wp\/v2\/users\/1"}],"replies":[{"embeddable":true,"href":"https:\/\/ihsproject.org\/sr\/wp-json\/wp\/v2\/comments?post=14710"}],"version-history":[{"count":4,"href":"https:\/\/ihsproject.org\/sr\/wp-json\/wp\/v2\/pages\/14710\/revisions"}],"predecessor-version":[{"id":14715,"href":"https:\/\/ihsproject.org\/sr\/wp-json\/wp\/v2\/pages\/14710\/revisions\/14715"}],"wp:attachment":[{"href":"https:\/\/ihsproject.org\/sr\/wp-json\/wp\/v2\/media?parent=14710"}],"curies":[{"name":"wp","href":"https:\/\/api.w.org\/{rel}","templated":true}]}}