{"id":14690,"date":"2025-05-22T08:12:05","date_gmt":"2025-05-22T08:12:05","guid":{"rendered":"https:\/\/ihsproject.org\/?page_id=14690"},"modified":"2025-05-22T08:14:19","modified_gmt":"2025-05-22T08:14:19","slug":"may-22-2025","status":"publish","type":"page","link":"https:\/\/ihsproject.org\/sr\/may-22-2025\/","title":{"rendered":"22 Maja, 2025"},"content":{"rendered":"<div data-elementor-type=\"wp-page\" data-elementor-id=\"14690\" class=\"elementor elementor-14690\">\n\t\t\t\t<div class=\"elementor-element elementor-element-908d8bc e-flex e-con-boxed e-con e-parent\" data-id=\"908d8bc\" data-element_type=\"container\" data-core-v316-plus=\"true\">\n\t\t\t\t\t<div class=\"e-con-inner\">\n\t\t\t\t<div class=\"elementor-element elementor-element-559a362 elementor-widget elementor-widget-image\" data-id=\"559a362\" data-element_type=\"widget\" data-widget_type=\"image.default\">\n\t\t\t\t<div class=\"elementor-widget-container\">\n\t\t\t\t\t\t\t\t\t\t\t\t\t<img fetchpriority=\"high\" decoding=\"async\" width=\"1600\" height=\"900\" src=\"https:\/\/ihsproject.org\/wp-content\/uploads\/2025\/05\/Amplifying-Patient-Voices-for-Better-NCD-Care.jpg\" class=\"attachment-full size-full wp-image-14689\" alt=\"\" srcset=\"https:\/\/ihsproject.org\/wp-content\/uploads\/2025\/05\/Amplifying-Patient-Voices-for-Better-NCD-Care.jpg 1600w, https:\/\/ihsproject.org\/wp-content\/uploads\/2025\/05\/Amplifying-Patient-Voices-for-Better-NCD-Care-300x169.jpg 300w, https:\/\/ihsproject.org\/wp-content\/uploads\/2025\/05\/Amplifying-Patient-Voices-for-Better-NCD-Care-1024x576.jpg 1024w, https:\/\/ihsproject.org\/wp-content\/uploads\/2025\/05\/Amplifying-Patient-Voices-for-Better-NCD-Care-768x432.jpg 768w, https:\/\/ihsproject.org\/wp-content\/uploads\/2025\/05\/Amplifying-Patient-Voices-for-Better-NCD-Care-1536x864.jpg 1536w, https:\/\/ihsproject.org\/wp-content\/uploads\/2025\/05\/Amplifying-Patient-Voices-for-Better-NCD-Care-18x10.jpg 18w\" sizes=\"(max-width: 1600px) 100vw, 1600px\" \/>\t\t\t\t\t\t\t\t\t\t\t\t\t<\/div>\n\t\t\t\t<\/div>\n\t\t\t\t\t<\/div>\n\t\t\t\t<\/div>\n\t\t<div class=\"elementor-element elementor-element-d141956 e-flex e-con-boxed e-con e-parent\" data-id=\"d141956\" data-element_type=\"container\" data-core-v316-plus=\"true\">\n\t\t\t\t\t<div class=\"e-con-inner\">\n\t\t\t\t<div class=\"elementor-element elementor-element-aa49aa9 elementor-widget elementor-widget-heading\" data-id=\"aa49aa9\" data-element_type=\"widget\" data-widget_type=\"heading.default\">\n\t\t\t\t<div class=\"elementor-widget-container\">\n\t\t\t<h2 class=\"elementor-heading-title elementor-size-default\">Ja\u010danje glasova pacijenata za bolju negu nezaraznih bolesti<\/h2>\t\t<\/div>\n\t\t\t\t<\/div>\n\t\t\t\t<div class=\"elementor-element elementor-element-aca77da elementor-widget elementor-widget-text-editor\" data-id=\"aca77da\" data-element_type=\"widget\" data-widget_type=\"text-editor.default\">\n\t\t\t\t<div class=\"elementor-widget-container\">\n\t\t\t\t\t\t\t<p style=\"font-weight: 400;\">Projekat Integrisanih zdravstvenih usluga (IHS) bio je doma\u0107in zanimljive radionice u Uro\u0161evcu, okupljaju\u0107i organizacije civilnog dru\u0161tva i institucionalne zainteresovane strane kako bi istra\u017eili saradnju u re\u0161avanju problema nezaraznih bolesti (NHB).<\/p><p style=\"font-weight: 400;\">Oko pitanja \u201e\u0160ta ka\u017eu pacijenti?\u201c, u\u010desnici su razmenili uvide, istakli hitne izazove u zdravstvu i zajedni\u010dki razvili prakti\u010dne ideje za ja\u010danje uloge pacijenata u dizajnu lokalnih zdravstvenih usluga, posebno u kontekstu nege NHB. Radionica je naglasila su\u0161tinsku ulogu lokalnih organizacija civilnog dru\u0161tva kao zagovornika i poja\u010diva\u010da glasova pacijenata.<\/p><p style=\"font-weight: 400;\">Ovaj doga\u0111aj je deo \u0161irih napora IHS-a \u0161irom Kosova, nagla\u0161avaju\u0107i vrednost povezivanja \u017eivotnih iskustava pacijenata i zagovaranja na lokalnom nivou sa razvojem politika.<\/p>\t\t\t\t\t\t<\/div>\n\t\t\t\t<\/div>\n\t\t\t\t\t<\/div>\n\t\t\t\t<\/div>\n\t\t\t\t<\/div>","protected":false},"excerpt":{"rendered":"<p>Amplifying Patient Voices for Better NCD Care The Integrated Health Services (IHS) project hosted an engaging workshop in Ferizaj, bringing together civil society organizations and institutional stakeholders to explore collaboration in addressing noncommunicable diseases (NCDs). Framed around the question \u201cWhat do patients say?\u201d, participants exchanged insights, highlighted pressing healthcare challenges, and jointly developed actionable ideas [&hellip;]<\/p>","protected":false},"author":1,"featured_media":0,"parent":0,"menu_order":0,"comment_status":"closed","ping_status":"closed","template":"","meta":[],"_links":{"self":[{"href":"https:\/\/ihsproject.org\/sr\/wp-json\/wp\/v2\/pages\/14690"}],"collection":[{"href":"https:\/\/ihsproject.org\/sr\/wp-json\/wp\/v2\/pages"}],"about":[{"href":"https:\/\/ihsproject.org\/sr\/wp-json\/wp\/v2\/types\/page"}],"author":[{"embeddable":true,"href":"https:\/\/ihsproject.org\/sr\/wp-json\/wp\/v2\/users\/1"}],"replies":[{"embeddable":true,"href":"https:\/\/ihsproject.org\/sr\/wp-json\/wp\/v2\/comments?post=14690"}],"version-history":[{"count":7,"href":"https:\/\/ihsproject.org\/sr\/wp-json\/wp\/v2\/pages\/14690\/revisions"}],"predecessor-version":[{"id":14698,"href":"https:\/\/ihsproject.org\/sr\/wp-json\/wp\/v2\/pages\/14690\/revisions\/14698"}],"wp:attachment":[{"href":"https:\/\/ihsproject.org\/sr\/wp-json\/wp\/v2\/media?parent=14690"}],"curies":[{"name":"wp","href":"https:\/\/api.w.org\/{rel}","templated":true}]}}