{"id":14674,"date":"2025-05-08T15:52:17","date_gmt":"2025-05-08T15:52:17","guid":{"rendered":"https:\/\/ihsproject.org\/?page_id=14674"},"modified":"2025-05-08T15:54:31","modified_gmt":"2025-05-08T15:54:31","slug":"may-08-2025","status":"publish","type":"page","link":"https:\/\/ihsproject.org\/sr\/may-08-2025\/","title":{"rendered":"08 Maja, 2025"},"content":{"rendered":"<div data-elementor-type=\"wp-page\" data-elementor-id=\"14674\" class=\"elementor elementor-14674\">\n\t\t\t\t<div class=\"elementor-element elementor-element-24c05a0 e-flex e-con-boxed e-con e-parent\" data-id=\"24c05a0\" data-element_type=\"container\" data-core-v316-plus=\"true\">\n\t\t\t\t\t<div class=\"e-con-inner\">\n\t\t\t\t<div class=\"elementor-element elementor-element-f637c34 elementor-widget elementor-widget-image\" data-id=\"f637c34\" data-element_type=\"widget\" data-widget_type=\"image.default\">\n\t\t\t\t<div class=\"elementor-widget-container\">\n\t\t\t\t\t\t\t\t\t\t\t\t\t<img fetchpriority=\"high\" decoding=\"async\" width=\"1600\" height=\"900\" src=\"https:\/\/ihsproject.org\/wp-content\/uploads\/2025\/05\/Comprehensive-Training-on-Hypertension-for-Health-Professionals.jpg\" class=\"attachment-full size-full wp-image-14672\" alt=\"\" srcset=\"https:\/\/ihsproject.org\/wp-content\/uploads\/2025\/05\/Comprehensive-Training-on-Hypertension-for-Health-Professionals.jpg 1600w, https:\/\/ihsproject.org\/wp-content\/uploads\/2025\/05\/Comprehensive-Training-on-Hypertension-for-Health-Professionals-300x169.jpg 300w, https:\/\/ihsproject.org\/wp-content\/uploads\/2025\/05\/Comprehensive-Training-on-Hypertension-for-Health-Professionals-1024x576.jpg 1024w, https:\/\/ihsproject.org\/wp-content\/uploads\/2025\/05\/Comprehensive-Training-on-Hypertension-for-Health-Professionals-768x432.jpg 768w, https:\/\/ihsproject.org\/wp-content\/uploads\/2025\/05\/Comprehensive-Training-on-Hypertension-for-Health-Professionals-1536x864.jpg 1536w, https:\/\/ihsproject.org\/wp-content\/uploads\/2025\/05\/Comprehensive-Training-on-Hypertension-for-Health-Professionals-18x10.jpg 18w\" sizes=\"(max-width: 1600px) 100vw, 1600px\" \/>\t\t\t\t\t\t\t\t\t\t\t\t\t<\/div>\n\t\t\t\t<\/div>\n\t\t\t\t\t<\/div>\n\t\t\t\t<\/div>\n\t\t<div class=\"elementor-element elementor-element-fd4af7e e-flex e-con-boxed e-con e-parent\" data-id=\"fd4af7e\" data-element_type=\"container\" data-core-v316-plus=\"true\">\n\t\t\t\t\t<div class=\"e-con-inner\">\n\t\t\t\t<div class=\"elementor-element elementor-element-3471166 elementor-widget elementor-widget-heading\" data-id=\"3471166\" data-element_type=\"widget\" data-widget_type=\"heading.default\">\n\t\t\t\t<div class=\"elementor-widget-container\">\n\t\t\t<h2 class=\"elementor-heading-title elementor-size-default\">Sveobuhvatna obuka o hipertenziji za zdravstvene radnike<\/h2>\t\t<\/div>\n\t\t\t\t<\/div>\n\t\t\t\t<div class=\"elementor-element elementor-element-e315325 elementor-widget elementor-widget-text-editor\" data-id=\"e315325\" data-element_type=\"widget\" data-widget_type=\"text-editor.default\">\n\t\t\t\t<div class=\"elementor-widget-container\">\n\t\t\t\t\t\t\t<p style=\"font-weight: 400;\">Zdravstveni radnici iz Op\u0161tih bolnica u Pe\u0107i i \u0110akovici u\u010destvovali su u obuci zasnovanoj na telemedicini, fokusiranoj na upravljanje hipertenzijom. Ovaj jednodnevni teorijski modul, deo sveobuhvatnog programa obuke, ima za cilj unapre\u0111enje sposobnosti zdravstvenih radnika u dijagnostikovanju i upravljanju hipertenzijom, zna\u010dajnim globalnim zdravstvenim izazovom.<\/p><p style=\"font-weight: 400;\">Obuka je obuhvatila klju\u010dne teme kao \u0161to su epidemiologija, patofiziologija, dijagnoza i klasifikacija hipertenzije, dodatno znanje o klini\u010dkim pristupima upravljanju hipertenzijom i reagovanju na hipertenzivne hitne slu\u010dajeve. Modul se bavio personalizovanim strategijama le\u010denja i prilago\u0111enom negom za starije osobe i trudnice.<\/p><p style=\"font-weight: 400;\">Obuka, koja se odvija putem telemedicinskog centra, povezala je predava\u010de sa zdravstvenim radnicima u njihovim regionalnim centrima, dele\u0107i najnovija znanja i prakti\u010dne ve\u0161tine s ciljem pobolj\u0161anja ishoda le\u010denja pacijenata.<\/p>\t\t\t\t\t\t<\/div>\n\t\t\t\t<\/div>\n\t\t\t\t\t<\/div>\n\t\t\t\t<\/div>\n\t\t\t\t<\/div>","protected":false},"excerpt":{"rendered":"<p>Comprehensive Training on Hypertension for Health Professionals Healthcare professionals from the General Hospitals of Peja and Gjakova participated in a training session delivered through the telemedicine centre focused on hypertension management. This one-day theoretical module, part of a comprehensive training program, aims to enhance healthcare providers&#8217; capabilities in diagnosing and managing hypertension, a significant global [&hellip;]<\/p>","protected":false},"author":1,"featured_media":0,"parent":0,"menu_order":0,"comment_status":"closed","ping_status":"closed","template":"","meta":[],"_links":{"self":[{"href":"https:\/\/ihsproject.org\/sr\/wp-json\/wp\/v2\/pages\/14674"}],"collection":[{"href":"https:\/\/ihsproject.org\/sr\/wp-json\/wp\/v2\/pages"}],"about":[{"href":"https:\/\/ihsproject.org\/sr\/wp-json\/wp\/v2\/types\/page"}],"author":[{"embeddable":true,"href":"https:\/\/ihsproject.org\/sr\/wp-json\/wp\/v2\/users\/1"}],"replies":[{"embeddable":true,"href":"https:\/\/ihsproject.org\/sr\/wp-json\/wp\/v2\/comments?post=14674"}],"version-history":[{"count":4,"href":"https:\/\/ihsproject.org\/sr\/wp-json\/wp\/v2\/pages\/14674\/revisions"}],"predecessor-version":[{"id":14679,"href":"https:\/\/ihsproject.org\/sr\/wp-json\/wp\/v2\/pages\/14674\/revisions\/14679"}],"wp:attachment":[{"href":"https:\/\/ihsproject.org\/sr\/wp-json\/wp\/v2\/media?parent=14674"}],"curies":[{"name":"wp","href":"https:\/\/api.w.org\/{rel}","templated":true}]}}