{"id":14650,"date":"2025-05-06T11:11:15","date_gmt":"2025-05-06T11:11:15","guid":{"rendered":"https:\/\/ihsproject.org\/?page_id=14650"},"modified":"2025-05-06T11:14:43","modified_gmt":"2025-05-06T11:14:43","slug":"may-06-2025","status":"publish","type":"page","link":"https:\/\/ihsproject.org\/sr\/may-06-2025\/","title":{"rendered":"06 Maja, 2025"},"content":{"rendered":"<div data-elementor-type=\"wp-page\" data-elementor-id=\"14650\" class=\"elementor elementor-14650\">\n\t\t\t\t<div class=\"elementor-element elementor-element-3e004a4 e-flex e-con-boxed e-con e-parent\" data-id=\"3e004a4\" data-element_type=\"container\" data-core-v316-plus=\"true\">\n\t\t\t\t\t<div class=\"e-con-inner\">\n\t\t\t\t<div class=\"elementor-element elementor-element-b67fba1 elementor-widget elementor-widget-image\" data-id=\"b67fba1\" data-element_type=\"widget\" data-widget_type=\"image.default\">\n\t\t\t\t<div class=\"elementor-widget-container\">\n\t\t\t\t\t\t\t\t\t\t\t\t\t<img fetchpriority=\"high\" decoding=\"async\" width=\"1600\" height=\"900\" src=\"https:\/\/ihsproject.org\/wp-content\/uploads\/2025\/05\/Civil-Society-Representatives-in-Gjilan-Talk-About-ActOnNCDs.jpg\" class=\"attachment-full size-full wp-image-14655\" alt=\"\" srcset=\"https:\/\/ihsproject.org\/wp-content\/uploads\/2025\/05\/Civil-Society-Representatives-in-Gjilan-Talk-About-ActOnNCDs.jpg 1600w, https:\/\/ihsproject.org\/wp-content\/uploads\/2025\/05\/Civil-Society-Representatives-in-Gjilan-Talk-About-ActOnNCDs-300x169.jpg 300w, https:\/\/ihsproject.org\/wp-content\/uploads\/2025\/05\/Civil-Society-Representatives-in-Gjilan-Talk-About-ActOnNCDs-1024x576.jpg 1024w, https:\/\/ihsproject.org\/wp-content\/uploads\/2025\/05\/Civil-Society-Representatives-in-Gjilan-Talk-About-ActOnNCDs-768x432.jpg 768w, https:\/\/ihsproject.org\/wp-content\/uploads\/2025\/05\/Civil-Society-Representatives-in-Gjilan-Talk-About-ActOnNCDs-1536x864.jpg 1536w, https:\/\/ihsproject.org\/wp-content\/uploads\/2025\/05\/Civil-Society-Representatives-in-Gjilan-Talk-About-ActOnNCDs-18x10.jpg 18w\" sizes=\"(max-width: 1600px) 100vw, 1600px\" \/>\t\t\t\t\t\t\t\t\t\t\t\t\t<\/div>\n\t\t\t\t<\/div>\n\t\t\t\t\t<\/div>\n\t\t\t\t<\/div>\n\t\t<div class=\"elementor-element elementor-element-3af4ad6 e-flex e-con-boxed e-con e-parent\" data-id=\"3af4ad6\" data-element_type=\"container\" data-core-v316-plus=\"true\">\n\t\t\t\t\t<div class=\"e-con-inner\">\n\t\t\t\t<div class=\"elementor-element elementor-element-6000120 elementor-widget elementor-widget-heading\" data-id=\"6000120\" data-element_type=\"widget\" data-widget_type=\"heading.default\">\n\t\t\t\t<div class=\"elementor-widget-container\">\n\t\t\t<h2 class=\"elementor-heading-title elementor-size-default\">Diskusija predstavnika civilnog dru\u0161tva u Gnjilanu o #ActOnNCDs<\/h2>\t\t<\/div>\n\t\t\t\t<\/div>\n\t\t\t\t<div class=\"elementor-element elementor-element-9a17ffc elementor-widget elementor-widget-text-editor\" data-id=\"9a17ffc\" data-element_type=\"widget\" data-widget_type=\"text-editor.default\">\n\t\t\t\t<div class=\"elementor-widget-container\">\n\t\t\t\t\t\t\t<p style=\"font-weight: 400;\">Dana 30. aprila 2025. godine, projekat Integrisanih zdravstvenih usluga (IHS) odr\u017eao je dinami\u010dnu radionicu u Gnjilanu, okupljaju\u0107i organizacije civilnog dru\u0161tva, predstavnike pacijenata i institucionalne aktere kako bi razgovarali o saradnji u borbi protiv nezaraznih bolesti (NCD).<\/p><p style=\"font-weight: 400;\">Odgovaraju\u0107i na pitanje \u201e\u0160ta ka\u017eu pacijenti?\u201c, u\u010desnici su podelili iskustva, identifikovali klju\u010dne izazove u zdravstvu i zajedni\u010dki kreirali prakti\u010dne lokalne akcije kako bi osigurali da pacijenti igraju centralnu ulogu u oblikovanju usluga, posebno za NCD. Na radionici je nagla\u0161ena klju\u010dna uloga lokalnih organizacija civilnog dru\u0161tva kao glasa pacijenata.<\/p><p style=\"font-weight: 400;\">Doga\u0111aj je deo aktivnosti koje IHS organizuje \u0161irom Kosova, s ciljem podsticanja saradnje me\u0111u organizacijama, posebno onima koje rade sa ranjivim i nedovoljno opslu\u017eenim grupama. Ova inicijativa prepoznaje va\u017enost povezivanja \u017eivotnih iskustava i napora zagovaranja pacijenata sa kreiranjem politika vezanih za NCD.<\/p>\t\t\t\t\t\t<\/div>\n\t\t\t\t<\/div>\n\t\t\t\t\t<\/div>\n\t\t\t\t<\/div>\n\t\t\t\t<\/div>","protected":false},"excerpt":{"rendered":"<p>Civil Society Representatives in Gjilan Talk About #ActOnNCDs On April 30, 2025, the Integrated Health Services (IHS) project held a dynamic workshop in Gjilan, bringing together civil society organizations, patient representatives, and institutional actors to talk about collaboration in the fight against noncommunicable diseases (NCDs). Responding to the question \u201cWhat do patients say?\u201d participants shared [&hellip;]<\/p>","protected":false},"author":1,"featured_media":0,"parent":0,"menu_order":0,"comment_status":"closed","ping_status":"closed","template":"","meta":[],"_links":{"self":[{"href":"https:\/\/ihsproject.org\/sr\/wp-json\/wp\/v2\/pages\/14650"}],"collection":[{"href":"https:\/\/ihsproject.org\/sr\/wp-json\/wp\/v2\/pages"}],"about":[{"href":"https:\/\/ihsproject.org\/sr\/wp-json\/wp\/v2\/types\/page"}],"author":[{"embeddable":true,"href":"https:\/\/ihsproject.org\/sr\/wp-json\/wp\/v2\/users\/1"}],"replies":[{"embeddable":true,"href":"https:\/\/ihsproject.org\/sr\/wp-json\/wp\/v2\/comments?post=14650"}],"version-history":[{"count":4,"href":"https:\/\/ihsproject.org\/sr\/wp-json\/wp\/v2\/pages\/14650\/revisions"}],"predecessor-version":[{"id":14658,"href":"https:\/\/ihsproject.org\/sr\/wp-json\/wp\/v2\/pages\/14650\/revisions\/14658"}],"wp:attachment":[{"href":"https:\/\/ihsproject.org\/sr\/wp-json\/wp\/v2\/media?parent=14650"}],"curies":[{"name":"wp","href":"https:\/\/api.w.org\/{rel}","templated":true}]}}