{"id":14589,"date":"2025-04-02T09:12:02","date_gmt":"2025-04-02T09:12:02","guid":{"rendered":"https:\/\/ihsproject.org\/?page_id=14589"},"modified":"2025-04-02T09:15:51","modified_gmt":"2025-04-02T09:15:51","slug":"april-02-2025","status":"publish","type":"page","link":"https:\/\/ihsproject.org\/sr\/april-02-2025\/","title":{"rendered":"02 Aprila, 2025"},"content":{"rendered":"<div data-elementor-type=\"wp-page\" data-elementor-id=\"14589\" class=\"elementor elementor-14589\">\n\t\t\t\t<div class=\"elementor-element elementor-element-e92c155 e-flex e-con-boxed e-con e-parent\" data-id=\"e92c155\" data-element_type=\"container\" data-core-v316-plus=\"true\">\n\t\t\t\t\t<div class=\"e-con-inner\">\n\t\t\t\t<div class=\"elementor-element elementor-element-e5a0828 elementor-widget elementor-widget-image\" data-id=\"e5a0828\" data-element_type=\"widget\" data-widget_type=\"image.default\">\n\t\t\t\t<div class=\"elementor-widget-container\">\n\t\t\t\t\t\t\t\t\t\t\t\t\t<img fetchpriority=\"high\" decoding=\"async\" width=\"1600\" height=\"900\" src=\"https:\/\/ihsproject.org\/wp-content\/uploads\/2025\/04\/Continuing-with-Efforts-to-Improving-Quality-of-Care-at-Hospital-Level.jpg\" class=\"attachment-full size-full wp-image-14591\" alt=\"\" srcset=\"https:\/\/ihsproject.org\/wp-content\/uploads\/2025\/04\/Continuing-with-Efforts-to-Improving-Quality-of-Care-at-Hospital-Level.jpg 1600w, https:\/\/ihsproject.org\/wp-content\/uploads\/2025\/04\/Continuing-with-Efforts-to-Improving-Quality-of-Care-at-Hospital-Level-300x169.jpg 300w, https:\/\/ihsproject.org\/wp-content\/uploads\/2025\/04\/Continuing-with-Efforts-to-Improving-Quality-of-Care-at-Hospital-Level-1024x576.jpg 1024w, https:\/\/ihsproject.org\/wp-content\/uploads\/2025\/04\/Continuing-with-Efforts-to-Improving-Quality-of-Care-at-Hospital-Level-768x432.jpg 768w, https:\/\/ihsproject.org\/wp-content\/uploads\/2025\/04\/Continuing-with-Efforts-to-Improving-Quality-of-Care-at-Hospital-Level-1536x864.jpg 1536w, https:\/\/ihsproject.org\/wp-content\/uploads\/2025\/04\/Continuing-with-Efforts-to-Improving-Quality-of-Care-at-Hospital-Level-18x10.jpg 18w\" sizes=\"(max-width: 1600px) 100vw, 1600px\" \/>\t\t\t\t\t\t\t\t\t\t\t\t\t<\/div>\n\t\t\t\t<\/div>\n\t\t\t\t\t<\/div>\n\t\t\t\t<\/div>\n\t\t<div class=\"elementor-element elementor-element-b41e0be e-flex e-con-boxed e-con e-parent\" data-id=\"b41e0be\" data-element_type=\"container\" data-core-v316-plus=\"true\">\n\t\t\t\t\t<div class=\"e-con-inner\">\n\t\t\t\t<div class=\"elementor-element elementor-element-636cb4e elementor-widget elementor-widget-heading\" data-id=\"636cb4e\" data-element_type=\"widget\" data-widget_type=\"heading.default\">\n\t\t\t\t<div class=\"elementor-widget-container\">\n\t\t\t<h2 class=\"elementor-heading-title elementor-size-default\">Nastavak sa naporima za pobolj\u0161anje kvalitete nege na bolni\u010dkom nivou <\/h2>\t\t<\/div>\n\t\t\t\t<\/div>\n\t\t\t\t<div class=\"elementor-element elementor-element-17f5f78 elementor-widget elementor-widget-text-editor\" data-id=\"17f5f78\" data-element_type=\"widget\" data-widget_type=\"text-editor.default\">\n\t\t\t\t<div class=\"elementor-widget-container\">\n\t\t\t\t\t\t\t<p class=\"p1\">Op\u0161te bolnice u \u0110akovici i Pe\u0107i poja\u010davaju napore da pobolj\u0161aju kvalitet nege pacijenata sa nezaraznim bolestima, kroz strate\u0161ku saradnju sa Projektom usluga integrisane zdravstvene ya[tite (IHS), koji finansira \u0160vajcarska agencija za razvoj i saradnju (SDC).<\/p><p class=\"p1\">U obe bolnice, liderski timovi su se sastali sa predstavnicima IHS projekta kako bi identifikovali klju\u010dne prioritete i razgovarali o na\u010dinima za ja\u010danje pru\u017eanja integrisanih usluga. Ovi napori su deo \u0161ire inicijative za pobolj\u0161anje ishoda pacijenata i uskla\u0111ivanje bolni\u010dkih usluga sa evropskim standardima.<\/p><p class=\"p1\">Vrhunac poseta bila je fokusirana radna sesija koju je vodio me\u0111unarodni tehni\u010dki stru\u010dnjak dr. Manfred Zahorka, koji je anga\u017eovao rukovodstvo bolnice i klju\u010dno osoblje u razvoju konkretnih projekata pobolj\u0161anja kvaliteta. Ove inicijative \u0107e poslu\u017eiti kao osnova za stalnu podr\u0161ku koju pru\u017ea IHS projekat.<\/p>\t\t\t\t\t\t<\/div>\n\t\t\t\t<\/div>\n\t\t\t\t\t<\/div>\n\t\t\t\t<\/div>\n\t\t\t\t<\/div>","protected":false},"excerpt":{"rendered":"<p>Continuing with Efforts to Improving Quality of Care at Hospital Level The General Hospitals of Gjakova and Peja are stepping up efforts to improve the quality of care for patients with non-communicable diseases, through strategic collaboration with the Integrated Health Services (IHS) Project, funded by the Swiss Development and Cooperation Agency (SDC). In both hospitals, [&hellip;]<\/p>","protected":false},"author":1,"featured_media":0,"parent":0,"menu_order":0,"comment_status":"closed","ping_status":"closed","template":"","meta":[],"_links":{"self":[{"href":"https:\/\/ihsproject.org\/sr\/wp-json\/wp\/v2\/pages\/14589"}],"collection":[{"href":"https:\/\/ihsproject.org\/sr\/wp-json\/wp\/v2\/pages"}],"about":[{"href":"https:\/\/ihsproject.org\/sr\/wp-json\/wp\/v2\/types\/page"}],"author":[{"embeddable":true,"href":"https:\/\/ihsproject.org\/sr\/wp-json\/wp\/v2\/users\/1"}],"replies":[{"embeddable":true,"href":"https:\/\/ihsproject.org\/sr\/wp-json\/wp\/v2\/comments?post=14589"}],"version-history":[{"count":4,"href":"https:\/\/ihsproject.org\/sr\/wp-json\/wp\/v2\/pages\/14589\/revisions"}],"predecessor-version":[{"id":14597,"href":"https:\/\/ihsproject.org\/sr\/wp-json\/wp\/v2\/pages\/14589\/revisions\/14597"}],"wp:attachment":[{"href":"https:\/\/ihsproject.org\/sr\/wp-json\/wp\/v2\/media?parent=14589"}],"curies":[{"name":"wp","href":"https:\/\/api.w.org\/{rel}","templated":true}]}}