{"id":14573,"date":"2025-03-25T12:47:32","date_gmt":"2025-03-25T12:47:32","guid":{"rendered":"https:\/\/ihsproject.org\/?page_id=14573"},"modified":"2025-03-25T14:48:36","modified_gmt":"2025-03-25T14:48:36","slug":"march-25-2025-impact-story","status":"publish","type":"page","link":"https:\/\/ihsproject.org\/sr\/march-25-2025-impact-story\/","title":{"rendered":"25 Mart 2025 - Pri\u010de o uticaju"},"content":{"rendered":"<div data-elementor-type=\"wp-page\" data-elementor-id=\"14573\" class=\"elementor elementor-14573\">\n\t\t\t\t<div class=\"elementor-element elementor-element-4a8a761 e-flex e-con-boxed e-con e-parent\" data-id=\"4a8a761\" data-element_type=\"container\" data-core-v316-plus=\"true\">\n\t\t\t\t\t<div class=\"e-con-inner\">\n\t\t\t\t<div class=\"elementor-element elementor-element-0772699 elementor-widget elementor-widget-heading\" data-id=\"0772699\" data-element_type=\"widget\" data-widget_type=\"heading.default\">\n\t\t\t\t<div class=\"elementor-widget-container\">\n\t\t\t<h2 class=\"elementor-heading-title elementor-size-default\">Unapre\u0111enje klini\u010dkih puteva i puteva za pacijente za bolju negu NCD na Kosovu<\/h2>\t\t<\/div>\n\t\t\t\t<\/div>\n\t\t\t\t\t<\/div>\n\t\t\t\t<\/div>\n\t\t<div class=\"elementor-element elementor-element-c2ba94c e-flex e-con-boxed e-con e-parent\" data-id=\"c2ba94c\" data-element_type=\"container\" data-core-v316-plus=\"true\">\n\t\t\t\t\t<div class=\"e-con-inner\">\n\t\t\t\t<div class=\"elementor-element elementor-element-5ab77c5 elementor-widget elementor-widget-image\" data-id=\"5ab77c5\" data-element_type=\"widget\" data-widget_type=\"image.default\">\n\t\t\t\t<div class=\"elementor-widget-container\">\n\t\t\t\t\t\t\t\t\t\t\t\t\t<img fetchpriority=\"high\" decoding=\"async\" width=\"2560\" height=\"1440\" src=\"https:\/\/ihsproject.org\/wp-content\/uploads\/2025\/03\/Impact-Story-Foto-kryesore-scaled.jpg\" class=\"attachment-full size-full wp-image-14568\" alt=\"\" srcset=\"https:\/\/ihsproject.org\/wp-content\/uploads\/2025\/03\/Impact-Story-Foto-kryesore-scaled.jpg 2560w, https:\/\/ihsproject.org\/wp-content\/uploads\/2025\/03\/Impact-Story-Foto-kryesore-300x169.jpg 300w, https:\/\/ihsproject.org\/wp-content\/uploads\/2025\/03\/Impact-Story-Foto-kryesore-1024x576.jpg 1024w, https:\/\/ihsproject.org\/wp-content\/uploads\/2025\/03\/Impact-Story-Foto-kryesore-768x432.jpg 768w, https:\/\/ihsproject.org\/wp-content\/uploads\/2025\/03\/Impact-Story-Foto-kryesore-1536x864.jpg 1536w, https:\/\/ihsproject.org\/wp-content\/uploads\/2025\/03\/Impact-Story-Foto-kryesore-2048x1152.jpg 2048w, https:\/\/ihsproject.org\/wp-content\/uploads\/2025\/03\/Impact-Story-Foto-kryesore-18x10.jpg 18w\" sizes=\"(max-width: 2560px) 100vw, 2560px\" \/>\t\t\t\t\t\t\t\t\t\t\t\t\t<\/div>\n\t\t\t\t<\/div>\n\t\t\t\t\t<\/div>\n\t\t\t\t<\/div>\n\t\t<div class=\"elementor-element elementor-element-d89dd75 e-flex e-con-boxed e-con e-parent\" data-id=\"d89dd75\" data-element_type=\"container\" data-core-v316-plus=\"true\">\n\t\t\t\t\t<div class=\"e-con-inner\">\n\t\t\t\t<div class=\"elementor-element elementor-element-a74bb17 elementor-widget elementor-widget-text-editor\" data-id=\"a74bb17\" data-element_type=\"widget\" data-widget_type=\"text-editor.default\">\n\t\t\t\t<div class=\"elementor-widget-container\">\n\t\t\t\t\t\t\t<p>Na Kosovu, putovanje dijabeti\u010dara u zdravstveni sistem po\u010dinje sa  lekarom porodi\u010dne medicine. Prema modelu porodi\u010dne medicine, koji je Kosovo zvani\u010dno usvojilo, lekari na nivou primarne zdravstvene za\u0161tite su odgovorni za koordinaciju op\u0161teg stanja i le\u010denja pacijenata i upu\u0107ivanje na specijalisti\u010dku negu kada je to potrebno. Model porodi\u010dne medicine namenjen je da usmerava pacijente i pru\u017eaoce zdravstvenih usluga da imaju sveobuhvatan uvid u istoriju bolesti pacijenata i teku\u0107e potrebe.<\/p><p>U praksi, me\u0111utim, sistem ponekad postaje fragmentisan. Slu\u017ebe postoje, ali se koordinacija izme\u0111u njih jo\u0161 razvija. Mnogi pacijenti zaobilaze centre porodi\u010dne medicine kao prvu ta\u010dku kontakta u potrazi za specijalisti\u010dkom negom, sami se snalaze\u0107i u sistemu, \u0161to ponekad dovodi do propu\u0161tenih mogu\u0107nosti za kontinuitet le\u010denja i dugotrajnog upravljanja bolestima.<span class=\"Apple-converted-space\">\u00a0<\/span><\/p><p>Stoga je izgradnja koherentnog puta za pacijente, posebno za one koji \u017eive s hroni\u010dnim bolestima poput dijabetesa, gde sistem vodi pacijenta, a ne obrnuto, klju\u010dna za pobolj\u0161anje ishoda i smanjenje komplikacija. Samo jasne i pojednostavljene smernice osiguravaju pacijentima da dosledno dobiju pravu negu u pravo vreme, \u010dine\u0107i njihovo putovanje kroz dostupne zdravstvene ustanove sigurnim.<span class=\"Apple-converted-space\">\u00a0<\/span><\/p>\t\t\t\t\t\t<\/div>\n\t\t\t\t<\/div>\n\t\t\t\t\t<\/div>\n\t\t\t\t<\/div>\n\t\t<div class=\"elementor-element elementor-element-1c2b145 e-flex e-con-boxed e-con e-parent\" data-id=\"1c2b145\" data-element_type=\"container\" data-core-v316-plus=\"true\">\n\t\t\t\t\t<div class=\"e-con-inner\">\n\t\t\t\t<div class=\"elementor-element elementor-element-3e1c85f elementor-widget elementor-widget-image\" data-id=\"3e1c85f\" data-element_type=\"widget\" data-widget_type=\"image.default\">\n\t\t\t\t<div class=\"elementor-widget-container\">\n\t\t\t\t\t\t\t\t\t\t\t\t\t<img decoding=\"async\" width=\"2560\" height=\"1440\" src=\"https:\/\/ihsproject.org\/wp-content\/uploads\/2025\/03\/Impact-Story-foto-1-scaled.jpg\" class=\"attachment-full size-full wp-image-14565\" alt=\"\" srcset=\"https:\/\/ihsproject.org\/wp-content\/uploads\/2025\/03\/Impact-Story-foto-1-scaled.jpg 2560w, https:\/\/ihsproject.org\/wp-content\/uploads\/2025\/03\/Impact-Story-foto-1-300x169.jpg 300w, https:\/\/ihsproject.org\/wp-content\/uploads\/2025\/03\/Impact-Story-foto-1-1024x576.jpg 1024w, https:\/\/ihsproject.org\/wp-content\/uploads\/2025\/03\/Impact-Story-foto-1-768x432.jpg 768w, https:\/\/ihsproject.org\/wp-content\/uploads\/2025\/03\/Impact-Story-foto-1-1536x864.jpg 1536w, https:\/\/ihsproject.org\/wp-content\/uploads\/2025\/03\/Impact-Story-foto-1-2048x1152.jpg 2048w, https:\/\/ihsproject.org\/wp-content\/uploads\/2025\/03\/Impact-Story-foto-1-18x10.jpg 18w\" sizes=\"(max-width: 2560px) 100vw, 2560px\" \/>\t\t\t\t\t\t\t\t\t\t\t\t\t<\/div>\n\t\t\t\t<\/div>\n\t\t\t\t\t<\/div>\n\t\t\t\t<\/div>\n\t\t<div class=\"elementor-element elementor-element-db497ff e-flex e-con-boxed e-con e-parent\" data-id=\"db497ff\" data-element_type=\"container\" data-core-v316-plus=\"true\">\n\t\t\t\t\t<div class=\"e-con-inner\">\n\t\t\t\t<div class=\"elementor-element elementor-element-5fbabb0 elementor-widget elementor-widget-text-editor\" data-id=\"5fbabb0\" data-element_type=\"widget\" data-widget_type=\"text-editor.default\">\n\t\t\t\t<div class=\"elementor-widget-container\">\n\t\t\t\t\t\t\t<p>Sada se de\u0161ava zna\u010dajan pomak. Da bi se osiguralo da svi hroni\u010dno bolesni pacijenti dobiju standardizovanu visokokvalitetnu negu na svim nivoima, Kosovo uvodi i prihvata nove Smernice klini\u010dke prakse (CPG) kako bi obezbedilo standardizovanu i doslednu negu na sva tri nivoa javne zdravstvene za\u0161tite.<\/p><p>Predvo\u0111en Ministarstvom zdravlja Kosova sa Nacionalnim institutom za javno zdravlje (NIJZ), i Kosovskom bolni\u010dkom i univerzitetskom klini\u010dkom slu\u017ebom (SHSKUK) uz aktivnu podr\u0161ku Integrisanih zdravstvenih usluga (IHS) i  kvalitetne i dostupne zdravstvene za\u0161tite (AQH), ovaj rad transformi\u0161e upravljanje NCD na Kosovu kroz ja\u010danje CPG. Cilj nije samo razviti moderne smernice ve\u0107 osigurati njihovu efikasnu primenu u svakodnevnoj klini\u010dkoj praksi. Na\u010din da se to postigne je kroz pobolj\u0161anu saradnju, obuku i inovativna re\u0161enja, uklju\u010duju\u0107i merenje napretka.<\/p><p>Klju\u010dni trenutak u ovom poduhvatu bio je okrugli sto odr\u017ean u oktobru 2024. godine, kada se okupila grupa zdravstvenih radnika kako bi razgovarali o novousvojenim Smernicama i protokolima klini\u010dke prakse za le\u010denje dijabetesa. Sesija je bila prilika da lekari i medicinske sestre i drugi zdravstveni akteri \u2013 kreatori politike, stru\u010dnjaci za javno zdravlje i zdravstveni menad\u017eeri, usklade svoju praksu sa me\u0111unarodnim standardima i posvete se jedinstvenom pristupu u le\u010denju bolesti.<span class=\"Apple-converted-space\">\u00a0<\/span><\/p>\t\t\t\t\t\t<\/div>\n\t\t\t\t<\/div>\n\t\t\t\t\t<\/div>\n\t\t\t\t<\/div>\n\t\t<div class=\"elementor-element elementor-element-80ab493 e-flex e-con-boxed e-con e-parent\" data-id=\"80ab493\" data-element_type=\"container\" data-core-v316-plus=\"true\">\n\t\t\t\t\t<div class=\"e-con-inner\">\n\t\t\t\t<div class=\"elementor-element elementor-element-d57f6c0 elementor-widget elementor-widget-image\" data-id=\"d57f6c0\" data-element_type=\"widget\" data-widget_type=\"image.default\">\n\t\t\t\t<div class=\"elementor-widget-container\">\n\t\t\t\t\t\t\t\t\t\t\t\t\t<img decoding=\"async\" width=\"2560\" height=\"1440\" src=\"https:\/\/ihsproject.org\/wp-content\/uploads\/2025\/03\/Impact-Story-foto-2-scaled.jpg\" class=\"attachment-full size-full wp-image-14566\" alt=\"\" srcset=\"https:\/\/ihsproject.org\/wp-content\/uploads\/2025\/03\/Impact-Story-foto-2-scaled.jpg 2560w, https:\/\/ihsproject.org\/wp-content\/uploads\/2025\/03\/Impact-Story-foto-2-300x169.jpg 300w, https:\/\/ihsproject.org\/wp-content\/uploads\/2025\/03\/Impact-Story-foto-2-1024x576.jpg 1024w, https:\/\/ihsproject.org\/wp-content\/uploads\/2025\/03\/Impact-Story-foto-2-768x432.jpg 768w, https:\/\/ihsproject.org\/wp-content\/uploads\/2025\/03\/Impact-Story-foto-2-1536x864.jpg 1536w, https:\/\/ihsproject.org\/wp-content\/uploads\/2025\/03\/Impact-Story-foto-2-2048x1152.jpg 2048w, https:\/\/ihsproject.org\/wp-content\/uploads\/2025\/03\/Impact-Story-foto-2-18x10.jpg 18w\" sizes=\"(max-width: 2560px) 100vw, 2560px\" \/>\t\t\t\t\t\t\t\t\t\t\t\t\t<\/div>\n\t\t\t\t<\/div>\n\t\t\t\t\t<\/div>\n\t\t\t\t<\/div>\n\t\t<div class=\"elementor-element elementor-element-1ac828c e-flex e-con-boxed e-con e-parent\" data-id=\"1ac828c\" data-element_type=\"container\" data-core-v316-plus=\"true\">\n\t\t\t\t\t<div class=\"e-con-inner\">\n\t\t\t\t<div class=\"elementor-element elementor-element-583eb70 elementor-widget elementor-widget-text-editor\" data-id=\"583eb70\" data-element_type=\"widget\" data-widget_type=\"text-editor.default\">\n\t\t\t\t<div class=\"elementor-widget-container\">\n\t\t\t\t\t\t\t<p>Dr Merita Emini Sadiku, \u0161efica radne grupe koja je razvila smernice za negu dijabetesa, opisala je proces kao zajedni\u010dki napor usmeren na pobolj\u0161anje dugoro\u010dnih zdravstvenih ishoda za osobe koje boluju od ovih bolesti. \"Na\u0161 cilj je bio da uskladimo na\u0161u praksu sa me\u0111unarodnim standardima, opremaju\u0107i pru\u017eaoce zdravstvenih usluga na Kosovu alatima za pru\u017eanje najefikasnije nege. Ovo je zna\u010dajan korak ka pobolj\u0161anju dugoro\u010dnih zdravstvenih ishoda za one sa dijabetesom\", rekla je ona.<\/p><p>Nekoliko drugih CPG-ova se razvija, fokusiraju\u0107i se na glavna \u010desto hroni\u010dna stanja koja poga\u0111aju stanovni\u0161tvo Kosova, kao \u0161to su hipertenzija i kardiovaskularne bolesti. Jedan od najzna\u010dajnijih koraka u institucionalizaciji ovih vode\u0107ih dokumenata bilo je potpisivanje Memoranduma o razumevanju (MoR) izme\u0111u SHSKUK-a i IHS-a.<span class=\"Apple-converted-space\">\u00a0<\/span><\/p><p>Elvir Azizi, direktor SHSKUK-a, istakao je \"Na\u0161e partnerstvo ima za cilj pobolj\u0161anje kvaliteta zdravstvene za\u0161tite u na\u0161oj zemlji, i uskla\u0111eno je sa zajedni\u010dkom vizijom i zajedni\u010dkim ciljevima. Kroz ovaj Memorandum o razumevanju preduzeli smo konkretne korake ka razvoju smernica klini\u010dke prakse za nezarazne bolesti, koje predstavljaju zna\u010dajan izazov na\u0161em zdravstvenom sistemu le\u010denja i pobolj\u0161anju standarda zdravstvene za\u0161tite na\u0161ih gra\u0111ana, su\u0161tinski su pobolj\u0161anje zdravstvene za\u0161tite i dobrobit na\u0161ih gra\u0111ana i ja\u010danje kapaciteta na\u0161ih zdravstvenih radnika.\u201d<\/p>\t\t\t\t\t\t<\/div>\n\t\t\t\t<\/div>\n\t\t\t\t\t<\/div>\n\t\t\t\t<\/div>\n\t\t<div class=\"elementor-element elementor-element-2dbc3da e-flex e-con-boxed e-con e-parent\" data-id=\"2dbc3da\" data-element_type=\"container\" data-core-v316-plus=\"true\">\n\t\t\t\t\t<div class=\"e-con-inner\">\n\t\t\t\t<div class=\"elementor-element elementor-element-2981aa7 elementor-widget elementor-widget-image\" data-id=\"2981aa7\" data-element_type=\"widget\" data-widget_type=\"image.default\">\n\t\t\t\t<div class=\"elementor-widget-container\">\n\t\t\t\t\t\t\t\t\t\t\t\t\t<img loading=\"lazy\" decoding=\"async\" width=\"1600\" height=\"901\" src=\"https:\/\/ihsproject.org\/wp-content\/uploads\/2025\/03\/Impact-Story-foto-3.jpg\" class=\"attachment-full size-full wp-image-14567\" alt=\"\" srcset=\"https:\/\/ihsproject.org\/wp-content\/uploads\/2025\/03\/Impact-Story-foto-3.jpg 1600w, https:\/\/ihsproject.org\/wp-content\/uploads\/2025\/03\/Impact-Story-foto-3-300x169.jpg 300w, https:\/\/ihsproject.org\/wp-content\/uploads\/2025\/03\/Impact-Story-foto-3-1024x577.jpg 1024w, https:\/\/ihsproject.org\/wp-content\/uploads\/2025\/03\/Impact-Story-foto-3-768x432.jpg 768w, https:\/\/ihsproject.org\/wp-content\/uploads\/2025\/03\/Impact-Story-foto-3-1536x865.jpg 1536w, https:\/\/ihsproject.org\/wp-content\/uploads\/2025\/03\/Impact-Story-foto-3-18x10.jpg 18w\" sizes=\"(max-width: 1600px) 100vw, 1600px\" \/>\t\t\t\t\t\t\t\t\t\t\t\t\t<\/div>\n\t\t\t\t<\/div>\n\t\t\t\t\t<\/div>\n\t\t\t\t<\/div>\n\t\t<div class=\"elementor-element elementor-element-b8f94f6 e-flex e-con-boxed e-con e-parent\" data-id=\"b8f94f6\" data-element_type=\"container\" data-core-v316-plus=\"true\">\n\t\t\t\t\t<div class=\"e-con-inner\">\n\t\t\t\t<div class=\"elementor-element elementor-element-a2631f9 elementor-widget elementor-widget-text-editor\" data-id=\"a2631f9\" data-element_type=\"widget\" data-widget_type=\"text-editor.default\">\n\t\t\t\t<div class=\"elementor-widget-container\">\n\t\t\t\t\t\t\t<p>Usvajanje ovih smernica samo je deo re\u0161enja. Njihova efikasna implementacija u javnim zdravstvenim ustanovama ostaje izazov. Kako bi premostili jaz izme\u0111u politike i prakse, IHS i AQH uveli su inovativne formate za diskusiju sa medicinskim stru\u010dnjacima izvan tradicionalnih obuka ili sesija, - na primer, nagla\u0161avanjem uloge internih revizija i koordinatora kvaliteta, \u010diji je posao pra\u0107enje uskla\u0111enosti i identificiranje podru\u010dja za pobolj\u0161anje. Dalje uvo\u0111enje programa obuke trenera (ToT) osigurava da medicinski stru\u010dnjaci dobiju kontinuiranu edukaciju i da ostanu opremljeni najboljom praksom u upravljanju NCD. Razvoj novog digitalnog alata koji poma\u017ee pacijentima da sami upravljaju i prate svoje stanje kako bi se pridr\u017eavali planova le\u010denja kako su propisani putem dnevnika pacijenata MZ-a predstavlja inovaciju koja \u0107e se pro\u0161iriti \u0161irom zemlje u budu\u0107nosti.<\/p><p>Kako Kosovo bude napredovalo u svojoj borbi za smanjenje tereta NCD-a, uspeh ovih smernica zavisi\u0107e od kontinuirane posve\u0107enosti kreatora politike, zdravstvenih radnika i pacijenata. Usvajanje i implementacija ovih smernica je u skladu sa \u0161irom kosovskom strategijom zdravstvenog sektora i predstoje\u0107im obnavljanjem op\u0161teg akcionog plana za NCD-ove (trenutno 2023-2025). Uz kontinuiranu saradnju i posve\u0107enost, Kosovo ima priliku da postavi novi standard u le\u010denu NCD, onaj koji daje prioritet pravu svakog pacijenta na bezbedan, dosledan, kvalitetan tretman, \u0161to dovodi do merljivih pobolj\u0161anja zdravlja i dobrobiti pacijenata.<\/p><p>Slede\u0107i korak na ovom putu je pru\u017eanje podr\u0161ke nacionalnim institucijama da osmisle i implementiraju puteve pacijenata kao strukturirane procese koji vode pojedince kroz svaku fazu nege, od prevencije do le\u010denja i pra\u0107enja. Izgradnja puta usredsre\u0111enog na pacijenta \u0107e obezbediti da se ovaj napredak prevede u uskla\u0111ivanje izme\u0111u smernica, institucija i iskustva pacijenata, i to \u0107e definisati budu\u0107nost nege NCD na Kosovu.<\/p>\t\t\t\t\t\t<\/div>\n\t\t\t\t<\/div>\n\t\t\t\t\t<\/div>\n\t\t\t\t<\/div>\n\t\t\t\t<\/div>","protected":false},"excerpt":{"rendered":"<p>Advancing Clinical and Patient Pathways for Better NCD Care in Kosovo In Kosovo, a diabetic patient\u2019s journey in the health system begins with the family doctor. Under the family medicine model, which Kosovo has officially adopted, primary care level doctors are responsible for coordinating a patient\u2019s overall condition and treatment and referring them to specialist [&hellip;]<\/p>","protected":false},"author":1,"featured_media":0,"parent":0,"menu_order":0,"comment_status":"closed","ping_status":"closed","template":"","meta":[],"_links":{"self":[{"href":"https:\/\/ihsproject.org\/sr\/wp-json\/wp\/v2\/pages\/14573"}],"collection":[{"href":"https:\/\/ihsproject.org\/sr\/wp-json\/wp\/v2\/pages"}],"about":[{"href":"https:\/\/ihsproject.org\/sr\/wp-json\/wp\/v2\/types\/page"}],"author":[{"embeddable":true,"href":"https:\/\/ihsproject.org\/sr\/wp-json\/wp\/v2\/users\/1"}],"replies":[{"embeddable":true,"href":"https:\/\/ihsproject.org\/sr\/wp-json\/wp\/v2\/comments?post=14573"}],"version-history":[{"count":10,"href":"https:\/\/ihsproject.org\/sr\/wp-json\/wp\/v2\/pages\/14573\/revisions"}],"predecessor-version":[{"id":14587,"href":"https:\/\/ihsproject.org\/sr\/wp-json\/wp\/v2\/pages\/14573\/revisions\/14587"}],"wp:attachment":[{"href":"https:\/\/ihsproject.org\/sr\/wp-json\/wp\/v2\/media?parent=14573"}],"curies":[{"name":"wp","href":"https:\/\/api.w.org\/{rel}","templated":true}]}}