{"id":14538,"date":"2025-03-18T13:08:43","date_gmt":"2025-03-18T13:08:43","guid":{"rendered":"https:\/\/ihsproject.org\/?page_id=14538"},"modified":"2025-03-18T13:11:13","modified_gmt":"2025-03-18T13:11:13","slug":"march-18-2025","status":"publish","type":"page","link":"https:\/\/ihsproject.org\/sr\/march-18-2025\/","title":{"rendered":"18 Mart 2025"},"content":{"rendered":"<div data-elementor-type=\"wp-page\" data-elementor-id=\"14538\" class=\"elementor elementor-14538\">\n\t\t\t\t<div class=\"elementor-element elementor-element-e259c27 e-flex e-con-boxed e-con e-parent\" data-id=\"e259c27\" data-element_type=\"container\" data-core-v316-plus=\"true\">\n\t\t\t\t\t<div class=\"e-con-inner\">\n\t\t\t\t<div class=\"elementor-element elementor-element-4c9a343 elementor-widget elementor-widget-image\" data-id=\"4c9a343\" data-element_type=\"widget\" data-widget_type=\"image.default\">\n\t\t\t\t<div class=\"elementor-widget-container\">\n\t\t\t\t\t\t\t\t\t\t\t\t\t<img fetchpriority=\"high\" decoding=\"async\" width=\"1600\" height=\"900\" src=\"https:\/\/ihsproject.org\/wp-content\/uploads\/2025\/03\/Journalists-Trained-on-Patient-Engagement-in-Healthcare-Reporting.jpg\" class=\"attachment-full size-full wp-image-14536\" alt=\"\" srcset=\"https:\/\/ihsproject.org\/wp-content\/uploads\/2025\/03\/Journalists-Trained-on-Patient-Engagement-in-Healthcare-Reporting.jpg 1600w, https:\/\/ihsproject.org\/wp-content\/uploads\/2025\/03\/Journalists-Trained-on-Patient-Engagement-in-Healthcare-Reporting-300x169.jpg 300w, https:\/\/ihsproject.org\/wp-content\/uploads\/2025\/03\/Journalists-Trained-on-Patient-Engagement-in-Healthcare-Reporting-1024x576.jpg 1024w, https:\/\/ihsproject.org\/wp-content\/uploads\/2025\/03\/Journalists-Trained-on-Patient-Engagement-in-Healthcare-Reporting-768x432.jpg 768w, https:\/\/ihsproject.org\/wp-content\/uploads\/2025\/03\/Journalists-Trained-on-Patient-Engagement-in-Healthcare-Reporting-1536x864.jpg 1536w, https:\/\/ihsproject.org\/wp-content\/uploads\/2025\/03\/Journalists-Trained-on-Patient-Engagement-in-Healthcare-Reporting-18x10.jpg 18w\" sizes=\"(max-width: 1600px) 100vw, 1600px\" \/>\t\t\t\t\t\t\t\t\t\t\t\t\t<\/div>\n\t\t\t\t<\/div>\n\t\t\t\t\t<\/div>\n\t\t\t\t<\/div>\n\t\t<div class=\"elementor-element elementor-element-0674faa e-flex e-con-boxed e-con e-parent\" data-id=\"0674faa\" data-element_type=\"container\" data-core-v316-plus=\"true\">\n\t\t\t\t\t<div class=\"e-con-inner\">\n\t\t\t\t<div class=\"elementor-element elementor-element-383418a elementor-widget elementor-widget-heading\" data-id=\"383418a\" data-element_type=\"widget\" data-widget_type=\"heading.default\">\n\t\t\t\t<div class=\"elementor-widget-container\">\n\t\t\t<h2 class=\"elementor-heading-title elementor-size-default\">Novinari obu\u010deni o anga\u017emanu pacijenata u izve\u0161tavanju o zdravstvenoj za\u0161titi<\/h2>\t\t<\/div>\n\t\t\t\t<\/div>\n\t\t\t\t<div class=\"elementor-element elementor-element-8331100 elementor-widget elementor-widget-text-editor\" data-id=\"8331100\" data-element_type=\"widget\" data-widget_type=\"text-editor.default\">\n\t\t\t\t<div class=\"elementor-widget-container\">\n\t\t\t\t\t\t\t<p style=\"font-weight: 400;\">Dvodnevna obuka o ulozi medija u izve\u0161tavanju o zdravstvu, sa posebnim fokusom na anga\u017eovanje pacijenata, uspe\u0161no je odr\u017eana na Kosovu. U organizaciji projekta Integrisane zdravstvene usluge (IHS) u partnerstvu sa Udru\u017eenjem novinara Kosova (UNK), obuka je imala za cilj ja\u010danje novinarskih kapaciteta u odgovornom i efikasnom pokrivanju pitanja zdravstvene za\u0161tite.<\/p><p style=\"font-weight: 400;\">Okupljaju\u0107i 20 novinara iz razli\u010ditih medija \u0161irom Kosova, obuka je pru\u017eila detaljnu diskusiju o izazovima i mogu\u0107nostima u izve\u0161tavanju u zdravstvu. U\u010desnici su istra\u017eivali psiholo\u0161ke i pravne aspekte izve\u0161tavanja, kao i tehnike zagovaranja i pripovedanja klju\u010dne za efikasno zdravstveno novinarstvo.<\/p><p style=\"font-weight: 400;\">Profesor Aliriza Ar\u00ebnliu vodila je sesiju o psiholo\u0161kim faktorima koji uti\u010du na izve\u0161tavanje o zdravlju i kako novinari mogu doprineti sna\u017enijem anga\u017emanu pacijenata u dono\u0161enju odluka u zdravstvu. Mark Kaqinari, vi\u0161i pravni slu\u017ebenik u Instituciji ombudsmana Kosova, pru\u017eio je uvid u zakonske okvire koji reguli\u0161u prava pacijenata i politiku zdravstvene za\u0161tite, nagla\u0161avaju\u0107i va\u017enost transparentnosti i jednakog pristupa zdravstvenim uslugama.<\/p><p style=\"font-weight: 400;\">Drugog dana, Alma Demiraj iz Albanskog udru\u017eenja zdravstvenih novinara predstavila je ulogu medija u javnom zagovaranju zdravlja i kako novinarsko pripovedanje mo\u017ee uticati na javne politike. Dr. Faik Hoti, specijalista za javno zdravlje u Nacionalnom institutu za javno zdravlje Kosova (NIJZK), podvukao je potrebu za brigom usmerenom na pacijenta, nagla\u0161avaju\u0107i kako aktivno u\u010de\u0161\u0107e pacijenata pobolj\u0161ava rezultate javnog zdravlja i kvalitet usluga.<\/p><p style=\"font-weight: 400;\">Obuka je zavr\u0161ena razgovorima o narednim koracima, razmeni iskustava i va\u017enosti izgradnje jake mre\u017ee za zdravstveno novinarstvo.<\/p>\t\t\t\t\t\t<\/div>\n\t\t\t\t<\/div>\n\t\t\t\t\t<\/div>\n\t\t\t\t<\/div>\n\t\t\t\t<\/div>","protected":false},"excerpt":{"rendered":"<p>Journalists Trained on Patient Engagement in Healthcare Reporting A two-day training on the role of media in healthcare reporting, with a special focus on patient engagement, was successfully held in Kosovo. Organized by the Integrated Health Services (IHS) project in partnership with the Association of Journalists of Kosovo (AGK), the training aimed to strengthen journalistic [&hellip;]<\/p>","protected":false},"author":1,"featured_media":0,"parent":0,"menu_order":0,"comment_status":"closed","ping_status":"closed","template":"","meta":[],"_links":{"self":[{"href":"https:\/\/ihsproject.org\/sr\/wp-json\/wp\/v2\/pages\/14538"}],"collection":[{"href":"https:\/\/ihsproject.org\/sr\/wp-json\/wp\/v2\/pages"}],"about":[{"href":"https:\/\/ihsproject.org\/sr\/wp-json\/wp\/v2\/types\/page"}],"author":[{"embeddable":true,"href":"https:\/\/ihsproject.org\/sr\/wp-json\/wp\/v2\/users\/1"}],"replies":[{"embeddable":true,"href":"https:\/\/ihsproject.org\/sr\/wp-json\/wp\/v2\/comments?post=14538"}],"version-history":[{"count":4,"href":"https:\/\/ihsproject.org\/sr\/wp-json\/wp\/v2\/pages\/14538\/revisions"}],"predecessor-version":[{"id":14543,"href":"https:\/\/ihsproject.org\/sr\/wp-json\/wp\/v2\/pages\/14538\/revisions\/14543"}],"wp:attachment":[{"href":"https:\/\/ihsproject.org\/sr\/wp-json\/wp\/v2\/media?parent=14538"}],"curies":[{"name":"wp","href":"https:\/\/api.w.org\/{rel}","templated":true}]}}