{"id":14524,"date":"2025-03-17T10:03:04","date_gmt":"2025-03-17T10:03:04","guid":{"rendered":"https:\/\/ihsproject.org\/?page_id=14524"},"modified":"2025-03-17T10:09:08","modified_gmt":"2025-03-17T10:09:08","slug":"march-17-2025","status":"publish","type":"page","link":"https:\/\/ihsproject.org\/sr\/march-17-2025\/","title":{"rendered":"17 Mart 2025"},"content":{"rendered":"<div data-elementor-type=\"wp-page\" data-elementor-id=\"14524\" class=\"elementor elementor-14524\">\n\t\t\t\t<div class=\"elementor-element elementor-element-1923ca3 e-flex e-con-boxed e-con e-parent\" data-id=\"1923ca3\" data-element_type=\"container\" data-core-v316-plus=\"true\">\n\t\t\t\t\t<div class=\"e-con-inner\">\n\t\t\t\t<div class=\"elementor-element elementor-element-219b17e elementor-widget elementor-widget-image\" data-id=\"219b17e\" data-element_type=\"widget\" data-widget_type=\"image.default\">\n\t\t\t\t<div class=\"elementor-widget-container\">\n\t\t\t\t\t\t\t\t\t\t\t\t\t<img fetchpriority=\"high\" decoding=\"async\" width=\"1600\" height=\"900\" src=\"https:\/\/ihsproject.org\/wp-content\/uploads\/2025\/03\/Action-Plan-on-Health-Education-at-Hospital-Level-on-Good-Track.jpg\" class=\"attachment-full size-full wp-image-14523\" alt=\"\" srcset=\"https:\/\/ihsproject.org\/wp-content\/uploads\/2025\/03\/Action-Plan-on-Health-Education-at-Hospital-Level-on-Good-Track.jpg 1600w, https:\/\/ihsproject.org\/wp-content\/uploads\/2025\/03\/Action-Plan-on-Health-Education-at-Hospital-Level-on-Good-Track-300x169.jpg 300w, https:\/\/ihsproject.org\/wp-content\/uploads\/2025\/03\/Action-Plan-on-Health-Education-at-Hospital-Level-on-Good-Track-1024x576.jpg 1024w, https:\/\/ihsproject.org\/wp-content\/uploads\/2025\/03\/Action-Plan-on-Health-Education-at-Hospital-Level-on-Good-Track-768x432.jpg 768w, https:\/\/ihsproject.org\/wp-content\/uploads\/2025\/03\/Action-Plan-on-Health-Education-at-Hospital-Level-on-Good-Track-1536x864.jpg 1536w, https:\/\/ihsproject.org\/wp-content\/uploads\/2025\/03\/Action-Plan-on-Health-Education-at-Hospital-Level-on-Good-Track-18x10.jpg 18w\" sizes=\"(max-width: 1600px) 100vw, 1600px\" \/>\t\t\t\t\t\t\t\t\t\t\t\t\t<\/div>\n\t\t\t\t<\/div>\n\t\t\t\t\t<\/div>\n\t\t\t\t<\/div>\n\t\t<div class=\"elementor-element elementor-element-b627148 e-flex e-con-boxed e-con e-parent\" data-id=\"b627148\" data-element_type=\"container\" data-core-v316-plus=\"true\">\n\t\t\t\t\t<div class=\"e-con-inner\">\n\t\t\t\t<div class=\"elementor-element elementor-element-29b9f68 elementor-widget elementor-widget-heading\" data-id=\"29b9f68\" data-element_type=\"widget\" data-widget_type=\"heading.default\">\n\t\t\t\t<div class=\"elementor-widget-container\">\n\t\t\t<h2 class=\"elementor-heading-title elementor-size-default\">Akcioni plan o zdravstvenom obrazovanju na bolni\u010dkom nivou na dobrom putu<\/h2>\t\t<\/div>\n\t\t\t\t<\/div>\n\t\t\t\t<div class=\"elementor-element elementor-element-66eadd2 elementor-widget elementor-widget-text-editor\" data-id=\"66eadd2\" data-element_type=\"widget\" data-widget_type=\"text-editor.default\">\n\t\t\t\t<div class=\"elementor-widget-container\">\n\t\t\t\t\t\t\t<div dir=\"auto\"><p style=\"font-weight: 400;\">Kosovski zdravstveni sektor preduzima zna\u010dajne korake u ja\u010danju zdravstvenog obrazovanja i promocije zdravlja o nezaraznim bolestima na bolni\u010dkom nivou za 2025 \u2013 2026. O najnovijim de\u0161avanjima u pobolj\u0161anju anga\u017eovanja pacijenata, kvalitetu usluga i putevima nege razgovarano je tokom sastanka Radne grupe za Akcioni plan 2025-2026 o zdravstvenom obrazovanju i promociji zdravlja odr\u017eanom u Pri\u0161tini.<\/p><p style=\"font-weight: 400;\">Plan se uskla\u0111uje sa novom strategijom zdravstvenog sektora 2025-2030 i priznatim me\u0111unarodnim standardima HPH (bolnice koje promovi\u0161u zdravlje). - Pristup Bolnica koje promovi\u0161u zdravlje omogu\u0107ava bolnicama da integri\u0161u programe zdravstvenog obrazovanja, pobolj\u0161aju saradnju doktora i medicinske sestre i pro\u0161ire pakete usluga kako bi se bolje odgovorilo na potrebe pacijenata.<\/p><p style=\"font-weight: 400;\">Ministarstvo zdravlja (MZ), Nacionalni institut za javno zdravlje Kosova (NIJZ) i Bolni\u010dka i univerzitetska klini\u010dka slu\u017eba Kosova (BUKSK) zajedno pokre\u0107u ove napore, uz podr\u0161ku IHS-a.<\/p><p style=\"font-weight: 400;\">Partneri za implementaciju IHS-a, Op\u0161te bolnice u \u0110akovici i Pe\u0107i, ve\u0107 su pokazali napredak nakon studijske posete Ma\u0111arskoj pro\u0161le godine, kako bi bili svedoci najboljeg evropskog standarda primene HPH pristupa. Posebno, sektor primarne zdravstvene za\u0161tite na Kosovu sada postaje deo globalne mre\u017ee HPH, dodatno pro\u0161iruju\u0107i posve\u0107enost zemlje ovom modelu.<\/p><p style=\"font-weight: 400;\">Kako radna grupa bude krenula sa novim akcionim planom, fokus \u0107e ostati na odr\u017eivoj implementaciji uz kontinuiranu podr\u0161ku donatora. Ovi zajedni\u010dki napori nacionalnih institucija, zdravstvenih radnika i me\u0111unarodnih partnera bi\u0107e dodatno instrumentalni u oblikovanju budu\u0107nosti kosovskog zdravstvenog sistema koji se bolje bavi NCD-ovima.<\/p><\/div>\t\t\t\t\t\t<\/div>\n\t\t\t\t<\/div>\n\t\t\t\t\t<\/div>\n\t\t\t\t<\/div>\n\t\t\t\t<\/div>","protected":false},"excerpt":{"rendered":"<p>Action Plan on Health Education at Hospital Level on Good Track Kosovo&#8217;s healthcare sector is taking significant strides in strengthening the health education and health promotion on non-communicable diseases at hospital level for 2025 \u2013 2026. The latest developments to improve patient engagement, service quality, and care pathways were discussed during the Working Group meeting [&hellip;]<\/p>","protected":false},"author":1,"featured_media":0,"parent":0,"menu_order":0,"comment_status":"closed","ping_status":"closed","template":"","meta":[],"_links":{"self":[{"href":"https:\/\/ihsproject.org\/sr\/wp-json\/wp\/v2\/pages\/14524"}],"collection":[{"href":"https:\/\/ihsproject.org\/sr\/wp-json\/wp\/v2\/pages"}],"about":[{"href":"https:\/\/ihsproject.org\/sr\/wp-json\/wp\/v2\/types\/page"}],"author":[{"embeddable":true,"href":"https:\/\/ihsproject.org\/sr\/wp-json\/wp\/v2\/users\/1"}],"replies":[{"embeddable":true,"href":"https:\/\/ihsproject.org\/sr\/wp-json\/wp\/v2\/comments?post=14524"}],"version-history":[{"count":4,"href":"https:\/\/ihsproject.org\/sr\/wp-json\/wp\/v2\/pages\/14524\/revisions"}],"predecessor-version":[{"id":14529,"href":"https:\/\/ihsproject.org\/sr\/wp-json\/wp\/v2\/pages\/14524\/revisions\/14529"}],"wp:attachment":[{"href":"https:\/\/ihsproject.org\/sr\/wp-json\/wp\/v2\/media?parent=14524"}],"curies":[{"name":"wp","href":"https:\/\/api.w.org\/{rel}","templated":true}]}}