{"id":14459,"date":"2025-02-21T11:06:32","date_gmt":"2025-02-21T11:06:32","guid":{"rendered":"https:\/\/ihsproject.org\/?page_id=14459"},"modified":"2025-02-21T11:09:38","modified_gmt":"2025-02-21T11:09:38","slug":"february-20-2025","status":"publish","type":"page","link":"https:\/\/ihsproject.org\/sr\/february-20-2025\/","title":{"rendered":"20 Februara 2025"},"content":{"rendered":"<div data-elementor-type=\"wp-page\" data-elementor-id=\"14459\" class=\"elementor elementor-14459\">\n\t\t\t\t<div class=\"elementor-element elementor-element-7b30587 e-flex e-con-boxed e-con e-parent\" data-id=\"7b30587\" data-element_type=\"container\" data-core-v316-plus=\"true\">\n\t\t\t\t\t<div class=\"e-con-inner\">\n\t\t\t\t<div class=\"elementor-element elementor-element-1570ef0 elementor-widget elementor-widget-image\" data-id=\"1570ef0\" data-element_type=\"widget\" data-widget_type=\"image.default\">\n\t\t\t\t<div class=\"elementor-widget-container\">\n\t\t\t\t\t\t\t\t\t\t\t\t\t<img fetchpriority=\"high\" decoding=\"async\" width=\"1600\" height=\"900\" src=\"https:\/\/ihsproject.org\/wp-content\/uploads\/2025\/02\/Patient-Voices-on-Focus-of-Workshop-in-Gjakova-.jpg\" class=\"attachment-full size-full wp-image-14462\" alt=\"\" srcset=\"https:\/\/ihsproject.org\/wp-content\/uploads\/2025\/02\/Patient-Voices-on-Focus-of-Workshop-in-Gjakova-.jpg 1600w, https:\/\/ihsproject.org\/wp-content\/uploads\/2025\/02\/Patient-Voices-on-Focus-of-Workshop-in-Gjakova--300x169.jpg 300w, https:\/\/ihsproject.org\/wp-content\/uploads\/2025\/02\/Patient-Voices-on-Focus-of-Workshop-in-Gjakova--1024x576.jpg 1024w, https:\/\/ihsproject.org\/wp-content\/uploads\/2025\/02\/Patient-Voices-on-Focus-of-Workshop-in-Gjakova--768x432.jpg 768w, https:\/\/ihsproject.org\/wp-content\/uploads\/2025\/02\/Patient-Voices-on-Focus-of-Workshop-in-Gjakova--1536x864.jpg 1536w, https:\/\/ihsproject.org\/wp-content\/uploads\/2025\/02\/Patient-Voices-on-Focus-of-Workshop-in-Gjakova--18x10.jpg 18w\" sizes=\"(max-width: 1600px) 100vw, 1600px\" \/>\t\t\t\t\t\t\t\t\t\t\t\t\t<\/div>\n\t\t\t\t<\/div>\n\t\t\t\t\t<\/div>\n\t\t\t\t<\/div>\n\t\t<div class=\"elementor-element elementor-element-bb12e7a e-flex e-con-boxed e-con e-parent\" data-id=\"bb12e7a\" data-element_type=\"container\" data-core-v316-plus=\"true\">\n\t\t\t\t\t<div class=\"e-con-inner\">\n\t\t\t\t<div class=\"elementor-element elementor-element-0bd0720 elementor-widget elementor-widget-heading\" data-id=\"0bd0720\" data-element_type=\"widget\" data-widget_type=\"heading.default\">\n\t\t\t\t<div class=\"elementor-widget-container\">\n\t\t\t<h2 class=\"elementor-heading-title elementor-size-default\"> Glasovi pacijenata u fokusu radionice u \u0110akovici<\/h2>\t\t<\/div>\n\t\t\t\t<\/div>\n\t\t\t\t<div class=\"elementor-element elementor-element-17e6aa4 elementor-widget elementor-widget-text-editor\" data-id=\"17e6aa4\" data-element_type=\"widget\" data-widget_type=\"text-editor.default\">\n\t\t\t\t<div class=\"elementor-widget-container\">\n\t\t\t\t\t\t\t<p style=\"font-weight: 400;\">Dana 20. februara 2025. organizovali smo drugu radionicu na temu \u201eOsna\u017eivanje glasa pacijenata: planiranje i saradnja za integrisane zdravstvene usluge\u201c. Ovog puta smo se sastali u \u0110akovici sa predstavnicima lokalnih organizacija civilnog dru\u0161tva (OCD), koje rade sa razli\u010ditim grupama stanovni\u0161tva.<\/p><p style=\"font-weight: 400;\">U\u010desnici su u\u010destvovali u interaktivnim diskusijama o zagovaranju pacijenata, lokalnim izazovima u zagovaranju i strategijama za ja\u010du saradnju sa klju\u010dnim zainteresovanim stranama.<\/p><p style=\"font-weight: 400;\">Predstavnici Institucije Ombudsmana i besplatne pravne pomo\u0107i u \u0110akovici obratili su se grupi, sa konkretnim i va\u017enim informacijama o pravnoj podr\u0161ci u unapre\u0111enju anga\u017eovanja pacijenata i pristupa zdravstvenoj za\u0161titi.<\/p><p style=\"font-weight: 400;\">Ova radionica deo je teku\u0107e inicijative IHS, koja ima za cilj unapre\u0111enje saradnje izme\u0111u OCD i zdravstvenih ustanova za ve\u0107i anga\u017eman pacijenata. Sastanci \u0107e se nastaviti u drugim regionima Kosova.<\/p>\t\t\t\t\t\t<\/div>\n\t\t\t\t<\/div>\n\t\t\t\t\t<\/div>\n\t\t\t\t<\/div>\n\t\t\t\t<\/div>","protected":false},"excerpt":{"rendered":"<p>Patient Voices on Focus of Workshop in Gjakova On 20 February 2025, we organized the second workshop in the \u201cEmpowering the Voice of Patients: Planning and Collaboration for Integrated Healthcare Services\u201d. This time, we met in Gjakova with representatives from local civil society organizations (CSOs), which work with diverse population groups. Participants engaged in interactive [&hellip;]<\/p>","protected":false},"author":1,"featured_media":0,"parent":0,"menu_order":0,"comment_status":"closed","ping_status":"closed","template":"","meta":[],"_links":{"self":[{"href":"https:\/\/ihsproject.org\/sr\/wp-json\/wp\/v2\/pages\/14459"}],"collection":[{"href":"https:\/\/ihsproject.org\/sr\/wp-json\/wp\/v2\/pages"}],"about":[{"href":"https:\/\/ihsproject.org\/sr\/wp-json\/wp\/v2\/types\/page"}],"author":[{"embeddable":true,"href":"https:\/\/ihsproject.org\/sr\/wp-json\/wp\/v2\/users\/1"}],"replies":[{"embeddable":true,"href":"https:\/\/ihsproject.org\/sr\/wp-json\/wp\/v2\/comments?post=14459"}],"version-history":[{"count":7,"href":"https:\/\/ihsproject.org\/sr\/wp-json\/wp\/v2\/pages\/14459\/revisions"}],"predecessor-version":[{"id":14477,"href":"https:\/\/ihsproject.org\/sr\/wp-json\/wp\/v2\/pages\/14459\/revisions\/14477"}],"wp:attachment":[{"href":"https:\/\/ihsproject.org\/sr\/wp-json\/wp\/v2\/media?parent=14459"}],"curies":[{"name":"wp","href":"https:\/\/api.w.org\/{rel}","templated":true}]}}